{"id":13334,"date":"2017-09-11T13:26:55","date_gmt":"2017-09-11T11:26:55","guid":{"rendered":"https:\/\/buprague.princ.online\/?page_id=13334"},"modified":"2023-07-30T13:15:12","modified_gmt":"2023-07-30T11:15:12","slug":"pro-odborniky","status":"publish","type":"page","link":"https:\/\/buprague.cz\/en\/for-experts\/","title":{"rendered":"For Professionals"},"content":{"rendered":"<div id=\"cmsmasters_row_yb0gx5hmf\" class=\"cmsmasters_row cmsmasters_color_scheme_default cmsmasters_row_top_default cmsmasters_row_bot_default cmsmasters_row_boxed\">\n<div class=\"cmsmasters_row_outer_parent\">\n<div class=\"cmsmasters_row_outer\">\n<div class=\"cmsmasters_row_inner\">\n<div class=\"cmsmasters_row_margin\">\n<div id=\"cmsmasters_column_8l1myzs5y5\" class=\"cmsmasters_column one_half\">\n<div class=\"cmsmasters_column_inner\"><div class=\"cmsmasters_text\">\n<p>Dear colleagues,<\/p>\n<p>our centre organises professional educational and training events for doctors, nurses and radiological assistants.<\/p>\n<p>You can find out about these events via this website or we can inform you by email.<\/p>\n<p>In this section you will also learn: how to distinguish between <strong>diagnostic and screening diagnoses,<\/strong>what<strong> traineeship programmes<\/strong>we offer and what are the  different possibilities of <strong>electronic transmission of results<\/strong> directly to your computer.<\/p>\n<\/div>\n<\/div><\/div>\n<div id=\"cmsmasters_column_v55xkbq3ir\" class=\"cmsmasters_column one_half\">\n<div class=\"cmsmasters_column_inner\"><div class=\"cmsmasters_img  cmsmasters_image_n\"><img decoding=\"async\" src=\"https:\/\/buprague.cz\/wp-content\/uploads\/2017\/09\/Obr5.jpg\" \/><\/div>\n<\/div><\/div>\n<\/div>\n<\/div>\n<\/div>\n<\/div>\n<\/div>\n<div id=\"cmsmasters_row_8pztyo506k\" class=\"cmsmasters_row cmsmasters_color_scheme_default cmsmasters_row_top_default cmsmasters_row_bot_default cmsmasters_row_fullwidth\">\n<div class=\"cmsmasters_row_outer_parent\">\n<div class=\"cmsmasters_row_outer\">\n<div class=\"cmsmasters_row_inner cmsmasters_row_fullwidth\">\n<div class=\"cmsmasters_row_margin\">\n<div id=\"cmsmasters_column_\" class=\"cmsmasters_column one_first\">\n<div class=\"cmsmasters_column_inner\">\n<div id=\"cmsmasters_divider_miqreesaaa\" class=\"cmsmasters_divider cmsmasters_divider_width_long cmsmasters_divider_pos_center\"><\/div>\n<\/div><\/div>\n<\/div>\n<\/div>\n<\/div>\n<\/div>\n<\/div>\n<div id=\"cmsmasters_row_wg08j3yn38\" class=\"cmsmasters_row cmsmasters_color_scheme_default cmsmasters_row_top_default cmsmasters_row_bot_default cmsmasters_row_boxed\">\n<div class=\"cmsmasters_row_outer_parent\">\n<div class=\"cmsmasters_row_outer\">\n<div class=\"cmsmasters_row_inner\">\n<div class=\"cmsmasters_row_margin\">\n<div id=\"cmsmasters_column_msb7g46zzz\" class=\"cmsmasters_column one_half\">\n<div class=\"cmsmasters_column_inner\"><div id=\"cmsmasters_heading_5cdl0vasdr\" class=\"cmsmasters_heading_wrap cmsmasters_heading_align_left\">\n\t<h2 class=\"cmsmasters_heading\">Materials for download<\/h2>\n<\/div>\n<\/div><\/div>\n<div id=\"cmsmasters_column_ive0ohtzep\" class=\"cmsmasters_column one_half\">\n<div class=\"cmsmasters_column_inner\"><div id=\"cmsmasters_button_uj8op0xtk2\" class=\"button_wrap\"><a href=\"https:\/\/buprague.cz\/wp-content\/uploads\/2021\/04\/BUP_ZADANKA_POJISTOVNA_2021.pdf\" class=\"cmsmasters_button cmsmasters-icon-custom-arrow-bot\" target=\"_blank\"><span>Referral for an examination<\/span><\/a><\/div>\n<\/div><\/div>\n<\/div>\n<\/div>\n<\/div>\n<\/div>\n<\/div>\n<div id=\"cmsmasters_row_f0vk8v0cq\" class=\"cmsmasters_row cmsmasters_color_scheme_default cmsmasters_homepage_featured_blocks cmsmasters_row_top_default cmsmasters_row_bot_default cmsmasters_row_boxed\">\n<div class=\"cmsmasters_row_outer_parent\">\n<div class=\"cmsmasters_row_outer\">\n<div class=\"cmsmasters_row_inner cmsmasters_row_no_margin\">\n<div class=\"cmsmasters_row_margin cmsmasters_row_columns_behavior\">\n<div id=\"cmsmasters_column_\" class=\"cmsmasters_column one_third\">\n<div class=\"cmsmasters_column_inner\"><div id=\"cmsmasters_fb_ubbd5v63zr\" class=\"cmsmasters_featured_block\">\n<div class=\"featured_block_inner\">\n<div class=\"featured_block_text\">\n<p><span style=\"color: #ffffff;\"><span style=\"font-size: 24px;\">Diagnosis Codes and Reporting<\/span><\/span><\/p>\n<p><span style=\"color: #ffffff;\">\u00a0Recommended diagnosis codes and how to report.<\/span><\/p>\n<div id=\"cmsmasters_button_ubbd5v63zr\" class=\"button_wrap\"><a href=\"https:\/\/buprague.cz\/en\/for-experts\/codes-diagnosis-reporting\/\" class=\"cmsmasters_button\"><span>More information<\/span><\/a><\/div>\n\n<\/div>\n<\/div>\n<\/div>\n<\/div><\/div>\n<div id=\"cmsmasters_column_\" class=\"cmsmasters_column one_third\">\n<div class=\"cmsmasters_column_inner\"><div id=\"cmsmasters_fb_v9uci5msu\" class=\"cmsmasters_featured_block\">\n<div class=\"featured_block_inner\">\n<div class=\"featured_block_text\">\n<p><span style=\"color: #000000;\"><span style=\"font-size: 24px;\">Professional Seminars<br \/>\n<\/span><\/span><\/p>\n<p>The Mamma Centre does not yet plan professional seminars and educational and training events for the professional public.<\/p>\n<div id=\"cmsmasters_button_v9uci5msu\" class=\"button_wrap\"><a href=\"https:\/\/buprague.cz\/en\/for-experts\/seminar\/\" class=\"cmsmasters_button\"><span>More information<\/span><\/a><\/div>\n\n<\/div>\n<\/div>\n<\/div>\n<\/div><\/div>\n<div id=\"cmsmasters_column_\" class=\"cmsmasters_column one_third\">\n<div class=\"cmsmasters_column_inner\"><div id=\"cmsmasters_fb_gfc4ku55v8\" class=\"cmsmasters_featured_block\">\n<div class=\"featured_block_inner\">\n<div class=\"featured_block_text\">\n<p><span style=\"color: #ffffff;\"><span style=\"font-size: 24px;\">Electronic communication<\/span><\/span><\/p>\n<p><span style=\"color: #ffffff;\">Automatic sending of results to the sending doctor<\/span><\/p>\n<div id=\"cmsmasters_button_gfc4ku55v8\" class=\"button_wrap\"><a href=\"https:\/\/buprague.cz\/en\/for-experts\/electronic-communication\/\" class=\"cmsmasters_button\"><span>More information<\/span><\/a><\/div>\n\n<\/div>\n<\/div>\n<\/div>\n<\/div><\/div>\n<\/div>\n<\/div>\n<\/div>\n<\/div>\n<\/div>\n<div id=\"cmsmasters_row_b4dwhh1qcr\" class=\"cmsmasters_row cmsmasters_color_scheme_default cmsmasters_homepage_featured_blocks cmsmasters_row_top_default cmsmasters_row_bot_default cmsmasters_row_boxed\">\n<div class=\"cmsmasters_row_outer_parent\">\n<div class=\"cmsmasters_row_outer\">\n<div class=\"cmsmasters_row_inner cmsmasters_row_no_margin\">\n<div class=\"cmsmasters_row_margin cmsmasters_row_columns_behavior\">\n<div id=\"cmsmasters_column_o4gx6rindt\" class=\"cmsmasters_column one_third\">\n<div class=\"cmsmasters_column_inner\"><div id=\"cmsmasters_fb_mk4ja24qss\" class=\"cmsmasters_featured_block\">\n<div class=\"featured_block_inner\">\n<div class=\"featured_block_text\">\n<p><span style=\"color: #000000;\"><span style=\"font-size: 24px;\">Internships for radiology assistants<\/span><\/span><\/p>\n<p>We offer internships for radiology assistants of 80 hours.<\/p>\n<div id=\"cmsmasters_button_mk4ja24qss\" class=\"button_wrap\"><a href=\"https:\/\/buprague.cz\/en\/for-experts\/practice-for-radiology-assistants\/\" class=\"cmsmasters_button\"><span>More information<\/span><\/a><\/div>\n\n<\/div>\n<\/div>\n<\/div>\n<\/div><\/div>\n<div id=\"cmsmasters_column_0xlci9xvy5\" class=\"cmsmasters_column one_third\">\n<div class=\"cmsmasters_column_inner\"><div id=\"cmsmasters_fb_hiuvgqw4tp\" class=\"cmsmasters_featured_block\">\n<div class=\"featured_block_inner\">\n<div class=\"featured_block_text\">\n<p><span style=\"color: #ffffff;\"><span style=\"font-size: 24px;\">Vacancies<br \/>\n<\/span><\/span><\/p>\n<p><span style=\"color: #ffffff;\">Doctor<\/span><\/p>\n<p><span style=\"color: #ffffff;\">General or general nurse<\/span><\/p>\n<p><span style=\"color: #ffffff;\">Radiology assistant<\/span><\/p>\n\n<\/div>\n<\/div>\n<\/div>\n<\/div><\/div>\n<div id=\"cmsmasters_column_tubjh2ifq8\" class=\"cmsmasters_column one_third\">\n<div class=\"cmsmasters_column_inner\"><\/div><\/div>\n<\/div>\n<\/div>\n<\/div>\n<\/div>\n<\/div>\n<div id=\"cmsmasters_row_8pztyo506k\" class=\"cmsmasters_row cmsmasters_color_scheme_default cmsmasters_row_top_default cmsmasters_row_bot_default cmsmasters_row_fullwidth\">\n<div class=\"cmsmasters_row_outer_parent\">\n<div class=\"cmsmasters_row_outer\">\n<div class=\"cmsmasters_row_inner cmsmasters_row_fullwidth\">\n<div class=\"cmsmasters_row_margin\">\n<div id=\"cmsmasters_column_\" class=\"cmsmasters_column one_first\">\n<div class=\"cmsmasters_column_inner\"><\/div><\/div>\n<\/div>\n<\/div>\n<\/div>\n<\/div>\n<\/div>\n<div id=\"cmsmasters_row_5fxnlisvma\" class=\"cmsmasters_row cmsmasters_color_scheme_default cmsmasters_row_top_default cmsmasters_row_bot_default cmsmasters_row_boxed\">\n<div class=\"cmsmasters_row_outer_parent\">\n<div class=\"cmsmasters_row_outer\">\n<div class=\"cmsmasters_row_inner\">\n<div class=\"cmsmasters_row_margin\">\n<div id=\"cmsmasters_column_9s984l40xn\" class=\"cmsmasters_column one_first\">\n<div class=\"cmsmasters_column_inner\">\n<div id=\"cmsmasters_divider_e3pd0uia7b\" class=\"cmsmasters_divider cmsmasters_divider_width_long cmsmasters_divider_pos_center\"><\/div>\n<div class=\"cmsmasters_img  cmsmasters_image_n with_caption\"><a href=\"https:\/\/buprague.cz\/wp-content\/uploads\/2017\/09\/LHP_3833h.jpg\"><img decoding=\"async\" src=\"https:\/\/buprague.cz\/wp-content\/uploads\/2017\/09\/LHP_3833h-1024x699.jpg\" \/><\/a><p class=\"cmsmasters_img_caption\">Mammography in Breast Unit Prague<\/p><\/div>\n<\/div><\/div>\n<\/div>\n<\/div>\n<\/div>\n<\/div>\n<\/div>","protected":false},"excerpt":{"rendered":"","protected":false},"author":1,"featured_media":0,"parent":0,"menu_order":0,"comment_status":"closed","ping_status":"closed","template":"","meta":{"footnotes":""},"class_list":["post-13334","page","type-page","status-publish","hentry"],"yoast_head":"<!-- This site is optimized with the Yoast SEO plugin v27.5 - https:\/\/yoast.com\/product\/yoast-seo-wordpress\/ -->\n<title>Breast Unit Prague - Pro odborn\u00edky<\/title>\n<meta name=\"description\" content=\"V\u00e1\u017een\u00ed kolegov\u00e9, pot\u0159ebujete si ujasnit kter\u00e9 diagn\u00f3zy m\u016f\u017eete poslat na mammograf? R\u00e1di byste vyu\u017eili mo\u017enosti elektronick\u00e9 komunikace s n\u00e1mi? Zaj\u00edm\u00e1te se o odborn\u00e9 \u0161kolen\u00ed na mammografick\u00e9m pracovi\u0161ti? Na v\u0161echny tyto ot\u00e1zky m\u00e1me odpov\u011b\u010f.\" \/>\n<meta name=\"robots\" content=\"index, follow, max-snippet:-1, max-image-preview:large, max-video-preview:-1\" \/>\n<link rel=\"canonical\" href=\"https:\/\/buprague.cz\/en\/for-experts\/\" \/>\n<meta property=\"og:locale\" content=\"en_GB\" \/>\n<meta property=\"og:type\" content=\"article\" \/>\n<meta property=\"og:title\" content=\"Breast Unit Prague - Pro odborn\u00edky\" \/>\n<meta property=\"og:description\" content=\"V\u00e1\u017een\u00ed kolegov\u00e9, pot\u0159ebujete si ujasnit kter\u00e9 diagn\u00f3zy m\u016f\u017eete poslat na mammograf? R\u00e1di byste vyu\u017eili mo\u017enosti elektronick\u00e9 komunikace s n\u00e1mi? Zaj\u00edm\u00e1te se o odborn\u00e9 \u0161kolen\u00ed na mammografick\u00e9m pracovi\u0161ti? Na v\u0161echny tyto ot\u00e1zky m\u00e1me odpov\u011b\u010f.\" \/>\n<meta property=\"og:url\" content=\"https:\/\/buprague.cz\/en\/for-experts\/\" \/>\n<meta property=\"og:site_name\" content=\"BUPrague\" \/>\n<meta property=\"article:modified_time\" content=\"2023-07-30T11:15:12+00:00\" \/>\n<meta name=\"twitter:card\" content=\"summary_large_image\" \/>\n<meta name=\"twitter:label1\" content=\"Estimated reading time\" \/>\n\t<meta name=\"twitter:data1\" content=\"3 minutes\" \/>\n<script type=\"application\/ld+json\" class=\"yoast-schema-graph\">{\"@context\":\"https:\\\/\\\/schema.org\",\"@graph\":[{\"@type\":\"WebPage\",\"@id\":\"https:\\\/\\\/buprague.cz\\\/pro-odborniky\\\/\",\"url\":\"https:\\\/\\\/buprague.cz\\\/pro-odborniky\\\/\",\"name\":\"Breast Unit Prague - Pro odborn\u00edky\",\"isPartOf\":{\"@id\":\"https:\\\/\\\/buprague.cz\\\/#website\"},\"datePublished\":\"2017-09-11T11:26:55+00:00\",\"dateModified\":\"2023-07-30T11:15:12+00:00\",\"description\":\"V\u00e1\u017een\u00ed kolegov\u00e9, pot\u0159ebujete si ujasnit kter\u00e9 diagn\u00f3zy m\u016f\u017eete poslat na mammograf? R\u00e1di byste vyu\u017eili mo\u017enosti elektronick\u00e9 komunikace s n\u00e1mi? Zaj\u00edm\u00e1te se o odborn\u00e9 \u0161kolen\u00ed na mammografick\u00e9m pracovi\u0161ti? Na v\u0161echny tyto ot\u00e1zky m\u00e1me odpov\u011b\u010f.\",\"breadcrumb\":{\"@id\":\"https:\\\/\\\/buprague.cz\\\/pro-odborniky\\\/#breadcrumb\"},\"inLanguage\":\"en-GB\",\"potentialAction\":[{\"@type\":\"ReadAction\",\"target\":[\"https:\\\/\\\/buprague.cz\\\/pro-odborniky\\\/\"]}]},{\"@type\":\"BreadcrumbList\",\"@id\":\"https:\\\/\\\/buprague.cz\\\/pro-odborniky\\\/#breadcrumb\",\"itemListElement\":[{\"@type\":\"ListItem\",\"position\":1,\"name\":\"Home\",\"item\":\"https:\\\/\\\/buprague.cz\\\/\"},{\"@type\":\"ListItem\",\"position\":2,\"name\":\"Pro odborn\u00edky\"}]},{\"@type\":\"WebSite\",\"@id\":\"https:\\\/\\\/buprague.cz\\\/#website\",\"url\":\"https:\\\/\\\/buprague.cz\\\/\",\"name\":\"BUPrague\",\"description\":\"Mamma centrum Breast Unit Prague\",\"publisher\":{\"@id\":\"https:\\\/\\\/buprague.cz\\\/#organization\"},\"potentialAction\":[{\"@type\":\"SearchAction\",\"target\":{\"@type\":\"EntryPoint\",\"urlTemplate\":\"https:\\\/\\\/buprague.cz\\\/?s={search_term_string}\"},\"query-input\":{\"@type\":\"PropertyValueSpecification\",\"valueRequired\":true,\"valueName\":\"search_term_string\"}}],\"inLanguage\":\"en-GB\"},{\"@type\":\"Organization\",\"@id\":\"https:\\\/\\\/buprague.cz\\\/#organization\",\"name\":\"BUPrague\",\"url\":\"https:\\\/\\\/buprague.cz\\\/\",\"logo\":{\"@type\":\"ImageObject\",\"inLanguage\":\"en-GB\",\"@id\":\"https:\\\/\\\/buprague.cz\\\/#\\\/schema\\\/logo\\\/image\\\/\",\"url\":\"https:\\\/\\\/buprague.cz\\\/wp-content\\\/uploads\\\/2018\\\/03\\\/logo.svg\",\"contentUrl\":\"https:\\\/\\\/buprague.cz\\\/wp-content\\\/uploads\\\/2018\\\/03\\\/logo.svg\",\"width\":1012.99,\"height\":297.5,\"caption\":\"BUPrague\"},\"image\":{\"@id\":\"https:\\\/\\\/buprague.cz\\\/#\\\/schema\\\/logo\\\/image\\\/\"}}]}<\/script>\n<!-- \/ Yoast SEO plugin. -->","yoast_head_json":{"title":"Breast Unit Prague - For professionals","description":"Dear colleagues, do you need to clarify which diagnoses you can send for a mammogram? Would you like to use the possibility of electronic communication with us? Are you interested in professional training at the mammography department? We have the answer to all of these questions.","robots":{"index":"index","follow":"follow","max-snippet":"max-snippet:-1","max-image-preview":"max-image-preview:large","max-video-preview":"max-video-preview:-1"},"canonical":"https:\/\/buprague.cz\/en\/for-experts\/","og_locale":"en_GB","og_type":"article","og_title":"Breast Unit Prague - Pro odborn\u00edky","og_description":"V\u00e1\u017een\u00ed kolegov\u00e9, pot\u0159ebujete si ujasnit kter\u00e9 diagn\u00f3zy m\u016f\u017eete poslat na mammograf? R\u00e1di byste vyu\u017eili mo\u017enosti elektronick\u00e9 komunikace s n\u00e1mi? Zaj\u00edm\u00e1te se o odborn\u00e9 \u0161kolen\u00ed na mammografick\u00e9m pracovi\u0161ti? Na v\u0161echny tyto ot\u00e1zky m\u00e1me odpov\u011b\u010f.","og_url":"https:\/\/buprague.cz\/en\/for-experts\/","og_site_name":"BUPrague","article_modified_time":"2023-07-30T11:15:12+00:00","twitter_card":"summary_large_image","twitter_misc":{"Estimated reading time":"3 minutes"},"schema":{"@context":"https:\/\/schema.org","@graph":[{"@type":"WebPage","@id":"https:\/\/buprague.cz\/pro-odborniky\/","url":"https:\/\/buprague.cz\/pro-odborniky\/","name":"Breast Unit Prague - For professionals","isPartOf":{"@id":"https:\/\/buprague.cz\/#website"},"datePublished":"2017-09-11T11:26:55+00:00","dateModified":"2023-07-30T11:15:12+00:00","description":"Dear colleagues, do you need to clarify which diagnoses you can send for a mammogram? Would you like to use the possibility of electronic communication with us? Are you interested in professional training at the mammography department? We have the answer to all of these questions.","breadcrumb":{"@id":"https:\/\/buprague.cz\/pro-odborniky\/#breadcrumb"},"inLanguage":"en-GB","potentialAction":[{"@type":"ReadAction","target":["https:\/\/buprague.cz\/pro-odborniky\/"]}]},{"@type":"BreadcrumbList","@id":"https:\/\/buprague.cz\/pro-odborniky\/#breadcrumb","itemListElement":[{"@type":"ListItem","position":1,"name":"Home","item":"https:\/\/buprague.cz\/"},{"@type":"ListItem","position":2,"name":"Pro odborn\u00edky"}]},{"@type":"WebSite","@id":"https:\/\/buprague.cz\/#website","url":"https:\/\/buprague.cz\/","name":"BUPrague","description":"Mamma Centre Breast Unit Prague","publisher":{"@id":"https:\/\/buprague.cz\/#organization"},"potentialAction":[{"@type":"SearchAction","target":{"@type":"EntryPoint","urlTemplate":"https:\/\/buprague.cz\/?s={search_term_string}"},"query-input":{"@type":"PropertyValueSpecification","valueRequired":true,"valueName":"search_term_string"}}],"inLanguage":"en-GB"},{"@type":"Organization","@id":"https:\/\/buprague.cz\/#organization","name":"BUPrague","url":"https:\/\/buprague.cz\/","logo":{"@type":"ImageObject","inLanguage":"en-GB","@id":"https:\/\/buprague.cz\/#\/schema\/logo\/image\/","url":"https:\/\/buprague.cz\/wp-content\/uploads\/2018\/03\/logo.svg","contentUrl":"https:\/\/buprague.cz\/wp-content\/uploads\/2018\/03\/logo.svg","width":1012.99,"height":297.5,"caption":"BUPrague"},"image":{"@id":"https:\/\/buprague.cz\/#\/schema\/logo\/image\/"}}]}},"_links":{"self":[{"href":"https:\/\/buprague.cz\/en\/wp-json\/wp\/v2\/pages\/13334","targetHints":{"allow":["GET"]}}],"collection":[{"href":"https:\/\/buprague.cz\/en\/wp-json\/wp\/v2\/pages"}],"about":[{"href":"https:\/\/buprague.cz\/en\/wp-json\/wp\/v2\/types\/page"}],"author":[{"embeddable":true,"href":"https:\/\/buprague.cz\/en\/wp-json\/wp\/v2\/users\/1"}],"replies":[{"embeddable":true,"href":"https:\/\/buprague.cz\/en\/wp-json\/wp\/v2\/comments?post=13334"}],"version-history":[{"count":3,"href":"https:\/\/buprague.cz\/en\/wp-json\/wp\/v2\/pages\/13334\/revisions"}],"predecessor-version":[{"id":16507,"href":"https:\/\/buprague.cz\/en\/wp-json\/wp\/v2\/pages\/13334\/revisions\/16507"}],"wp:attachment":[{"href":"https:\/\/buprague.cz\/en\/wp-json\/wp\/v2\/media?parent=13334"}],"curies":[{"name":"wp","href":"https:\/\/api.w.org\/{rel}","templated":true}]}}