{"id":13338,"date":"2017-09-11T13:27:23","date_gmt":"2017-09-11T11:27:23","guid":{"rendered":"https:\/\/buprague.princ.online\/?page_id=13338"},"modified":"2021-04-25T17:34:46","modified_gmt":"2021-04-25T15:34:46","slug":"pro-pacienty","status":"publish","type":"page","link":"https:\/\/buprague.cz\/en\/for-patients\/","title":{"rendered":"Patients"},"content":{"rendered":"<div id=\"cmsmasters_row_\" class=\"cmsmasters_row cmsmasters_color_scheme_default cmsmasters_row_top_default cmsmasters_row_bot_default cmsmasters_row_boxed\">\n<div class=\"cmsmasters_row_outer_parent\">\n<div class=\"cmsmasters_row_outer\">\n<div class=\"cmsmasters_row_inner\">\n<div class=\"cmsmasters_row_margin\">\n<div id=\"cmsmasters_column_\" class=\"cmsmasters_column one_half\">\n<div class=\"cmsmasters_column_inner\"><div class=\"cmsmasters_text\">\n<p>Dear clients,<\/p>\n<p>let us help you <strong>to overcome<\/strong> the fear of breast cancer! You will find a lot of useful information on this website. First of all, we will try to explain, <strong>why regular check-ups are important<\/strong>. Additionally, even if you are in excellent health and have recently undergone a breast screening, please take the time to explore the resources aimed at women who have received a positive diagnosis for certain types of breast cancer. It's truly valuable to understand why there is <strong>no need to worry<\/strong> every time you come to us. Simply visit an accredited screening centre regularly, where they are experienced enough <strong>with diagnosis and treatment<\/strong> breast disease. And remember, if you want to take good care of your health, give equal weight to the prevention of diseases of the whole body.<\/p>\n<\/div>\n<\/div><\/div>\n<div id=\"cmsmasters_column_82bi4ia1fp\" class=\"cmsmasters_column one_half\">\n<div class=\"cmsmasters_column_inner\"><div class=\"cmsmasters_img  cmsmasters_image_l\"><img decoding=\"async\" src=\"https:\/\/buprague.cz\/wp-content\/uploads\/2017\/09\/info-pro-pacienty.jpg\" \/><\/div>\n<\/div><\/div>\n<\/div>\n<\/div>\n<\/div>\n<\/div>\n<\/div>\n<div id=\"cmsmasters_row_wg08j3yn38\" class=\"cmsmasters_row cmsmasters_color_scheme_default cmsmasters_row_top_default cmsmasters_row_bot_default cmsmasters_row_boxed\">\n<div class=\"cmsmasters_row_outer_parent\">\n<div class=\"cmsmasters_row_outer\">\n<div class=\"cmsmasters_row_inner\">\n<div class=\"cmsmasters_row_margin\">\n<div id=\"cmsmasters_column_msb7g46zzz\" class=\"cmsmasters_column one_first\">\n<div class=\"cmsmasters_column_inner\">\n<div id=\"cmsmasters_divider_nnvslx96gr\" class=\"cmsmasters_divider cmsmasters_divider_width_long cmsmasters_divider_pos_center\"><\/div>\n<div id=\"cmsmasters_heading_5cdl0vasdr\" class=\"cmsmasters_heading_wrap cmsmasters_heading_align_left\">\n\t<h2 class=\"cmsmasters_heading\">Downloadable maps<\/h2>\n<\/div><div class=\"cmsmasters_text\">\n<p>Is this your first time here? Download the map to find our locations as quickly as possible.<\/p>\n<\/div>\n<\/div><\/div>\n<\/div>\n<\/div>\n<\/div>\n<\/div>\n<\/div>\n<div id=\"cmsmasters_row_dpaz6my5f\" class=\"cmsmasters_row cmsmasters_color_scheme_default cmsmasters_row_top_default cmsmasters_row_bot_default cmsmasters_row_boxed\">\n<div class=\"cmsmasters_row_outer_parent\">\n<div class=\"cmsmasters_row_outer\">\n<div class=\"cmsmasters_row_inner\">\n<div class=\"cmsmasters_row_margin\">\n<div id=\"cmsmasters_column_7b8gh5hqcc\" class=\"cmsmasters_column one_half\">\n<div class=\"cmsmasters_column_inner\"><div id=\"cmsmasters_button_5pb9p5994a\" class=\"button_wrap\"><a href=\"https:\/\/buprague.cz\/wp-content\/uploads\/2021\/04\/MAPKY_A6_OPATOV_HRACANSKA-2.pdf\" class=\"cmsmasters_button cmsmasters-icon-custom-arrow-bot\" target=\"_blank\"><span>Map to the Opatov facility<\/span><\/a><\/div>\n<\/div><\/div>\n<div id=\"cmsmasters_column_jhrd96nh5\" class=\"cmsmasters_column one_half\">\n<div class=\"cmsmasters_column_inner\"><div id=\"cmsmasters_button_ca4a0imnf\" class=\"button_wrap\"><a href=\"https:\/\/buprague.cz\/wp-content\/uploads\/2021\/04\/MAPKY_A6_OPATOV1.pdf\" class=\"cmsmasters_button cmsmasters-icon-custom-arrow-bot\" target=\"_blank\"><span>Map to the Hrad\u010dansk\u00e1 facility<\/span><\/a><\/div>\n<\/div><\/div>\n<\/div>\n<\/div>\n<\/div>\n<\/div>\n<\/div>\n<div id=\"cmsmasters_row_w39l8tc7l\" class=\"cmsmasters_row cmsmasters_color_scheme_default cmsmasters_homepage_featured_blocks cmsmasters_row_top_default cmsmasters_row_bot_default cmsmasters_row_boxed\">\n<div class=\"cmsmasters_row_outer_parent\">\n<div class=\"cmsmasters_row_outer\">\n<div class=\"cmsmasters_row_inner cmsmasters_row_no_margin\">\n<div class=\"cmsmasters_row_margin cmsmasters_row_columns_behavior\">\n<div id=\"cmsmasters_column_\" class=\"cmsmasters_column one_third\">\n<div class=\"cmsmasters_column_inner\"><div id=\"cmsmasters_fb_w69zlh39dh\" class=\"cmsmasters_featured_block\">\n<div class=\"featured_block_inner\">\n<div class=\"featured_block_text\">\n<p><span style=\"color: #000000;\"><span style=\"font-size: 24px;\">Breast Examination<\/span><\/span><\/p>\n<p>How do I book an appointment, what is covered by the insurance company and what should I expect from the examination?<\/p>\n<div id=\"cmsmasters_button_w69zlh39dh\" class=\"button_wrap\"><a href=\"https:\/\/buprague.cz\/en\/for-patients\/preventive-examination\/\" class=\"cmsmasters_button\"><span>More information<\/span><\/a><\/div>\n\n<\/div>\n<\/div>\n<\/div>\n<\/div><\/div>\n<div id=\"cmsmasters_column_\" class=\"cmsmasters_column one_third\">\n<div class=\"cmsmasters_column_inner\"><div id=\"cmsmasters_fb_120v7dtxm\" class=\"cmsmasters_featured_block\">\n<div class=\"featured_block_inner\">\n<div class=\"featured_block_text\">\n<p><span style=\"color: #ffffff;\"><span style=\"font-size: 24px;\">I Have Concerns About My Health<\/span><\/span><\/p>\n<p><span style=\"color: #ffffff;\">After self-examination, I found something I don't know what to do with.<\/span><\/p>\n<div id=\"cmsmasters_button_120v7dtxm\" class=\"button_wrap\"><a href=\"https:\/\/buprague.cz\/en\/for-patients\/i-have-issues\/\" class=\"cmsmasters_button\"><span>More information<\/span><\/a><\/div>\n\n<\/div>\n<\/div>\n<\/div>\n<\/div><\/div>\n<div id=\"cmsmasters_column_\" class=\"cmsmasters_column one_third\">\n<div class=\"cmsmasters_column_inner\"><div id=\"cmsmasters_fb_8gvbnwma9\" class=\"cmsmasters_featured_block\">\n<div class=\"featured_block_inner\">\n<div class=\"featured_block_text\">\n<p><span style=\"color: #000000;\"><span style=\"font-size: 24px;\">Oncology Clinic<\/span><\/span><\/p>\n<p>What does breast cancer treatment involve and who can help me?<\/p>\n<div id=\"cmsmasters_button_8gvbnwma9\" class=\"button_wrap\"><a href=\"https:\/\/buprague.cz\/en\/for-patients\/oncology-ambulance\/\" class=\"cmsmasters_button\"><span>More information<\/span><\/a><\/div>\n\n<\/div>\n<\/div>\n<\/div>\n<\/div><\/div>\n<\/div>\n<\/div>\n<\/div>\n<\/div>\n<\/div>\n<div id=\"cmsmasters_row_9l4y4fy34\" class=\"cmsmasters_row cmsmasters_color_scheme_default cmsmasters_homepage_featured_blocks cmsmasters_row_top_default cmsmasters_row_bot_default cmsmasters_row_boxed\">\n<div class=\"cmsmasters_row_outer_parent\">\n<div class=\"cmsmasters_row_outer\">\n<div class=\"cmsmasters_row_inner cmsmasters_row_no_margin\">\n<div class=\"cmsmasters_row_margin cmsmasters_row_columns_behavior\">\n<div id=\"cmsmasters_column_o4gx6rindt\" class=\"cmsmasters_column one_third\">\n<div class=\"cmsmasters_column_inner\"><div id=\"cmsmasters_fb_v9mu2yxcqw\" class=\"cmsmasters_featured_block\">\n<div class=\"featured_block_inner\">\n<div class=\"featured_block_text\">\n<p><span style=\"color: #ffffff;\"><span style=\"font-size: 24px;\">Expert consultation<\/span><\/span><\/p>\n<p><span style=\"color: #ffffff;\">Consultation and non-screening breast examination<\/span><br \/>\n<div id=\"cmsmasters_button_v9mu2yxcqw\" class=\"button_wrap\"><a href=\"https:\/\/buprague.cz\/en\/pro-pacienty\/odborne-konzultace\/\" class=\"cmsmasters_button\"><span>More information<\/span><\/a><\/div>\n\n<\/div>\n<\/div>\n<\/div>\n<\/div><\/div>\n<div id=\"cmsmasters_column_0xlci9xvy5\" class=\"cmsmasters_column one_third\">\n<div class=\"cmsmasters_column_inner\"><div id=\"cmsmasters_fb_91envh2jze\" class=\"cmsmasters_featured_block\">\n<div class=\"featured_block_inner\">\n<div class=\"featured_block_text\">\n<p><span style=\"color: #000000;\"><span style=\"font-size: 24px;\">Partners<\/span><\/span><\/p>\n<p>Our partner clinics<\/p>\n<div id=\"cmsmasters_button_91envh2jze\" class=\"button_wrap\"><a href=\"https:\/\/buprague.cz\/en\/about-company\/partners\/\" class=\"cmsmasters_button\"><span>More information<\/span><\/a><\/div>\n\n<\/div>\n<\/div>\n<\/div>\n<\/div><\/div>\n<div id=\"cmsmasters_column_tubjh2ifq8\" class=\"cmsmasters_column one_third\">\n<div class=\"cmsmasters_column_inner\"><div id=\"cmsmasters_fb_i0xdrwmvs\" class=\"cmsmasters_featured_block\">\n<div class=\"featured_block_inner\">\n<div class=\"featured_block_text\">\n<p><span style=\"color: #ffffff;\"><span style=\"font-size: 24px;\">Pricing<\/span><\/span><\/p>\n<p><span style=\"color: #ffffff;\">See the costs of the patient-paid exams.<\/span><\/p>\n<div id=\"cmsmasters_button_i0xdrwmvs\" class=\"button_wrap\"><a href=\"https:\/\/buprague.cz\/en\/for-patients\/pricetable\/\" class=\"cmsmasters_button\"><span>More information<\/span><\/a><\/div>\n\n<\/div>\n<\/div>\n<\/div>\n<\/div><\/div>\n<\/div>\n<\/div>\n<\/div>\n<\/div>\n<\/div>\n<div id=\"cmsmasters_row_e2snponk8p\" class=\"cmsmasters_row cmsmasters_color_scheme_default cmsmasters_row_top_default cmsmasters_row_bot_default cmsmasters_row_fullwidth\">\n<div class=\"cmsmasters_row_outer_parent\">\n<div class=\"cmsmasters_row_outer\">\n<div class=\"cmsmasters_row_inner cmsmasters_row_fullwidth\">\n<div class=\"cmsmasters_row_margin\">\n<div id=\"cmsmasters_column_\" class=\"cmsmasters_column one_first\">\n<div class=\"cmsmasters_column_inner\"><\/div><\/div>\n<\/div>\n<\/div>\n<\/div>\n<\/div>\n<\/div>\n<div id=\"cmsmasters_row_8pztyo506k\" class=\"cmsmasters_row cmsmasters_color_scheme_default cmsmasters_row_top_default cmsmasters_row_bot_default cmsmasters_row_fullwidth\">\n<div class=\"cmsmasters_row_outer_parent\">\n<div class=\"cmsmasters_row_outer\">\n<div class=\"cmsmasters_row_inner cmsmasters_row_fullwidth\">\n<div class=\"cmsmasters_row_margin\">\n<div id=\"cmsmasters_column_\" class=\"cmsmasters_column one_first\">\n<div class=\"cmsmasters_column_inner\">\n<div id=\"cmsmasters_divider_e3pd0uia7b\" class=\"cmsmasters_divider cmsmasters_divider_width_long cmsmasters_divider_pos_center\"><\/div>\n<\/div><\/div>\n<\/div>\n<\/div>\n<\/div>\n<\/div>\n<\/div>","protected":false},"excerpt":{"rendered":"","protected":false},"author":1,"featured_media":0,"parent":0,"menu_order":0,"comment_status":"closed","ping_status":"closed","template":"","meta":{"footnotes":""},"class_list":["post-13338","page","type-page","status-publish","hentry"],"yoast_head":"<!-- This site is optimized with the Yoast SEO plugin v27.5 - https:\/\/yoast.com\/product\/yoast-seo-wordpress\/ -->\n<title>Pro pacientky - Breast Unit Prague<\/title>\n<meta name=\"description\" content=\"Pot\u0159ebujete v\u011bd\u011bt, co V\u00e1s \u010dek\u00e1 na mamografii? Zaj\u00edm\u00e1 V\u00e1s prevence? Co d\u011blat, kdy\u017e m\u00e1m pot\u00ed\u017ee? Kolik stoj\u00ed mamograf? Odpov\u011bdi na tyto ot\u00e1zky najdete zde.\" \/>\n<meta name=\"robots\" content=\"index, follow, max-snippet:-1, max-image-preview:large, max-video-preview:-1\" \/>\n<link rel=\"canonical\" href=\"https:\/\/buprague.cz\/en\/for-patients\/\" \/>\n<meta property=\"og:locale\" content=\"en_GB\" \/>\n<meta property=\"og:type\" content=\"article\" \/>\n<meta property=\"og:title\" content=\"Pro pacientky - Breast Unit Prague\" \/>\n<meta property=\"og:description\" content=\"Pot\u0159ebujete v\u011bd\u011bt, co V\u00e1s \u010dek\u00e1 na mamografii? Zaj\u00edm\u00e1 V\u00e1s prevence? Co d\u011blat, kdy\u017e m\u00e1m pot\u00ed\u017ee? Kolik stoj\u00ed mamograf? Odpov\u011bdi na tyto ot\u00e1zky najdete zde.\" \/>\n<meta property=\"og:url\" content=\"https:\/\/buprague.cz\/en\/for-patients\/\" \/>\n<meta property=\"og:site_name\" content=\"BUPrague\" \/>\n<meta property=\"article:modified_time\" content=\"2021-04-25T15:34:46+00:00\" \/>\n<meta name=\"twitter:card\" content=\"summary_large_image\" \/>\n<meta name=\"twitter:label1\" content=\"Estimated reading time\" \/>\n\t<meta name=\"twitter:data1\" content=\"3 minutes\" \/>\n<script type=\"application\/ld+json\" class=\"yoast-schema-graph\">{\"@context\":\"https:\\\/\\\/schema.org\",\"@graph\":[{\"@type\":\"WebPage\",\"@id\":\"https:\\\/\\\/buprague.cz\\\/pro-pacienty\\\/\",\"url\":\"https:\\\/\\\/buprague.cz\\\/pro-pacienty\\\/\",\"name\":\"Pro pacientky - Breast Unit Prague\",\"isPartOf\":{\"@id\":\"https:\\\/\\\/buprague.cz\\\/#website\"},\"datePublished\":\"2017-09-11T11:27:23+00:00\",\"dateModified\":\"2021-04-25T15:34:46+00:00\",\"description\":\"Pot\u0159ebujete v\u011bd\u011bt, co V\u00e1s \u010dek\u00e1 na mamografii? Zaj\u00edm\u00e1 V\u00e1s prevence? Co d\u011blat, kdy\u017e m\u00e1m pot\u00ed\u017ee? Kolik stoj\u00ed mamograf? Odpov\u011bdi na tyto ot\u00e1zky najdete zde.\",\"breadcrumb\":{\"@id\":\"https:\\\/\\\/buprague.cz\\\/pro-pacienty\\\/#breadcrumb\"},\"inLanguage\":\"en-GB\",\"potentialAction\":[{\"@type\":\"ReadAction\",\"target\":[\"https:\\\/\\\/buprague.cz\\\/pro-pacienty\\\/\"]}]},{\"@type\":\"BreadcrumbList\",\"@id\":\"https:\\\/\\\/buprague.cz\\\/pro-pacienty\\\/#breadcrumb\",\"itemListElement\":[{\"@type\":\"ListItem\",\"position\":1,\"name\":\"Home\",\"item\":\"https:\\\/\\\/buprague.cz\\\/\"},{\"@type\":\"ListItem\",\"position\":2,\"name\":\"Pro pacienty\"}]},{\"@type\":\"WebSite\",\"@id\":\"https:\\\/\\\/buprague.cz\\\/#website\",\"url\":\"https:\\\/\\\/buprague.cz\\\/\",\"name\":\"BUPrague\",\"description\":\"Mamma centrum Breast Unit Prague\",\"publisher\":{\"@id\":\"https:\\\/\\\/buprague.cz\\\/#organization\"},\"potentialAction\":[{\"@type\":\"SearchAction\",\"target\":{\"@type\":\"EntryPoint\",\"urlTemplate\":\"https:\\\/\\\/buprague.cz\\\/?s={search_term_string}\"},\"query-input\":{\"@type\":\"PropertyValueSpecification\",\"valueRequired\":true,\"valueName\":\"search_term_string\"}}],\"inLanguage\":\"en-GB\"},{\"@type\":\"Organization\",\"@id\":\"https:\\\/\\\/buprague.cz\\\/#organization\",\"name\":\"BUPrague\",\"url\":\"https:\\\/\\\/buprague.cz\\\/\",\"logo\":{\"@type\":\"ImageObject\",\"inLanguage\":\"en-GB\",\"@id\":\"https:\\\/\\\/buprague.cz\\\/#\\\/schema\\\/logo\\\/image\\\/\",\"url\":\"https:\\\/\\\/buprague.cz\\\/wp-content\\\/uploads\\\/2018\\\/03\\\/logo.svg\",\"contentUrl\":\"https:\\\/\\\/buprague.cz\\\/wp-content\\\/uploads\\\/2018\\\/03\\\/logo.svg\",\"width\":1012.99,\"height\":297.5,\"caption\":\"BUPrague\"},\"image\":{\"@id\":\"https:\\\/\\\/buprague.cz\\\/#\\\/schema\\\/logo\\\/image\\\/\"}}]}<\/script>\n<!-- \/ Yoast SEO plugin. -->","yoast_head_json":{"title":"For patients - Breast Unit Prague","description":"Do you need to know what to expect at your mammogram? Are you interested in prevention? What to do if I have problems? How much does a mammogram cost? Find the answers to these questions here.","robots":{"index":"index","follow":"follow","max-snippet":"max-snippet:-1","max-image-preview":"max-image-preview:large","max-video-preview":"max-video-preview:-1"},"canonical":"https:\/\/buprague.cz\/en\/for-patients\/","og_locale":"en_GB","og_type":"article","og_title":"Pro pacientky - Breast Unit Prague","og_description":"Pot\u0159ebujete v\u011bd\u011bt, co V\u00e1s \u010dek\u00e1 na mamografii? Zaj\u00edm\u00e1 V\u00e1s prevence? Co d\u011blat, kdy\u017e m\u00e1m pot\u00ed\u017ee? Kolik stoj\u00ed mamograf? Odpov\u011bdi na tyto ot\u00e1zky najdete zde.","og_url":"https:\/\/buprague.cz\/en\/for-patients\/","og_site_name":"BUPrague","article_modified_time":"2021-04-25T15:34:46+00:00","twitter_card":"summary_large_image","twitter_misc":{"Estimated reading time":"3 minutes"},"schema":{"@context":"https:\/\/schema.org","@graph":[{"@type":"WebPage","@id":"https:\/\/buprague.cz\/pro-pacienty\/","url":"https:\/\/buprague.cz\/pro-pacienty\/","name":"For patients - Breast Unit Prague","isPartOf":{"@id":"https:\/\/buprague.cz\/#website"},"datePublished":"2017-09-11T11:27:23+00:00","dateModified":"2021-04-25T15:34:46+00:00","description":"Do you need to know what to expect at your mammogram? Are you interested in prevention? What to do if I have problems? How much does a mammogram cost? Find the answers to these questions here.","breadcrumb":{"@id":"https:\/\/buprague.cz\/pro-pacienty\/#breadcrumb"},"inLanguage":"en-GB","potentialAction":[{"@type":"ReadAction","target":["https:\/\/buprague.cz\/pro-pacienty\/"]}]},{"@type":"BreadcrumbList","@id":"https:\/\/buprague.cz\/pro-pacienty\/#breadcrumb","itemListElement":[{"@type":"ListItem","position":1,"name":"Home","item":"https:\/\/buprague.cz\/"},{"@type":"ListItem","position":2,"name":"Pro pacienty"}]},{"@type":"WebSite","@id":"https:\/\/buprague.cz\/#website","url":"https:\/\/buprague.cz\/","name":"BUPrague","description":"Mamma Centre Breast Unit Prague","publisher":{"@id":"https:\/\/buprague.cz\/#organization"},"potentialAction":[{"@type":"SearchAction","target":{"@type":"EntryPoint","urlTemplate":"https:\/\/buprague.cz\/?s={search_term_string}"},"query-input":{"@type":"PropertyValueSpecification","valueRequired":true,"valueName":"search_term_string"}}],"inLanguage":"en-GB"},{"@type":"Organization","@id":"https:\/\/buprague.cz\/#organization","name":"BUPrague","url":"https:\/\/buprague.cz\/","logo":{"@type":"ImageObject","inLanguage":"en-GB","@id":"https:\/\/buprague.cz\/#\/schema\/logo\/image\/","url":"https:\/\/buprague.cz\/wp-content\/uploads\/2018\/03\/logo.svg","contentUrl":"https:\/\/buprague.cz\/wp-content\/uploads\/2018\/03\/logo.svg","width":1012.99,"height":297.5,"caption":"BUPrague"},"image":{"@id":"https:\/\/buprague.cz\/#\/schema\/logo\/image\/"}}]}},"_links":{"self":[{"href":"https:\/\/buprague.cz\/en\/wp-json\/wp\/v2\/pages\/13338","targetHints":{"allow":["GET"]}}],"collection":[{"href":"https:\/\/buprague.cz\/en\/wp-json\/wp\/v2\/pages"}],"about":[{"href":"https:\/\/buprague.cz\/en\/wp-json\/wp\/v2\/types\/page"}],"author":[{"embeddable":true,"href":"https:\/\/buprague.cz\/en\/wp-json\/wp\/v2\/users\/1"}],"replies":[{"embeddable":true,"href":"https:\/\/buprague.cz\/en\/wp-json\/wp\/v2\/comments?post=13338"}],"version-history":[{"count":0,"href":"https:\/\/buprague.cz\/en\/wp-json\/wp\/v2\/pages\/13338\/revisions"}],"wp:attachment":[{"href":"https:\/\/buprague.cz\/en\/wp-json\/wp\/v2\/media?parent=13338"}],"curies":[{"name":"wp","href":"https:\/\/api.w.org\/{rel}","templated":true}]}}