{"id":13451,"date":"2017-09-26T12:21:36","date_gmt":"2017-09-26T10:21:36","guid":{"rendered":"https:\/\/buprague.princ.online\/?page_id=13451"},"modified":"2021-02-19T14:18:57","modified_gmt":"2021-02-19T13:18:57","slug":"o-spolecnosti","status":"publish","type":"page","link":"https:\/\/buprague.cz\/en\/about-company\/","title":{"rendered":"About Us"},"content":{"rendered":"<div id=\"cmsmasters_row_3ko4bzglw\" class=\"cmsmasters_row cmsmasters_color_scheme_default cmsmasters_row_top_default cmsmasters_row_bot_default cmsmasters_row_boxed\">\n<div class=\"cmsmasters_row_outer_parent\">\n<div class=\"cmsmasters_row_outer\">\n<div class=\"cmsmasters_row_inner\">\n<div class=\"cmsmasters_row_margin\">\n<div id=\"cmsmasters_column_1943hkp4hq\" class=\"cmsmasters_column one_first\">\n<div class=\"cmsmasters_column_inner\"><div id=\"cmsmasters_heading_5cuiut7o2t\" class=\"cmsmasters_heading_wrap cmsmasters_heading_align_left\">\n\t<h2 class=\"cmsmasters_heading\">Our Mission<\/h2>\n<\/div>\n<\/div><\/div>\n<\/div>\n<\/div>\n<\/div>\n<\/div>\n<\/div>\n<div id=\"cmsmasters_row_sbp8i6is0q\" class=\"cmsmasters_row cmsmasters_color_scheme_default cmsmasters_row_top_default cmsmasters_row_bot_default cmsmasters_row_boxed\">\n<div class=\"cmsmasters_row_outer_parent\">\n<div class=\"cmsmasters_row_outer\">\n<div class=\"cmsmasters_row_inner\">\n<div class=\"cmsmasters_row_margin\">\n<div id=\"cmsmasters_column_j4d11fkne6\" class=\"cmsmasters_column one_half\">\n<div class=\"cmsmasters_column_inner\"><div class=\"cmsmasters_text\">\n<p>Our mission is to prove to women <strong>that they do not have to worry about breast cancer<\/strong>. Mortality from this disease has decreased <strong>since the introduction of the screening programme in the Czech Republic<\/strong>.<\/p>\n<p>One of the main reasons for this success is that more and more women are regularly visiting quality screening centres such as ours. This allows experienced doctors to make a timely diagnosis. \nThis means that<strong> the treatment of cancer<\/strong> before <strong>it spreads<\/strong> throughout the patient's whole body.<\/p>\n<p>Over 50,000 women visit our clinic every year, and our doctors diagnose 8 to 12 breast cancers per week. Most of them <strong>are found in the early stages<\/strong>when they are still well treatable. We can therefore state that <strong>we save several hundred lives each year<\/strong>!<\/p>\n<\/div>\n<\/div><\/div>\n<div id=\"cmsmasters_column_mi9d6sbfd\" class=\"cmsmasters_column one_half\">\n<div class=\"cmsmasters_column_inner\"><div class=\"aligncenter\"><div class=\"cmsmasters_img  cmsmasters_image_c\"><img decoding=\"async\" src=\"https:\/\/buprague.cz\/wp-content\/uploads\/2021\/02\/DSCF0031-web-1024x675.jpg\" \/><\/div><\/div>\n<\/div><\/div>\n<\/div>\n<\/div>\n<\/div>\n<\/div>\n<\/div>\n<div id=\"cmsmasters_row_qusjodbzl\" class=\"cmsmasters_row cmsmasters_color_scheme_default cmsmasters_row_top_default cmsmasters_row_bot_default cmsmasters_row_boxed\">\n<div class=\"cmsmasters_row_outer_parent\">\n<div class=\"cmsmasters_row_outer\">\n<div class=\"cmsmasters_row_inner\">\n<div class=\"cmsmasters_row_margin\">\n<div id=\"cmsmasters_column_7k3ltlmen\" class=\"cmsmasters_column one_first\">\n<div class=\"cmsmasters_column_inner\"><div class=\"cmsmasters_text\">\n<p>BREAST UNIT PRAGUE, Mamma centre <a href=\"https:\/\/buprague.cz\/en\/about-company\/workspace-opatov\/\"><strong>Opatov<\/strong><\/a>\u00a0and <a href=\"https:\/\/buprague.cz\/en\/about-company\/workspace-hradcanska\/\"><strong>Hrad\u010dansk\u00e1<\/strong><\/a>, are clinics specialised in <strong>diagnosis of malignant and benign breast diseases<\/strong>The centers received accreditation from the Ministry of Health of the Czech Republic for the implementation of mammographic screening right from the beginning of their operation. Our experts, under the leadership of <strong>MUDr. Miroslava Skovajsov\u00e1 Ph.D.<\/strong> provide expert advice to women <strong>during illness and after treatment.<\/strong>We also offer a care<strong> to all the healthy women<\/strong> with a higher personal or family susceptibility to developing cancer.<\/p>\n<\/div>\n<\/div><\/div>\n<\/div>\n<\/div>\n<\/div>\n<\/div>\n<\/div>\n<div id=\"cmsmasters_row_pxkvdg4dmh\" class=\"cmsmasters_row cmsmasters_color_scheme_default cmsmasters_row_top_default cmsmasters_row_bot_default cmsmasters_row_boxed\">\n<div class=\"cmsmasters_row_outer_parent\">\n<div class=\"cmsmasters_row_outer\">\n<div class=\"cmsmasters_row_inner\">\n<div class=\"cmsmasters_row_margin\">\n<div id=\"cmsmasters_column_r7ci6fzymj\" class=\"cmsmasters_column one_first\">\n<div class=\"cmsmasters_column_inner\"><div id=\"cmsmasters_heading_qf9jjiw9y9\" class=\"cmsmasters_heading_wrap cmsmasters_heading_align_left\">\n\t<h2 class=\"cmsmasters_heading\">For whom we are here:<\/h2>\n<\/div><div class=\"cmsmasters_text\">\n<p>We are here for everyone who takes their health seriously. The word \"who\" is intentionally used here because breast disease does not discriminate affecting both <strong>women and men<\/strong>.<br \/>\nWe provide a <strong>wide range<\/strong> of breast diagnostics. Healthy women can come to our center for regular check-up, either as part of fully-covered mammography screening by their health insurance or, if they do not meet the age criteria, they can choose to pay for the examination themselves (<a href=\"https:\/\/buprague.cz\/en\/for-patients\/pricetable\/\">price list of examinations<\/a>). Most health insurance companies cover regular screening mammography once <strong>every two years for women aged 45 and older<\/strong>.<br \/>\nWomen and men who already have an existing  health concern and the have a referral for <strong>diagnostic mammography or other diagnostic or therapeutic procedures<\/strong>(such as biopsy, puncture, etc.) are also welcome for examination. <strong>Additionally, we also provide consultation services.<\/strong>.<\/p>\n<\/div>\n<\/div><\/div>\n<\/div>\n<\/div>\n<\/div>\n<\/div>\n<\/div>\n<div id=\"cmsmasters_row_3ujekmuuvs\" class=\"cmsmasters_row cmsmasters_color_scheme_default cmsmasters_row_top_default cmsmasters_row_bot_default cmsmasters_row_boxed\">\n<div class=\"cmsmasters_row_outer_parent\">\n<div class=\"cmsmasters_row_outer\">\n<div class=\"cmsmasters_row_inner\">\n<div class=\"cmsmasters_row_margin\">\n<div id=\"cmsmasters_column_l6ng196vyr\" class=\"cmsmasters_column one_first\">\n<div class=\"cmsmasters_column_inner\"><div id=\"cmsmasters_heading_4j0u6oeb4l\" class=\"cmsmasters_heading_wrap cmsmasters_heading_align_left\">\n\t<h2 class=\"cmsmasters_heading\">Why come to us:<\/h2>\n<\/div><div class=\"cmsmasters_text\">\n<p>The BREAST UNIT PRAGUE facilities were established in accordance with standard requirements of the<strong> European Society of Mastology<\/strong> (EUSOMA) and <strong>Europa Donna<\/strong> for the operation of screening units. The facilities are equipped with <strong>the latest<\/strong> mammographic and sonographic technology with <strong>all necessary connections<\/strong>. The professional and organizational guarantor is a pioneer in Czech breast screening and integrated breast diagnostics, MUDr. Miroslava Skovajsov\u00e1, Ph.D.<br \/>\nOther experts in breast diagnostics with years of experience include MUDr. Jana Fr\u00fdbov\u00e1, MUDr. Jana \u017d\u00ed\u017ealov\u00e1, MUDr. Ida Topolov\u00e1, and others who <strong>specialize in breast diagnostics.<\/strong>All the doctors have extensive experience in performing interventional breast procedures. This includes routine biopsies, sample collection under stereotactic control, and marking the surgical field before surgery. They also routinely<strong> assess the effects of chemotherapy<\/strong> in patients treated in the so-called neoadjuvant regimen. They use sonography to evaluate the quality of breast implants in women who have undergone breast augmentation and assess various conditions following aesthetic breast procedures.<\/p>\n<\/div>\n<\/div><\/div>\n<\/div>\n<\/div>\n<\/div>\n<\/div>\n<\/div>\n<div id=\"cmsmasters_row_9xl2ej4rl\" class=\"cmsmasters_row cmsmasters_color_scheme_default cmsmasters_row_top_default cmsmasters_row_bot_default cmsmasters_row_fullwidth\">\n<div class=\"cmsmasters_row_outer_parent\">\n<div class=\"cmsmasters_row_outer\">\n<div class=\"cmsmasters_row_inner cmsmasters_row_fullwidth\">\n<div class=\"cmsmasters_row_margin\">\n<div id=\"cmsmasters_column_\" class=\"cmsmasters_column one_first\">\n<div class=\"cmsmasters_column_inner\">\n<div id=\"cmsmasters_divider_5vyfbcmhk\" class=\"cmsmasters_divider cmsmasters_divider_width_long cmsmasters_divider_pos_center\"><\/div>\n<\/div><\/div>\n<\/div>\n<\/div>\n<\/div>\n<\/div>\n<\/div>","protected":false},"excerpt":{"rendered":"","protected":false},"author":1,"featured_media":0,"parent":0,"menu_order":0,"comment_status":"closed","ping_status":"closed","template":"","meta":{"footnotes":""},"class_list":["post-13451","page","type-page","status-publish","hentry"],"yoast_head":"<!-- This site is optimized with the Yoast SEO plugin v27.5 - https:\/\/yoast.com\/product\/yoast-seo-wordpress\/ -->\n<title>O spole\u010dnosti Breast Unit Prague<\/title>\n<meta name=\"description\" content=\"P\u0159edstavujeme V\u00e1m pracovi\u0161t\u011b Breast Unit Prague. Pro koho tu jsme? Jak\u00e9 je na\u0161e posl\u00e1n\u00ed? Jak bojujeme proti rakovin\u011b prsu? #NejsteNaToSama\" \/>\n<meta name=\"robots\" content=\"index, follow, max-snippet:-1, max-image-preview:large, max-video-preview:-1\" \/>\n<link rel=\"canonical\" href=\"https:\/\/buprague.cz\/en\/about-company\/\" \/>\n<meta property=\"og:locale\" content=\"en_GB\" \/>\n<meta property=\"og:type\" content=\"article\" \/>\n<meta property=\"og:title\" content=\"O spole\u010dnosti Breast Unit Prague\" \/>\n<meta property=\"og:description\" content=\"P\u0159edstavujeme V\u00e1m pracovi\u0161t\u011b Breast Unit Prague. Pro koho tu jsme? Jak\u00e9 je na\u0161e posl\u00e1n\u00ed? Jak bojujeme proti rakovin\u011b prsu? #NejsteNaToSama\" \/>\n<meta property=\"og:url\" content=\"https:\/\/buprague.cz\/en\/about-company\/\" \/>\n<meta property=\"og:site_name\" content=\"BUPrague\" \/>\n<meta property=\"article:modified_time\" content=\"2021-02-19T13:18:57+00:00\" \/>\n<meta name=\"twitter:card\" content=\"summary_large_image\" \/>\n<meta name=\"twitter:label1\" content=\"Estimated reading time\" \/>\n\t<meta name=\"twitter:data1\" content=\"3 minutes\" \/>\n<script type=\"application\/ld+json\" class=\"yoast-schema-graph\">{\"@context\":\"https:\\\/\\\/schema.org\",\"@graph\":[{\"@type\":\"WebPage\",\"@id\":\"https:\\\/\\\/buprague.cz\\\/o-spolecnosti\\\/\",\"url\":\"https:\\\/\\\/buprague.cz\\\/o-spolecnosti\\\/\",\"name\":\"O spole\u010dnosti Breast Unit Prague\",\"isPartOf\":{\"@id\":\"https:\\\/\\\/buprague.cz\\\/#website\"},\"datePublished\":\"2017-09-26T10:21:36+00:00\",\"dateModified\":\"2021-02-19T13:18:57+00:00\",\"description\":\"P\u0159edstavujeme V\u00e1m pracovi\u0161t\u011b Breast Unit Prague. Pro koho tu jsme? Jak\u00e9 je na\u0161e posl\u00e1n\u00ed? Jak bojujeme proti rakovin\u011b prsu? #NejsteNaToSama\",\"breadcrumb\":{\"@id\":\"https:\\\/\\\/buprague.cz\\\/o-spolecnosti\\\/#breadcrumb\"},\"inLanguage\":\"en-GB\",\"potentialAction\":[{\"@type\":\"ReadAction\",\"target\":[\"https:\\\/\\\/buprague.cz\\\/o-spolecnosti\\\/\"]}]},{\"@type\":\"BreadcrumbList\",\"@id\":\"https:\\\/\\\/buprague.cz\\\/o-spolecnosti\\\/#breadcrumb\",\"itemListElement\":[{\"@type\":\"ListItem\",\"position\":1,\"name\":\"Home\",\"item\":\"https:\\\/\\\/buprague.cz\\\/\"},{\"@type\":\"ListItem\",\"position\":2,\"name\":\"O spole\u010dnosti\"}]},{\"@type\":\"WebSite\",\"@id\":\"https:\\\/\\\/buprague.cz\\\/#website\",\"url\":\"https:\\\/\\\/buprague.cz\\\/\",\"name\":\"BUPrague\",\"description\":\"Mamma centrum Breast Unit Prague\",\"publisher\":{\"@id\":\"https:\\\/\\\/buprague.cz\\\/#organization\"},\"potentialAction\":[{\"@type\":\"SearchAction\",\"target\":{\"@type\":\"EntryPoint\",\"urlTemplate\":\"https:\\\/\\\/buprague.cz\\\/?s={search_term_string}\"},\"query-input\":{\"@type\":\"PropertyValueSpecification\",\"valueRequired\":true,\"valueName\":\"search_term_string\"}}],\"inLanguage\":\"en-GB\"},{\"@type\":\"Organization\",\"@id\":\"https:\\\/\\\/buprague.cz\\\/#organization\",\"name\":\"BUPrague\",\"url\":\"https:\\\/\\\/buprague.cz\\\/\",\"logo\":{\"@type\":\"ImageObject\",\"inLanguage\":\"en-GB\",\"@id\":\"https:\\\/\\\/buprague.cz\\\/#\\\/schema\\\/logo\\\/image\\\/\",\"url\":\"https:\\\/\\\/buprague.cz\\\/wp-content\\\/uploads\\\/2018\\\/03\\\/logo.svg\",\"contentUrl\":\"https:\\\/\\\/buprague.cz\\\/wp-content\\\/uploads\\\/2018\\\/03\\\/logo.svg\",\"width\":1012.99,\"height\":297.5,\"caption\":\"BUPrague\"},\"image\":{\"@id\":\"https:\\\/\\\/buprague.cz\\\/#\\\/schema\\\/logo\\\/image\\\/\"}}]}<\/script>\n<!-- \/ Yoast SEO plugin. -->","yoast_head_json":{"title":"About Breast Unit Prague","description":"Introducing the Breast Unit Prague. Who are we here for? What is our mission? How do we fight breast cancer? #NejsteNaToSama","robots":{"index":"index","follow":"follow","max-snippet":"max-snippet:-1","max-image-preview":"max-image-preview:large","max-video-preview":"max-video-preview:-1"},"canonical":"https:\/\/buprague.cz\/en\/about-company\/","og_locale":"en_GB","og_type":"article","og_title":"O spole\u010dnosti Breast Unit Prague","og_description":"P\u0159edstavujeme V\u00e1m pracovi\u0161t\u011b Breast Unit Prague. Pro koho tu jsme? Jak\u00e9 je na\u0161e posl\u00e1n\u00ed? Jak bojujeme proti rakovin\u011b prsu? #NejsteNaToSama","og_url":"https:\/\/buprague.cz\/en\/about-company\/","og_site_name":"BUPrague","article_modified_time":"2021-02-19T13:18:57+00:00","twitter_card":"summary_large_image","twitter_misc":{"Estimated reading time":"3 minutes"},"schema":{"@context":"https:\/\/schema.org","@graph":[{"@type":"WebPage","@id":"https:\/\/buprague.cz\/o-spolecnosti\/","url":"https:\/\/buprague.cz\/o-spolecnosti\/","name":"About Breast Unit Prague","isPartOf":{"@id":"https:\/\/buprague.cz\/#website"},"datePublished":"2017-09-26T10:21:36+00:00","dateModified":"2021-02-19T13:18:57+00:00","description":"Introducing the Breast Unit Prague. Who are we here for? What is our mission? How do we fight breast cancer? #NejsteNaToSama","breadcrumb":{"@id":"https:\/\/buprague.cz\/o-spolecnosti\/#breadcrumb"},"inLanguage":"en-GB","potentialAction":[{"@type":"ReadAction","target":["https:\/\/buprague.cz\/o-spolecnosti\/"]}]},{"@type":"BreadcrumbList","@id":"https:\/\/buprague.cz\/o-spolecnosti\/#breadcrumb","itemListElement":[{"@type":"ListItem","position":1,"name":"Home","item":"https:\/\/buprague.cz\/"},{"@type":"ListItem","position":2,"name":"O spole\u010dnosti"}]},{"@type":"WebSite","@id":"https:\/\/buprague.cz\/#website","url":"https:\/\/buprague.cz\/","name":"BUPrague","description":"Mamma Centre Breast Unit Prague","publisher":{"@id":"https:\/\/buprague.cz\/#organization"},"potentialAction":[{"@type":"SearchAction","target":{"@type":"EntryPoint","urlTemplate":"https:\/\/buprague.cz\/?s={search_term_string}"},"query-input":{"@type":"PropertyValueSpecification","valueRequired":true,"valueName":"search_term_string"}}],"inLanguage":"en-GB"},{"@type":"Organization","@id":"https:\/\/buprague.cz\/#organization","name":"BUPrague","url":"https:\/\/buprague.cz\/","logo":{"@type":"ImageObject","inLanguage":"en-GB","@id":"https:\/\/buprague.cz\/#\/schema\/logo\/image\/","url":"https:\/\/buprague.cz\/wp-content\/uploads\/2018\/03\/logo.svg","contentUrl":"https:\/\/buprague.cz\/wp-content\/uploads\/2018\/03\/logo.svg","width":1012.99,"height":297.5,"caption":"BUPrague"},"image":{"@id":"https:\/\/buprague.cz\/#\/schema\/logo\/image\/"}}]}},"_links":{"self":[{"href":"https:\/\/buprague.cz\/en\/wp-json\/wp\/v2\/pages\/13451","targetHints":{"allow":["GET"]}}],"collection":[{"href":"https:\/\/buprague.cz\/en\/wp-json\/wp\/v2\/pages"}],"about":[{"href":"https:\/\/buprague.cz\/en\/wp-json\/wp\/v2\/types\/page"}],"author":[{"embeddable":true,"href":"https:\/\/buprague.cz\/en\/wp-json\/wp\/v2\/users\/1"}],"replies":[{"embeddable":true,"href":"https:\/\/buprague.cz\/en\/wp-json\/wp\/v2\/comments?post=13451"}],"version-history":[{"count":0,"href":"https:\/\/buprague.cz\/en\/wp-json\/wp\/v2\/pages\/13451\/revisions"}],"wp:attachment":[{"href":"https:\/\/buprague.cz\/en\/wp-json\/wp\/v2\/media?parent=13451"}],"curies":[{"name":"wp","href":"https:\/\/api.w.org\/{rel}","templated":true}]}}