{"id":13459,"date":"2017-09-26T12:22:26","date_gmt":"2017-09-26T10:22:26","guid":{"rendered":"https:\/\/buprague.princ.online\/?page_id=13459"},"modified":"2023-07-30T12:59:54","modified_gmt":"2023-07-30T10:59:54","slug":"preventivni-vysetreni","status":"publish","type":"page","link":"https:\/\/buprague.cz\/en\/for-patients\/preventive-examination\/","title":{"rendered":"Breast Examination"},"content":{"rendered":"<div id=\"cmsmasters_row_zucyhj4cm\" class=\"cmsmasters_row cmsmasters_color_scheme_default cmsmasters_row_top_default cmsmasters_row_bot_default cmsmasters_row_boxed\">\n<div class=\"cmsmasters_row_outer_parent\">\n<div class=\"cmsmasters_row_outer\">\n<div class=\"cmsmasters_row_inner\">\n<div class=\"cmsmasters_row_margin\">\n<div id=\"cmsmasters_column_806i8nzhe\" class=\"cmsmasters_column one_first\">\n<div class=\"cmsmasters_column_inner\">\n<div id=\"cmsmasters_divider_9ljdhaz2n\" class=\"cmsmasters_divider cmsmasters_divider_width_long cmsmasters_divider_pos_center\"><\/div>\n<\/div><\/div>\n<\/div>\n<\/div>\n<\/div>\n<\/div>\n<\/div>\n<div id=\"cmsmasters_row_nim1ax4uap\" class=\"cmsmasters_row cmsmasters_color_scheme_default cmsmasters_row_top_default cmsmasters_row_bot_default cmsmasters_row_boxed\">\n<div class=\"cmsmasters_row_outer_parent\">\n<div class=\"cmsmasters_row_outer\">\n<div class=\"cmsmasters_row_inner\">\n<div class=\"cmsmasters_row_margin\">\n<div id=\"cmsmasters_column_1r64qikuo9\" class=\"cmsmasters_column one_half\">\n<div class=\"cmsmasters_column_inner\"><div class=\"cmsmasters_text\">\n<p>Thanks to today's open-mindedness, breast cancer is being discussed and written about more extensively, breaking down one of the unnecessary taboos.Thanks to this, there is an observable increase in the sharing of various recommendations on how women can take care of their breasts. Women adopted a more<strong> cautious view-point <\/strong>on regular check-ups, and they realise that <strong>early detection<\/strong>is the most effective way to treat breast diseases. Even from early found malignant breast tumour, it is possible to either <strong>completely heal<\/strong>, or monitor and control it closely for many years while being able to have a <strong>high quality of life<\/strong>.Compared to other diseases, breast cancer is often not a fatal (terminal) disease without a future. So how can we prevent breast cancer?<\/p>\n<\/div>\n<\/div><\/div>\n<div id=\"cmsmasters_column_4z1hxwkot2\" class=\"cmsmasters_column one_half\">\n<div class=\"cmsmasters_column_inner\"><div class=\"cmsmasters_img  cmsmasters_image_n\"><img decoding=\"async\" src=\"https:\/\/buprague.cz\/wp-content\/uploads\/2017\/09\/Obr5-1.jpg\" \/><\/div>\n<\/div><\/div>\n<\/div>\n<\/div>\n<\/div>\n<\/div>\n<\/div>\n<div id=\"cmsmasters_row_fdf66ae381\" class=\"cmsmasters_row cmsmasters_color_scheme_default cmsmasters_homepage_featured_blocks cmsmasters_row_top_default cmsmasters_row_bot_default cmsmasters_row_boxed\">\n<div class=\"cmsmasters_row_outer_parent\">\n<div class=\"cmsmasters_row_outer\">\n<div class=\"cmsmasters_row_inner cmsmasters_row_no_margin\">\n<div class=\"cmsmasters_row_margin cmsmasters_row_columns_behavior\">\n<div id=\"cmsmasters_column_\" class=\"cmsmasters_column one_fourth\">\n<div class=\"cmsmasters_column_inner\"><div id=\"cmsmasters_fb_0803565f5a\" class=\"cmsmasters_featured_block\">\n<div class=\"featured_block_inner\">\n<div class=\"featured_block_text\">\n<p><span style=\"color: #000000;\"><span style=\"font-size: 24px;\">When is your mammogram covered by health insurance?<\/span><\/span><\/p>\n<div id=\"cmsmasters_button_058fad16f3\" class=\"button_wrap\"><a href=\"https:\/\/buprague.cz\/en\/for-patients\/preventive-examination\/paid-by-the-insurance\/\" class=\"cmsmasters_button\"><span>More information<\/span><\/a><\/div>\n\n<\/div>\n<\/div>\n<\/div>\n<\/div><\/div>\n<div id=\"cmsmasters_column_\" class=\"cmsmasters_column one_fourth\">\n<div class=\"cmsmasters_column_inner\"><div id=\"cmsmasters_fb_49ebbaf266\" class=\"cmsmasters_featured_block\">\n<div class=\"featured_block_inner\">\n<div class=\"featured_block_text\">\n<p><span style=\"color: #ffffff;\"><span style=\"font-size: 24px;\">When is your mammogram NOT covered by health insurance?<\/span><\/span><\/p>\n<div id=\"cmsmasters_button_91a6f00a7a\" class=\"button_wrap\"><a href=\"https:\/\/buprague.cz\/en\/for-patients\/preventive-examination\/i-pay-myself\/\" class=\"cmsmasters_button\"><span>More information<\/span><\/a><\/div>\n\n<\/div>\n<\/div>\n<\/div>\n<\/div><\/div>\n<div id=\"cmsmasters_column_\" class=\"cmsmasters_column one_fourth\">\n<div class=\"cmsmasters_column_inner\"><div id=\"cmsmasters_fb_3cd8xeseym\" class=\"cmsmasters_featured_block\">\n<div class=\"featured_block_inner\">\n<div class=\"featured_block_text\">\n<p><span style=\"color: #000000;\"><span style=\"font-size: 24px;\">What can you expect at the breast examination?<\/span><\/span><\/p>\n<div id=\"cmsmasters_button_3cd8xeseym\" class=\"button_wrap\"><a href=\"https:\/\/buprague.cz\/en\/pro-pacienty\/preventivni-vysetreni\/co-me-ceka\/\" class=\"cmsmasters_button\"><span>More information<\/span><\/a><\/div>\n\n<\/div>\n<\/div>\n<\/div>\n<\/div><\/div>\n<div id=\"cmsmasters_column_jaqrjiqxw\" class=\"cmsmasters_column one_fourth\">\n<div class=\"cmsmasters_column_inner\"><div id=\"cmsmasters_fb_o395grsqvn\" class=\"cmsmasters_featured_block\">\n<div class=\"featured_block_inner\">\n<div class=\"featured_block_text\">\n<p><span style=\"color: #ffffff;\"><span style=\"font-size: 24px;\">Do you need a mammogram or an ultrasound?<\/span><\/span><br \/>\n<div id=\"cmsmasters_button_o395grsqvn\" class=\"button_wrap\"><a href=\"https:\/\/buprague.cz\/en\/for-patients\/preventive-examination\/mammogram-or-ultrasound\/\" class=\"cmsmasters_button\"><span>More information<\/span><\/a><\/div>\n\n<\/div>\n<\/div>\n<\/div>\n<\/div><\/div>\n<\/div>\n<\/div>\n<\/div>\n<\/div>\n<\/div>\n<div id=\"cmsmasters_row_2190b58901\" class=\"cmsmasters_row cmsmasters_color_scheme_default cmsmasters_row_top_default cmsmasters_row_bot_default cmsmasters_row_fullwidth\">\n<div class=\"cmsmasters_row_outer_parent\">\n<div class=\"cmsmasters_row_outer\">\n<div class=\"cmsmasters_row_inner cmsmasters_row_fullwidth\">\n<div class=\"cmsmasters_row_margin\">\n<div id=\"cmsmasters_column_\" class=\"cmsmasters_column one_first\">\n<div class=\"cmsmasters_column_inner\"><div class=\"cmsmasters_text\">\n<p>&nbsp;<\/p>\n<p>&nbsp;<\/p>\n<\/div>\n<div id=\"cmsmasters_divider_39aa420d4e\" class=\"cmsmasters_divider cmsmasters_divider_width_long cmsmasters_divider_pos_center\"><\/div>\n<\/div><\/div>\n<\/div>\n<\/div>\n<\/div>\n<\/div>\n<\/div>\n<div id=\"cmsmasters_row_7kksyk353m\" class=\"cmsmasters_row cmsmasters_color_scheme_default cmsmasters_row_top_default cmsmasters_row_bot_default cmsmasters_row_boxed\">\n<div class=\"cmsmasters_row_outer_parent\">\n<div class=\"cmsmasters_row_outer\">\n<div class=\"cmsmasters_row_inner\">\n<div class=\"cmsmasters_row_margin\">\n<div id=\"cmsmasters_column_7g1gejpoy\" class=\"cmsmasters_column one_third\">\n<div class=\"cmsmasters_column_inner\"><div class=\"aligncenter\"><div class=\"cmsmasters_img  cmsmasters_image_c\"><img decoding=\"async\" src=\"https:\/\/buprague.cz\/wp-content\/uploads\/2020\/07\/Interier-4-1024x682.jpg\" \/><\/div><\/div>\n<\/div><\/div>\n<div id=\"cmsmasters_column_b3q5ioe7d5\" class=\"cmsmasters_column one_third\">\n<div class=\"cmsmasters_column_inner\"><div class=\"aligncenter\"><div class=\"cmsmasters_img  cmsmasters_image_c\"><img decoding=\"async\" src=\"https:\/\/buprague.cz\/wp-content\/uploads\/2020\/07\/Interier-1-1024x682.jpg\" \/><\/div><\/div>\n<\/div><\/div>\n<div id=\"cmsmasters_column_ro27czi2lv\" class=\"cmsmasters_column one_third\">\n<div class=\"cmsmasters_column_inner\"><div class=\"aligncenter\"><div class=\"cmsmasters_img  cmsmasters_image_c\"><img decoding=\"async\" src=\"https:\/\/buprague.cz\/wp-content\/uploads\/2021\/02\/Interier-10-1024x683.jpg\" \/><\/div><\/div>\n<\/div><\/div>\n<\/div>\n<\/div>\n<\/div>\n<\/div>\n<\/div>\n<div id=\"cmsmasters_row_oxe2vwoip\" class=\"cmsmasters_row cmsmasters_color_scheme_default cmsmasters_row_top_default cmsmasters_row_bot_default cmsmasters_row_boxed\">\n<div class=\"cmsmasters_row_outer_parent\">\n<div class=\"cmsmasters_row_outer\">\n<div class=\"cmsmasters_row_inner\">\n<div class=\"cmsmasters_row_margin\">\n<div id=\"cmsmasters_column_s1vyw6iah\" class=\"cmsmasters_column one_half\">\n<div class=\"cmsmasters_column_inner\"><div id=\"cmsmasters_heading_ed0cna59gs\" class=\"cmsmasters_heading_wrap cmsmasters_heading_align_left\">\n\t<h2 class=\"cmsmasters_heading\">WHEN CAN I COME?<\/h2>\n<\/div><div class=\"cmsmasters_text\">\n<p>You can come for a preventive examination<strong> regardless of age<\/strong>. If certain conditions are met<strong> (<a href=\"https:\/\/mammacentrumhaje.cz\/spravne-vykazovani.html\">can be found here<\/a>) <\/strong>the examination is<strong> fully covered by health insurance,<\/strong> in other cases, the woman pays for the examination herself.<\/p>\n<p><strong>A woman above 45 years of age, once every 2 years,<\/strong>\u00a0is eligible to undergo a mammography<strong> covered by health insurance<\/strong> on the basis of a referral from a gynaecologist or general practitioner. Preventive examinations are not performed on pregnant and breastfeeding women.<\/p>\n<p>For women undergoing <strong>hormone replacement therapy<\/strong> (HST, HRT) during menopause, it is advisable to perform a mammography <strong>every year<\/strong>. Since a woman is only entitled to a preventive mammography covered by health insurance once every two years, she is obliged to  pay for the examination herself every other year. The same applies to women who wish to be examined once a year due to personal or family risk factors, even if they are not taking HST (this applies to women over 40 years of age).<\/p>\n<p>For <strong>younger women<\/strong>who do not have signs of breast disease but have personal or family risk factors or just want to be sure they are healthy is possible to book a <strong>self-paid preventive ultrasound examination<\/strong>. (<a href=\"https:\/\/buprague.cz\/en\/for-patients\/pricetable\/\">The price list can be found here<\/a>)<\/p>\n<\/div>\n<\/div><\/div>\n<div id=\"cmsmasters_column_8yzqezrwhs\" class=\"cmsmasters_column one_half\">\n<div class=\"cmsmasters_column_inner\"><div id=\"cmsmasters_heading_8kt6fml8wm\" class=\"cmsmasters_heading_wrap cmsmasters_heading_align_left\">\n\t<h2 class=\"cmsmasters_heading\">BREAST ANATOMY<\/h2>\n<\/div><div class=\"cmsmasters_text\">\n<p>So we don't have to open up medical anatomical atlases, <strong>imagine the mammary gland as a grape<\/strong> made up of hundreds of tiny lobules connected by delicate, non-tangible milk ducts. The terminal lobules, which are the most sensitive to all hormonal changes and which are the producers of breast milk in motherhood, have a very <strong>different sizes<\/strong>. In some women, the norm for the size of the terminal lobe is 1mm, in others it can be up to 7mm. During lactation (breastfeeding) these lobes show the ability to enlarge multiple times. The larger standard size of the terminal lobes outside of lactation (5-7mm on average) may make self-examination difficult, but this is no reason to get upset.<\/p>\n<p>Hormonal dependence of the lobules is the reason why every<strong> examination of the mammary glands is performed<\/strong> during the period of greatest hormonal calm <strong>in the first ten days following the beginning of the menstrual cycle. <\/strong>At that time they are the smallest and most compressible. In the period before menstruation, the lobes usually become swollen, painful and harder to palpate.<\/p>\n<p>For breast cancer prevention, self-examination is the easiest method you can perform yourself without any medical assistance. For instructions on how to perform a proper self-examination, see <a href=\"https:\/\/buprague.cz\/en\/for-patients\/self-assessment\/\">in this video<\/a>.<\/p>\n<\/div>\n<\/div><\/div>\n<\/div>\n<\/div>\n<\/div>\n<\/div>\n<\/div>","protected":false},"excerpt":{"rendered":"","protected":false},"author":1,"featured_media":0,"parent":13338,"menu_order":1,"comment_status":"closed","ping_status":"closed","template":"","meta":{"footnotes":""},"class_list":["post-13459","page","type-page","status-publish","hentry"],"yoast_head":"<!-- This site is optimized with the Yoast SEO plugin v27.5 - https:\/\/yoast.com\/product\/yoast-seo-wordpress\/ -->\n<title>Preventivn\u00ed vy\u0161et\u0159en\u00ed prsu<\/title>\n<meta name=\"description\" content=\"Co je to preventivn\u00ed vy\u0161et\u0159en\u00ed prsu a kdy na n\u011bj m\u00e1m n\u00e1rok? Co m\u011b \u010dek\u00e1 p\u0159i preventivn\u00edm vy\u0161et\u0159en\u00ed prsu?\" \/>\n<meta name=\"robots\" content=\"index, follow, max-snippet:-1, max-image-preview:large, max-video-preview:-1\" \/>\n<link rel=\"canonical\" href=\"https:\/\/buprague.cz\/en\/for-patients\/preventive-examination\/\" \/>\n<meta property=\"og:locale\" content=\"en_GB\" \/>\n<meta property=\"og:type\" content=\"article\" \/>\n<meta property=\"og:title\" content=\"Preventivn\u00ed vy\u0161et\u0159en\u00ed prsu\" \/>\n<meta property=\"og:description\" content=\"Co je to preventivn\u00ed vy\u0161et\u0159en\u00ed prsu a kdy na n\u011bj m\u00e1m n\u00e1rok? Co m\u011b \u010dek\u00e1 p\u0159i preventivn\u00edm vy\u0161et\u0159en\u00ed prsu?\" \/>\n<meta property=\"og:url\" content=\"https:\/\/buprague.cz\/en\/for-patients\/preventive-examination\/\" \/>\n<meta property=\"og:site_name\" content=\"BUPrague\" \/>\n<meta property=\"article:modified_time\" content=\"2023-07-30T10:59:54+00:00\" \/>\n<meta name=\"twitter:card\" content=\"summary_large_image\" \/>\n<meta name=\"twitter:label1\" content=\"Estimated reading time\" \/>\n\t<meta name=\"twitter:data1\" content=\"5 minutes\" \/>\n<script type=\"application\/ld+json\" class=\"yoast-schema-graph\">{\"@context\":\"https:\\\/\\\/schema.org\",\"@graph\":[{\"@type\":\"WebPage\",\"@id\":\"https:\\\/\\\/buprague.cz\\\/pro-pacienty\\\/preventivni-vysetreni\\\/\",\"url\":\"https:\\\/\\\/buprague.cz\\\/pro-pacienty\\\/preventivni-vysetreni\\\/\",\"name\":\"Preventivn\u00ed vy\u0161et\u0159en\u00ed prsu\",\"isPartOf\":{\"@id\":\"https:\\\/\\\/buprague.cz\\\/#website\"},\"datePublished\":\"2017-09-26T10:22:26+00:00\",\"dateModified\":\"2023-07-30T10:59:54+00:00\",\"description\":\"Co je to preventivn\u00ed vy\u0161et\u0159en\u00ed prsu a kdy na n\u011bj m\u00e1m n\u00e1rok? Co m\u011b \u010dek\u00e1 p\u0159i preventivn\u00edm vy\u0161et\u0159en\u00ed prsu?\",\"breadcrumb\":{\"@id\":\"https:\\\/\\\/buprague.cz\\\/pro-pacienty\\\/preventivni-vysetreni\\\/#breadcrumb\"},\"inLanguage\":\"en-GB\",\"potentialAction\":[{\"@type\":\"ReadAction\",\"target\":[\"https:\\\/\\\/buprague.cz\\\/pro-pacienty\\\/preventivni-vysetreni\\\/\"]}]},{\"@type\":\"BreadcrumbList\",\"@id\":\"https:\\\/\\\/buprague.cz\\\/pro-pacienty\\\/preventivni-vysetreni\\\/#breadcrumb\",\"itemListElement\":[{\"@type\":\"ListItem\",\"position\":1,\"name\":\"Home\",\"item\":\"https:\\\/\\\/buprague.cz\\\/\"},{\"@type\":\"ListItem\",\"position\":2,\"name\":\"Pro pacienty\",\"item\":\"https:\\\/\\\/buprague.cz\\\/pro-pacienty\\\/\"},{\"@type\":\"ListItem\",\"position\":3,\"name\":\"Preventivn\u00ed vy\u0161et\u0159en\u00ed\"}]},{\"@type\":\"WebSite\",\"@id\":\"https:\\\/\\\/buprague.cz\\\/#website\",\"url\":\"https:\\\/\\\/buprague.cz\\\/\",\"name\":\"BUPrague\",\"description\":\"Mamma centrum Breast Unit Prague\",\"publisher\":{\"@id\":\"https:\\\/\\\/buprague.cz\\\/#organization\"},\"potentialAction\":[{\"@type\":\"SearchAction\",\"target\":{\"@type\":\"EntryPoint\",\"urlTemplate\":\"https:\\\/\\\/buprague.cz\\\/?s={search_term_string}\"},\"query-input\":{\"@type\":\"PropertyValueSpecification\",\"valueRequired\":true,\"valueName\":\"search_term_string\"}}],\"inLanguage\":\"en-GB\"},{\"@type\":\"Organization\",\"@id\":\"https:\\\/\\\/buprague.cz\\\/#organization\",\"name\":\"BUPrague\",\"url\":\"https:\\\/\\\/buprague.cz\\\/\",\"logo\":{\"@type\":\"ImageObject\",\"inLanguage\":\"en-GB\",\"@id\":\"https:\\\/\\\/buprague.cz\\\/#\\\/schema\\\/logo\\\/image\\\/\",\"url\":\"https:\\\/\\\/buprague.cz\\\/wp-content\\\/uploads\\\/2018\\\/03\\\/logo.svg\",\"contentUrl\":\"https:\\\/\\\/buprague.cz\\\/wp-content\\\/uploads\\\/2018\\\/03\\\/logo.svg\",\"width\":1012.99,\"height\":297.5,\"caption\":\"BUPrague\"},\"image\":{\"@id\":\"https:\\\/\\\/buprague.cz\\\/#\\\/schema\\\/logo\\\/image\\\/\"}}]}<\/script>\n<!-- \/ Yoast SEO plugin. -->","yoast_head_json":{"title":"Preventive breast examination","description":"What is a preventive breast examination and when am I entitled to it? What can I expect during a preventive breast examination?","robots":{"index":"index","follow":"follow","max-snippet":"max-snippet:-1","max-image-preview":"max-image-preview:large","max-video-preview":"max-video-preview:-1"},"canonical":"https:\/\/buprague.cz\/en\/for-patients\/preventive-examination\/","og_locale":"en_GB","og_type":"article","og_title":"Preventivn\u00ed vy\u0161et\u0159en\u00ed prsu","og_description":"Co je to preventivn\u00ed vy\u0161et\u0159en\u00ed prsu a kdy na n\u011bj m\u00e1m n\u00e1rok? Co m\u011b \u010dek\u00e1 p\u0159i preventivn\u00edm vy\u0161et\u0159en\u00ed prsu?","og_url":"https:\/\/buprague.cz\/en\/for-patients\/preventive-examination\/","og_site_name":"BUPrague","article_modified_time":"2023-07-30T10:59:54+00:00","twitter_card":"summary_large_image","twitter_misc":{"Estimated reading time":"5 minutes"},"schema":{"@context":"https:\/\/schema.org","@graph":[{"@type":"WebPage","@id":"https:\/\/buprague.cz\/pro-pacienty\/preventivni-vysetreni\/","url":"https:\/\/buprague.cz\/pro-pacienty\/preventivni-vysetreni\/","name":"Preventive breast examination","isPartOf":{"@id":"https:\/\/buprague.cz\/#website"},"datePublished":"2017-09-26T10:22:26+00:00","dateModified":"2023-07-30T10:59:54+00:00","description":"What is a preventive breast examination and when am I entitled to it? What can I expect during a preventive breast examination?","breadcrumb":{"@id":"https:\/\/buprague.cz\/pro-pacienty\/preventivni-vysetreni\/#breadcrumb"},"inLanguage":"en-GB","potentialAction":[{"@type":"ReadAction","target":["https:\/\/buprague.cz\/pro-pacienty\/preventivni-vysetreni\/"]}]},{"@type":"BreadcrumbList","@id":"https:\/\/buprague.cz\/pro-pacienty\/preventivni-vysetreni\/#breadcrumb","itemListElement":[{"@type":"ListItem","position":1,"name":"Home","item":"https:\/\/buprague.cz\/"},{"@type":"ListItem","position":2,"name":"Pro pacienty","item":"https:\/\/buprague.cz\/pro-pacienty\/"},{"@type":"ListItem","position":3,"name":"Preventivn\u00ed vy\u0161et\u0159en\u00ed"}]},{"@type":"WebSite","@id":"https:\/\/buprague.cz\/#website","url":"https:\/\/buprague.cz\/","name":"BUPrague","description":"Mamma Centre Breast Unit Prague","publisher":{"@id":"https:\/\/buprague.cz\/#organization"},"potentialAction":[{"@type":"SearchAction","target":{"@type":"EntryPoint","urlTemplate":"https:\/\/buprague.cz\/?s={search_term_string}"},"query-input":{"@type":"PropertyValueSpecification","valueRequired":true,"valueName":"search_term_string"}}],"inLanguage":"en-GB"},{"@type":"Organization","@id":"https:\/\/buprague.cz\/#organization","name":"BUPrague","url":"https:\/\/buprague.cz\/","logo":{"@type":"ImageObject","inLanguage":"en-GB","@id":"https:\/\/buprague.cz\/#\/schema\/logo\/image\/","url":"https:\/\/buprague.cz\/wp-content\/uploads\/2018\/03\/logo.svg","contentUrl":"https:\/\/buprague.cz\/wp-content\/uploads\/2018\/03\/logo.svg","width":1012.99,"height":297.5,"caption":"BUPrague"},"image":{"@id":"https:\/\/buprague.cz\/#\/schema\/logo\/image\/"}}]}},"_links":{"self":[{"href":"https:\/\/buprague.cz\/en\/wp-json\/wp\/v2\/pages\/13459","targetHints":{"allow":["GET"]}}],"collection":[{"href":"https:\/\/buprague.cz\/en\/wp-json\/wp\/v2\/pages"}],"about":[{"href":"https:\/\/buprague.cz\/en\/wp-json\/wp\/v2\/types\/page"}],"author":[{"embeddable":true,"href":"https:\/\/buprague.cz\/en\/wp-json\/wp\/v2\/users\/1"}],"replies":[{"embeddable":true,"href":"https:\/\/buprague.cz\/en\/wp-json\/wp\/v2\/comments?post=13459"}],"version-history":[{"count":3,"href":"https:\/\/buprague.cz\/en\/wp-json\/wp\/v2\/pages\/13459\/revisions"}],"predecessor-version":[{"id":16497,"href":"https:\/\/buprague.cz\/en\/wp-json\/wp\/v2\/pages\/13459\/revisions\/16497"}],"up":[{"embeddable":true,"href":"https:\/\/buprague.cz\/en\/wp-json\/wp\/v2\/pages\/13338"}],"wp:attachment":[{"href":"https:\/\/buprague.cz\/en\/wp-json\/wp\/v2\/media?parent=13459"}],"curies":[{"name":"wp","href":"https:\/\/api.w.org\/{rel}","templated":true}]}}