{"id":13461,"date":"2017-09-26T12:22:37","date_gmt":"2017-09-26T10:22:37","guid":{"rendered":"https:\/\/buprague.princ.online\/?page_id=13461"},"modified":"2025-04-29T15:11:23","modified_gmt":"2025-04-29T13:11:23","slug":"mam-potize","status":"publish","type":"page","link":"https:\/\/buprague.cz\/en\/for-patients\/i-have-issues\/","title":{"rendered":"I Have Concerns About My Health"},"content":{"rendered":"<div id=\"cmsmasters_row_\" class=\"cmsmasters_row cmsmasters_color_scheme_default cmsmasters_row_top_default cmsmasters_row_bot_default cmsmasters_row_boxed\">\n<div class=\"cmsmasters_row_outer_parent\">\n<div class=\"cmsmasters_row_outer\">\n<div class=\"cmsmasters_row_inner\">\n<div class=\"cmsmasters_row_margin\">\n<div id=\"cmsmasters_column_\" class=\"cmsmasters_column one_half\">\n<div class=\"cmsmasters_column_inner\"><div class=\"cmsmasters_text\">\n<p>The sudden pain made you touch and examine your breast. You were showering, enjoying your favorite scented soap, and suddenly you felt <strong>the lump<\/strong>. You also regularly self-examine, or you're having your first self-exam - since it's recommended - and suddenly you find something you don't know how to deal with.<\/p>\n<p>It is important to note that breast diseases are not only manifested by lumps. There are other symptoms that indicate the possible malignant disease of the mammary gland.<\/p>\n<p>Ladies, <strong>stay calm<\/strong>. Cancer is not a bleeding artery, never <strong>it's not such an acute matter<\/strong>to stay awake panicking, or even to seek medical help late at night. Remain calm.<\/p>\n<p data-pm-slice=\"1 1 &#091;&#093;\">Please see the brochure <strong>I'm dealing with a lump in my breast<\/strong> from our head doctor Miroslava Skovajsova.<\/p>\n<h2><\/h2>\n<\/div>\n<div id=\"cmsmasters_button_w47r3e6hq4\" class=\"button_wrap\"><a href=\"https:\/\/buprague.cz\/wp-content\/uploads\/2025\/04\/brozura-resim-svou-bulku-v-prsu.pdf\" class=\"cmsmasters_button\" target=\"_blank\"><span>View brochure<\/span><\/a><\/div>\n<\/div><\/div>\n<div id=\"cmsmasters_column_k4khz9rpr6\" class=\"cmsmasters_column one_half\">\n<div class=\"cmsmasters_column_inner\"><div class=\"aligncenter\"><div class=\"cmsmasters_img  cmsmasters_image_c\"><img decoding=\"async\" src=\"https:\/\/buprague.cz\/wp-content\/uploads\/2017\/09\/Obr6.jpg\" \/><\/div><\/div>\n<\/div><\/div>\n<\/div>\n<\/div>\n<\/div>\n<\/div>\n<\/div>\n<div id=\"cmsmasters_row_pzbsme9aq\" class=\"cmsmasters_row cmsmasters_color_scheme_default cmsmasters_row_top_default cmsmasters_row_bot_default cmsmasters_row_boxed\">\n<div class=\"cmsmasters_row_outer_parent\">\n<div class=\"cmsmasters_row_outer\">\n<div class=\"cmsmasters_row_inner\">\n<div class=\"cmsmasters_row_margin\">\n<div id=\"cmsmasters_column_q4dg5qcho7\" class=\"cmsmasters_column one_first\">\n<div class=\"cmsmasters_column_inner\"><div class=\"cmsmasters_text\">\n<p>&nbsp;<\/p>\n<h2>Symptoms<\/h2>\n<h2><\/h2>\n<\/div>\n<\/div><\/div>\n<\/div>\n<\/div>\n<\/div>\n<\/div>\n<\/div>\n<div id=\"cmsmasters_row_w2hc8nx9xf\" class=\"cmsmasters_row cmsmasters_color_scheme_default cmsmasters_row_top_default cmsmasters_row_bot_default cmsmasters_row_boxed\">\n<div class=\"cmsmasters_row_outer_parent\">\n<div class=\"cmsmasters_row_outer\">\n<div class=\"cmsmasters_row_inner\">\n<div class=\"cmsmasters_row_margin\">\n<div id=\"cmsmasters_column_xl6kwrzls\" class=\"cmsmasters_column one_half\">\n<div class=\"cmsmasters_column_inner\"><ul id=\"cmsmasters_icon_list_items_tyhaki8qtn\" class=\"cmsmasters_icon_list_items cmsmasters_icon_list_type_block cmsmasters_icon_list_pos_left cmsmasters_color_type_border\"><li id=\"cmsmasters_icon_list_item_l8b4z9893n\" class=\"cmsmasters_icon_list_item\">\n<div class=\"cmsmasters_icon_list_item_inner\">\n<div class=\"cmsmasters_icon_list_icon_wrap\">\n<span class=\"cmsmasters_icon_list_icon cmsmasters-icon-cd\"><\/span>\n<\/div>\n<div class=\"cmsmasters_icon_list_item_content\">\n<h4 class=\"cmsmasters_icon_list_item_title\">Skin retraction<\/h4>\n<div class=\"cmsmasters_icon_list_item_text\">\n<p>It is <strong>one of the most visible symptoms.<\/strong>. The breasts are especially pronounced when the woman looks in front of the mirror and slowly raises her hands above her head. Asymmetrical skin indentation (pulling in) is a sign with a high degree of suspicion.<\/p>\n<\/div>\n<\/div>\n<\/div>\n<\/li><\/ul><ul id=\"cmsmasters_icon_list_items_3kiqtyv3ke\" class=\"cmsmasters_icon_list_items cmsmasters_icon_list_type_block cmsmasters_icon_list_pos_left cmsmasters_color_type_border\"><li id=\"cmsmasters_icon_list_item_a6essqzug\" class=\"cmsmasters_icon_list_item\">\n<div class=\"cmsmasters_icon_list_item_inner\">\n<div class=\"cmsmasters_icon_list_icon_wrap\">\n<span class=\"cmsmasters_icon_list_icon cmsmasters-icon-cd\"><\/span>\n<\/div>\n<div class=\"cmsmasters_icon_list_item_content\">\n<h4 class=\"cmsmasters_icon_list_item_title\">Redness of the skin<\/h4>\n<div class=\"cmsmasters_icon_list_item_text\">\n<p>Redness of the skin may also be a sign of cancer. If there is no red area of skin associated with the pain that is known by every woman who had a breast inflammation during breastfeeding, <strong>one might suspect that it is inflammatory<\/strong> cancer of the mammary gland. Very often it is accompanied by enlargement of the nodes in the armpit.<\/p>\n<\/div>\n<\/div>\n<\/div>\n<\/li><\/ul><ul id=\"cmsmasters_icon_list_items_7ms0fzh9sn\" class=\"cmsmasters_icon_list_items cmsmasters_icon_list_type_block cmsmasters_icon_list_pos_left cmsmasters_color_type_border\"><li id=\"cmsmasters_icon_list_item_r1brz2c0v\" class=\"cmsmasters_icon_list_item\">\n<div class=\"cmsmasters_icon_list_item_inner\">\n<div class=\"cmsmasters_icon_list_icon_wrap\">\n<span class=\"cmsmasters_icon_list_icon cmsmasters-icon-cd\"><\/span>\n<\/div>\n<div class=\"cmsmasters_icon_list_item_content\">\n<h4 class=\"cmsmasters_icon_list_item_title\">Lump<\/h4>\n<div class=\"cmsmasters_icon_list_item_text\">\n<p><strong>Most of the lumps in the mammary gland are benign<\/strong>. Some women even have a gland structure so \"lumpy\" that it is they consider it to be the norm for them.  It depends on whether the newly discovered lump belongs to the glandular structure, the subcutaneous tissue, or even the skin.<\/p>\n<\/div>\n<\/div>\n<\/div>\n<\/li><\/ul>\n<\/div><\/div>\n<div id=\"cmsmasters_column_4qhl3pqlh8\" class=\"cmsmasters_column one_half\">\n<div class=\"cmsmasters_column_inner\"><ul id=\"cmsmasters_icon_list_items_0rqweglmub\" class=\"cmsmasters_icon_list_items cmsmasters_icon_list_type_block cmsmasters_icon_list_pos_left cmsmasters_color_type_border\"><li id=\"cmsmasters_icon_list_item_vdrhzvl4io\" class=\"cmsmasters_icon_list_item\">\n<div class=\"cmsmasters_icon_list_item_inner\">\n<div class=\"cmsmasters_icon_list_icon_wrap\">\n<span class=\"cmsmasters_icon_list_icon cmsmasters-icon-cd\"><\/span>\n<\/div>\n<div class=\"cmsmasters_icon_list_item_content\">\n<h4 class=\"cmsmasters_icon_list_item_title\">Changes of the nipple<\/h4>\n<div class=\"cmsmasters_icon_list_item_text\">\n<p>Yellow may appear on the nipple of the affected breast along with <strong>scaling and crusting.<\/strong>that bleed when you try to remove them. They like to stick to the bra, tear off when you take them off, and fresh blood appears.<\/p>\n<\/div>\n<\/div>\n<\/div>\n<\/li><\/ul><ul id=\"cmsmasters_icon_list_items_2mj4kp29kp\" class=\"cmsmasters_icon_list_items cmsmasters_icon_list_type_block cmsmasters_icon_list_pos_left cmsmasters_color_type_border\"><li id=\"cmsmasters_icon_list_item_5966idi8tj\" class=\"cmsmasters_icon_list_item\">\n<div class=\"cmsmasters_icon_list_item_inner\">\n<div class=\"cmsmasters_icon_list_icon_wrap\">\n<span class=\"cmsmasters_icon_list_icon cmsmasters-icon-cd\"><\/span>\n<\/div>\n<div class=\"cmsmasters_icon_list_item_content\">\n<h4 class=\"cmsmasters_icon_list_item_title\">Nipple discharge<\/h4>\n<div class=\"cmsmasters_icon_list_item_text\">\n<p>The manifestation of a malignant tumor of the mammary gland is <strong>nipple bleeding<\/strong>. Drops of fresh, bright red blood that appear after squeezing the nipple, but more often flow out spontaneously and leave imprints on the underwear, are a clear warning sign. More often, however, nipple discharge of a milky or yellow colour is a hormonal cause and is by no means a signal to panic.<\/p>\n<\/div>\n<\/div>\n<\/div>\n<\/li><\/ul><ul id=\"cmsmasters_icon_list_items_qe9lx4ii4g\" class=\"cmsmasters_icon_list_items cmsmasters_icon_list_type_block cmsmasters_icon_list_pos_left cmsmasters_color_type_border\"><li id=\"cmsmasters_icon_list_item_6g8l2mmncd\" class=\"cmsmasters_icon_list_item\">\n<div class=\"cmsmasters_icon_list_item_inner\">\n<div class=\"cmsmasters_icon_list_icon_wrap\">\n<span class=\"cmsmasters_icon_list_icon cmsmasters-icon-cd\"><\/span>\n<\/div>\n<div class=\"cmsmasters_icon_list_item_content\">\n<h4 class=\"cmsmasters_icon_list_item_title\">Pain<\/h4>\n<div class=\"cmsmasters_icon_list_item_text\">\n<p>Soreness is a possible symptom of cancer which is deliberately mentioned at the end. Pain perception is <strong>very individual.<\/strong> Particularly in the context of breast disease, there is wide variability in the description of difficulties by different women. Soreness is a valuable symptom of possible malignancy, but it is not as dominant as other symptoms.<\/p>\n<\/div>\n<\/div>\n<\/div>\n<\/li><\/ul>\n<\/div><\/div>\n<\/div>\n<\/div>\n<\/div>\n<\/div>\n<\/div>\n<div id=\"cmsmasters_row_s6qkuhmbk3\" class=\"cmsmasters_row cmsmasters_color_scheme_default cmsmasters_row_top_default cmsmasters_row_bot_default cmsmasters_row_boxed\">\n<div class=\"cmsmasters_row_outer_parent\">\n<div class=\"cmsmasters_row_outer\">\n<div class=\"cmsmasters_row_inner\">\n<div class=\"cmsmasters_row_margin\">\n<div id=\"cmsmasters_column_mhptbs80zv\" class=\"cmsmasters_column one_first\">\n<div class=\"cmsmasters_column_inner\"><div class=\"cmsmasters_text\">\n<h2>What to do<\/h2>\n<p>In the mix of confusion and worry, almost no woman is able to think pragmatically. As long as she stays at home with her fears, everything appears unsolvable. Ancient wisdom suggests that when a situation seems to have no solution, there are at least three. In this moment of fear, there is only one thing to do: <strong>to confront your problem and begin addressing it.<\/strong><\/p>\n<p>You can find the nearest accredited mammography centre on the website <a href=\"https:\/\/www.mamo.cz\/\" target=\"_blank\" rel=\"noopener\">www.mamo.cz<\/a>. When booking an appointment,  it is necessary <strong>to emphasize<\/strong> that you are not just going in for routine regular check-up. <strong>It is good to describe the symptoms<\/strong>that made me order it. After the appointment, you can go to your gynaecologist or general practitioner and ask for\u00a0<strong>referral<\/strong>.<\/p>\n<p>We should emphasise that no <strong>doctor is obliged to write a referral when there are no visible symptoms<\/strong> of a serious illness. Nevertheless, you can make an appointment and have an examination <a href=\"https:\/\/buprague.cz\/en\/for-patients\/pricetable\/\" target=\"_blank\" rel=\"noopener\">if you are willing to cover the expenses.<\/a>.<\/p>\n<p><strong>To young women we recommend<\/strong>to have a breast examination whenever they have any doubts about the state of their breasts. This is even if their gynaecologist or general practitioner considers the examination to be unnecessary. It is a common mistake to underestimate the palpable lumps and other symptoms in young women. A health professional often does not want to admit that a patient of his daughter's age might already have breast cancer. <strong>It is not good to be comforted by unsupported claims<\/strong>that it is nothing to be concerned about. If I feel a lump in my breast, I want to know if it is a benign lump or cancer. Each of us, driven by the instinct of self-preservation, must do everything in our power to regain our health as quickly as possible.<\/p>\n<\/div>\n<\/div><\/div>\n<\/div>\n<\/div>\n<\/div>\n<\/div>\n<\/div>\n<div id=\"cmsmasters_row_2190b58901\" class=\"cmsmasters_row cmsmasters_color_scheme_default cmsmasters_row_top_default cmsmasters_row_bot_default cmsmasters_row_fullwidth\">\n<div class=\"cmsmasters_row_outer_parent\">\n<div class=\"cmsmasters_row_outer\">\n<div class=\"cmsmasters_row_inner cmsmasters_row_fullwidth\">\n<div class=\"cmsmasters_row_margin\">\n<div id=\"cmsmasters_column_\" class=\"cmsmasters_column one_first\">\n<div class=\"cmsmasters_column_inner\">\n<div id=\"cmsmasters_divider_39aa420d4e\" class=\"cmsmasters_divider cmsmasters_divider_width_long cmsmasters_divider_pos_center\"><\/div>\n<\/div><\/div>\n<\/div>\n<\/div>\n<\/div>\n<\/div>\n<\/div>","protected":false},"excerpt":{"rendered":"","protected":false},"author":1,"featured_media":0,"parent":13338,"menu_order":2,"comment_status":"closed","ping_status":"closed","template":"","meta":{"footnotes":""},"class_list":["post-13461","page","type-page","status-publish","hentry"],"yoast_head":"<!-- This site is optimized with the Yoast SEO plugin v27.5 - https:\/\/yoast.com\/product\/yoast-seo-wordpress\/ -->\n<title>Na\u0161la jsem si bulku, co te\u010f? #NejsteNaToSama - Breast Unit Prague<\/title>\n<meta name=\"description\" content=\"Bu\u010fte v klidu, bulka v prsu je n\u011bco, co se d\u00e1 \u0159e\u0161it. P\u0159e\u010dt\u011bte si n\u00e1sleduj\u00edc\u00ed \u0159\u00e1dky a objednejte se na kontroln\u00ed vy\u0161et\u0159en\u00ed. A pamatujte si, #NejsteNaToSama !\" \/>\n<meta name=\"robots\" content=\"index, follow, max-snippet:-1, max-image-preview:large, max-video-preview:-1\" \/>\n<link rel=\"canonical\" href=\"https:\/\/buprague.cz\/en\/for-patients\/i-have-issues\/\" \/>\n<meta property=\"og:locale\" content=\"en_GB\" \/>\n<meta property=\"og:type\" content=\"article\" \/>\n<meta property=\"og:title\" content=\"Na\u0161la jsem si bulku, co te\u010f? #NejsteNaToSama - Breast Unit Prague\" \/>\n<meta property=\"og:description\" content=\"Bu\u010fte v klidu, bulka v prsu je n\u011bco, co se d\u00e1 \u0159e\u0161it. P\u0159e\u010dt\u011bte si n\u00e1sleduj\u00edc\u00ed \u0159\u00e1dky a objednejte se na kontroln\u00ed vy\u0161et\u0159en\u00ed. A pamatujte si, #NejsteNaToSama !\" \/>\n<meta property=\"og:url\" content=\"https:\/\/buprague.cz\/en\/for-patients\/i-have-issues\/\" \/>\n<meta property=\"og:site_name\" content=\"BUPrague\" \/>\n<meta property=\"article:modified_time\" content=\"2025-04-29T13:11:23+00:00\" \/>\n<meta name=\"twitter:card\" content=\"summary_large_image\" \/>\n<meta name=\"twitter:label1\" content=\"Estimated reading time\" \/>\n\t<meta name=\"twitter:data1\" content=\"5 minutes\" \/>\n<script type=\"application\/ld+json\" class=\"yoast-schema-graph\">{\"@context\":\"https:\\\/\\\/schema.org\",\"@graph\":[{\"@type\":\"WebPage\",\"@id\":\"https:\\\/\\\/buprague.cz\\\/pro-pacienty\\\/mam-potize\\\/\",\"url\":\"https:\\\/\\\/buprague.cz\\\/pro-pacienty\\\/mam-potize\\\/\",\"name\":\"Na\u0161la jsem si bulku, co te\u010f? #NejsteNaToSama - Breast Unit Prague\",\"isPartOf\":{\"@id\":\"https:\\\/\\\/buprague.cz\\\/#website\"},\"datePublished\":\"2017-09-26T10:22:37+00:00\",\"dateModified\":\"2025-04-29T13:11:23+00:00\",\"description\":\"Bu\u010fte v klidu, bulka v prsu je n\u011bco, co se d\u00e1 \u0159e\u0161it. P\u0159e\u010dt\u011bte si n\u00e1sleduj\u00edc\u00ed \u0159\u00e1dky a objednejte se na kontroln\u00ed vy\u0161et\u0159en\u00ed. A pamatujte si, #NejsteNaToSama !\",\"breadcrumb\":{\"@id\":\"https:\\\/\\\/buprague.cz\\\/pro-pacienty\\\/mam-potize\\\/#breadcrumb\"},\"inLanguage\":\"en-GB\",\"potentialAction\":[{\"@type\":\"ReadAction\",\"target\":[\"https:\\\/\\\/buprague.cz\\\/pro-pacienty\\\/mam-potize\\\/\"]}]},{\"@type\":\"BreadcrumbList\",\"@id\":\"https:\\\/\\\/buprague.cz\\\/pro-pacienty\\\/mam-potize\\\/#breadcrumb\",\"itemListElement\":[{\"@type\":\"ListItem\",\"position\":1,\"name\":\"Home\",\"item\":\"https:\\\/\\\/buprague.cz\\\/\"},{\"@type\":\"ListItem\",\"position\":2,\"name\":\"Pro pacienty\",\"item\":\"https:\\\/\\\/buprague.cz\\\/pro-pacienty\\\/\"},{\"@type\":\"ListItem\",\"position\":3,\"name\":\"M\u00e1m pot\u00ed\u017ee\"}]},{\"@type\":\"WebSite\",\"@id\":\"https:\\\/\\\/buprague.cz\\\/#website\",\"url\":\"https:\\\/\\\/buprague.cz\\\/\",\"name\":\"BUPrague\",\"description\":\"Mamma centrum Breast Unit Prague\",\"publisher\":{\"@id\":\"https:\\\/\\\/buprague.cz\\\/#organization\"},\"potentialAction\":[{\"@type\":\"SearchAction\",\"target\":{\"@type\":\"EntryPoint\",\"urlTemplate\":\"https:\\\/\\\/buprague.cz\\\/?s={search_term_string}\"},\"query-input\":{\"@type\":\"PropertyValueSpecification\",\"valueRequired\":true,\"valueName\":\"search_term_string\"}}],\"inLanguage\":\"en-GB\"},{\"@type\":\"Organization\",\"@id\":\"https:\\\/\\\/buprague.cz\\\/#organization\",\"name\":\"BUPrague\",\"url\":\"https:\\\/\\\/buprague.cz\\\/\",\"logo\":{\"@type\":\"ImageObject\",\"inLanguage\":\"en-GB\",\"@id\":\"https:\\\/\\\/buprague.cz\\\/#\\\/schema\\\/logo\\\/image\\\/\",\"url\":\"https:\\\/\\\/buprague.cz\\\/wp-content\\\/uploads\\\/2018\\\/03\\\/logo.svg\",\"contentUrl\":\"https:\\\/\\\/buprague.cz\\\/wp-content\\\/uploads\\\/2018\\\/03\\\/logo.svg\",\"width\":1012.99,\"height\":297.5,\"caption\":\"BUPrague\"},\"image\":{\"@id\":\"https:\\\/\\\/buprague.cz\\\/#\\\/schema\\\/logo\\\/image\\\/\"}}]}<\/script>\n<!-- \/ Yoast SEO plugin. -->","yoast_head_json":{"title":"I found a lump, now what? #NejsteNaToSama - Breast Unit Prague","description":"Be calm, a lump in the breast is something that can be dealt with. Read the following lines and make an appointment for a check-up. And remember, #NejsteNaToSama!","robots":{"index":"index","follow":"follow","max-snippet":"max-snippet:-1","max-image-preview":"max-image-preview:large","max-video-preview":"max-video-preview:-1"},"canonical":"https:\/\/buprague.cz\/en\/for-patients\/i-have-issues\/","og_locale":"en_GB","og_type":"article","og_title":"Na\u0161la jsem si bulku, co te\u010f? #NejsteNaToSama - Breast Unit Prague","og_description":"Bu\u010fte v klidu, bulka v prsu je n\u011bco, co se d\u00e1 \u0159e\u0161it. P\u0159e\u010dt\u011bte si n\u00e1sleduj\u00edc\u00ed \u0159\u00e1dky a objednejte se na kontroln\u00ed vy\u0161et\u0159en\u00ed. A pamatujte si, #NejsteNaToSama !","og_url":"https:\/\/buprague.cz\/en\/for-patients\/i-have-issues\/","og_site_name":"BUPrague","article_modified_time":"2025-04-29T13:11:23+00:00","twitter_card":"summary_large_image","twitter_misc":{"Estimated reading time":"5 minutes"},"schema":{"@context":"https:\/\/schema.org","@graph":[{"@type":"WebPage","@id":"https:\/\/buprague.cz\/pro-pacienty\/mam-potize\/","url":"https:\/\/buprague.cz\/pro-pacienty\/mam-potize\/","name":"I found a lump, now what? #NejsteNaToSama - Breast Unit Prague","isPartOf":{"@id":"https:\/\/buprague.cz\/#website"},"datePublished":"2017-09-26T10:22:37+00:00","dateModified":"2025-04-29T13:11:23+00:00","description":"Be calm, a lump in the breast is something that can be dealt with. Read the following lines and make an appointment for a check-up. And remember, #NejsteNaToSama!","breadcrumb":{"@id":"https:\/\/buprague.cz\/pro-pacienty\/mam-potize\/#breadcrumb"},"inLanguage":"en-GB","potentialAction":[{"@type":"ReadAction","target":["https:\/\/buprague.cz\/pro-pacienty\/mam-potize\/"]}]},{"@type":"BreadcrumbList","@id":"https:\/\/buprague.cz\/pro-pacienty\/mam-potize\/#breadcrumb","itemListElement":[{"@type":"ListItem","position":1,"name":"Home","item":"https:\/\/buprague.cz\/"},{"@type":"ListItem","position":2,"name":"Pro pacienty","item":"https:\/\/buprague.cz\/pro-pacienty\/"},{"@type":"ListItem","position":3,"name":"M\u00e1m pot\u00ed\u017ee"}]},{"@type":"WebSite","@id":"https:\/\/buprague.cz\/#website","url":"https:\/\/buprague.cz\/","name":"BUPrague","description":"Mamma Centre Breast Unit Prague","publisher":{"@id":"https:\/\/buprague.cz\/#organization"},"potentialAction":[{"@type":"SearchAction","target":{"@type":"EntryPoint","urlTemplate":"https:\/\/buprague.cz\/?s={search_term_string}"},"query-input":{"@type":"PropertyValueSpecification","valueRequired":true,"valueName":"search_term_string"}}],"inLanguage":"en-GB"},{"@type":"Organization","@id":"https:\/\/buprague.cz\/#organization","name":"BUPrague","url":"https:\/\/buprague.cz\/","logo":{"@type":"ImageObject","inLanguage":"en-GB","@id":"https:\/\/buprague.cz\/#\/schema\/logo\/image\/","url":"https:\/\/buprague.cz\/wp-content\/uploads\/2018\/03\/logo.svg","contentUrl":"https:\/\/buprague.cz\/wp-content\/uploads\/2018\/03\/logo.svg","width":1012.99,"height":297.5,"caption":"BUPrague"},"image":{"@id":"https:\/\/buprague.cz\/#\/schema\/logo\/image\/"}}]}},"_links":{"self":[{"href":"https:\/\/buprague.cz\/en\/wp-json\/wp\/v2\/pages\/13461","targetHints":{"allow":["GET"]}}],"collection":[{"href":"https:\/\/buprague.cz\/en\/wp-json\/wp\/v2\/pages"}],"about":[{"href":"https:\/\/buprague.cz\/en\/wp-json\/wp\/v2\/types\/page"}],"author":[{"embeddable":true,"href":"https:\/\/buprague.cz\/en\/wp-json\/wp\/v2\/users\/1"}],"replies":[{"embeddable":true,"href":"https:\/\/buprague.cz\/en\/wp-json\/wp\/v2\/comments?post=13461"}],"version-history":[{"count":4,"href":"https:\/\/buprague.cz\/en\/wp-json\/wp\/v2\/pages\/13461\/revisions"}],"predecessor-version":[{"id":16840,"href":"https:\/\/buprague.cz\/en\/wp-json\/wp\/v2\/pages\/13461\/revisions\/16840"}],"up":[{"embeddable":true,"href":"https:\/\/buprague.cz\/en\/wp-json\/wp\/v2\/pages\/13338"}],"wp:attachment":[{"href":"https:\/\/buprague.cz\/en\/wp-json\/wp\/v2\/media?parent=13461"}],"curies":[{"name":"wp","href":"https:\/\/api.w.org\/{rel}","templated":true}]}}