{"id":13465,"date":"2017-09-26T12:22:57","date_gmt":"2017-09-26T10:22:57","guid":{"rendered":"https:\/\/buprague.princ.online\/?page_id=13465"},"modified":"2026-02-25T16:33:31","modified_gmt":"2026-02-25T15:33:31","slug":"cenik","status":"publish","type":"page","link":"https:\/\/buprague.cz\/en\/for-patients\/pricetable\/","title":{"rendered":"Pricing"},"content":{"rendered":"<div id=\"cmsmasters_row_77l66mpyx\" class=\"cmsmasters_row cmsmasters_color_scheme_default cmsmasters_row_top_default cmsmasters_row_bot_default cmsmasters_row_fullwidth\">\n<div class=\"cmsmasters_row_outer_parent\">\n<div class=\"cmsmasters_row_outer\">\n<div class=\"cmsmasters_row_inner cmsmasters_row_fullwidth\">\n<div class=\"cmsmasters_row_margin\">\n<div id=\"cmsmasters_column_vv3du9vesb\" class=\"cmsmasters_column one_first\">\n<div class=\"cmsmasters_column_inner\"><div class=\"cmsmasters_text\">\n<p>&nbsp;<\/p>\n<h2 style=\"text-align: center;\"><span style=\"font-family: arial, helvetica, sans-serif; font-size: 10pt;\">The price list is valid from <strong>1.&nbsp;2.&nbsp;2026<\/strong> na v\u0161ech pracovi\u0161t\u00edch BU PRAGUE No 1 a.s.<\/span><\/h2>\n<p style=\"text-align: center;\"><strong><span style=\"font-family: arial, helvetica, sans-serif; font-size: 10pt;\">At our Mamma centres, you can pay with credit cards, Apple Pay and Google Pay.<\/span><\/strong><\/p>\n<\/div>\n<div class=\"cmsmasters_wrap_table\"><table class=\"cmsmasters_table\"><caption><\/caption><thead><tr class=\"cmsmasters_table_row_header\"><th class=\"cmsmasters_table_cell_alignleft\">Directly reimbursed performance<\/th><th class=\"cmsmasters_table_cell_alignleft\">Price incl. VAT<\/th><\/tr><\/thead><tr><td class=\"cmsmasters_table_cell_alignleft\">Mammography<\/td><td class=\"cmsmasters_table_cell_alignleft\">1 400 CZK<\/td><\/tr><tr><td class=\"cmsmasters_table_cell_alignleft\">Mammography with Breast Implants<\/td><td class=\"cmsmasters_table_cell_alignleft\">1 600 CZK<\/td><\/tr><tr><td class=\"cmsmasters_table_cell_alignleft\">Breast Examination before Plastic Surgery (MG + Ultrasound)<\/td><td class=\"cmsmasters_table_cell_alignleft\">3 200 CZK<\/td><\/tr><tr><td class=\"cmsmasters_table_cell_alignleft\">Ultrasound examination of the breasts and catchment areas<\/td><td class=\"cmsmasters_table_cell_alignleft\">1 800 CZK<\/td><\/tr><tr><td class=\"cmsmasters_table_cell_alignleft\">Ultrasound examination of implants, including the mammary gland and sentinel nodes<\/td><td class=\"cmsmasters_table_cell_alignleft\">2 000 CZK<\/td><\/tr><tr><td class=\"cmsmasters_table_cell_alignleft\">Two-photon densitometry<\/td><td class=\"cmsmasters_table_cell_alignleft\">1000&nbsp;K\u010d<\/td><\/tr><tr><td class=\"cmsmasters_table_cell_alignleft\">Ultrasound examination of the abdomen <\/td><td class=\"cmsmasters_table_cell_alignleft\">1 800 CZK<\/td><\/tr><tr><td class=\"cmsmasters_table_cell_alignleft\">Targeted consultation by a radiologist of previously requested imaging documentation from another department <\/td><td class=\"cmsmasters_table_cell_alignleft\">500 CZK<\/td><\/tr><tr><td class=\"cmsmasters_table_cell_alignleft\">Ultrasound examination of soft parts<\/td><td class=\"cmsmasters_table_cell_alignleft\">1 000 CZK<\/td><\/tr><tr><td class=\"cmsmasters_table_cell_alignleft\">Breast biopsy under ultrasound (including histology)<\/td><td class=\"cmsmasters_table_cell_alignleft\">14 900 CZK<\/td><\/tr><tr><td class=\"cmsmasters_table_cell_alignleft\">Puncture Biopsy (Without Cytology or Bacteriology)<\/td><td class=\"cmsmasters_table_cell_alignleft\">2 500 CZK<\/td><\/tr><tr><td class=\"cmsmasters_table_cell_alignleft\">Puncture with cytology or bacteriological examination<\/td><td class=\"cmsmasters_table_cell_alignleft\">3 500 CZK<\/td><\/tr><tr><td class=\"cmsmasters_table_cell_alignleft\">Cytology or bacteriology (smear of secretions) <\/td><td class=\"cmsmasters_table_cell_alignleft\">1 000 CZK<\/td><\/tr><tr><td class=\"cmsmasters_table_cell_alignleft\">Marking the Lesion Under Ultrasound Guidance<\/td><td class=\"cmsmasters_table_cell_alignleft\">3 500 CZK<\/td><\/tr><tr><td class=\"cmsmasters_table_cell_alignleft\">Marking the Lesion Under Ultrasound Guidance, Including Clip<\/td><td class=\"cmsmasters_table_cell_alignleft\">7 000 CZK<\/td><\/tr><tr><td class=\"cmsmasters_table_cell_alignleft\">Ductography<\/td><td class=\"cmsmasters_table_cell_alignleft\">2 500 CZK<\/td><\/tr><tr><td class=\"cmsmasters_table_cell_alignleft\">Vacuum Biopsy of the Mammary Gland Under Ultrasound Guidance<\/td><td class=\"cmsmasters_table_cell_alignleft\">29 200 CZK<\/td><\/tr><tr><td class=\"cmsmasters_table_cell_alignleft\">Stereotactic Vacuum Biopsy of the Mammary Gland<\/td><td class=\"cmsmasters_table_cell_alignleft\">32 700 CZK<\/td><\/tr><tr><td class=\"cmsmasters_table_cell_alignleft\">Comprehensive Non-Screening Preventive Examination of the Breasts, Including a Medical History Consultation<\/td><td class=\"cmsmasters_table_cell_alignleft\">3&nbsp;600&nbsp;K\u010d<\/td><\/tr><tr><td class=\"cmsmasters_table_cell_alignleft\">Consultation of MG and ultrasound findings from another department (second opinion)<\/td><td class=\"cmsmasters_table_cell_alignleft\">4 000 CZK<\/td><\/tr><tr><td class=\"cmsmasters_table_cell_alignleft\">Oncologist Consultation (Second Opinion) \u2013 60 Minutes<\/td><td class=\"cmsmasters_table_cell_alignleft\">6 000 CZK<\/td><\/tr><tr><td class=\"cmsmasters_table_cell_alignleft\">CD with Images upon Personal Request<\/td><td class=\"cmsmasters_table_cell_alignleft\">200 CZK<\/td><\/tr><tr><td class=\"cmsmasters_table_cell_alignleft\">Respirator<\/td><td class=\"cmsmasters_table_cell_alignleft\">20 CZK<\/td><\/tr><\/table><\/div>\n<\/div><\/div>\n<\/div>\n<\/div>\n<\/div>\n<\/div>\n<\/div>","protected":false},"excerpt":{"rendered":"","protected":false},"author":1,"featured_media":0,"parent":13338,"menu_order":5,"comment_status":"closed","ping_status":"closed","template":"","meta":{"footnotes":""},"class_list":["post-13465","page","type-page","status-publish","hentry"],"yoast_head":"<!-- This site is optimized with the Yoast SEO plugin v27.5 - https:\/\/yoast.com\/product\/yoast-seo-wordpress\/ -->\n<title>Cen\u00edk - BUPrague<\/title>\n<meta name=\"robots\" content=\"index, follow, max-snippet:-1, max-image-preview:large, max-video-preview:-1\" \/>\n<link rel=\"canonical\" href=\"https:\/\/buprague.cz\/en\/for-patients\/pricetable\/\" \/>\n<meta property=\"og:locale\" content=\"en_GB\" \/>\n<meta property=\"og:type\" content=\"article\" \/>\n<meta property=\"og:title\" content=\"Cen\u00edk - BUPrague\" \/>\n<meta property=\"og:url\" content=\"https:\/\/buprague.cz\/en\/for-patients\/pricetable\/\" \/>\n<meta property=\"og:site_name\" content=\"BUPrague\" \/>\n<meta property=\"article:modified_time\" content=\"2026-02-25T15:33:31+00:00\" \/>\n<meta name=\"twitter:card\" content=\"summary_large_image\" \/>\n<meta name=\"twitter:label1\" content=\"Estimated reading time\" \/>\n\t<meta name=\"twitter:data1\" content=\"2 minutes\" \/>\n<script type=\"application\/ld+json\" class=\"yoast-schema-graph\">{\"@context\":\"https:\\\/\\\/schema.org\",\"@graph\":[{\"@type\":\"WebPage\",\"@id\":\"https:\\\/\\\/buprague.cz\\\/pro-pacienty\\\/cenik\\\/\",\"url\":\"https:\\\/\\\/buprague.cz\\\/pro-pacienty\\\/cenik\\\/\",\"name\":\"Cen\u00edk - BUPrague\",\"isPartOf\":{\"@id\":\"https:\\\/\\\/buprague.cz\\\/#website\"},\"datePublished\":\"2017-09-26T10:22:57+00:00\",\"dateModified\":\"2026-02-25T15:33:31+00:00\",\"breadcrumb\":{\"@id\":\"https:\\\/\\\/buprague.cz\\\/pro-pacienty\\\/cenik\\\/#breadcrumb\"},\"inLanguage\":\"en-GB\",\"potentialAction\":[{\"@type\":\"ReadAction\",\"target\":[\"https:\\\/\\\/buprague.cz\\\/pro-pacienty\\\/cenik\\\/\"]}]},{\"@type\":\"BreadcrumbList\",\"@id\":\"https:\\\/\\\/buprague.cz\\\/pro-pacienty\\\/cenik\\\/#breadcrumb\",\"itemListElement\":[{\"@type\":\"ListItem\",\"position\":1,\"name\":\"Home\",\"item\":\"https:\\\/\\\/buprague.cz\\\/\"},{\"@type\":\"ListItem\",\"position\":2,\"name\":\"Pro pacienty\",\"item\":\"https:\\\/\\\/buprague.cz\\\/pro-pacienty\\\/\"},{\"@type\":\"ListItem\",\"position\":3,\"name\":\"Cen\u00edk\"}]},{\"@type\":\"WebSite\",\"@id\":\"https:\\\/\\\/buprague.cz\\\/#website\",\"url\":\"https:\\\/\\\/buprague.cz\\\/\",\"name\":\"BUPrague\",\"description\":\"Mamma centrum Breast Unit Prague\",\"publisher\":{\"@id\":\"https:\\\/\\\/buprague.cz\\\/#organization\"},\"potentialAction\":[{\"@type\":\"SearchAction\",\"target\":{\"@type\":\"EntryPoint\",\"urlTemplate\":\"https:\\\/\\\/buprague.cz\\\/?s={search_term_string}\"},\"query-input\":{\"@type\":\"PropertyValueSpecification\",\"valueRequired\":true,\"valueName\":\"search_term_string\"}}],\"inLanguage\":\"en-GB\"},{\"@type\":\"Organization\",\"@id\":\"https:\\\/\\\/buprague.cz\\\/#organization\",\"name\":\"BUPrague\",\"url\":\"https:\\\/\\\/buprague.cz\\\/\",\"logo\":{\"@type\":\"ImageObject\",\"inLanguage\":\"en-GB\",\"@id\":\"https:\\\/\\\/buprague.cz\\\/#\\\/schema\\\/logo\\\/image\\\/\",\"url\":\"https:\\\/\\\/buprague.cz\\\/wp-content\\\/uploads\\\/2018\\\/03\\\/logo.svg\",\"contentUrl\":\"https:\\\/\\\/buprague.cz\\\/wp-content\\\/uploads\\\/2018\\\/03\\\/logo.svg\",\"width\":1012.99,\"height\":297.5,\"caption\":\"BUPrague\"},\"image\":{\"@id\":\"https:\\\/\\\/buprague.cz\\\/#\\\/schema\\\/logo\\\/image\\\/\"}}]}<\/script>\n<!-- \/ Yoast SEO plugin. -->","yoast_head_json":{"title":"Pricelist - BUPrague","robots":{"index":"index","follow":"follow","max-snippet":"max-snippet:-1","max-image-preview":"max-image-preview:large","max-video-preview":"max-video-preview:-1"},"canonical":"https:\/\/buprague.cz\/en\/for-patients\/pricetable\/","og_locale":"en_GB","og_type":"article","og_title":"Cen\u00edk - BUPrague","og_url":"https:\/\/buprague.cz\/en\/for-patients\/pricetable\/","og_site_name":"BUPrague","article_modified_time":"2026-02-25T15:33:31+00:00","twitter_card":"summary_large_image","twitter_misc":{"Estimated reading time":"2 minutes"},"schema":{"@context":"https:\/\/schema.org","@graph":[{"@type":"WebPage","@id":"https:\/\/buprague.cz\/pro-pacienty\/cenik\/","url":"https:\/\/buprague.cz\/pro-pacienty\/cenik\/","name":"Pricelist - BUPrague","isPartOf":{"@id":"https:\/\/buprague.cz\/#website"},"datePublished":"2017-09-26T10:22:57+00:00","dateModified":"2026-02-25T15:33:31+00:00","breadcrumb":{"@id":"https:\/\/buprague.cz\/pro-pacienty\/cenik\/#breadcrumb"},"inLanguage":"en-GB","potentialAction":[{"@type":"ReadAction","target":["https:\/\/buprague.cz\/pro-pacienty\/cenik\/"]}]},{"@type":"BreadcrumbList","@id":"https:\/\/buprague.cz\/pro-pacienty\/cenik\/#breadcrumb","itemListElement":[{"@type":"ListItem","position":1,"name":"Home","item":"https:\/\/buprague.cz\/"},{"@type":"ListItem","position":2,"name":"Pro pacienty","item":"https:\/\/buprague.cz\/pro-pacienty\/"},{"@type":"ListItem","position":3,"name":"Cen\u00edk"}]},{"@type":"WebSite","@id":"https:\/\/buprague.cz\/#website","url":"https:\/\/buprague.cz\/","name":"BUPrague","description":"Mamma Centre Breast Unit Prague","publisher":{"@id":"https:\/\/buprague.cz\/#organization"},"potentialAction":[{"@type":"SearchAction","target":{"@type":"EntryPoint","urlTemplate":"https:\/\/buprague.cz\/?s={search_term_string}"},"query-input":{"@type":"PropertyValueSpecification","valueRequired":true,"valueName":"search_term_string"}}],"inLanguage":"en-GB"},{"@type":"Organization","@id":"https:\/\/buprague.cz\/#organization","name":"BUPrague","url":"https:\/\/buprague.cz\/","logo":{"@type":"ImageObject","inLanguage":"en-GB","@id":"https:\/\/buprague.cz\/#\/schema\/logo\/image\/","url":"https:\/\/buprague.cz\/wp-content\/uploads\/2018\/03\/logo.svg","contentUrl":"https:\/\/buprague.cz\/wp-content\/uploads\/2018\/03\/logo.svg","width":1012.99,"height":297.5,"caption":"BUPrague"},"image":{"@id":"https:\/\/buprague.cz\/#\/schema\/logo\/image\/"}}]}},"_links":{"self":[{"href":"https:\/\/buprague.cz\/en\/wp-json\/wp\/v2\/pages\/13465","targetHints":{"allow":["GET"]}}],"collection":[{"href":"https:\/\/buprague.cz\/en\/wp-json\/wp\/v2\/pages"}],"about":[{"href":"https:\/\/buprague.cz\/en\/wp-json\/wp\/v2\/types\/page"}],"author":[{"embeddable":true,"href":"https:\/\/buprague.cz\/en\/wp-json\/wp\/v2\/users\/1"}],"replies":[{"embeddable":true,"href":"https:\/\/buprague.cz\/en\/wp-json\/wp\/v2\/comments?post=13465"}],"version-history":[{"count":21,"href":"https:\/\/buprague.cz\/en\/wp-json\/wp\/v2\/pages\/13465\/revisions"}],"predecessor-version":[{"id":16993,"href":"https:\/\/buprague.cz\/en\/wp-json\/wp\/v2\/pages\/13465\/revisions\/16993"}],"up":[{"embeddable":true,"href":"https:\/\/buprague.cz\/en\/wp-json\/wp\/v2\/pages\/13338"}],"wp:attachment":[{"href":"https:\/\/buprague.cz\/en\/wp-json\/wp\/v2\/media?parent=13465"}],"curies":[{"name":"wp","href":"https:\/\/api.w.org\/{rel}","templated":true}]}}