{"id":13476,"date":"2017-09-26T12:23:59","date_gmt":"2017-09-26T10:23:59","guid":{"rendered":"https:\/\/buprague.princ.online\/?page_id=13476"},"modified":"2021-01-21T15:20:32","modified_gmt":"2021-01-21T14:20:32","slug":"vse-o-vysetreni","status":"publish","type":"page","link":"https:\/\/buprague.cz\/en\/for-patients\/important-information\/all-about-the-assessment\/","title":{"rendered":"All About the Examination"},"content":{"rendered":"<div id=\"cmsmasters_row_4fkfqejxde\" class=\"cmsmasters_row cmsmasters_color_scheme_default cmsmasters_row_top_default cmsmasters_row_bot_default cmsmasters_row_boxed\">\n<div class=\"cmsmasters_row_outer_parent\">\n<div class=\"cmsmasters_row_outer\">\n<div class=\"cmsmasters_row_inner\">\n<div class=\"cmsmasters_row_margin\">\n<div id=\"cmsmasters_column_t00i4mdvj\" class=\"cmsmasters_column one_third\">\n<div class=\"cmsmasters_column_inner\"><div class=\"cmsmasters_text\">\n<p>We realize that you will definitely be more relaxed if you know before you visit our center, <strong>what awaits you at Breast Unit Prague<\/strong>. That is why we have prepared a brief but concise description of the examinations performed.<\/p>\n<\/div>\n<div id=\"cmsmasters_heading_rdpcdbhj15\" class=\"cmsmasters_heading_wrap cmsmasters_heading_align_left\">\n\t<h3 class=\"cmsmasters_heading\">List of examinations<\/h3>\n<\/div><div class=\"cmsmasters_text\">\n<h4><strong>Mammograms:<\/strong><\/h4>\n<p>\u2013 Screening mammography<br \/>\nDiagnostic Mammography \u2013<br \/>\n\u2013 Additional mammography screenings<\/p>\n<\/div>\n<\/div><\/div>\n<div id=\"cmsmasters_column_76r352noe2\" class=\"cmsmasters_column two_third\">\n<div class=\"cmsmasters_column_inner\"><div class=\"aligncenter\"><div class=\"cmsmasters_img  cmsmasters_image_c\"><img decoding=\"async\" src=\"https:\/\/buprague.cz\/wp-content\/uploads\/2017\/09\/vysetreni.jpg\" \/><\/div><\/div>\n<\/div><\/div>\n<\/div>\n<\/div>\n<\/div>\n<\/div>\n<\/div>\n<div id=\"cmsmasters_row_q5kltsen9l\" class=\"cmsmasters_row cmsmasters_color_scheme_default cmsmasters_row_top_default cmsmasters_row_bot_default cmsmasters_row_boxed\">\n<div class=\"cmsmasters_row_outer_parent\">\n<div class=\"cmsmasters_row_outer\">\n<div class=\"cmsmasters_row_inner\">\n<div class=\"cmsmasters_row_margin\">\n<div id=\"cmsmasters_column_wbkrjvglt\" class=\"cmsmasters_column one_third\">\n<div class=\"cmsmasters_column_inner\"><div class=\"cmsmasters_text\">\n<h4><strong>Ultrasound examinations:<\/strong><\/h4>\n<p>\u2013 Ultrasound examination of the breasts<br \/>\n\u2013 Complementary ultrasound to mammography<\/p>\n<\/div>\n<\/div><\/div>\n<div id=\"cmsmasters_column_7yduxpxd5\" class=\"cmsmasters_column one_third\">\n<div class=\"cmsmasters_column_inner\"><div class=\"cmsmasters_text\">\n<h4><strong>Interventional procedures:<\/strong><\/h4>\n<p>\u2013 Puncture of the mammary gland<br \/>\n\u2013 Aspiration cytology<br \/>\nDuctography<br \/>\n\u2013 Preoperative marking of breast lesions<\/p>\n<\/div>\n<\/div><\/div>\n<div id=\"cmsmasters_column_i25hp21wu8\" class=\"cmsmasters_column one_third\">\n<div class=\"cmsmasters_column_inner\"><div class=\"cmsmasters_text\">\n<h4><strong>Biopsy:<\/strong><\/h4>\n<p>\u2013 Corecut biopsy under ultrasound guidance<br \/>\n\u2013 Vacuum-assisted biopsy under ultrasound guidance<br \/>\n\u2013 Stereotactic vacuum-assisted biopsy<\/p>\n<\/div>\n<\/div><\/div>\n<\/div>\n<\/div>\n<\/div>\n<\/div>\n<\/div>\n<div id=\"cmsmasters_row_x3jendorb8\" class=\"cmsmasters_row cmsmasters_color_scheme_default cmsmasters_homepage_featured_blocks cmsmasters_row_top_default cmsmasters_row_bot_default cmsmasters_row_boxed\">\n<div class=\"cmsmasters_row_outer_parent\">\n<div class=\"cmsmasters_row_outer\">\n<div class=\"cmsmasters_row_inner cmsmasters_row_no_margin\">\n<div class=\"cmsmasters_row_margin cmsmasters_row_columns_behavior\">\n<div id=\"cmsmasters_column_o4gx6rindt\" class=\"cmsmasters_column one_third\">\n<div class=\"cmsmasters_column_inner\"><div id=\"cmsmasters_fb_mf0pqpahgq\" class=\"cmsmasters_featured_block\">\n<div class=\"featured_block_inner\">\n<div class=\"featured_block_text\">\n<p><span style=\"color: #000000;\"><span style=\"font-size: 24px;\">Mammograph<\/span><\/span><\/p>\n<div id=\"cmsmasters_button_mf0pqpahgq\" class=\"button_wrap\"><a href=\"https:\/\/buprague.cz\/en\/for-patients\/important-information\/all-about-the-assessment\/mommagraph\/\" class=\"cmsmasters_button\"><span>More information<\/span><\/a><\/div>\n\n<\/div>\n<\/div>\n<\/div>\n<\/div><\/div>\n<div id=\"cmsmasters_column_0xlci9xvy5\" class=\"cmsmasters_column one_third\">\n<div class=\"cmsmasters_column_inner\"><div id=\"cmsmasters_fb_m5izrmbg5h\" class=\"cmsmasters_featured_block\">\n<div class=\"featured_block_inner\">\n<div class=\"featured_block_text\">\n<p><span style=\"color: #ffffff;\"><span style=\"font-size: 24px;\">Ultrasound<\/span><\/span><\/p>\n<div id=\"cmsmasters_button_m5izrmbg5h\" class=\"button_wrap\"><a href=\"https:\/\/buprague.cz\/en\/for-patients\/important-information\/all-about-the-assessment\/ultrasound\/\" class=\"cmsmasters_button\"><span>More information<\/span><\/a><\/div>\n\n<\/div>\n<\/div>\n<\/div>\n<\/div><\/div>\n<div id=\"cmsmasters_column_tubjh2ifq8\" class=\"cmsmasters_column one_third\">\n<div class=\"cmsmasters_column_inner\"><div id=\"cmsmasters_fb_t1ltipvpy\" class=\"cmsmasters_featured_block\">\n<div class=\"featured_block_inner\">\n<div class=\"featured_block_text\">\n<p><span style=\"color: #000000;\"><span style=\"font-size: 24px;\">Biopsy<\/span><\/span><\/p>\n<div id=\"cmsmasters_button_t1ltipvpy\" class=\"button_wrap\"><a href=\"https:\/\/buprague.cz\/en\/for-patients\/important-information\/all-about-the-assessment\/biopsy\/\" class=\"cmsmasters_button\"><span>More information<\/span><\/a><\/div>\n\n<\/div>\n<\/div>\n<\/div>\n<\/div><\/div>\n<\/div>\n<\/div>\n<\/div>\n<\/div>\n<\/div>\n<div id=\"cmsmasters_row_uuo839gcad\" class=\"cmsmasters_row cmsmasters_color_scheme_default cmsmasters_row_top_default cmsmasters_row_bot_default cmsmasters_row_fullwidth\">\n<div class=\"cmsmasters_row_outer_parent\">\n<div class=\"cmsmasters_row_outer\">\n<div class=\"cmsmasters_row_inner cmsmasters_row_fullwidth\">\n<div class=\"cmsmasters_row_margin\">\n<div id=\"cmsmasters_column_\" class=\"cmsmasters_column one_first\">\n<div class=\"cmsmasters_column_inner\"><div id=\"cmsmasters_divider_oizhtq29v\" class=\"cmsmasters_divider cmsmasters_divider_width_long cmsmasters_divider_pos_center\"><\/div>\n<\/div><\/div>\n<\/div>\n<\/div>\n<\/div>\n<\/div>\n<\/div>","protected":false},"excerpt":{"rendered":"","protected":false},"author":1,"featured_media":0,"parent":13336,"menu_order":0,"comment_status":"closed","ping_status":"closed","template":"","meta":{"footnotes":""},"class_list":["post-13476","page","type-page","status-publish","hentry"],"yoast_head":"<!-- This site is optimized with the Yoast SEO plugin v27.5 - https:\/\/yoast.com\/product\/yoast-seo-wordpress\/ -->\n<title>Co m\u011b \u010dek\u00e1 na mamografu?<\/title>\n<meta name=\"description\" content=\"Jsme r\u00e1di, \u017ee se zaj\u00edm\u00e1te o sv\u00e9 zdrav\u00ed. P\u0159ipravili jsme pro V\u00e1s p\u0159ehled v\u0161ech typ\u016f vy\u0161et\u0159en\u00ed, kter\u00e9 v Breast Unit Prague nab\u00edz\u00edme. Pamatujte, #NejsteNaToSama\" \/>\n<meta name=\"robots\" content=\"index, follow, max-snippet:-1, max-image-preview:large, max-video-preview:-1\" \/>\n<link rel=\"canonical\" href=\"https:\/\/buprague.cz\/en\/for-patients\/important-information\/all-about-the-assessment\/\" \/>\n<meta property=\"og:locale\" content=\"en_GB\" \/>\n<meta property=\"og:type\" content=\"article\" \/>\n<meta property=\"og:title\" content=\"Co m\u011b \u010dek\u00e1 na mamografu?\" \/>\n<meta property=\"og:description\" content=\"Jsme r\u00e1di, \u017ee se zaj\u00edm\u00e1te o sv\u00e9 zdrav\u00ed. P\u0159ipravili jsme pro V\u00e1s p\u0159ehled v\u0161ech typ\u016f vy\u0161et\u0159en\u00ed, kter\u00e9 v Breast Unit Prague nab\u00edz\u00edme. Pamatujte, #NejsteNaToSama\" \/>\n<meta property=\"og:url\" content=\"https:\/\/buprague.cz\/en\/for-patients\/important-information\/all-about-the-assessment\/\" \/>\n<meta property=\"og:site_name\" content=\"BUPrague\" \/>\n<meta property=\"article:modified_time\" content=\"2021-01-21T14:20:32+00:00\" \/>\n<meta name=\"twitter:card\" content=\"summary_large_image\" \/>\n<meta name=\"twitter:label1\" content=\"Estimated reading time\" \/>\n\t<meta name=\"twitter:data1\" content=\"4 minutes\" \/>\n<script type=\"application\/ld+json\" class=\"yoast-schema-graph\">{\"@context\":\"https:\\\/\\\/schema.org\",\"@graph\":[{\"@type\":\"WebPage\",\"@id\":\"https:\\\/\\\/buprague.cz\\\/pro-pacienty\\\/dulezite-informace\\\/vse-o-vysetreni\\\/\",\"url\":\"https:\\\/\\\/buprague.cz\\\/pro-pacienty\\\/dulezite-informace\\\/vse-o-vysetreni\\\/\",\"name\":\"Co m\u011b \u010dek\u00e1 na mamografu?\",\"isPartOf\":{\"@id\":\"https:\\\/\\\/buprague.cz\\\/#website\"},\"datePublished\":\"2017-09-26T10:23:59+00:00\",\"dateModified\":\"2021-01-21T14:20:32+00:00\",\"description\":\"Jsme r\u00e1di, \u017ee se zaj\u00edm\u00e1te o sv\u00e9 zdrav\u00ed. P\u0159ipravili jsme pro V\u00e1s p\u0159ehled v\u0161ech typ\u016f vy\u0161et\u0159en\u00ed, kter\u00e9 v Breast Unit Prague nab\u00edz\u00edme. Pamatujte, #NejsteNaToSama\",\"breadcrumb\":{\"@id\":\"https:\\\/\\\/buprague.cz\\\/pro-pacienty\\\/dulezite-informace\\\/vse-o-vysetreni\\\/#breadcrumb\"},\"inLanguage\":\"en-GB\",\"potentialAction\":[{\"@type\":\"ReadAction\",\"target\":[\"https:\\\/\\\/buprague.cz\\\/pro-pacienty\\\/dulezite-informace\\\/vse-o-vysetreni\\\/\"]}]},{\"@type\":\"BreadcrumbList\",\"@id\":\"https:\\\/\\\/buprague.cz\\\/pro-pacienty\\\/dulezite-informace\\\/vse-o-vysetreni\\\/#breadcrumb\",\"itemListElement\":[{\"@type\":\"ListItem\",\"position\":1,\"name\":\"Home\",\"item\":\"https:\\\/\\\/buprague.cz\\\/\"},{\"@type\":\"ListItem\",\"position\":2,\"name\":\"Pro pacienty\",\"item\":\"https:\\\/\\\/buprague.cz\\\/pro-pacienty\\\/\"},{\"@type\":\"ListItem\",\"position\":3,\"name\":\"D\u016fle\u017eit\u00e9 informace\",\"item\":\"https:\\\/\\\/buprague.cz\\\/pro-pacienty\\\/dulezite-informace\\\/\"},{\"@type\":\"ListItem\",\"position\":4,\"name\":\"V\u0161e o vy\u0161et\u0159en\u00ed\"}]},{\"@type\":\"WebSite\",\"@id\":\"https:\\\/\\\/buprague.cz\\\/#website\",\"url\":\"https:\\\/\\\/buprague.cz\\\/\",\"name\":\"BUPrague\",\"description\":\"Mamma centrum Breast Unit Prague\",\"publisher\":{\"@id\":\"https:\\\/\\\/buprague.cz\\\/#organization\"},\"potentialAction\":[{\"@type\":\"SearchAction\",\"target\":{\"@type\":\"EntryPoint\",\"urlTemplate\":\"https:\\\/\\\/buprague.cz\\\/?s={search_term_string}\"},\"query-input\":{\"@type\":\"PropertyValueSpecification\",\"valueRequired\":true,\"valueName\":\"search_term_string\"}}],\"inLanguage\":\"en-GB\"},{\"@type\":\"Organization\",\"@id\":\"https:\\\/\\\/buprague.cz\\\/#organization\",\"name\":\"BUPrague\",\"url\":\"https:\\\/\\\/buprague.cz\\\/\",\"logo\":{\"@type\":\"ImageObject\",\"inLanguage\":\"en-GB\",\"@id\":\"https:\\\/\\\/buprague.cz\\\/#\\\/schema\\\/logo\\\/image\\\/\",\"url\":\"https:\\\/\\\/buprague.cz\\\/wp-content\\\/uploads\\\/2018\\\/03\\\/logo.svg\",\"contentUrl\":\"https:\\\/\\\/buprague.cz\\\/wp-content\\\/uploads\\\/2018\\\/03\\\/logo.svg\",\"width\":1012.99,\"height\":297.5,\"caption\":\"BUPrague\"},\"image\":{\"@id\":\"https:\\\/\\\/buprague.cz\\\/#\\\/schema\\\/logo\\\/image\\\/\"}}]}<\/script>\n<!-- \/ Yoast SEO plugin. -->","yoast_head_json":{"title":"What's the mammogram gonna show me?","description":"We're glad you're concerned about your health. We have prepared an overview of all the types of examinations we offer at Breast Unit Prague. Remember, #NejsteNaToSama","robots":{"index":"index","follow":"follow","max-snippet":"max-snippet:-1","max-image-preview":"max-image-preview:large","max-video-preview":"max-video-preview:-1"},"canonical":"https:\/\/buprague.cz\/en\/for-patients\/important-information\/all-about-the-assessment\/","og_locale":"en_GB","og_type":"article","og_title":"Co m\u011b \u010dek\u00e1 na mamografu?","og_description":"Jsme r\u00e1di, \u017ee se zaj\u00edm\u00e1te o sv\u00e9 zdrav\u00ed. P\u0159ipravili jsme pro V\u00e1s p\u0159ehled v\u0161ech typ\u016f vy\u0161et\u0159en\u00ed, kter\u00e9 v Breast Unit Prague nab\u00edz\u00edme. Pamatujte, #NejsteNaToSama","og_url":"https:\/\/buprague.cz\/en\/for-patients\/important-information\/all-about-the-assessment\/","og_site_name":"BUPrague","article_modified_time":"2021-01-21T14:20:32+00:00","twitter_card":"summary_large_image","twitter_misc":{"Estimated reading time":"4 minutes"},"schema":{"@context":"https:\/\/schema.org","@graph":[{"@type":"WebPage","@id":"https:\/\/buprague.cz\/pro-pacienty\/dulezite-informace\/vse-o-vysetreni\/","url":"https:\/\/buprague.cz\/pro-pacienty\/dulezite-informace\/vse-o-vysetreni\/","name":"What's the mammogram gonna show me?","isPartOf":{"@id":"https:\/\/buprague.cz\/#website"},"datePublished":"2017-09-26T10:23:59+00:00","dateModified":"2021-01-21T14:20:32+00:00","description":"We're glad you're concerned about your health. We have prepared an overview of all the types of examinations we offer at Breast Unit Prague. Remember, #NejsteNaToSama","breadcrumb":{"@id":"https:\/\/buprague.cz\/pro-pacienty\/dulezite-informace\/vse-o-vysetreni\/#breadcrumb"},"inLanguage":"en-GB","potentialAction":[{"@type":"ReadAction","target":["https:\/\/buprague.cz\/pro-pacienty\/dulezite-informace\/vse-o-vysetreni\/"]}]},{"@type":"BreadcrumbList","@id":"https:\/\/buprague.cz\/pro-pacienty\/dulezite-informace\/vse-o-vysetreni\/#breadcrumb","itemListElement":[{"@type":"ListItem","position":1,"name":"Home","item":"https:\/\/buprague.cz\/"},{"@type":"ListItem","position":2,"name":"Pro pacienty","item":"https:\/\/buprague.cz\/pro-pacienty\/"},{"@type":"ListItem","position":3,"name":"D\u016fle\u017eit\u00e9 informace","item":"https:\/\/buprague.cz\/pro-pacienty\/dulezite-informace\/"},{"@type":"ListItem","position":4,"name":"V\u0161e o vy\u0161et\u0159en\u00ed"}]},{"@type":"WebSite","@id":"https:\/\/buprague.cz\/#website","url":"https:\/\/buprague.cz\/","name":"BUPrague","description":"Mamma Centre Breast Unit Prague","publisher":{"@id":"https:\/\/buprague.cz\/#organization"},"potentialAction":[{"@type":"SearchAction","target":{"@type":"EntryPoint","urlTemplate":"https:\/\/buprague.cz\/?s={search_term_string}"},"query-input":{"@type":"PropertyValueSpecification","valueRequired":true,"valueName":"search_term_string"}}],"inLanguage":"en-GB"},{"@type":"Organization","@id":"https:\/\/buprague.cz\/#organization","name":"BUPrague","url":"https:\/\/buprague.cz\/","logo":{"@type":"ImageObject","inLanguage":"en-GB","@id":"https:\/\/buprague.cz\/#\/schema\/logo\/image\/","url":"https:\/\/buprague.cz\/wp-content\/uploads\/2018\/03\/logo.svg","contentUrl":"https:\/\/buprague.cz\/wp-content\/uploads\/2018\/03\/logo.svg","width":1012.99,"height":297.5,"caption":"BUPrague"},"image":{"@id":"https:\/\/buprague.cz\/#\/schema\/logo\/image\/"}}]}},"_links":{"self":[{"href":"https:\/\/buprague.cz\/en\/wp-json\/wp\/v2\/pages\/13476","targetHints":{"allow":["GET"]}}],"collection":[{"href":"https:\/\/buprague.cz\/en\/wp-json\/wp\/v2\/pages"}],"about":[{"href":"https:\/\/buprague.cz\/en\/wp-json\/wp\/v2\/types\/page"}],"author":[{"embeddable":true,"href":"https:\/\/buprague.cz\/en\/wp-json\/wp\/v2\/users\/1"}],"replies":[{"embeddable":true,"href":"https:\/\/buprague.cz\/en\/wp-json\/wp\/v2\/comments?post=13476"}],"version-history":[{"count":0,"href":"https:\/\/buprague.cz\/en\/wp-json\/wp\/v2\/pages\/13476\/revisions"}],"up":[{"embeddable":true,"href":"https:\/\/buprague.cz\/en\/wp-json\/wp\/v2\/pages\/13336"}],"wp:attachment":[{"href":"https:\/\/buprague.cz\/en\/wp-json\/wp\/v2\/media?parent=13476"}],"curies":[{"name":"wp","href":"https:\/\/api.w.org\/{rel}","templated":true}]}}