{"id":13478,"date":"2017-09-26T12:24:07","date_gmt":"2017-09-26T10:24:07","guid":{"rendered":"https:\/\/buprague.princ.online\/?page_id=13478"},"modified":"2021-01-21T15:19:45","modified_gmt":"2021-01-21T14:19:45","slug":"prsni-implantaty","status":"publish","type":"page","link":"https:\/\/buprague.cz\/en\/for-patients\/important-information\/breast-implants\/","title":{"rendered":"Breast Implants"},"content":{"rendered":"<div id=\"cmsmasters_row_edub5aqe6g\" class=\"cmsmasters_row cmsmasters_color_scheme_default cmsmasters_row_top_default cmsmasters_row_bot_default cmsmasters_row_boxed\">\n<div class=\"cmsmasters_row_outer_parent\">\n<div class=\"cmsmasters_row_outer\">\n<div class=\"cmsmasters_row_inner\">\n<div class=\"cmsmasters_row_margin\">\n<div id=\"cmsmasters_column_1y6plvnjo\" class=\"cmsmasters_column one_first\">\n<div class=\"cmsmasters_column_inner\"><div id=\"cmsmasters_heading_imhdgnutog\" class=\"cmsmasters_heading_wrap cmsmasters_heading_align_left\">\n\t<h2 class=\"cmsmasters_heading\">Breast examination with implants<\/h2>\n<\/div>\n<\/div><\/div>\n<\/div>\n<\/div>\n<\/div>\n<\/div>\n<\/div>\n<div id=\"cmsmasters_row_kktohtssuk\" class=\"cmsmasters_row cmsmasters_color_scheme_default cmsmasters_row_top_default cmsmasters_row_bot_default cmsmasters_row_boxed\">\n<div class=\"cmsmasters_row_outer_parent\">\n<div class=\"cmsmasters_row_outer\">\n<div class=\"cmsmasters_row_inner\">\n<div class=\"cmsmasters_row_margin\">\n<div id=\"cmsmasters_column_q72yflwkzf\" class=\"cmsmasters_column one_half\">\n<div class=\"cmsmasters_column_inner\"><div class=\"cmsmasters_text\">\n<p>Mammography is safe <strong>also for women who have undergone breast reconstruction.<\/strong>&nbsp; The modern digital mammography machines we have at our workplaces have <strong>special program<\/strong> for breast screening with implants.<\/p>\n<p>There is no need to worry about breast compression during the examination, our radiology assistants use a special screening technique that <strong>minimises pressure on the implant<\/strong> and displays the mammary gland so that the image can be read (evaluated) correctly.<\/p>\n<p>In the pre-exam mammogram intake questionnaire, you will select a<strong> type of operation<\/strong>you have undergone. This information is very important for the course of the examination and the evaluation of the images by the doctor.<\/p>\n<p>Along with the examination results, you will receive personalized recommendations regarding which preventive examinations and their frequency are most suitable for you, considering the type of surgery, your personal and family medical history, and breast type.<\/p>\n<\/div>\n<\/div><\/div>\n<div id=\"cmsmasters_column_lesc84j3y\" class=\"cmsmasters_column one_half\">\n<div class=\"cmsmasters_column_inner\"><div class=\"cmsmasters_img  cmsmasters_image_n\"><a href=\"https:\/\/buprague.cz\/wp-content\/uploads\/2018\/04\/implant\u00e1t.jpg\"><img decoding=\"async\" src=\"https:\/\/buprague.cz\/wp-content\/uploads\/2018\/04\/implant\u00e1t-832x1024.jpg\" \/><\/a><\/div>\n<\/div><\/div>\n<\/div>\n<\/div>\n<\/div>\n<\/div>\n<\/div>","protected":false},"excerpt":{"rendered":"","protected":false},"author":1,"featured_media":0,"parent":13336,"menu_order":0,"comment_status":"closed","ping_status":"closed","template":"","meta":{"footnotes":""},"class_list":["post-13478","page","type-page","status-publish","hentry"],"yoast_head":"<!-- This site is optimized with the Yoast SEO plugin v27.5 - https:\/\/yoast.com\/product\/yoast-seo-wordpress\/ -->\n<title>Mamograf s implant\u00e1ty je bezpe\u010dn\u00fd<\/title>\n<meta name=\"description\" content=\"I s prsn\u00edmi imlant\u00e1ty je d\u016fle\u017eit\u00e9 chodit pravideln\u011b na mamograf. Je to bezpe\u010dn\u00e9, vy\u0161et\u0159en\u00ed se prov\u00e1d\u00ed speci\u00e1ln\u00ed technikou\" \/>\n<meta name=\"robots\" content=\"index, follow, max-snippet:-1, max-image-preview:large, max-video-preview:-1\" \/>\n<link rel=\"canonical\" href=\"https:\/\/buprague.cz\/en\/for-patients\/important-information\/breast-implants\/\" \/>\n<meta property=\"og:locale\" content=\"en_GB\" \/>\n<meta property=\"og:type\" content=\"article\" \/>\n<meta property=\"og:title\" content=\"Mamograf s implant\u00e1ty je bezpe\u010dn\u00fd\" \/>\n<meta property=\"og:description\" content=\"I s prsn\u00edmi imlant\u00e1ty je d\u016fle\u017eit\u00e9 chodit pravideln\u011b na mamograf. Je to bezpe\u010dn\u00e9, vy\u0161et\u0159en\u00ed se prov\u00e1d\u00ed speci\u00e1ln\u00ed technikou\" \/>\n<meta property=\"og:url\" content=\"https:\/\/buprague.cz\/en\/for-patients\/important-information\/breast-implants\/\" \/>\n<meta property=\"og:site_name\" content=\"BUPrague\" \/>\n<meta property=\"article:modified_time\" content=\"2021-01-21T14:19:45+00:00\" \/>\n<meta name=\"twitter:card\" content=\"summary_large_image\" \/>\n<meta name=\"twitter:label1\" content=\"Estimated reading time\" \/>\n\t<meta name=\"twitter:data1\" content=\"3 minutes\" \/>\n<script type=\"application\/ld+json\" class=\"yoast-schema-graph\">{\"@context\":\"https:\\\/\\\/schema.org\",\"@graph\":[{\"@type\":\"WebPage\",\"@id\":\"https:\\\/\\\/buprague.cz\\\/pro-pacienty\\\/dulezite-informace\\\/prsni-implantaty\\\/\",\"url\":\"https:\\\/\\\/buprague.cz\\\/pro-pacienty\\\/dulezite-informace\\\/prsni-implantaty\\\/\",\"name\":\"Mamograf s implant\u00e1ty je bezpe\u010dn\u00fd\",\"isPartOf\":{\"@id\":\"https:\\\/\\\/buprague.cz\\\/#website\"},\"datePublished\":\"2017-09-26T10:24:07+00:00\",\"dateModified\":\"2021-01-21T14:19:45+00:00\",\"description\":\"I s prsn\u00edmi imlant\u00e1ty je d\u016fle\u017eit\u00e9 chodit pravideln\u011b na mamograf. Je to bezpe\u010dn\u00e9, vy\u0161et\u0159en\u00ed se prov\u00e1d\u00ed speci\u00e1ln\u00ed technikou\",\"breadcrumb\":{\"@id\":\"https:\\\/\\\/buprague.cz\\\/pro-pacienty\\\/dulezite-informace\\\/prsni-implantaty\\\/#breadcrumb\"},\"inLanguage\":\"en-GB\",\"potentialAction\":[{\"@type\":\"ReadAction\",\"target\":[\"https:\\\/\\\/buprague.cz\\\/pro-pacienty\\\/dulezite-informace\\\/prsni-implantaty\\\/\"]}]},{\"@type\":\"BreadcrumbList\",\"@id\":\"https:\\\/\\\/buprague.cz\\\/pro-pacienty\\\/dulezite-informace\\\/prsni-implantaty\\\/#breadcrumb\",\"itemListElement\":[{\"@type\":\"ListItem\",\"position\":1,\"name\":\"Home\",\"item\":\"https:\\\/\\\/buprague.cz\\\/\"},{\"@type\":\"ListItem\",\"position\":2,\"name\":\"Pro pacienty\",\"item\":\"https:\\\/\\\/buprague.cz\\\/pro-pacienty\\\/\"},{\"@type\":\"ListItem\",\"position\":3,\"name\":\"D\u016fle\u017eit\u00e9 informace\",\"item\":\"https:\\\/\\\/buprague.cz\\\/pro-pacienty\\\/dulezite-informace\\\/\"},{\"@type\":\"ListItem\",\"position\":4,\"name\":\"Prsn\u00ed implant\u00e1ty\"}]},{\"@type\":\"WebSite\",\"@id\":\"https:\\\/\\\/buprague.cz\\\/#website\",\"url\":\"https:\\\/\\\/buprague.cz\\\/\",\"name\":\"BUPrague\",\"description\":\"Mamma centrum Breast Unit Prague\",\"publisher\":{\"@id\":\"https:\\\/\\\/buprague.cz\\\/#organization\"},\"potentialAction\":[{\"@type\":\"SearchAction\",\"target\":{\"@type\":\"EntryPoint\",\"urlTemplate\":\"https:\\\/\\\/buprague.cz\\\/?s={search_term_string}\"},\"query-input\":{\"@type\":\"PropertyValueSpecification\",\"valueRequired\":true,\"valueName\":\"search_term_string\"}}],\"inLanguage\":\"en-GB\"},{\"@type\":\"Organization\",\"@id\":\"https:\\\/\\\/buprague.cz\\\/#organization\",\"name\":\"BUPrague\",\"url\":\"https:\\\/\\\/buprague.cz\\\/\",\"logo\":{\"@type\":\"ImageObject\",\"inLanguage\":\"en-GB\",\"@id\":\"https:\\\/\\\/buprague.cz\\\/#\\\/schema\\\/logo\\\/image\\\/\",\"url\":\"https:\\\/\\\/buprague.cz\\\/wp-content\\\/uploads\\\/2018\\\/03\\\/logo.svg\",\"contentUrl\":\"https:\\\/\\\/buprague.cz\\\/wp-content\\\/uploads\\\/2018\\\/03\\\/logo.svg\",\"width\":1012.99,\"height\":297.5,\"caption\":\"BUPrague\"},\"image\":{\"@id\":\"https:\\\/\\\/buprague.cz\\\/#\\\/schema\\\/logo\\\/image\\\/\"}}]}<\/script>\n<!-- \/ Yoast SEO plugin. -->","yoast_head_json":{"title":"Mammography with implants is safe","description":"Even with breast implants, it is important to have regular mammograms. It's safe, the examination is done with a special technique","robots":{"index":"index","follow":"follow","max-snippet":"max-snippet:-1","max-image-preview":"max-image-preview:large","max-video-preview":"max-video-preview:-1"},"canonical":"https:\/\/buprague.cz\/en\/for-patients\/important-information\/breast-implants\/","og_locale":"en_GB","og_type":"article","og_title":"Mamograf s implant\u00e1ty je bezpe\u010dn\u00fd","og_description":"I s prsn\u00edmi imlant\u00e1ty je d\u016fle\u017eit\u00e9 chodit pravideln\u011b na mamograf. Je to bezpe\u010dn\u00e9, vy\u0161et\u0159en\u00ed se prov\u00e1d\u00ed speci\u00e1ln\u00ed technikou","og_url":"https:\/\/buprague.cz\/en\/for-patients\/important-information\/breast-implants\/","og_site_name":"BUPrague","article_modified_time":"2021-01-21T14:19:45+00:00","twitter_card":"summary_large_image","twitter_misc":{"Estimated reading time":"3 minutes"},"schema":{"@context":"https:\/\/schema.org","@graph":[{"@type":"WebPage","@id":"https:\/\/buprague.cz\/pro-pacienty\/dulezite-informace\/prsni-implantaty\/","url":"https:\/\/buprague.cz\/pro-pacienty\/dulezite-informace\/prsni-implantaty\/","name":"Mammography with implants is safe","isPartOf":{"@id":"https:\/\/buprague.cz\/#website"},"datePublished":"2017-09-26T10:24:07+00:00","dateModified":"2021-01-21T14:19:45+00:00","description":"Even with breast implants, it is important to have regular mammograms. It's safe, the examination is done with a special technique","breadcrumb":{"@id":"https:\/\/buprague.cz\/pro-pacienty\/dulezite-informace\/prsni-implantaty\/#breadcrumb"},"inLanguage":"en-GB","potentialAction":[{"@type":"ReadAction","target":["https:\/\/buprague.cz\/pro-pacienty\/dulezite-informace\/prsni-implantaty\/"]}]},{"@type":"BreadcrumbList","@id":"https:\/\/buprague.cz\/pro-pacienty\/dulezite-informace\/prsni-implantaty\/#breadcrumb","itemListElement":[{"@type":"ListItem","position":1,"name":"Home","item":"https:\/\/buprague.cz\/"},{"@type":"ListItem","position":2,"name":"Pro pacienty","item":"https:\/\/buprague.cz\/pro-pacienty\/"},{"@type":"ListItem","position":3,"name":"D\u016fle\u017eit\u00e9 informace","item":"https:\/\/buprague.cz\/pro-pacienty\/dulezite-informace\/"},{"@type":"ListItem","position":4,"name":"Prsn\u00ed implant\u00e1ty"}]},{"@type":"WebSite","@id":"https:\/\/buprague.cz\/#website","url":"https:\/\/buprague.cz\/","name":"BUPrague","description":"Mamma Centre Breast Unit Prague","publisher":{"@id":"https:\/\/buprague.cz\/#organization"},"potentialAction":[{"@type":"SearchAction","target":{"@type":"EntryPoint","urlTemplate":"https:\/\/buprague.cz\/?s={search_term_string}"},"query-input":{"@type":"PropertyValueSpecification","valueRequired":true,"valueName":"search_term_string"}}],"inLanguage":"en-GB"},{"@type":"Organization","@id":"https:\/\/buprague.cz\/#organization","name":"BUPrague","url":"https:\/\/buprague.cz\/","logo":{"@type":"ImageObject","inLanguage":"en-GB","@id":"https:\/\/buprague.cz\/#\/schema\/logo\/image\/","url":"https:\/\/buprague.cz\/wp-content\/uploads\/2018\/03\/logo.svg","contentUrl":"https:\/\/buprague.cz\/wp-content\/uploads\/2018\/03\/logo.svg","width":1012.99,"height":297.5,"caption":"BUPrague"},"image":{"@id":"https:\/\/buprague.cz\/#\/schema\/logo\/image\/"}}]}},"_links":{"self":[{"href":"https:\/\/buprague.cz\/en\/wp-json\/wp\/v2\/pages\/13478","targetHints":{"allow":["GET"]}}],"collection":[{"href":"https:\/\/buprague.cz\/en\/wp-json\/wp\/v2\/pages"}],"about":[{"href":"https:\/\/buprague.cz\/en\/wp-json\/wp\/v2\/types\/page"}],"author":[{"embeddable":true,"href":"https:\/\/buprague.cz\/en\/wp-json\/wp\/v2\/users\/1"}],"replies":[{"embeddable":true,"href":"https:\/\/buprague.cz\/en\/wp-json\/wp\/v2\/comments?post=13478"}],"version-history":[{"count":0,"href":"https:\/\/buprague.cz\/en\/wp-json\/wp\/v2\/pages\/13478\/revisions"}],"up":[{"embeddable":true,"href":"https:\/\/buprague.cz\/en\/wp-json\/wp\/v2\/pages\/13336"}],"wp:attachment":[{"href":"https:\/\/buprague.cz\/en\/wp-json\/wp\/v2\/media?parent=13478"}],"curies":[{"name":"wp","href":"https:\/\/api.w.org\/{rel}","templated":true}]}}