{"id":13480,"date":"2017-09-26T12:24:16","date_gmt":"2017-09-26T10:24:16","guid":{"rendered":"https:\/\/buprague.princ.online\/?page_id=13480"},"modified":"2021-01-21T15:20:32","modified_gmt":"2021-01-21T14:20:32","slug":"slovnik-pojmu","status":"publish","type":"page","link":"https:\/\/buprague.cz\/en\/for-patients\/important-information\/dictionary\/","title":{"rendered":"Glossary of Terms"},"content":{"rendered":"<div id=\"cmsmasters_row_curjiqglyr\" class=\"cmsmasters_row cmsmasters_color_scheme_default cmsmasters_row_top_default cmsmasters_row_bot_default cmsmasters_row_boxed\">\n<div class=\"cmsmasters_row_outer_parent\">\n<div class=\"cmsmasters_row_outer\">\n<div class=\"cmsmasters_row_inner\">\n<div class=\"cmsmasters_row_margin\">\n<div id=\"cmsmasters_column_78ayeqz5pm\" class=\"cmsmasters_column one_first\">\n<div class=\"cmsmasters_column_inner\"><div class=\"cmsmasters_text\">\n<p>In relation to breast health examinations, there may be expressions that we do not use in everyday conversation. This medical terminology can be a source of misunderstanding or miscommunication. Therefore, we have prepared <strong>explanatory glossary<\/strong>to help you to navigate your medical report or consultation with your doctors.<\/p>\n<\/div>\n<\/div><\/div>\n<\/div>\n<\/div>\n<\/div>\n<\/div>\n<\/div>\n<div id=\"cmsmasters_row_nnrsknds\" class=\"cmsmasters_row cmsmasters_color_scheme_default cmsmasters_row_top_default cmsmasters_row_bot_default cmsmasters_row_boxed\">\n<div class=\"cmsmasters_row_outer_parent\">\n<div class=\"cmsmasters_row_outer\">\n<div class=\"cmsmasters_row_inner\">\n<div class=\"cmsmasters_row_margin\">\n<div id=\"cmsmasters_column_elrvm5h1yo\" class=\"cmsmasters_column one_half\">\n<div class=\"cmsmasters_column_inner\"><ul id=\"cmsmasters_icon_list_items_e00okrqalh\" class=\"cmsmasters_icon_list_items cmsmasters_icon_list_type_block cmsmasters_icon_list_pos_left cmsmasters_color_type_border\"><li id=\"cmsmasters_icon_list_item_oxf34tpv\" class=\"cmsmasters_icon_list_item\">\n<div class=\"cmsmasters_icon_list_item_inner\">\n<div class=\"cmsmasters_icon_list_icon_wrap\">\n<span class=\"cmsmasters_icon_list_icon cmsmasters-icon-custom-1\"><\/span>\n<\/div>\n<div class=\"cmsmasters_icon_list_item_content\">\n<h4 class=\"cmsmasters_icon_list_item_title\">Ablation, mastectomy<\/h4>\n<div class=\"cmsmasters_icon_list_item_text\">\n<p>Complete removal of the breast due to malignant disease of the gland.<\/p>\n<\/div>\n<\/div>\n<\/div>\n<\/li><li id=\"cmsmasters_icon_list_item_e00okrqalh\" class=\"cmsmasters_icon_list_item\">\n<div class=\"cmsmasters_icon_list_item_inner\">\n<div class=\"cmsmasters_icon_list_icon_wrap\">\n<span class=\"cmsmasters_icon_list_icon cmsmasters-icon-custom-1\"><\/span>\n<\/div>\n<div class=\"cmsmasters_icon_list_item_content\">\n<h4 class=\"cmsmasters_icon_list_item_title\">Benign tumor<\/h4>\n<div class=\"cmsmasters_icon_list_item_text\">\n<p>Terms that describe a benign lesion. In the case of the mammary gland, a benign tumor may be a cyst, fibroadenoma, lipoma, etc. A benign tumor does not turn into a malignant tumor.<\/p>\n<\/div>\n<\/div>\n<\/div>\n<\/li><li id=\"cmsmasters_icon_list_item_e8zbkefkss\" class=\"cmsmasters_icon_list_item\">\n<div class=\"cmsmasters_icon_list_item_inner\">\n<div class=\"cmsmasters_icon_list_icon_wrap\">\n<span class=\"cmsmasters_icon_list_icon cmsmasters-icon-custom-1\"><\/span>\n<\/div>\n<div class=\"cmsmasters_icon_list_item_content\">\n<h4 class=\"cmsmasters_icon_list_item_title\">Biological treatment<\/h4>\n<div class=\"cmsmasters_icon_list_item_text\">\n<p>A new type of therapy that targets the biological behaviour of cancer cells by binding to their receptors (binding sites).<\/p>\n<\/div>\n<\/div>\n<\/div>\n<\/li><li id=\"cmsmasters_icon_list_item_e00okrqalh\" class=\"cmsmasters_icon_list_item\">\n<div class=\"cmsmasters_icon_list_item_inner\">\n<div class=\"cmsmasters_icon_list_icon_wrap\">\n<span class=\"cmsmasters_icon_list_icon cmsmasters-icon-custom-1\"><\/span>\n<\/div>\n<div class=\"cmsmasters_icon_list_item_content\">\n<h4 class=\"cmsmasters_icon_list_item_title\">Biopsy, core biopsy<\/h4>\n<div class=\"cmsmasters_icon_list_item_text\">\n<p>Taking a small yet adequate sample of the mammary gland, which is analyzed to determine whether it contains a benign or malignant tumor. This procedure is conducted on an outpatient basis using a needle and is generally well-tolerated and painless.<\/p>\n<\/div>\n<\/div>\n<\/div>\n<\/li><li id=\"cmsmasters_icon_list_item_e00okrqalh\" class=\"cmsmasters_icon_list_item\">\n<div class=\"cmsmasters_icon_list_item_inner\">\n<div class=\"cmsmasters_icon_list_icon_wrap\">\n<span class=\"cmsmasters_icon_list_icon cmsmasters-icon-custom-1\"><\/span>\n<\/div>\n<div class=\"cmsmasters_icon_list_item_content\">\n<h4 class=\"cmsmasters_icon_list_item_title\">Vacuum-assisted biopsy, mammotomy<\/h4>\n<div class=\"cmsmasters_icon_list_item_text\">\n<p>A special method of breast tissue sampling, used especially in the suspicion of so-called microcalcifications \u2013 miniature calcified bodies that are visible only in mammography and may be a signal of the presence of a malignant tumour.<\/p>\n<\/div>\n<\/div>\n<\/div>\n<\/li><li id=\"cmsmasters_icon_list_item_aioly3pa5g\" class=\"cmsmasters_icon_list_item\">\n<div class=\"cmsmasters_icon_list_item_inner\">\n<div class=\"cmsmasters_icon_list_icon_wrap\">\n<span class=\"cmsmasters_icon_list_icon cmsmasters-icon-custom-1\"><\/span>\n<\/div>\n<div class=\"cmsmasters_icon_list_item_content\">\n<h4 class=\"cmsmasters_icon_list_item_title\">Dispensary care, follow up<\/h4>\n<div class=\"cmsmasters_icon_list_item_text\">\n<p>Monitoring and regular check-ups, which can also be scheduled for the surveillance of non-malignant lumps. However, dispensary care is primarily established for patients after the treatment of malignant diseases. The goal of this monitoring is the early detection of disease recurrence or relapse if it were to occur. Dispensary care includes screening examinations as well as various laboratory tests as planned by the attending physician.<\/p>\n<\/div>\n<\/div>\n<\/div>\n<\/li><li id=\"cmsmasters_icon_list_item_0ijqo5ou4\" class=\"cmsmasters_icon_list_item\">\n<div class=\"cmsmasters_icon_list_item_inner\">\n<div class=\"cmsmasters_icon_list_icon_wrap\">\n<span class=\"cmsmasters_icon_list_icon cmsmasters-icon-custom-1\"><\/span>\n<\/div>\n<div class=\"cmsmasters_icon_list_item_content\">\n<h4 class=\"cmsmasters_icon_list_item_title\">Chemotherapy<\/h4>\n<div class=\"cmsmasters_icon_list_item_text\">\n<p>Treatment with chemicals of various kinds that have a toxic (poisonous) effect on multiplying cancer cells.<\/p>\n<\/div>\n<\/div>\n<\/div>\n<\/li><li id=\"cmsmasters_icon_list_item_5hfsikx0qi\" class=\"cmsmasters_icon_list_item\">\n<div class=\"cmsmasters_icon_list_item_inner\">\n<div class=\"cmsmasters_icon_list_icon_wrap\">\n<span class=\"cmsmasters_icon_list_icon cmsmasters-icon-custom-1\"><\/span>\n<\/div>\n<div class=\"cmsmasters_icon_list_item_content\">\n<h4 class=\"cmsmasters_icon_list_item_title\">Malignant tumor, cancer<\/h4>\n<div class=\"cmsmasters_icon_list_item_text\">\n<p>These are expressions that convey the presence of a malignant tumor.<\/p>\n<\/div>\n<\/div>\n<\/div>\n<\/li><li id=\"cmsmasters_icon_list_item_e00okrqalh\" class=\"cmsmasters_icon_list_item\">\n<div class=\"cmsmasters_icon_list_item_inner\">\n<div class=\"cmsmasters_icon_list_icon_wrap\">\n<span class=\"cmsmasters_icon_list_icon cmsmasters-icon-custom-1\"><\/span>\n<\/div>\n<div class=\"cmsmasters_icon_list_item_content\">\n<h4 class=\"cmsmasters_icon_list_item_title\">Mammography<\/h4>\n<div class=\"cmsmasters_icon_list_item_text\">\n<p>Examination of the breast gland using a special mammography machine that was developed only for breast examination. It uses soft X-rays in minimal, harmless doses. It is the primary method used for women aged 40 and over.<\/p>\n<\/div>\n<\/div>\n<\/div>\n<\/li><li id=\"cmsmasters_icon_list_item_15qrv8bey\" class=\"cmsmasters_icon_list_item\">\n<div class=\"cmsmasters_icon_list_item_inner\">\n<div class=\"cmsmasters_icon_list_icon_wrap\">\n<span class=\"cmsmasters_icon_list_icon cmsmasters-icon-custom-1\"><\/span>\n<\/div>\n<div class=\"cmsmasters_icon_list_item_content\">\n<h4 class=\"cmsmasters_icon_list_item_title\">Metastasis<\/h4>\n<div class=\"cmsmasters_icon_list_item_text\">\n<p>A site of malignant disease that arises from the expulsion of malignant cells from the original tumour, either by blood or lymph.<\/p>\n<\/div>\n<\/div>\n<\/div>\n<\/li><\/ul>\n<\/div><\/div>\n<div id=\"cmsmasters_column_slmsv1r5hm\" class=\"cmsmasters_column one_half\">\n<div class=\"cmsmasters_column_inner\"><ul id=\"cmsmasters_icon_list_items_h9bmgrxne\" class=\"cmsmasters_icon_list_items cmsmasters_icon_list_type_block cmsmasters_icon_list_pos_left cmsmasters_color_type_border\"><li id=\"cmsmasters_icon_list_item_h9bmgrxne\" class=\"cmsmasters_icon_list_item\">\n<div class=\"cmsmasters_icon_list_item_inner\">\n<div class=\"cmsmasters_icon_list_icon_wrap\">\n<span class=\"cmsmasters_icon_list_icon cmsmasters-icon-custom-1\"><\/span>\n<\/div>\n<div class=\"cmsmasters_icon_list_item_content\">\n<h4 class=\"cmsmasters_icon_list_item_title\">Prevention<\/h4>\n<div class=\"cmsmasters_icon_list_item_text\">\n<p>It is usually used in the context of trying to detect the early stages of a disease when there is still a good chance of recovery. In this case, we speak of secondary prevention. The more ideal primary prevention is to try to prevent the onset of the disease altogether. However, in the case of breast tumors, we do not have a convincing primary prevention.<\/p>\n<\/div>\n<\/div>\n<\/div>\n<\/li><li id=\"cmsmasters_icon_list_item_h9bmgrxne\" class=\"cmsmasters_icon_list_item\">\n<div class=\"cmsmasters_icon_list_item_inner\">\n<div class=\"cmsmasters_icon_list_icon_wrap\">\n<span class=\"cmsmasters_icon_list_icon cmsmasters-icon-custom-1\"><\/span>\n<\/div>\n<div class=\"cmsmasters_icon_list_item_content\">\n<h4 class=\"cmsmasters_icon_list_item_title\">Radiotherapy<\/h4>\n<div class=\"cmsmasters_icon_list_item_text\">\n<p>Maintenance treatment of the operated breast using medical strictly dosed radiation.<\/p>\n<\/div>\n<\/div>\n<\/div>\n<\/li><li id=\"cmsmasters_icon_list_item_h9bmgrxne\" class=\"cmsmasters_icon_list_item\">\n<div class=\"cmsmasters_icon_list_item_inner\">\n<div class=\"cmsmasters_icon_list_icon_wrap\">\n<span class=\"cmsmasters_icon_list_icon cmsmasters-icon-custom-1\"><\/span>\n<\/div>\n<div class=\"cmsmasters_icon_list_item_content\">\n<h4 class=\"cmsmasters_icon_list_item_title\">Resistance<\/h4>\n<div class=\"cmsmasters_icon_list_item_text\">\n<p>A technical term for a lump. Medical professionals use the word resistance exclusively for palpable findings.<\/p>\n<\/div>\n<\/div>\n<\/div>\n<\/li><li id=\"cmsmasters_icon_list_item_h9bmgrxne\" class=\"cmsmasters_icon_list_item\">\n<div class=\"cmsmasters_icon_list_item_inner\">\n<div class=\"cmsmasters_icon_list_icon_wrap\">\n<span class=\"cmsmasters_icon_list_icon cmsmasters-icon-custom-1\"><\/span>\n<\/div>\n<div class=\"cmsmasters_icon_list_item_content\">\n<h4 class=\"cmsmasters_icon_list_item_title\">Breast self-examination<\/h4>\n<div class=\"cmsmasters_icon_list_item_text\">\n<p>A regular \"examination\" of the breast gland by palpation, which is carried out by women who are interested taking care of their health. It is carried out after menstruation, and for women who do not menstruate, it is scheduled regularly on a date chosen by the woman herself.<\/p>\n<\/div>\n<\/div>\n<\/div>\n<\/li><li id=\"cmsmasters_icon_list_item_h9bmgrxne\" class=\"cmsmasters_icon_list_item\">\n<div class=\"cmsmasters_icon_list_item_inner\">\n<div class=\"cmsmasters_icon_list_icon_wrap\">\n<span class=\"cmsmasters_icon_list_icon cmsmasters-icon-custom-1\"><\/span>\n<\/div>\n<div class=\"cmsmasters_icon_list_item_content\">\n<h4 class=\"cmsmasters_icon_list_item_title\">Scintigraphy<\/h4>\n<div class=\"cmsmasters_icon_list_item_text\">\n<p>A method that is primarily used to assess bone health, to rule out metastatic involvement (the term metastasis is explained below).<\/p>\n<\/div>\n<\/div>\n<\/div>\n<\/li><li id=\"cmsmasters_icon_list_item_h9bmgrxne\" class=\"cmsmasters_icon_list_item\">\n<div class=\"cmsmasters_icon_list_item_inner\">\n<div class=\"cmsmasters_icon_list_icon_wrap\">\n<span class=\"cmsmasters_icon_list_icon cmsmasters-icon-custom-1\"><\/span>\n<\/div>\n<div class=\"cmsmasters_icon_list_item_content\">\n<h4 class=\"cmsmasters_icon_list_item_title\">Breast cancer screening<\/h4>\n<div class=\"cmsmasters_icon_list_item_text\">\n<p>Secondary prevention programme, in which every woman in the Czech Republic from the age of 45 is allowed to have a preventive mammogram once every two years (with no upper age limit), even if she has no prevailing issues. The aim of screening is to look for even the smallest tumours in the breasts. It is the only way to reduce breast cancer mortality.<\/p>\n<\/div>\n<\/div>\n<\/div>\n<\/li><li id=\"cmsmasters_icon_list_item_h9bmgrxne\" class=\"cmsmasters_icon_list_item\">\n<div class=\"cmsmasters_icon_list_item_inner\">\n<div class=\"cmsmasters_icon_list_icon_wrap\">\n<span class=\"cmsmasters_icon_list_icon cmsmasters-icon-custom-1\"><\/span>\n<\/div>\n<div class=\"cmsmasters_icon_list_item_content\">\n<h4 class=\"cmsmasters_icon_list_item_title\">Tumorectomy, quadrectomy<\/h4>\n<div class=\"cmsmasters_icon_list_item_text\">\n<p>Minor procedures performed on the breast for the safe removal of a malignant tumour. Most of the breast is saved, which is why we also speak of breast-conserving surgery. Due to the increase in the detection of small tumours in screening, the number of breast-conserving operations is increasing significantly every year.<\/p>\n<\/div>\n<\/div>\n<\/div>\n<\/li><li id=\"cmsmasters_icon_list_item_h9bmgrxne\" class=\"cmsmasters_icon_list_item\">\n<div class=\"cmsmasters_icon_list_item_inner\">\n<div class=\"cmsmasters_icon_list_icon_wrap\">\n<span class=\"cmsmasters_icon_list_icon cmsmasters-icon-custom-1\"><\/span>\n<\/div>\n<div class=\"cmsmasters_icon_list_item_content\">\n<h4 class=\"cmsmasters_icon_list_item_title\">Ultrasound, sonography, ultrasonography, sono<\/h4>\n<div class=\"cmsmasters_icon_list_item_text\">\n<p>These are several terms for the same examination. The examination probe, guided by the doctor's hand, slides over the surface of the breast and sends invisible, painless ultrasound waves into the breast. This is a primary method chosen for young women. Ultrasound is also used to examine other organs, especially abdominal organs such as the liver, kidneys, spleen, pancreas, as well as blood vessels.<\/p>\n<\/div>\n<\/div>\n<\/div>\n<\/li><li id=\"cmsmasters_icon_list_item_h9bmgrxne\" class=\"cmsmasters_icon_list_item\">\n<div class=\"cmsmasters_icon_list_item_inner\">\n<div class=\"cmsmasters_icon_list_icon_wrap\">\n<span class=\"cmsmasters_icon_list_icon cmsmasters-icon-custom-1\"><\/span>\n<\/div>\n<div class=\"cmsmasters_icon_list_item_content\">\n<h4 class=\"cmsmasters_icon_list_item_title\">Imaging methods<\/h4>\n<div class=\"cmsmasters_icon_list_item_text\">\n<p>Imaging methods refer to all x-ray and non-x-ray methods that are capable of imaging a particular organ.In addition to X-ray (X-ray) and ultrasound (ultrasound) examinations, other advanced imaging methods include magnetic resonance imaging (MRI), computed tomography (CT), and positron emission tomography (PET). These methods are versatile and can be used to examine various organs throughout the body. Doctors select the most appropriate imaging method based on its diagnostic capabilities and the specific clinical needs of the patient.<\/p>\n<\/div>\n<\/div>\n<\/div>\n<\/li><\/ul>\n<\/div><\/div>\n<\/div>\n<\/div>\n<\/div>\n<\/div>\n<\/div>","protected":false},"excerpt":{"rendered":"","protected":false},"author":1,"featured_media":0,"parent":13336,"menu_order":0,"comment_status":"closed","ping_status":"closed","template":"","meta":{"footnotes":""},"class_list":["post-13480","page","type-page","status-publish","hentry"],"yoast_head":"<!-- This site is optimized with the Yoast SEO plugin v27.5 - https:\/\/yoast.com\/product\/yoast-seo-wordpress\/ -->\n<title>Slovn\u00ed\u010dek mamografie<\/title>\n<meta name=\"description\" content=\"P\u0159ipravili jsme pro V\u00e1s v\u00fdkladov\u00fd slovn\u00ed\u010dek, abyste se mohla sn\u00e1ze orientovat ve sv\u00e9 l\u00e9ka\u0159sk\u00e9 zpr\u00e1v\u011b nebo p\u0159i konzultaci s l\u00e9ka\u0159i.\" \/>\n<meta name=\"robots\" content=\"index, follow, max-snippet:-1, max-image-preview:large, max-video-preview:-1\" \/>\n<link rel=\"canonical\" href=\"https:\/\/buprague.cz\/en\/for-patients\/important-information\/dictionary\/\" \/>\n<meta property=\"og:locale\" content=\"en_GB\" \/>\n<meta property=\"og:type\" content=\"article\" \/>\n<meta property=\"og:title\" content=\"Slovn\u00ed\u010dek mamografie\" \/>\n<meta property=\"og:description\" content=\"P\u0159ipravili jsme pro V\u00e1s v\u00fdkladov\u00fd slovn\u00ed\u010dek, abyste se mohla sn\u00e1ze orientovat ve sv\u00e9 l\u00e9ka\u0159sk\u00e9 zpr\u00e1v\u011b nebo p\u0159i konzultaci s l\u00e9ka\u0159i.\" \/>\n<meta property=\"og:url\" content=\"https:\/\/buprague.cz\/en\/for-patients\/important-information\/dictionary\/\" \/>\n<meta property=\"og:site_name\" content=\"BUPrague\" \/>\n<meta property=\"article:modified_time\" content=\"2021-01-21T14:20:32+00:00\" \/>\n<meta name=\"twitter:card\" content=\"summary_large_image\" \/>\n<meta name=\"twitter:label1\" content=\"Estimated reading time\" \/>\n\t<meta name=\"twitter:data1\" content=\"8 minutes\" \/>\n<script type=\"application\/ld+json\" class=\"yoast-schema-graph\">{\"@context\":\"https:\\\/\\\/schema.org\",\"@graph\":[{\"@type\":\"WebPage\",\"@id\":\"https:\\\/\\\/buprague.cz\\\/pro-pacienty\\\/dulezite-informace\\\/slovnik-pojmu\\\/\",\"url\":\"https:\\\/\\\/buprague.cz\\\/pro-pacienty\\\/dulezite-informace\\\/slovnik-pojmu\\\/\",\"name\":\"Slovn\u00ed\u010dek mamografie\",\"isPartOf\":{\"@id\":\"https:\\\/\\\/buprague.cz\\\/#website\"},\"datePublished\":\"2017-09-26T10:24:16+00:00\",\"dateModified\":\"2021-01-21T14:20:32+00:00\",\"description\":\"P\u0159ipravili jsme pro V\u00e1s v\u00fdkladov\u00fd slovn\u00ed\u010dek, abyste se mohla sn\u00e1ze orientovat ve sv\u00e9 l\u00e9ka\u0159sk\u00e9 zpr\u00e1v\u011b nebo p\u0159i konzultaci s l\u00e9ka\u0159i.\",\"breadcrumb\":{\"@id\":\"https:\\\/\\\/buprague.cz\\\/pro-pacienty\\\/dulezite-informace\\\/slovnik-pojmu\\\/#breadcrumb\"},\"inLanguage\":\"en-GB\",\"potentialAction\":[{\"@type\":\"ReadAction\",\"target\":[\"https:\\\/\\\/buprague.cz\\\/pro-pacienty\\\/dulezite-informace\\\/slovnik-pojmu\\\/\"]}]},{\"@type\":\"BreadcrumbList\",\"@id\":\"https:\\\/\\\/buprague.cz\\\/pro-pacienty\\\/dulezite-informace\\\/slovnik-pojmu\\\/#breadcrumb\",\"itemListElement\":[{\"@type\":\"ListItem\",\"position\":1,\"name\":\"Home\",\"item\":\"https:\\\/\\\/buprague.cz\\\/\"},{\"@type\":\"ListItem\",\"position\":2,\"name\":\"Pro pacienty\",\"item\":\"https:\\\/\\\/buprague.cz\\\/pro-pacienty\\\/\"},{\"@type\":\"ListItem\",\"position\":3,\"name\":\"D\u016fle\u017eit\u00e9 informace\",\"item\":\"https:\\\/\\\/buprague.cz\\\/pro-pacienty\\\/dulezite-informace\\\/\"},{\"@type\":\"ListItem\",\"position\":4,\"name\":\"Slovn\u00edk pojm\u016f\"}]},{\"@type\":\"WebSite\",\"@id\":\"https:\\\/\\\/buprague.cz\\\/#website\",\"url\":\"https:\\\/\\\/buprague.cz\\\/\",\"name\":\"BUPrague\",\"description\":\"Mamma centrum Breast Unit Prague\",\"publisher\":{\"@id\":\"https:\\\/\\\/buprague.cz\\\/#organization\"},\"potentialAction\":[{\"@type\":\"SearchAction\",\"target\":{\"@type\":\"EntryPoint\",\"urlTemplate\":\"https:\\\/\\\/buprague.cz\\\/?s={search_term_string}\"},\"query-input\":{\"@type\":\"PropertyValueSpecification\",\"valueRequired\":true,\"valueName\":\"search_term_string\"}}],\"inLanguage\":\"en-GB\"},{\"@type\":\"Organization\",\"@id\":\"https:\\\/\\\/buprague.cz\\\/#organization\",\"name\":\"BUPrague\",\"url\":\"https:\\\/\\\/buprague.cz\\\/\",\"logo\":{\"@type\":\"ImageObject\",\"inLanguage\":\"en-GB\",\"@id\":\"https:\\\/\\\/buprague.cz\\\/#\\\/schema\\\/logo\\\/image\\\/\",\"url\":\"https:\\\/\\\/buprague.cz\\\/wp-content\\\/uploads\\\/2018\\\/03\\\/logo.svg\",\"contentUrl\":\"https:\\\/\\\/buprague.cz\\\/wp-content\\\/uploads\\\/2018\\\/03\\\/logo.svg\",\"width\":1012.99,\"height\":297.5,\"caption\":\"BUPrague\"},\"image\":{\"@id\":\"https:\\\/\\\/buprague.cz\\\/#\\\/schema\\\/logo\\\/image\\\/\"}}]}<\/script>\n<!-- \/ Yoast SEO plugin. -->","yoast_head_json":{"title":"Glossary of mammography","description":"We have prepared an explanatory glossary to help you navigate through your medical report or consultation with doctors.","robots":{"index":"index","follow":"follow","max-snippet":"max-snippet:-1","max-image-preview":"max-image-preview:large","max-video-preview":"max-video-preview:-1"},"canonical":"https:\/\/buprague.cz\/en\/for-patients\/important-information\/dictionary\/","og_locale":"en_GB","og_type":"article","og_title":"Slovn\u00ed\u010dek mamografie","og_description":"P\u0159ipravili jsme pro V\u00e1s v\u00fdkladov\u00fd slovn\u00ed\u010dek, abyste se mohla sn\u00e1ze orientovat ve sv\u00e9 l\u00e9ka\u0159sk\u00e9 zpr\u00e1v\u011b nebo p\u0159i konzultaci s l\u00e9ka\u0159i.","og_url":"https:\/\/buprague.cz\/en\/for-patients\/important-information\/dictionary\/","og_site_name":"BUPrague","article_modified_time":"2021-01-21T14:20:32+00:00","twitter_card":"summary_large_image","twitter_misc":{"Estimated reading time":"8 minutes"},"schema":{"@context":"https:\/\/schema.org","@graph":[{"@type":"WebPage","@id":"https:\/\/buprague.cz\/pro-pacienty\/dulezite-informace\/slovnik-pojmu\/","url":"https:\/\/buprague.cz\/pro-pacienty\/dulezite-informace\/slovnik-pojmu\/","name":"Glossary of mammography","isPartOf":{"@id":"https:\/\/buprague.cz\/#website"},"datePublished":"2017-09-26T10:24:16+00:00","dateModified":"2021-01-21T14:20:32+00:00","description":"We have prepared an explanatory glossary to help you navigate through your medical report or consultation with doctors.","breadcrumb":{"@id":"https:\/\/buprague.cz\/pro-pacienty\/dulezite-informace\/slovnik-pojmu\/#breadcrumb"},"inLanguage":"en-GB","potentialAction":[{"@type":"ReadAction","target":["https:\/\/buprague.cz\/pro-pacienty\/dulezite-informace\/slovnik-pojmu\/"]}]},{"@type":"BreadcrumbList","@id":"https:\/\/buprague.cz\/pro-pacienty\/dulezite-informace\/slovnik-pojmu\/#breadcrumb","itemListElement":[{"@type":"ListItem","position":1,"name":"Home","item":"https:\/\/buprague.cz\/"},{"@type":"ListItem","position":2,"name":"Pro pacienty","item":"https:\/\/buprague.cz\/pro-pacienty\/"},{"@type":"ListItem","position":3,"name":"D\u016fle\u017eit\u00e9 informace","item":"https:\/\/buprague.cz\/pro-pacienty\/dulezite-informace\/"},{"@type":"ListItem","position":4,"name":"Slovn\u00edk pojm\u016f"}]},{"@type":"WebSite","@id":"https:\/\/buprague.cz\/#website","url":"https:\/\/buprague.cz\/","name":"BUPrague","description":"Mamma Centre Breast Unit Prague","publisher":{"@id":"https:\/\/buprague.cz\/#organization"},"potentialAction":[{"@type":"SearchAction","target":{"@type":"EntryPoint","urlTemplate":"https:\/\/buprague.cz\/?s={search_term_string}"},"query-input":{"@type":"PropertyValueSpecification","valueRequired":true,"valueName":"search_term_string"}}],"inLanguage":"en-GB"},{"@type":"Organization","@id":"https:\/\/buprague.cz\/#organization","name":"BUPrague","url":"https:\/\/buprague.cz\/","logo":{"@type":"ImageObject","inLanguage":"en-GB","@id":"https:\/\/buprague.cz\/#\/schema\/logo\/image\/","url":"https:\/\/buprague.cz\/wp-content\/uploads\/2018\/03\/logo.svg","contentUrl":"https:\/\/buprague.cz\/wp-content\/uploads\/2018\/03\/logo.svg","width":1012.99,"height":297.5,"caption":"BUPrague"},"image":{"@id":"https:\/\/buprague.cz\/#\/schema\/logo\/image\/"}}]}},"_links":{"self":[{"href":"https:\/\/buprague.cz\/en\/wp-json\/wp\/v2\/pages\/13480","targetHints":{"allow":["GET"]}}],"collection":[{"href":"https:\/\/buprague.cz\/en\/wp-json\/wp\/v2\/pages"}],"about":[{"href":"https:\/\/buprague.cz\/en\/wp-json\/wp\/v2\/types\/page"}],"author":[{"embeddable":true,"href":"https:\/\/buprague.cz\/en\/wp-json\/wp\/v2\/users\/1"}],"replies":[{"embeddable":true,"href":"https:\/\/buprague.cz\/en\/wp-json\/wp\/v2\/comments?post=13480"}],"version-history":[{"count":0,"href":"https:\/\/buprague.cz\/en\/wp-json\/wp\/v2\/pages\/13480\/revisions"}],"up":[{"embeddable":true,"href":"https:\/\/buprague.cz\/en\/wp-json\/wp\/v2\/pages\/13336"}],"wp:attachment":[{"href":"https:\/\/buprague.cz\/en\/wp-json\/wp\/v2\/media?parent=13480"}],"curies":[{"name":"wp","href":"https:\/\/api.w.org\/{rel}","templated":true}]}}