{"id":13482,"date":"2017-09-26T12:24:27","date_gmt":"2017-09-26T10:24:27","guid":{"rendered":"https:\/\/buprague.princ.online\/?page_id=13482"},"modified":"2022-03-25T09:03:27","modified_gmt":"2022-03-25T08:03:27","slug":"praxe-pro-radiologicke-asistenty","status":"publish","type":"page","link":"https:\/\/buprague.cz\/en\/for-experts\/practice-for-radiology-assistants\/","title":{"rendered":"Practice for Radiology Assistants"},"content":{"rendered":"<div id=\"cmsmasters_row_zpt823m8m9\" class=\"cmsmasters_row cmsmasters_color_scheme_default cmsmasters_row_top_default cmsmasters_row_bot_default cmsmasters_row_boxed\">\n<div class=\"cmsmasters_row_outer_parent\">\n<div class=\"cmsmasters_row_outer\">\n<div class=\"cmsmasters_row_inner\">\n<div class=\"cmsmasters_row_margin\">\n<div id=\"cmsmasters_column_ubtvspof0s\" class=\"cmsmasters_column one_half\">\n<div class=\"cmsmasters_column_inner\"><div class=\"cmsmasters_text\">\n<h2>Specialization study<\/h2>\n<h3>Imaging in mammary diagnostics<br \/>\nOM3e module<\/h3>\n<p>Professional practice: 2 weeks (80 hours)<br \/>\nPlace of practice: Mamma centrum Opatov, L\u00edbalova 2348\/1, Prague 4, 149 00 Prague 11<br \/>\nParticipation fee: 10 000,- CZK<br \/>\nSupervisor. Mark\u00e9ta Boh\u00e1\u010dov\u00e1<br \/>\nContact person: Mgr. Mgr. \u0160t\u011bp\u00e1nka Pokorn\u00e1<br \/>\nTel. 773 748 865<br \/>\nEmail:\u00a0pokorna@buprague.cz<\/p>\n<\/div>\n<\/div><\/div>\n<div id=\"cmsmasters_column_hstm9zakls\" class=\"cmsmasters_column one_half\">\n<div class=\"cmsmasters_column_inner\"><div class=\"cmsmasters_img  cmsmasters_image_n\"><a href=\"https:\/\/buprague.cz\/wp-content\/uploads\/2015\/11\/Obr3.jpg\"><img decoding=\"async\" src=\"https:\/\/buprague.cz\/wp-content\/uploads\/2015\/11\/Obr3.jpg\" \/><\/a><\/div>\n<\/div><\/div>\n<\/div>\n<\/div>\n<\/div>\n<\/div>\n<\/div>\n<div id=\"cmsmasters_row_8e6yfjaske\" class=\"cmsmasters_row cmsmasters_color_scheme_default cmsmasters_row_top_default cmsmasters_row_bot_default cmsmasters_row_boxed\">\n<div class=\"cmsmasters_row_outer_parent\">\n<div class=\"cmsmasters_row_outer\">\n<div class=\"cmsmasters_row_inner\">\n<div class=\"cmsmasters_row_margin\">\n<div id=\"cmsmasters_column_zj3r4i2ktp\" class=\"cmsmasters_column one_first\">\n<div class=\"cmsmasters_column_inner\"><div class=\"cmsmasters_text\">\n<p>If you're interested in taking the Mammography Imaging Certification Practicum, here's a download <a href=\"https:\/\/buprague.cz\/wp-content\/uploads\/2017\/09\/p\u0159ihl\u00e1\u0161ka-na-praxi.doc\">application for internship<\/a>. Please send the signed application form to pokorna@buprague.cz or to Mamma centrum Opatov, L\u00edbalova 2348\/1, Prague 4, 149 00 Prague 11.<br \/>\nUpon acceptance of your application, we will contact you and send you an Internship Agreement to sign and an invoice for payment of the application fee.<\/p>\n<\/div>\n<\/div><\/div>\n<\/div>\n<\/div>\n<\/div>\n<\/div>\n<\/div>\n<div id=\"cmsmasters_row_\" class=\"cmsmasters_row cmsmasters_color_scheme_default cmsmasters_row_top_default cmsmasters_row_bot_default cmsmasters_row_boxed\">\n<div class=\"cmsmasters_row_outer_parent\">\n<div class=\"cmsmasters_row_outer\">\n<div class=\"cmsmasters_row_inner\">\n<div class=\"cmsmasters_row_margin\">\n<div id=\"cmsmasters_column_\" class=\"cmsmasters_column one_first\">\n<div class=\"cmsmasters_column_inner\"><div class=\"cmsmasters_text\">\n<h3>Content and aim of professional practice<\/h3>\n<p>The internship (2 weeks - 80 hours) is intended for radiology assistants enrolled in specialty training who wish to become proficient in mammary diagnostic imaging.<\/p>\n<h4>Target<\/h4>\n<p>1) By completing an accredited certified course (according to module OM 2e), the graduate obtains special competence in mammary diagnostic imaging. In addition to the oral examination, the successful completion of the course requires proof of completion of the professional practice according to module OM 3e.<br \/>\n2) deepening the theoretical knowledge acquired in the Certified Course in Mammographic Imaging<\/p>\n<h4>The content of the practice<\/h4>\n<p>1) practical practice of techniques used for breast imaging - correct positioning of basic mammographic projections, practical use of non-standard projections, techniques for imaging small and large breasts, immobile patients, men, etc. Imaging techniques in women after breast surgery, with implants, reconstructive procedures.<br \/>\n2) demonstration and practice of eliminating the most common errors in imaging<br \/>\n3) practical implementation of the use of manual and automatic capture modes, standardization of projections, compression and other input parameters<br \/>\n4) practical training of assisting in the whole spectrum of interventional procedures used in mammodiagnostics - core cut biopsy, vacuum biopsy, stereotactic biopsy, puncture, ductography, marking of lesions before surgical procedure.<br \/>\n5) familiarization with the organization of the screening mammography workplace<br \/>\n(6) Practical performance of operational stability tests and practice of troubleshooting failing tests<\/p>\n<h4>Recommended literature<\/h4>\n<p>ABRAH\u00c1MOV\u00c1, J., DU\u0160EK, L., et al. Possibilities of early detection of breast cancer, Prague, Grada, 2003.<br \/>\nDANE\u0160, J., et al. Basics of Mammography, Prague, X-Egem 2002.<br \/>\nPETRU\u017dELKA, L. Recommended procedures for general practitioners - breast cancer<br \/>\nSKOVAJSOV\u00c1, M, Mamodiagnostics, Prague, Gal\u00e9n 2003<br \/>\nTAB\u00c1R, L., TOT, T., B. Dean P: Brest Cancer - Early Detection with mammography,Thieme, Stuttgart, Germany, 2007.<br \/>\nOther sources of valid information: <a href=\"https:\/\/www.mamo.cz\">mom.cz<\/a>, <a href=\"https:\/\/www.linkos.cz\">linkos.cz<\/a><\/p>\n<\/div>\n<\/div><\/div>\n<\/div>\n<\/div>\n<\/div>\n<\/div>\n<\/div>","protected":false},"excerpt":{"rendered":"","protected":false},"author":1,"featured_media":0,"parent":13334,"menu_order":4,"comment_status":"closed","ping_status":"closed","template":"","meta":{"footnotes":""},"class_list":["post-13482","page","type-page","status-publish","hentry"],"yoast_head":"<!-- This site is optimized with the Yoast SEO plugin v27.5 - https:\/\/yoast.com\/product\/yoast-seo-wordpress\/ -->\n<title>Specializa\u010dn\u00ed vzd\u011bl\u00e1v\u00e1n\u00ed - mamografie<\/title>\n<meta name=\"description\" content=\"Pracovi\u0161t\u011b mamma centra H\u00e1je nab\u00edz\u00ed odbornou praxi pro poslucha\u010de specializa\u010dn\u00edho vzd\u011bl\u00e1v\u00e1n\u00ed v mamografick\u00e9m zobrazov\u00e1n\u00ed. Ve\u0161ker\u00e9 detaily naleznete zde, sta\u010d\u00ed kliknout.\" \/>\n<meta name=\"robots\" content=\"index, follow, max-snippet:-1, max-image-preview:large, max-video-preview:-1\" \/>\n<link rel=\"canonical\" href=\"https:\/\/buprague.cz\/en\/for-experts\/practice-for-radiology-assistants\/\" \/>\n<meta property=\"og:locale\" content=\"en_GB\" \/>\n<meta property=\"og:type\" content=\"article\" \/>\n<meta property=\"og:title\" content=\"Specializa\u010dn\u00ed vzd\u011bl\u00e1v\u00e1n\u00ed - mamografie\" \/>\n<meta property=\"og:description\" content=\"Pracovi\u0161t\u011b mamma centra H\u00e1je nab\u00edz\u00ed odbornou praxi pro poslucha\u010de specializa\u010dn\u00edho vzd\u011bl\u00e1v\u00e1n\u00ed v mamografick\u00e9m zobrazov\u00e1n\u00ed. Ve\u0161ker\u00e9 detaily naleznete zde, sta\u010d\u00ed kliknout.\" \/>\n<meta property=\"og:url\" content=\"https:\/\/buprague.cz\/en\/for-experts\/practice-for-radiology-assistants\/\" \/>\n<meta property=\"og:site_name\" content=\"BUPrague\" \/>\n<meta property=\"article:modified_time\" content=\"2022-03-25T08:03:27+00:00\" \/>\n<meta name=\"twitter:card\" content=\"summary_large_image\" \/>\n<meta name=\"twitter:label1\" content=\"Estimated reading time\" \/>\n\t<meta name=\"twitter:data1\" content=\"4 minutes\" \/>\n<script type=\"application\/ld+json\" class=\"yoast-schema-graph\">{\"@context\":\"https:\\\/\\\/schema.org\",\"@graph\":[{\"@type\":\"WebPage\",\"@id\":\"https:\\\/\\\/buprague.cz\\\/pro-odborniky\\\/praxe-pro-radiologicke-asistenty\\\/\",\"url\":\"https:\\\/\\\/buprague.cz\\\/pro-odborniky\\\/praxe-pro-radiologicke-asistenty\\\/\",\"name\":\"Specializa\u010dn\u00ed vzd\u011bl\u00e1v\u00e1n\u00ed - mamografie\",\"isPartOf\":{\"@id\":\"https:\\\/\\\/buprague.cz\\\/#website\"},\"datePublished\":\"2017-09-26T10:24:27+00:00\",\"dateModified\":\"2022-03-25T08:03:27+00:00\",\"description\":\"Pracovi\u0161t\u011b mamma centra H\u00e1je nab\u00edz\u00ed odbornou praxi pro poslucha\u010de specializa\u010dn\u00edho vzd\u011bl\u00e1v\u00e1n\u00ed v mamografick\u00e9m zobrazov\u00e1n\u00ed. Ve\u0161ker\u00e9 detaily naleznete zde, sta\u010d\u00ed kliknout.\",\"breadcrumb\":{\"@id\":\"https:\\\/\\\/buprague.cz\\\/pro-odborniky\\\/praxe-pro-radiologicke-asistenty\\\/#breadcrumb\"},\"inLanguage\":\"en-GB\",\"potentialAction\":[{\"@type\":\"ReadAction\",\"target\":[\"https:\\\/\\\/buprague.cz\\\/pro-odborniky\\\/praxe-pro-radiologicke-asistenty\\\/\"]}]},{\"@type\":\"BreadcrumbList\",\"@id\":\"https:\\\/\\\/buprague.cz\\\/pro-odborniky\\\/praxe-pro-radiologicke-asistenty\\\/#breadcrumb\",\"itemListElement\":[{\"@type\":\"ListItem\",\"position\":1,\"name\":\"Home\",\"item\":\"https:\\\/\\\/buprague.cz\\\/\"},{\"@type\":\"ListItem\",\"position\":2,\"name\":\"Pro odborn\u00edky\",\"item\":\"https:\\\/\\\/buprague.cz\\\/pro-odborniky\\\/\"},{\"@type\":\"ListItem\",\"position\":3,\"name\":\"Praxe pro radiologick\u00e9 asistenty\"}]},{\"@type\":\"WebSite\",\"@id\":\"https:\\\/\\\/buprague.cz\\\/#website\",\"url\":\"https:\\\/\\\/buprague.cz\\\/\",\"name\":\"BUPrague\",\"description\":\"Mamma centrum Breast Unit Prague\",\"publisher\":{\"@id\":\"https:\\\/\\\/buprague.cz\\\/#organization\"},\"potentialAction\":[{\"@type\":\"SearchAction\",\"target\":{\"@type\":\"EntryPoint\",\"urlTemplate\":\"https:\\\/\\\/buprague.cz\\\/?s={search_term_string}\"},\"query-input\":{\"@type\":\"PropertyValueSpecification\",\"valueRequired\":true,\"valueName\":\"search_term_string\"}}],\"inLanguage\":\"en-GB\"},{\"@type\":\"Organization\",\"@id\":\"https:\\\/\\\/buprague.cz\\\/#organization\",\"name\":\"BUPrague\",\"url\":\"https:\\\/\\\/buprague.cz\\\/\",\"logo\":{\"@type\":\"ImageObject\",\"inLanguage\":\"en-GB\",\"@id\":\"https:\\\/\\\/buprague.cz\\\/#\\\/schema\\\/logo\\\/image\\\/\",\"url\":\"https:\\\/\\\/buprague.cz\\\/wp-content\\\/uploads\\\/2018\\\/03\\\/logo.svg\",\"contentUrl\":\"https:\\\/\\\/buprague.cz\\\/wp-content\\\/uploads\\\/2018\\\/03\\\/logo.svg\",\"width\":1012.99,\"height\":297.5,\"caption\":\"BUPrague\"},\"image\":{\"@id\":\"https:\\\/\\\/buprague.cz\\\/#\\\/schema\\\/logo\\\/image\\\/\"}}]}<\/script>\n<!-- \/ Yoast SEO plugin. -->","yoast_head_json":{"title":"Specialisation training - mammography","description":"The H\u00e1je Mammography Centre offers professional practice for students of specialisation training in mammographic imaging. All details can be found here, just click here.","robots":{"index":"index","follow":"follow","max-snippet":"max-snippet:-1","max-image-preview":"max-image-preview:large","max-video-preview":"max-video-preview:-1"},"canonical":"https:\/\/buprague.cz\/en\/for-experts\/practice-for-radiology-assistants\/","og_locale":"en_GB","og_type":"article","og_title":"Specializa\u010dn\u00ed vzd\u011bl\u00e1v\u00e1n\u00ed - mamografie","og_description":"Pracovi\u0161t\u011b mamma centra H\u00e1je nab\u00edz\u00ed odbornou praxi pro poslucha\u010de specializa\u010dn\u00edho vzd\u011bl\u00e1v\u00e1n\u00ed v mamografick\u00e9m zobrazov\u00e1n\u00ed. Ve\u0161ker\u00e9 detaily naleznete zde, sta\u010d\u00ed kliknout.","og_url":"https:\/\/buprague.cz\/en\/for-experts\/practice-for-radiology-assistants\/","og_site_name":"BUPrague","article_modified_time":"2022-03-25T08:03:27+00:00","twitter_card":"summary_large_image","twitter_misc":{"Estimated reading time":"4 minutes"},"schema":{"@context":"https:\/\/schema.org","@graph":[{"@type":"WebPage","@id":"https:\/\/buprague.cz\/pro-odborniky\/praxe-pro-radiologicke-asistenty\/","url":"https:\/\/buprague.cz\/pro-odborniky\/praxe-pro-radiologicke-asistenty\/","name":"Specialisation training - mammography","isPartOf":{"@id":"https:\/\/buprague.cz\/#website"},"datePublished":"2017-09-26T10:24:27+00:00","dateModified":"2022-03-25T08:03:27+00:00","description":"The H\u00e1je Mammography Centre offers professional practice for students of specialisation training in mammographic imaging. All details can be found here, just click here.","breadcrumb":{"@id":"https:\/\/buprague.cz\/pro-odborniky\/praxe-pro-radiologicke-asistenty\/#breadcrumb"},"inLanguage":"en-GB","potentialAction":[{"@type":"ReadAction","target":["https:\/\/buprague.cz\/pro-odborniky\/praxe-pro-radiologicke-asistenty\/"]}]},{"@type":"BreadcrumbList","@id":"https:\/\/buprague.cz\/pro-odborniky\/praxe-pro-radiologicke-asistenty\/#breadcrumb","itemListElement":[{"@type":"ListItem","position":1,"name":"Home","item":"https:\/\/buprague.cz\/"},{"@type":"ListItem","position":2,"name":"Pro odborn\u00edky","item":"https:\/\/buprague.cz\/pro-odborniky\/"},{"@type":"ListItem","position":3,"name":"Praxe pro radiologick\u00e9 asistenty"}]},{"@type":"WebSite","@id":"https:\/\/buprague.cz\/#website","url":"https:\/\/buprague.cz\/","name":"BUPrague","description":"Mamma Centre Breast Unit Prague","publisher":{"@id":"https:\/\/buprague.cz\/#organization"},"potentialAction":[{"@type":"SearchAction","target":{"@type":"EntryPoint","urlTemplate":"https:\/\/buprague.cz\/?s={search_term_string}"},"query-input":{"@type":"PropertyValueSpecification","valueRequired":true,"valueName":"search_term_string"}}],"inLanguage":"en-GB"},{"@type":"Organization","@id":"https:\/\/buprague.cz\/#organization","name":"BUPrague","url":"https:\/\/buprague.cz\/","logo":{"@type":"ImageObject","inLanguage":"en-GB","@id":"https:\/\/buprague.cz\/#\/schema\/logo\/image\/","url":"https:\/\/buprague.cz\/wp-content\/uploads\/2018\/03\/logo.svg","contentUrl":"https:\/\/buprague.cz\/wp-content\/uploads\/2018\/03\/logo.svg","width":1012.99,"height":297.5,"caption":"BUPrague"},"image":{"@id":"https:\/\/buprague.cz\/#\/schema\/logo\/image\/"}}]}},"_links":{"self":[{"href":"https:\/\/buprague.cz\/en\/wp-json\/wp\/v2\/pages\/13482","targetHints":{"allow":["GET"]}}],"collection":[{"href":"https:\/\/buprague.cz\/en\/wp-json\/wp\/v2\/pages"}],"about":[{"href":"https:\/\/buprague.cz\/en\/wp-json\/wp\/v2\/types\/page"}],"author":[{"embeddable":true,"href":"https:\/\/buprague.cz\/en\/wp-json\/wp\/v2\/users\/1"}],"replies":[{"embeddable":true,"href":"https:\/\/buprague.cz\/en\/wp-json\/wp\/v2\/comments?post=13482"}],"version-history":[{"count":0,"href":"https:\/\/buprague.cz\/en\/wp-json\/wp\/v2\/pages\/13482\/revisions"}],"up":[{"embeddable":true,"href":"https:\/\/buprague.cz\/en\/wp-json\/wp\/v2\/pages\/13334"}],"wp:attachment":[{"href":"https:\/\/buprague.cz\/en\/wp-json\/wp\/v2\/media?parent=13482"}],"curies":[{"name":"wp","href":"https:\/\/api.w.org\/{rel}","templated":true}]}}