{"id":13484,"date":"2017-09-26T12:24:39","date_gmt":"2017-09-26T10:24:39","guid":{"rendered":"https:\/\/buprague.princ.online\/?page_id=13484"},"modified":"2023-11-22T16:05:19","modified_gmt":"2023-11-22T15:05:19","slug":"elektronicka-komunikace","status":"publish","type":"page","link":"https:\/\/buprague.cz\/en\/for-experts\/electronic-communication\/","title":{"rendered":"Electronic communication MEX"},"content":{"rendered":"<div id=\"cmsmasters_row_\" class=\"cmsmasters_row cmsmasters_color_scheme_default cmsmasters_row_top_default cmsmasters_row_bot_default cmsmasters_row_boxed\">\n<div class=\"cmsmasters_row_outer_parent\">\n<div class=\"cmsmasters_row_outer\">\n<div class=\"cmsmasters_row_inner\">\n<div class=\"cmsmasters_row_margin\">\n<div id=\"cmsmasters_column_\" class=\"cmsmasters_column one_first\">\n<div class=\"cmsmasters_column_inner\"><div class=\"cmsmasters_text\">\n<p>Dear colleague, dear colleague,<\/p>\n<p>are you interested in getting your patients' results on your computer as soon as possible? We offer you electronic transmission of results via the MEX system.<\/p>\n<p>MEX is a system for <strong>secure electronic transmission of results<\/strong> examinations, medical reports and other medical data <strong>between health facilities<\/strong>or doctors' surgeries. It works on a national data standard <a href=\"https:\/\/www.dastacr.cz\/\">DaSta<\/a>.<\/p>\n<h2><strong><span style=\"color: #ff99cc;\">Possibilities of use<\/span><\/strong><\/h2>\n<p><span style=\"color: #000000;\">1. <strong>online<\/strong> Viewing <strong>via a secure interface<\/strong> in a regular browser (Explorer, Mozilla,...)<\/span><\/p>\n<p>2. <strong>in direct connection with your NIS<\/strong> or outpatient software (PC Doctor, Amicus, Medicus,...)<br \/>\nThe transmission of results from laboratories also works on this principle. If you use this system with your partner laboratory, we will be happy to extend the service to include mammography results.<\/p>\n<p>Using the service and installing the link is <strong>completely FREE<\/strong>. To ensure security, you must sign a mutual agreement to protect access data and data.<\/p>\n<p>For more information or if you are interested in installing this service, please contact us by email at <a href=\"mailto:srnova@buprague.cz\">srnova@buprague.cz<\/a> or by phone at <a href=\"tel:\/773\u00a0748\u00a0852\">773\u00a0748\u00a0852<\/a>.<\/p>\n<p>&nbsp;<\/p>\n<p>&nbsp;<\/p>\n<\/div>\n<\/div><\/div>\n<\/div>\n<\/div>\n<\/div>\n<\/div>\n<\/div>","protected":false},"excerpt":{"rendered":"","protected":false},"author":1,"featured_media":0,"parent":13334,"menu_order":2,"comment_status":"closed","ping_status":"closed","template":"","meta":{"footnotes":""},"class_list":["post-13484","page","type-page","status-publish","hentry"],"yoast_head":"<!-- This site is optimized with the Yoast SEO plugin v27.5 - https:\/\/yoast.com\/product\/yoast-seo-wordpress\/ -->\n<title>Elektronick\u00e1 komunikace - Breast Unit Prague<\/title>\n<meta name=\"description\" content=\"L\u00e9ka\u0159\u016fm nab\u00edz\u00edme mo\u017enost bezplatn\u00e9ho odes\u00edl\u00e1n\u00ed v\u00fdsledk\u016f p\u0159\u00edmo do jejich PC prost\u0159ednictv\u00edm za\u0161ifrovan\u00e9 elektronick\u00e9 komunikace.\" \/>\n<meta name=\"robots\" content=\"index, follow, max-snippet:-1, max-image-preview:large, max-video-preview:-1\" \/>\n<link rel=\"canonical\" href=\"https:\/\/buprague.cz\/en\/for-experts\/electronic-communication\/\" \/>\n<meta property=\"og:locale\" content=\"en_GB\" \/>\n<meta property=\"og:type\" content=\"article\" \/>\n<meta property=\"og:title\" content=\"Elektronick\u00e1 komunikace - Breast Unit Prague\" \/>\n<meta property=\"og:description\" content=\"L\u00e9ka\u0159\u016fm nab\u00edz\u00edme mo\u017enost bezplatn\u00e9ho odes\u00edl\u00e1n\u00ed v\u00fdsledk\u016f p\u0159\u00edmo do jejich PC prost\u0159ednictv\u00edm za\u0161ifrovan\u00e9 elektronick\u00e9 komunikace.\" \/>\n<meta property=\"og:url\" content=\"https:\/\/buprague.cz\/en\/for-experts\/electronic-communication\/\" \/>\n<meta property=\"og:site_name\" content=\"BUPrague\" \/>\n<meta property=\"article:modified_time\" content=\"2023-11-22T15:05:19+00:00\" \/>\n<meta name=\"twitter:card\" content=\"summary_large_image\" \/>\n<meta name=\"twitter:label1\" content=\"Estimated reading time\" \/>\n\t<meta name=\"twitter:data1\" content=\"1 minute\" \/>\n<script type=\"application\/ld+json\" class=\"yoast-schema-graph\">{\"@context\":\"https:\\\/\\\/schema.org\",\"@graph\":[{\"@type\":\"WebPage\",\"@id\":\"https:\\\/\\\/buprague.cz\\\/pro-odborniky\\\/elektronicka-komunikace\\\/\",\"url\":\"https:\\\/\\\/buprague.cz\\\/pro-odborniky\\\/elektronicka-komunikace\\\/\",\"name\":\"Elektronick\u00e1 komunikace - Breast Unit Prague\",\"isPartOf\":{\"@id\":\"https:\\\/\\\/buprague.cz\\\/#website\"},\"datePublished\":\"2017-09-26T10:24:39+00:00\",\"dateModified\":\"2023-11-22T15:05:19+00:00\",\"description\":\"L\u00e9ka\u0159\u016fm nab\u00edz\u00edme mo\u017enost bezplatn\u00e9ho odes\u00edl\u00e1n\u00ed v\u00fdsledk\u016f p\u0159\u00edmo do jejich PC prost\u0159ednictv\u00edm za\u0161ifrovan\u00e9 elektronick\u00e9 komunikace.\",\"breadcrumb\":{\"@id\":\"https:\\\/\\\/buprague.cz\\\/pro-odborniky\\\/elektronicka-komunikace\\\/#breadcrumb\"},\"inLanguage\":\"en-GB\",\"potentialAction\":[{\"@type\":\"ReadAction\",\"target\":[\"https:\\\/\\\/buprague.cz\\\/pro-odborniky\\\/elektronicka-komunikace\\\/\"]}]},{\"@type\":\"BreadcrumbList\",\"@id\":\"https:\\\/\\\/buprague.cz\\\/pro-odborniky\\\/elektronicka-komunikace\\\/#breadcrumb\",\"itemListElement\":[{\"@type\":\"ListItem\",\"position\":1,\"name\":\"Home\",\"item\":\"https:\\\/\\\/buprague.cz\\\/\"},{\"@type\":\"ListItem\",\"position\":2,\"name\":\"Pro odborn\u00edky\",\"item\":\"https:\\\/\\\/buprague.cz\\\/pro-odborniky\\\/\"},{\"@type\":\"ListItem\",\"position\":3,\"name\":\"Elektronick\u00e1 komunikace MEX\"}]},{\"@type\":\"WebSite\",\"@id\":\"https:\\\/\\\/buprague.cz\\\/#website\",\"url\":\"https:\\\/\\\/buprague.cz\\\/\",\"name\":\"BUPrague\",\"description\":\"Mamma centrum Breast Unit Prague\",\"publisher\":{\"@id\":\"https:\\\/\\\/buprague.cz\\\/#organization\"},\"potentialAction\":[{\"@type\":\"SearchAction\",\"target\":{\"@type\":\"EntryPoint\",\"urlTemplate\":\"https:\\\/\\\/buprague.cz\\\/?s={search_term_string}\"},\"query-input\":{\"@type\":\"PropertyValueSpecification\",\"valueRequired\":true,\"valueName\":\"search_term_string\"}}],\"inLanguage\":\"en-GB\"},{\"@type\":\"Organization\",\"@id\":\"https:\\\/\\\/buprague.cz\\\/#organization\",\"name\":\"BUPrague\",\"url\":\"https:\\\/\\\/buprague.cz\\\/\",\"logo\":{\"@type\":\"ImageObject\",\"inLanguage\":\"en-GB\",\"@id\":\"https:\\\/\\\/buprague.cz\\\/#\\\/schema\\\/logo\\\/image\\\/\",\"url\":\"https:\\\/\\\/buprague.cz\\\/wp-content\\\/uploads\\\/2018\\\/03\\\/logo.svg\",\"contentUrl\":\"https:\\\/\\\/buprague.cz\\\/wp-content\\\/uploads\\\/2018\\\/03\\\/logo.svg\",\"width\":1012.99,\"height\":297.5,\"caption\":\"BUPrague\"},\"image\":{\"@id\":\"https:\\\/\\\/buprague.cz\\\/#\\\/schema\\\/logo\\\/image\\\/\"}}]}<\/script>\n<!-- \/ Yoast SEO plugin. -->","yoast_head_json":{"title":"Electronic communication - Breast Unit Prague","description":"We offer doctors the possibility to send results directly to their PC via encrypted electronic communication free of charge.","robots":{"index":"index","follow":"follow","max-snippet":"max-snippet:-1","max-image-preview":"max-image-preview:large","max-video-preview":"max-video-preview:-1"},"canonical":"https:\/\/buprague.cz\/en\/for-experts\/electronic-communication\/","og_locale":"en_GB","og_type":"article","og_title":"Elektronick\u00e1 komunikace - Breast Unit Prague","og_description":"L\u00e9ka\u0159\u016fm nab\u00edz\u00edme mo\u017enost bezplatn\u00e9ho odes\u00edl\u00e1n\u00ed v\u00fdsledk\u016f p\u0159\u00edmo do jejich PC prost\u0159ednictv\u00edm za\u0161ifrovan\u00e9 elektronick\u00e9 komunikace.","og_url":"https:\/\/buprague.cz\/en\/for-experts\/electronic-communication\/","og_site_name":"BUPrague","article_modified_time":"2023-11-22T15:05:19+00:00","twitter_card":"summary_large_image","twitter_misc":{"Estimated reading time":"1 minute"},"schema":{"@context":"https:\/\/schema.org","@graph":[{"@type":"WebPage","@id":"https:\/\/buprague.cz\/pro-odborniky\/elektronicka-komunikace\/","url":"https:\/\/buprague.cz\/pro-odborniky\/elektronicka-komunikace\/","name":"Electronic communication - Breast Unit Prague","isPartOf":{"@id":"https:\/\/buprague.cz\/#website"},"datePublished":"2017-09-26T10:24:39+00:00","dateModified":"2023-11-22T15:05:19+00:00","description":"We offer doctors the possibility to send results directly to their PC via encrypted electronic communication free of charge.","breadcrumb":{"@id":"https:\/\/buprague.cz\/pro-odborniky\/elektronicka-komunikace\/#breadcrumb"},"inLanguage":"en-GB","potentialAction":[{"@type":"ReadAction","target":["https:\/\/buprague.cz\/pro-odborniky\/elektronicka-komunikace\/"]}]},{"@type":"BreadcrumbList","@id":"https:\/\/buprague.cz\/pro-odborniky\/elektronicka-komunikace\/#breadcrumb","itemListElement":[{"@type":"ListItem","position":1,"name":"Home","item":"https:\/\/buprague.cz\/"},{"@type":"ListItem","position":2,"name":"Pro odborn\u00edky","item":"https:\/\/buprague.cz\/pro-odborniky\/"},{"@type":"ListItem","position":3,"name":"Elektronick\u00e1 komunikace MEX"}]},{"@type":"WebSite","@id":"https:\/\/buprague.cz\/#website","url":"https:\/\/buprague.cz\/","name":"BUPrague","description":"Mamma Centre Breast Unit Prague","publisher":{"@id":"https:\/\/buprague.cz\/#organization"},"potentialAction":[{"@type":"SearchAction","target":{"@type":"EntryPoint","urlTemplate":"https:\/\/buprague.cz\/?s={search_term_string}"},"query-input":{"@type":"PropertyValueSpecification","valueRequired":true,"valueName":"search_term_string"}}],"inLanguage":"en-GB"},{"@type":"Organization","@id":"https:\/\/buprague.cz\/#organization","name":"BUPrague","url":"https:\/\/buprague.cz\/","logo":{"@type":"ImageObject","inLanguage":"en-GB","@id":"https:\/\/buprague.cz\/#\/schema\/logo\/image\/","url":"https:\/\/buprague.cz\/wp-content\/uploads\/2018\/03\/logo.svg","contentUrl":"https:\/\/buprague.cz\/wp-content\/uploads\/2018\/03\/logo.svg","width":1012.99,"height":297.5,"caption":"BUPrague"},"image":{"@id":"https:\/\/buprague.cz\/#\/schema\/logo\/image\/"}}]}},"_links":{"self":[{"href":"https:\/\/buprague.cz\/en\/wp-json\/wp\/v2\/pages\/13484","targetHints":{"allow":["GET"]}}],"collection":[{"href":"https:\/\/buprague.cz\/en\/wp-json\/wp\/v2\/pages"}],"about":[{"href":"https:\/\/buprague.cz\/en\/wp-json\/wp\/v2\/types\/page"}],"author":[{"embeddable":true,"href":"https:\/\/buprague.cz\/en\/wp-json\/wp\/v2\/users\/1"}],"replies":[{"embeddable":true,"href":"https:\/\/buprague.cz\/en\/wp-json\/wp\/v2\/comments?post=13484"}],"version-history":[{"count":1,"href":"https:\/\/buprague.cz\/en\/wp-json\/wp\/v2\/pages\/13484\/revisions"}],"predecessor-version":[{"id":16576,"href":"https:\/\/buprague.cz\/en\/wp-json\/wp\/v2\/pages\/13484\/revisions\/16576"}],"up":[{"embeddable":true,"href":"https:\/\/buprague.cz\/en\/wp-json\/wp\/v2\/pages\/13334"}],"wp:attachment":[{"href":"https:\/\/buprague.cz\/en\/wp-json\/wp\/v2\/media?parent=13484"}],"curies":[{"name":"wp","href":"https:\/\/api.w.org\/{rel}","templated":true}]}}