{"id":13486,"date":"2017-09-26T12:24:54","date_gmt":"2017-09-26T10:24:54","guid":{"rendered":"https:\/\/buprague.princ.online\/?page_id=13486"},"modified":"2026-01-29T20:27:10","modified_gmt":"2026-01-29T19:27:10","slug":"seminar","status":"publish","type":"page","link":"https:\/\/buprague.cz\/en\/for-experts\/seminar\/","title":{"rendered":"Professional Seminars"},"content":{"rendered":"<div id=\"cmsmasters_row_\" class=\"cmsmasters_row cmsmasters_color_scheme_default cmsmasters_row_top_default cmsmasters_row_bot_default cmsmasters_row_boxed\">\n<div class=\"cmsmasters_row_outer_parent\">\n<div class=\"cmsmasters_row_outer\">\n<div class=\"cmsmasters_row_inner\">\n<div class=\"cmsmasters_row_margin\">\n<div id=\"cmsmasters_column_\" class=\"cmsmasters_column one_first\">\n<div class=\"cmsmasters_column_inner\"><div class=\"cmsmasters_text\">\n<h2>Educational Events for Doctors and Non-medical Staff<\/h2>\n<p><img loading=\"lazy\" decoding=\"async\" class=\"alignnone size-full wp-image-16973\" src=\"https:\/\/buprague.cz\/wp-content\/uploads\/2026\/01\/BUPR-pozvanka-seminare-3.2026.jpeg\" alt=\"\" width=\"2480\" height=\"1866\" srcset=\"https:\/\/buprague.cz\/wp-content\/uploads\/2026\/01\/BUPR-pozvanka-seminare-3.2026.jpeg 2480w, https:\/\/buprague.cz\/wp-content\/uploads\/2026\/01\/BUPR-pozvanka-seminare-3.2026-300x226.jpeg 300w, https:\/\/buprague.cz\/wp-content\/uploads\/2026\/01\/BUPR-pozvanka-seminare-3.2026-1024x770.jpeg 1024w, https:\/\/buprague.cz\/wp-content\/uploads\/2026\/01\/BUPR-pozvanka-seminare-3.2026-768x578.jpeg 768w, https:\/\/buprague.cz\/wp-content\/uploads\/2026\/01\/BUPR-pozvanka-seminare-3.2026-1536x1156.jpeg 1536w, https:\/\/buprague.cz\/wp-content\/uploads\/2026\/01\/BUPR-pozvanka-seminare-3.2026-2048x1541.jpeg 2048w, https:\/\/buprague.cz\/wp-content\/uploads\/2026\/01\/BUPR-pozvanka-seminare-3.2026-16x12.jpeg 16w, https:\/\/buprague.cz\/wp-content\/uploads\/2026\/01\/BUPR-pozvanka-seminare-3.2026-580x436.jpeg 580w, https:\/\/buprague.cz\/wp-content\/uploads\/2026\/01\/BUPR-pozvanka-seminare-3.2026-860x647.jpeg 860w, https:\/\/buprague.cz\/wp-content\/uploads\/2026\/01\/BUPR-pozvanka-seminare-3.2026-1160x873.jpeg 1160w\" sizes=\"auto, (max-width: 2480px) 100vw, 2480px\" \/><\/p>\n<p>&nbsp;<\/p>\n<div class=\"innerShortcode\">\n<div class=\"innerContent\">\n<div>\n<p>You can find out about upcoming events through this website or we can inform you about organised events via email.<\/p>\n<p>If you wish to be regularly informed about our events, please let us know at: <a href=\"mailto:podpora@buprague.cz\">podpora@buprague.cz<\/a>\u00a0and put \"training event\" in the subject line.<\/p>\n<\/div>\n<\/div>\n<\/div>\n<\/div>\n<\/div><\/div>\n<\/div>\n<\/div>\n<\/div>\n<\/div>\n<\/div>","protected":false},"excerpt":{"rendered":"","protected":false},"author":1,"featured_media":0,"parent":13334,"menu_order":3,"comment_status":"closed","ping_status":"closed","template":"","meta":{"footnotes":""},"class_list":["post-13486","page","type-page","status-publish","hentry"],"yoast_head":"<!-- This site is optimized with the Yoast SEO plugin v27.5 - https:\/\/yoast.com\/product\/yoast-seo-wordpress\/ -->\n<title>Odborn\u00e9 semin\u00e1\u0159e mamologie - Breast Unit Prague<\/title>\n<meta name=\"description\" content=\"Odborn\u00e9 semin\u00e1\u0159e mamologie a dal\u0161\u00ed vzd\u011bl\u00e1vac\u00ed akce po\u0159\u00e1dan\u00e9 Breast Unit Prague\" \/>\n<meta name=\"robots\" content=\"index, follow, max-snippet:-1, max-image-preview:large, max-video-preview:-1\" \/>\n<link rel=\"canonical\" href=\"https:\/\/buprague.cz\/en\/for-experts\/seminar\/\" \/>\n<meta property=\"og:locale\" content=\"en_GB\" \/>\n<meta property=\"og:type\" content=\"article\" \/>\n<meta property=\"og:title\" content=\"Odborn\u00e9 semin\u00e1\u0159e mamologie - Breast Unit Prague\" \/>\n<meta property=\"og:description\" content=\"Odborn\u00e9 semin\u00e1\u0159e mamologie a dal\u0161\u00ed vzd\u011bl\u00e1vac\u00ed akce po\u0159\u00e1dan\u00e9 Breast Unit Prague\" \/>\n<meta property=\"og:url\" content=\"https:\/\/buprague.cz\/en\/for-experts\/seminar\/\" \/>\n<meta property=\"og:site_name\" content=\"BUPrague\" \/>\n<meta property=\"article:modified_time\" content=\"2026-01-29T19:27:10+00:00\" \/>\n<meta property=\"og:image\" content=\"https:\/\/buprague.cz\/wp-content\/uploads\/2026\/01\/BUPR-pozvanka-seminare-3.2026.jpeg\" \/>\n\t<meta property=\"og:image:width\" content=\"2480\" \/>\n\t<meta property=\"og:image:height\" content=\"1866\" \/>\n\t<meta property=\"og:image:type\" content=\"image\/jpeg\" \/>\n<meta name=\"twitter:card\" content=\"summary_large_image\" \/>\n<meta name=\"twitter:label1\" content=\"Estimated reading time\" \/>\n\t<meta name=\"twitter:data1\" content=\"1 minute\" \/>\n<script type=\"application\/ld+json\" class=\"yoast-schema-graph\">{\"@context\":\"https:\\\/\\\/schema.org\",\"@graph\":[{\"@type\":\"WebPage\",\"@id\":\"https:\\\/\\\/buprague.cz\\\/pro-odborniky\\\/seminar\\\/\",\"url\":\"https:\\\/\\\/buprague.cz\\\/pro-odborniky\\\/seminar\\\/\",\"name\":\"Odborn\u00e9 semin\u00e1\u0159e mamologie - Breast Unit Prague\",\"isPartOf\":{\"@id\":\"https:\\\/\\\/buprague.cz\\\/#website\"},\"primaryImageOfPage\":{\"@id\":\"https:\\\/\\\/buprague.cz\\\/pro-odborniky\\\/seminar\\\/#primaryimage\"},\"image\":{\"@id\":\"https:\\\/\\\/buprague.cz\\\/pro-odborniky\\\/seminar\\\/#primaryimage\"},\"thumbnailUrl\":\"https:\\\/\\\/buprague.cz\\\/wp-content\\\/uploads\\\/2026\\\/01\\\/BUPR-pozvanka-seminare-3.2026.jpeg\",\"datePublished\":\"2017-09-26T10:24:54+00:00\",\"dateModified\":\"2026-01-29T19:27:10+00:00\",\"description\":\"Odborn\u00e9 semin\u00e1\u0159e mamologie a dal\u0161\u00ed vzd\u011bl\u00e1vac\u00ed akce po\u0159\u00e1dan\u00e9 Breast Unit Prague\",\"breadcrumb\":{\"@id\":\"https:\\\/\\\/buprague.cz\\\/pro-odborniky\\\/seminar\\\/#breadcrumb\"},\"inLanguage\":\"en-GB\",\"potentialAction\":[{\"@type\":\"ReadAction\",\"target\":[\"https:\\\/\\\/buprague.cz\\\/pro-odborniky\\\/seminar\\\/\"]}]},{\"@type\":\"ImageObject\",\"inLanguage\":\"en-GB\",\"@id\":\"https:\\\/\\\/buprague.cz\\\/pro-odborniky\\\/seminar\\\/#primaryimage\",\"url\":\"https:\\\/\\\/buprague.cz\\\/wp-content\\\/uploads\\\/2026\\\/01\\\/BUPR-pozvanka-seminare-3.2026.jpeg\",\"contentUrl\":\"https:\\\/\\\/buprague.cz\\\/wp-content\\\/uploads\\\/2026\\\/01\\\/BUPR-pozvanka-seminare-3.2026.jpeg\"},{\"@type\":\"BreadcrumbList\",\"@id\":\"https:\\\/\\\/buprague.cz\\\/pro-odborniky\\\/seminar\\\/#breadcrumb\",\"itemListElement\":[{\"@type\":\"ListItem\",\"position\":1,\"name\":\"Home\",\"item\":\"https:\\\/\\\/buprague.cz\\\/\"},{\"@type\":\"ListItem\",\"position\":2,\"name\":\"Pro odborn\u00edky\",\"item\":\"https:\\\/\\\/buprague.cz\\\/pro-odborniky\\\/\"},{\"@type\":\"ListItem\",\"position\":3,\"name\":\"Odborn\u00e9 semin\u00e1\u0159e\"}]},{\"@type\":\"WebSite\",\"@id\":\"https:\\\/\\\/buprague.cz\\\/#website\",\"url\":\"https:\\\/\\\/buprague.cz\\\/\",\"name\":\"BUPrague\",\"description\":\"Mamma centrum Breast Unit Prague\",\"publisher\":{\"@id\":\"https:\\\/\\\/buprague.cz\\\/#organization\"},\"potentialAction\":[{\"@type\":\"SearchAction\",\"target\":{\"@type\":\"EntryPoint\",\"urlTemplate\":\"https:\\\/\\\/buprague.cz\\\/?s={search_term_string}\"},\"query-input\":{\"@type\":\"PropertyValueSpecification\",\"valueRequired\":true,\"valueName\":\"search_term_string\"}}],\"inLanguage\":\"en-GB\"},{\"@type\":\"Organization\",\"@id\":\"https:\\\/\\\/buprague.cz\\\/#organization\",\"name\":\"BUPrague\",\"url\":\"https:\\\/\\\/buprague.cz\\\/\",\"logo\":{\"@type\":\"ImageObject\",\"inLanguage\":\"en-GB\",\"@id\":\"https:\\\/\\\/buprague.cz\\\/#\\\/schema\\\/logo\\\/image\\\/\",\"url\":\"https:\\\/\\\/buprague.cz\\\/wp-content\\\/uploads\\\/2018\\\/03\\\/logo.svg\",\"contentUrl\":\"https:\\\/\\\/buprague.cz\\\/wp-content\\\/uploads\\\/2018\\\/03\\\/logo.svg\",\"width\":1012.99,\"height\":297.5,\"caption\":\"BUPrague\"},\"image\":{\"@id\":\"https:\\\/\\\/buprague.cz\\\/#\\\/schema\\\/logo\\\/image\\\/\"}}]}<\/script>\n<!-- \/ Yoast SEO plugin. -->","yoast_head_json":{"title":"Mammology seminars - Breast Unit Prague","description":"Mammology seminars and other educational events organized by Breast Unit Prague","robots":{"index":"index","follow":"follow","max-snippet":"max-snippet:-1","max-image-preview":"max-image-preview:large","max-video-preview":"max-video-preview:-1"},"canonical":"https:\/\/buprague.cz\/en\/for-experts\/seminar\/","og_locale":"en_GB","og_type":"article","og_title":"Odborn\u00e9 semin\u00e1\u0159e mamologie - Breast Unit Prague","og_description":"Odborn\u00e9 semin\u00e1\u0159e mamologie a dal\u0161\u00ed vzd\u011bl\u00e1vac\u00ed akce po\u0159\u00e1dan\u00e9 Breast Unit Prague","og_url":"https:\/\/buprague.cz\/en\/for-experts\/seminar\/","og_site_name":"BUPrague","article_modified_time":"2026-01-29T19:27:10+00:00","og_image":[{"width":2480,"height":1866,"url":"https:\/\/buprague.cz\/wp-content\/uploads\/2026\/01\/BUPR-pozvanka-seminare-3.2026.jpeg","type":"image\/jpeg"}],"twitter_card":"summary_large_image","twitter_misc":{"Estimated reading time":"1 minute"},"schema":{"@context":"https:\/\/schema.org","@graph":[{"@type":"WebPage","@id":"https:\/\/buprague.cz\/pro-odborniky\/seminar\/","url":"https:\/\/buprague.cz\/pro-odborniky\/seminar\/","name":"Mammology seminars - Breast Unit Prague","isPartOf":{"@id":"https:\/\/buprague.cz\/#website"},"primaryImageOfPage":{"@id":"https:\/\/buprague.cz\/pro-odborniky\/seminar\/#primaryimage"},"image":{"@id":"https:\/\/buprague.cz\/pro-odborniky\/seminar\/#primaryimage"},"thumbnailUrl":"https:\/\/buprague.cz\/wp-content\/uploads\/2026\/01\/BUPR-pozvanka-seminare-3.2026.jpeg","datePublished":"2017-09-26T10:24:54+00:00","dateModified":"2026-01-29T19:27:10+00:00","description":"Mammology seminars and other educational events organized by Breast Unit Prague","breadcrumb":{"@id":"https:\/\/buprague.cz\/pro-odborniky\/seminar\/#breadcrumb"},"inLanguage":"en-GB","potentialAction":[{"@type":"ReadAction","target":["https:\/\/buprague.cz\/pro-odborniky\/seminar\/"]}]},{"@type":"ImageObject","inLanguage":"en-GB","@id":"https:\/\/buprague.cz\/pro-odborniky\/seminar\/#primaryimage","url":"https:\/\/buprague.cz\/wp-content\/uploads\/2026\/01\/BUPR-pozvanka-seminare-3.2026.jpeg","contentUrl":"https:\/\/buprague.cz\/wp-content\/uploads\/2026\/01\/BUPR-pozvanka-seminare-3.2026.jpeg"},{"@type":"BreadcrumbList","@id":"https:\/\/buprague.cz\/pro-odborniky\/seminar\/#breadcrumb","itemListElement":[{"@type":"ListItem","position":1,"name":"Home","item":"https:\/\/buprague.cz\/"},{"@type":"ListItem","position":2,"name":"Pro odborn\u00edky","item":"https:\/\/buprague.cz\/pro-odborniky\/"},{"@type":"ListItem","position":3,"name":"Odborn\u00e9 semin\u00e1\u0159e"}]},{"@type":"WebSite","@id":"https:\/\/buprague.cz\/#website","url":"https:\/\/buprague.cz\/","name":"BUPrague","description":"Mamma Centre Breast Unit Prague","publisher":{"@id":"https:\/\/buprague.cz\/#organization"},"potentialAction":[{"@type":"SearchAction","target":{"@type":"EntryPoint","urlTemplate":"https:\/\/buprague.cz\/?s={search_term_string}"},"query-input":{"@type":"PropertyValueSpecification","valueRequired":true,"valueName":"search_term_string"}}],"inLanguage":"en-GB"},{"@type":"Organization","@id":"https:\/\/buprague.cz\/#organization","name":"BUPrague","url":"https:\/\/buprague.cz\/","logo":{"@type":"ImageObject","inLanguage":"en-GB","@id":"https:\/\/buprague.cz\/#\/schema\/logo\/image\/","url":"https:\/\/buprague.cz\/wp-content\/uploads\/2018\/03\/logo.svg","contentUrl":"https:\/\/buprague.cz\/wp-content\/uploads\/2018\/03\/logo.svg","width":1012.99,"height":297.5,"caption":"BUPrague"},"image":{"@id":"https:\/\/buprague.cz\/#\/schema\/logo\/image\/"}}]}},"_links":{"self":[{"href":"https:\/\/buprague.cz\/en\/wp-json\/wp\/v2\/pages\/13486","targetHints":{"allow":["GET"]}}],"collection":[{"href":"https:\/\/buprague.cz\/en\/wp-json\/wp\/v2\/pages"}],"about":[{"href":"https:\/\/buprague.cz\/en\/wp-json\/wp\/v2\/types\/page"}],"author":[{"embeddable":true,"href":"https:\/\/buprague.cz\/en\/wp-json\/wp\/v2\/users\/1"}],"replies":[{"embeddable":true,"href":"https:\/\/buprague.cz\/en\/wp-json\/wp\/v2\/comments?post=13486"}],"version-history":[{"count":6,"href":"https:\/\/buprague.cz\/en\/wp-json\/wp\/v2\/pages\/13486\/revisions"}],"predecessor-version":[{"id":16974,"href":"https:\/\/buprague.cz\/en\/wp-json\/wp\/v2\/pages\/13486\/revisions\/16974"}],"up":[{"embeddable":true,"href":"https:\/\/buprague.cz\/en\/wp-json\/wp\/v2\/pages\/13334"}],"wp:attachment":[{"href":"https:\/\/buprague.cz\/en\/wp-json\/wp\/v2\/media?parent=13486"}],"curies":[{"name":"wp","href":"https:\/\/api.w.org\/{rel}","templated":true}]}}