{"id":13550,"date":"2017-09-26T14:24:03","date_gmt":"2017-09-26T12:24:03","guid":{"rendered":"https:\/\/buprague.princ.online\/?page_id=13550"},"modified":"2021-01-21T14:54:30","modified_gmt":"2021-01-21T13:54:30","slug":"samovysetreni","status":"publish","type":"page","link":"https:\/\/buprague.cz\/en\/for-patients\/self-assessment\/","title":{"rendered":"Self-examination"},"content":{"rendered":"<div id=\"cmsmasters_row_\" class=\"cmsmasters_row cmsmasters_color_scheme_default cmsmasters_row_top_default cmsmasters_row_bot_default cmsmasters_row_boxed\">\n<div class=\"cmsmasters_row_outer_parent\">\n<div class=\"cmsmasters_row_outer\">\n<div class=\"cmsmasters_row_inner\">\n<div class=\"cmsmasters_row_margin\">\n<div id=\"cmsmasters_column_\" class=\"cmsmasters_column one_first\">\n<div class=\"cmsmasters_column_inner\"><div class=\"cmsmasters_text\">\n<p>Why is breast self-examination considered necessary, despite my regular mammograms and ultrasounds?<\/p>\n<p>It is quite common for women to perform breast self-examination even <strong>before <\/strong>the age when regular mammography is recommended, due to the increased risk of breast diseases. Even though you <strong>regularly visit<\/strong>the clinic, it is important to self-examine. This is because a well-conducted self-examination is, in terms of its importance, <strong>indispensable<\/strong>. In life, and thus also in medicine, there does not exist a guideline for medical examinations that is one hundred percent reliable. Therefore, by combining all available methods of examination<strong> the probability of success multiplies<\/strong>. It is often  not a human or technical failure; the tumour lesion is simply camouflaged in the gland so cleverly that it cannot be detected by screening methods. Screening in these cases shows only discrete changes that can be assessed as temporary hormonal changes or other insignificant changes. However, if a woman points out that there has been a change<strong> in that particular area<\/strong> the attending physician should pay close attention to this.<\/p>\n<p>The DrAK Foundation is promoting the advanced American approach to self-examination in the Czech Republic. Recently, for the first time in the Czech Republic, an instructional video was made where a woman can learn this self-examination technique. In the present day, a lot has been written about self-examination procedures. They are often accompanied by various instructional images which helps the patient to better follow the instructions.<\/p>\n<\/div>\n<\/div><\/div>\n<\/div>\n<\/div>\n<\/div>\n<\/div>\n<\/div>\n<div id=\"cmsmasters_row_q4x2zr8sjv\" class=\"cmsmasters_row cmsmasters_color_scheme_default cmsmasters_row_top_default cmsmasters_row_bot_default cmsmasters_row_boxed\">\n<div class=\"cmsmasters_row_outer_parent\">\n<div class=\"cmsmasters_row_outer\">\n<div class=\"cmsmasters_row_inner\">\n<div class=\"cmsmasters_row_margin\">\n<div id=\"cmsmasters_column_ixn99iazyx\" class=\"cmsmasters_column one_first\">\n<div class=\"cmsmasters_column_inner\"><div class=\"cmsmasters_text\">\n<h2>Breast self-examination instructional video<\/h2>\n<\/div>\n<div id=\"cmsmasters_video_wrap_hqrd6i60r\" class=\"cmsmasters_video_wrap\">\n<div style=\"width: 660px;\" class=\"wp-video\"><video class=\"wp-video-shortcode\" id=\"video-13550-1\" width=\"660\" height=\"380\" preload=\"auto\" controls=\"controls\"><source type=\"video\/mp4\" src=\"https:\/\/buprague.cz\/wp-content\/uploads\/2017\/09\/vysetreni.mp4?_=1\" \/><a href=\"https:\/\/buprague.cz\/wp-content\/uploads\/2017\/09\/vysetreni.mp4\">https:\/\/buprague.cz\/wp-content\/uploads\/2017\/09\/vysetreni.mp4<\/a><\/video><\/div>\n<\/div>\n<\/div><\/div>\n<\/div>\n<\/div>\n<\/div>\n<\/div>\n<\/div>","protected":false},"excerpt":{"rendered":"","protected":false},"author":1,"featured_media":0,"parent":13338,"menu_order":0,"comment_status":"closed","ping_status":"closed","template":"","meta":{"footnotes":""},"class_list":["post-13550","page","type-page","status-publish","hentry"],"yoast_head":"<!-- This site is optimized with the Yoast SEO plugin v27.5 - https:\/\/yoast.com\/product\/yoast-seo-wordpress\/ -->\n<title>Samovy\u0161et\u0159en\u00ed prsu - K \u010demu je dobr\u00e9 a jak na to<\/title>\n<meta name=\"description\" content=\"Jak spr\u00e1vn\u011b prov\u00e1d\u011bt samovy\u0161et\u0159en\u00ed prsu. Pro\u010d m\u00e1m d\u011blat samovy\u0161et\u0159en\u00ed, kdy\u017e chod\u00edm na mamograf. Mus\u00edm prov\u00e1d\u011bt samovy\u0161et\u0159en\u00ed prsu pravideln\u011b?\" \/>\n<meta name=\"robots\" content=\"index, follow, max-snippet:-1, max-image-preview:large, max-video-preview:-1\" \/>\n<link rel=\"canonical\" href=\"https:\/\/buprague.cz\/en\/for-patients\/self-assessment\/\" \/>\n<meta property=\"og:locale\" content=\"en_GB\" \/>\n<meta property=\"og:type\" content=\"article\" \/>\n<meta property=\"og:title\" content=\"Samovy\u0161et\u0159en\u00ed prsu - K \u010demu je dobr\u00e9 a jak na to\" \/>\n<meta property=\"og:description\" content=\"Jak spr\u00e1vn\u011b prov\u00e1d\u011bt samovy\u0161et\u0159en\u00ed prsu. Pro\u010d m\u00e1m d\u011blat samovy\u0161et\u0159en\u00ed, kdy\u017e chod\u00edm na mamograf. Mus\u00edm prov\u00e1d\u011bt samovy\u0161et\u0159en\u00ed prsu pravideln\u011b?\" \/>\n<meta property=\"og:url\" content=\"https:\/\/buprague.cz\/en\/for-patients\/self-assessment\/\" \/>\n<meta property=\"og:site_name\" content=\"BUPrague\" \/>\n<meta property=\"article:modified_time\" content=\"2021-01-21T13:54:30+00:00\" \/>\n<meta name=\"twitter:card\" content=\"summary_large_image\" \/>\n<meta name=\"twitter:label1\" content=\"Estimated reading time\" \/>\n\t<meta name=\"twitter:data1\" content=\"2 minutes\" \/>\n<script type=\"application\/ld+json\" class=\"yoast-schema-graph\">{\"@context\":\"https:\\\/\\\/schema.org\",\"@graph\":[{\"@type\":\"WebPage\",\"@id\":\"https:\\\/\\\/buprague.cz\\\/pro-pacienty\\\/samovysetreni\\\/\",\"url\":\"https:\\\/\\\/buprague.cz\\\/pro-pacienty\\\/samovysetreni\\\/\",\"name\":\"Samovy\u0161et\u0159en\u00ed prsu - K \u010demu je dobr\u00e9 a jak na to\",\"isPartOf\":{\"@id\":\"https:\\\/\\\/buprague.cz\\\/#website\"},\"datePublished\":\"2017-09-26T12:24:03+00:00\",\"dateModified\":\"2021-01-21T13:54:30+00:00\",\"description\":\"Jak spr\u00e1vn\u011b prov\u00e1d\u011bt samovy\u0161et\u0159en\u00ed prsu. Pro\u010d m\u00e1m d\u011blat samovy\u0161et\u0159en\u00ed, kdy\u017e chod\u00edm na mamograf. Mus\u00edm prov\u00e1d\u011bt samovy\u0161et\u0159en\u00ed prsu pravideln\u011b?\",\"breadcrumb\":{\"@id\":\"https:\\\/\\\/buprague.cz\\\/pro-pacienty\\\/samovysetreni\\\/#breadcrumb\"},\"inLanguage\":\"en-GB\",\"potentialAction\":[{\"@type\":\"ReadAction\",\"target\":[\"https:\\\/\\\/buprague.cz\\\/pro-pacienty\\\/samovysetreni\\\/\"]}]},{\"@type\":\"BreadcrumbList\",\"@id\":\"https:\\\/\\\/buprague.cz\\\/pro-pacienty\\\/samovysetreni\\\/#breadcrumb\",\"itemListElement\":[{\"@type\":\"ListItem\",\"position\":1,\"name\":\"Home\",\"item\":\"https:\\\/\\\/buprague.cz\\\/\"},{\"@type\":\"ListItem\",\"position\":2,\"name\":\"Pro pacienty\",\"item\":\"https:\\\/\\\/buprague.cz\\\/pro-pacienty\\\/\"},{\"@type\":\"ListItem\",\"position\":3,\"name\":\"Samovy\u0161et\u0159en\u00ed\"}]},{\"@type\":\"WebSite\",\"@id\":\"https:\\\/\\\/buprague.cz\\\/#website\",\"url\":\"https:\\\/\\\/buprague.cz\\\/\",\"name\":\"BUPrague\",\"description\":\"Mamma centrum Breast Unit Prague\",\"publisher\":{\"@id\":\"https:\\\/\\\/buprague.cz\\\/#organization\"},\"potentialAction\":[{\"@type\":\"SearchAction\",\"target\":{\"@type\":\"EntryPoint\",\"urlTemplate\":\"https:\\\/\\\/buprague.cz\\\/?s={search_term_string}\"},\"query-input\":{\"@type\":\"PropertyValueSpecification\",\"valueRequired\":true,\"valueName\":\"search_term_string\"}}],\"inLanguage\":\"en-GB\"},{\"@type\":\"Organization\",\"@id\":\"https:\\\/\\\/buprague.cz\\\/#organization\",\"name\":\"BUPrague\",\"url\":\"https:\\\/\\\/buprague.cz\\\/\",\"logo\":{\"@type\":\"ImageObject\",\"inLanguage\":\"en-GB\",\"@id\":\"https:\\\/\\\/buprague.cz\\\/#\\\/schema\\\/logo\\\/image\\\/\",\"url\":\"https:\\\/\\\/buprague.cz\\\/wp-content\\\/uploads\\\/2018\\\/03\\\/logo.svg\",\"contentUrl\":\"https:\\\/\\\/buprague.cz\\\/wp-content\\\/uploads\\\/2018\\\/03\\\/logo.svg\",\"width\":1012.99,\"height\":297.5,\"caption\":\"BUPrague\"},\"image\":{\"@id\":\"https:\\\/\\\/buprague.cz\\\/#\\\/schema\\\/logo\\\/image\\\/\"}}]}<\/script>\n<!-- \/ Yoast SEO plugin. -->","yoast_head_json":{"title":"Breast self-examination - What is it good for and how to do it","description":"How to properly perform breast self-examination. Why should I do a self-exam when I go for a mammogram. Do I need to do breast self-exams regularly?","robots":{"index":"index","follow":"follow","max-snippet":"max-snippet:-1","max-image-preview":"max-image-preview:large","max-video-preview":"max-video-preview:-1"},"canonical":"https:\/\/buprague.cz\/en\/for-patients\/self-assessment\/","og_locale":"en_GB","og_type":"article","og_title":"Samovy\u0161et\u0159en\u00ed prsu - K \u010demu je dobr\u00e9 a jak na to","og_description":"Jak spr\u00e1vn\u011b prov\u00e1d\u011bt samovy\u0161et\u0159en\u00ed prsu. Pro\u010d m\u00e1m d\u011blat samovy\u0161et\u0159en\u00ed, kdy\u017e chod\u00edm na mamograf. Mus\u00edm prov\u00e1d\u011bt samovy\u0161et\u0159en\u00ed prsu pravideln\u011b?","og_url":"https:\/\/buprague.cz\/en\/for-patients\/self-assessment\/","og_site_name":"BUPrague","article_modified_time":"2021-01-21T13:54:30+00:00","twitter_card":"summary_large_image","twitter_misc":{"Estimated reading time":"2 minutes"},"schema":{"@context":"https:\/\/schema.org","@graph":[{"@type":"WebPage","@id":"https:\/\/buprague.cz\/pro-pacienty\/samovysetreni\/","url":"https:\/\/buprague.cz\/pro-pacienty\/samovysetreni\/","name":"Breast self-examination - What is it good for and how to do it","isPartOf":{"@id":"https:\/\/buprague.cz\/#website"},"datePublished":"2017-09-26T12:24:03+00:00","dateModified":"2021-01-21T13:54:30+00:00","description":"How to properly perform breast self-examination. Why should I do a self-exam when I go for a mammogram. Do I need to do breast self-exams regularly?","breadcrumb":{"@id":"https:\/\/buprague.cz\/pro-pacienty\/samovysetreni\/#breadcrumb"},"inLanguage":"en-GB","potentialAction":[{"@type":"ReadAction","target":["https:\/\/buprague.cz\/pro-pacienty\/samovysetreni\/"]}]},{"@type":"BreadcrumbList","@id":"https:\/\/buprague.cz\/pro-pacienty\/samovysetreni\/#breadcrumb","itemListElement":[{"@type":"ListItem","position":1,"name":"Home","item":"https:\/\/buprague.cz\/"},{"@type":"ListItem","position":2,"name":"Pro pacienty","item":"https:\/\/buprague.cz\/pro-pacienty\/"},{"@type":"ListItem","position":3,"name":"Samovy\u0161et\u0159en\u00ed"}]},{"@type":"WebSite","@id":"https:\/\/buprague.cz\/#website","url":"https:\/\/buprague.cz\/","name":"BUPrague","description":"Mamma Centre Breast Unit Prague","publisher":{"@id":"https:\/\/buprague.cz\/#organization"},"potentialAction":[{"@type":"SearchAction","target":{"@type":"EntryPoint","urlTemplate":"https:\/\/buprague.cz\/?s={search_term_string}"},"query-input":{"@type":"PropertyValueSpecification","valueRequired":true,"valueName":"search_term_string"}}],"inLanguage":"en-GB"},{"@type":"Organization","@id":"https:\/\/buprague.cz\/#organization","name":"BUPrague","url":"https:\/\/buprague.cz\/","logo":{"@type":"ImageObject","inLanguage":"en-GB","@id":"https:\/\/buprague.cz\/#\/schema\/logo\/image\/","url":"https:\/\/buprague.cz\/wp-content\/uploads\/2018\/03\/logo.svg","contentUrl":"https:\/\/buprague.cz\/wp-content\/uploads\/2018\/03\/logo.svg","width":1012.99,"height":297.5,"caption":"BUPrague"},"image":{"@id":"https:\/\/buprague.cz\/#\/schema\/logo\/image\/"}}]}},"_links":{"self":[{"href":"https:\/\/buprague.cz\/en\/wp-json\/wp\/v2\/pages\/13550","targetHints":{"allow":["GET"]}}],"collection":[{"href":"https:\/\/buprague.cz\/en\/wp-json\/wp\/v2\/pages"}],"about":[{"href":"https:\/\/buprague.cz\/en\/wp-json\/wp\/v2\/types\/page"}],"author":[{"embeddable":true,"href":"https:\/\/buprague.cz\/en\/wp-json\/wp\/v2\/users\/1"}],"replies":[{"embeddable":true,"href":"https:\/\/buprague.cz\/en\/wp-json\/wp\/v2\/comments?post=13550"}],"version-history":[{"count":0,"href":"https:\/\/buprague.cz\/en\/wp-json\/wp\/v2\/pages\/13550\/revisions"}],"up":[{"embeddable":true,"href":"https:\/\/buprague.cz\/en\/wp-json\/wp\/v2\/pages\/13338"}],"wp:attachment":[{"href":"https:\/\/buprague.cz\/en\/wp-json\/wp\/v2\/media?parent=13550"}],"curies":[{"name":"wp","href":"https:\/\/api.w.org\/{rel}","templated":true}]}}