{"id":13560,"date":"2017-09-26T14:24:59","date_gmt":"2017-09-26T12:24:59","guid":{"rendered":"https:\/\/buprague.princ.online\/?page_id=13560"},"modified":"2023-07-30T13:07:10","modified_gmt":"2023-07-30T11:07:10","slug":"ultrazvuk","status":"publish","type":"page","link":"https:\/\/buprague.cz\/en\/for-patients\/important-information\/all-about-the-assessment\/ultrasound\/","title":{"rendered":"Ultrasound"},"content":{"rendered":"<div id=\"cmsmasters_row_glnddx4jmu\" class=\"cmsmasters_row cmsmasters_color_scheme_default cmsmasters_row_top_default cmsmasters_row_bot_default cmsmasters_row_boxed\">\n<div class=\"cmsmasters_row_outer_parent\">\n<div class=\"cmsmasters_row_outer\">\n<div class=\"cmsmasters_row_inner\">\n<div class=\"cmsmasters_row_margin\">\n<div id=\"cmsmasters_column_5ik93brej1\" class=\"cmsmasters_column one_half\">\n<div class=\"cmsmasters_column_inner\"><div id=\"cmsmasters_heading_ga4h9m652r\" class=\"cmsmasters_heading_wrap cmsmasters_heading_align_left\">\n\t<h2 class=\"cmsmasters_heading\">Ultrasound examination of the breast<\/h2>\n<\/div><div class=\"cmsmasters_text\">\n<p>Ultrasound examination is<strong> basic examination method<\/strong> for women <strong>up to 40 years<\/strong> age or a complementary examination to mammography.<\/p>\n<p>Using a dialing system, you will be invited into a booth where you will lock the door behind you, <strong>you take it off from the waist up<\/strong> and wait to be asked to enter the office.<\/p>\n<p>Ultrasound Scan <strong>it is not painful<\/strong>comfortable with him <strong>lying on your back<\/strong>, you have <strong>hands behind the head<\/strong> ...and turn on your side as directed by the examining physician.<\/p>\n<p>The examination is carried out using <strong>ultrasonic probes<\/strong>which the doctor swipes across your breasts and watches the image of the breast tissue on the screen. The probe generates ultrasound waves that penetrate the breast tissue and bounce back in different ways, which are picked up by the probe. During the examination, it is necessary to mention any clinical problems that are currently bothering you (palpable lump, secretion, etc.).<\/p>\n<p>The doctor evaluates the findings straight away, dictates the report to the assistant, which you receive immediately after the examination. In some cases it is necessary to perform histological verification by biopsy or puncture - we will make an appointment for these procedures if necessary, the dates are usually within a week.<\/p>\n<p>There is no special preparation before the ultrasound examination, <strong>however, it is advisable to avoid the use of body creams and solid antiperspirants<\/strong>. Ultrasound examination can be performed at all stages of the menstrual cycle, <strong>preventive check-up<\/strong> it's better to plan <strong>after the end of menstruation<\/strong> due to hormonal calming of the breasts and for your comfort during the examination.<\/p>\n<p>Ultrasound is not an X-ray examination,\u00a0<strong>it can therefore be performed in case of difficulties (lump, etc.) also in pregnant and breastfeeding women<\/strong>. However, if you want to have the examination for preventive reasons, it is recommended to have it outside pregnancy and 6 months after the end of breastfeeding.<\/p>\n<p>Ultrasound is <strong>ideal complementary examination to mammography<\/strong>because a snapshot may not always provide all the information.  It helps with so-called dense breasts, where it is not possible to decide what is hidden in the opaque gland. It is also used to&nbsp;<strong>resolution of unclear bearing<\/strong>. On the other hand, mammography is fully sufficient for the examination of empty breasts and microcalcifications and ultrasound does not provide any additional useful information.<br \/>\nOnly young women can have an ultrasound examination without a previous mammogram. <strong>An indispensable role<\/strong> plays ultrasound in the control of cancer response to chemotherapy, examination of axillary nodules and scars after mastectomy and after reconstructive procedures. Most interventional procedures are also performed under ultrasound guidance.<\/p>\n<\/div>\n<\/div><\/div>\n<div id=\"cmsmasters_column_9gymxana7n\" class=\"cmsmasters_column one_half\">\n<div class=\"cmsmasters_column_inner\"><div class=\"cmsmasters_img  cmsmasters_image_n with_caption\"><img decoding=\"async\" src=\"https:\/\/buprague.cz\/wp-content\/uploads\/2020\/07\/Interier-11.jpg\" \/><p class=\"cmsmasters_img_caption\">Doctor's office n. 2<\/p><\/div>\n<div id=\"cmsmasters_divider_23g0yii80f\" class=\"cmsmasters_divider cmsmasters_divider_width_long cmsmasters_divider_pos_center\"><\/div>\n<div class=\"cmsmasters_img  cmsmasters_image_n\"><img decoding=\"async\" src=\"https:\/\/buprague.cz\/wp-content\/uploads\/2017\/09\/LHP_3824h-700x1024.jpg\" \/><\/div>\n<\/div><\/div>\n<\/div>\n<\/div>\n<\/div>\n<\/div>\n<\/div>","protected":false},"excerpt":{"rendered":"","protected":false},"author":1,"featured_media":0,"parent":13476,"menu_order":0,"comment_status":"closed","ping_status":"closed","template":"","meta":{"footnotes":""},"class_list":["post-13560","page","type-page","status-publish","hentry"],"yoast_head":"<!-- This site is optimized with the Yoast SEO plugin v27.5 - https:\/\/yoast.com\/product\/yoast-seo-wordpress\/ -->\n<title>Ultrazvuk prsu - Breast Unit Prague<\/title>\n<meta name=\"description\" content=\"Ultrazvuk prsu nen\u00ed \u017e\u00e1dn\u00e9 tabu, ve\u0161ker\u00e9 pot\u0159ebn\u00e9 informace naleznete v tomto odkazu.\" \/>\n<meta name=\"robots\" content=\"index, follow, max-snippet:-1, max-image-preview:large, max-video-preview:-1\" \/>\n<link rel=\"canonical\" href=\"https:\/\/buprague.cz\/en\/for-patients\/important-information\/all-about-the-assessment\/ultrasound\/\" \/>\n<meta property=\"og:locale\" content=\"en_GB\" \/>\n<meta property=\"og:type\" content=\"article\" \/>\n<meta property=\"og:title\" content=\"Ultrazvuk prsu - Breast Unit Prague\" \/>\n<meta property=\"og:description\" content=\"Ultrazvuk prsu nen\u00ed \u017e\u00e1dn\u00e9 tabu, ve\u0161ker\u00e9 pot\u0159ebn\u00e9 informace naleznete v tomto odkazu.\" \/>\n<meta property=\"og:url\" content=\"https:\/\/buprague.cz\/en\/for-patients\/important-information\/all-about-the-assessment\/ultrasound\/\" \/>\n<meta property=\"og:site_name\" content=\"BUPrague\" \/>\n<meta property=\"article:modified_time\" content=\"2023-07-30T11:07:10+00:00\" \/>\n<meta name=\"twitter:card\" content=\"summary_large_image\" \/>\n<meta name=\"twitter:label1\" content=\"Estimated reading time\" \/>\n\t<meta name=\"twitter:data1\" content=\"3 minutes\" \/>\n<script type=\"application\/ld+json\" class=\"yoast-schema-graph\">{\"@context\":\"https:\\\/\\\/schema.org\",\"@graph\":[{\"@type\":\"WebPage\",\"@id\":\"https:\\\/\\\/buprague.cz\\\/pro-pacienty\\\/dulezite-informace\\\/vse-o-vysetreni\\\/ultrazvuk\\\/\",\"url\":\"https:\\\/\\\/buprague.cz\\\/pro-pacienty\\\/dulezite-informace\\\/vse-o-vysetreni\\\/ultrazvuk\\\/\",\"name\":\"Ultrazvuk prsu - Breast Unit Prague\",\"isPartOf\":{\"@id\":\"https:\\\/\\\/buprague.cz\\\/#website\"},\"datePublished\":\"2017-09-26T12:24:59+00:00\",\"dateModified\":\"2023-07-30T11:07:10+00:00\",\"description\":\"Ultrazvuk prsu nen\u00ed \u017e\u00e1dn\u00e9 tabu, ve\u0161ker\u00e9 pot\u0159ebn\u00e9 informace naleznete v tomto odkazu.\",\"breadcrumb\":{\"@id\":\"https:\\\/\\\/buprague.cz\\\/pro-pacienty\\\/dulezite-informace\\\/vse-o-vysetreni\\\/ultrazvuk\\\/#breadcrumb\"},\"inLanguage\":\"en-GB\",\"potentialAction\":[{\"@type\":\"ReadAction\",\"target\":[\"https:\\\/\\\/buprague.cz\\\/pro-pacienty\\\/dulezite-informace\\\/vse-o-vysetreni\\\/ultrazvuk\\\/\"]}]},{\"@type\":\"BreadcrumbList\",\"@id\":\"https:\\\/\\\/buprague.cz\\\/pro-pacienty\\\/dulezite-informace\\\/vse-o-vysetreni\\\/ultrazvuk\\\/#breadcrumb\",\"itemListElement\":[{\"@type\":\"ListItem\",\"position\":1,\"name\":\"Home\",\"item\":\"https:\\\/\\\/buprague.cz\\\/\"},{\"@type\":\"ListItem\",\"position\":2,\"name\":\"Pro pacienty\",\"item\":\"https:\\\/\\\/buprague.cz\\\/pro-pacienty\\\/\"},{\"@type\":\"ListItem\",\"position\":3,\"name\":\"D\u016fle\u017eit\u00e9 informace\",\"item\":\"https:\\\/\\\/buprague.cz\\\/pro-pacienty\\\/dulezite-informace\\\/\"},{\"@type\":\"ListItem\",\"position\":4,\"name\":\"V\u0161e o vy\u0161et\u0159en\u00ed\",\"item\":\"https:\\\/\\\/buprague.cz\\\/pro-pacienty\\\/dulezite-informace\\\/vse-o-vysetreni\\\/\"},{\"@type\":\"ListItem\",\"position\":5,\"name\":\"Ultrazvuk\"}]},{\"@type\":\"WebSite\",\"@id\":\"https:\\\/\\\/buprague.cz\\\/#website\",\"url\":\"https:\\\/\\\/buprague.cz\\\/\",\"name\":\"BUPrague\",\"description\":\"Mamma centrum Breast Unit Prague\",\"publisher\":{\"@id\":\"https:\\\/\\\/buprague.cz\\\/#organization\"},\"potentialAction\":[{\"@type\":\"SearchAction\",\"target\":{\"@type\":\"EntryPoint\",\"urlTemplate\":\"https:\\\/\\\/buprague.cz\\\/?s={search_term_string}\"},\"query-input\":{\"@type\":\"PropertyValueSpecification\",\"valueRequired\":true,\"valueName\":\"search_term_string\"}}],\"inLanguage\":\"en-GB\"},{\"@type\":\"Organization\",\"@id\":\"https:\\\/\\\/buprague.cz\\\/#organization\",\"name\":\"BUPrague\",\"url\":\"https:\\\/\\\/buprague.cz\\\/\",\"logo\":{\"@type\":\"ImageObject\",\"inLanguage\":\"en-GB\",\"@id\":\"https:\\\/\\\/buprague.cz\\\/#\\\/schema\\\/logo\\\/image\\\/\",\"url\":\"https:\\\/\\\/buprague.cz\\\/wp-content\\\/uploads\\\/2018\\\/03\\\/logo.svg\",\"contentUrl\":\"https:\\\/\\\/buprague.cz\\\/wp-content\\\/uploads\\\/2018\\\/03\\\/logo.svg\",\"width\":1012.99,\"height\":297.5,\"caption\":\"BUPrague\"},\"image\":{\"@id\":\"https:\\\/\\\/buprague.cz\\\/#\\\/schema\\\/logo\\\/image\\\/\"}}]}<\/script>\n<!-- \/ Yoast SEO plugin. -->","yoast_head_json":{"title":"Breast ultrasound - Breast Unit Prague","description":"Breast ultrasound is no taboo, all the necessary information can be found in this link.","robots":{"index":"index","follow":"follow","max-snippet":"max-snippet:-1","max-image-preview":"max-image-preview:large","max-video-preview":"max-video-preview:-1"},"canonical":"https:\/\/buprague.cz\/en\/for-patients\/important-information\/all-about-the-assessment\/ultrasound\/","og_locale":"en_GB","og_type":"article","og_title":"Ultrazvuk prsu - Breast Unit Prague","og_description":"Ultrazvuk prsu nen\u00ed \u017e\u00e1dn\u00e9 tabu, ve\u0161ker\u00e9 pot\u0159ebn\u00e9 informace naleznete v tomto odkazu.","og_url":"https:\/\/buprague.cz\/en\/for-patients\/important-information\/all-about-the-assessment\/ultrasound\/","og_site_name":"BUPrague","article_modified_time":"2023-07-30T11:07:10+00:00","twitter_card":"summary_large_image","twitter_misc":{"Estimated reading time":"3 minutes"},"schema":{"@context":"https:\/\/schema.org","@graph":[{"@type":"WebPage","@id":"https:\/\/buprague.cz\/pro-pacienty\/dulezite-informace\/vse-o-vysetreni\/ultrazvuk\/","url":"https:\/\/buprague.cz\/pro-pacienty\/dulezite-informace\/vse-o-vysetreni\/ultrazvuk\/","name":"Breast ultrasound - Breast Unit Prague","isPartOf":{"@id":"https:\/\/buprague.cz\/#website"},"datePublished":"2017-09-26T12:24:59+00:00","dateModified":"2023-07-30T11:07:10+00:00","description":"Breast ultrasound is no taboo, all the necessary information can be found in this link.","breadcrumb":{"@id":"https:\/\/buprague.cz\/pro-pacienty\/dulezite-informace\/vse-o-vysetreni\/ultrazvuk\/#breadcrumb"},"inLanguage":"en-GB","potentialAction":[{"@type":"ReadAction","target":["https:\/\/buprague.cz\/pro-pacienty\/dulezite-informace\/vse-o-vysetreni\/ultrazvuk\/"]}]},{"@type":"BreadcrumbList","@id":"https:\/\/buprague.cz\/pro-pacienty\/dulezite-informace\/vse-o-vysetreni\/ultrazvuk\/#breadcrumb","itemListElement":[{"@type":"ListItem","position":1,"name":"Home","item":"https:\/\/buprague.cz\/"},{"@type":"ListItem","position":2,"name":"Pro pacienty","item":"https:\/\/buprague.cz\/pro-pacienty\/"},{"@type":"ListItem","position":3,"name":"D\u016fle\u017eit\u00e9 informace","item":"https:\/\/buprague.cz\/pro-pacienty\/dulezite-informace\/"},{"@type":"ListItem","position":4,"name":"V\u0161e o vy\u0161et\u0159en\u00ed","item":"https:\/\/buprague.cz\/pro-pacienty\/dulezite-informace\/vse-o-vysetreni\/"},{"@type":"ListItem","position":5,"name":"Ultrazvuk"}]},{"@type":"WebSite","@id":"https:\/\/buprague.cz\/#website","url":"https:\/\/buprague.cz\/","name":"BUPrague","description":"Mamma Centre Breast Unit Prague","publisher":{"@id":"https:\/\/buprague.cz\/#organization"},"potentialAction":[{"@type":"SearchAction","target":{"@type":"EntryPoint","urlTemplate":"https:\/\/buprague.cz\/?s={search_term_string}"},"query-input":{"@type":"PropertyValueSpecification","valueRequired":true,"valueName":"search_term_string"}}],"inLanguage":"en-GB"},{"@type":"Organization","@id":"https:\/\/buprague.cz\/#organization","name":"BUPrague","url":"https:\/\/buprague.cz\/","logo":{"@type":"ImageObject","inLanguage":"en-GB","@id":"https:\/\/buprague.cz\/#\/schema\/logo\/image\/","url":"https:\/\/buprague.cz\/wp-content\/uploads\/2018\/03\/logo.svg","contentUrl":"https:\/\/buprague.cz\/wp-content\/uploads\/2018\/03\/logo.svg","width":1012.99,"height":297.5,"caption":"BUPrague"},"image":{"@id":"https:\/\/buprague.cz\/#\/schema\/logo\/image\/"}}]}},"_links":{"self":[{"href":"https:\/\/buprague.cz\/en\/wp-json\/wp\/v2\/pages\/13560","targetHints":{"allow":["GET"]}}],"collection":[{"href":"https:\/\/buprague.cz\/en\/wp-json\/wp\/v2\/pages"}],"about":[{"href":"https:\/\/buprague.cz\/en\/wp-json\/wp\/v2\/types\/page"}],"author":[{"embeddable":true,"href":"https:\/\/buprague.cz\/en\/wp-json\/wp\/v2\/users\/1"}],"replies":[{"embeddable":true,"href":"https:\/\/buprague.cz\/en\/wp-json\/wp\/v2\/comments?post=13560"}],"version-history":[{"count":2,"href":"https:\/\/buprague.cz\/en\/wp-json\/wp\/v2\/pages\/13560\/revisions"}],"predecessor-version":[{"id":16501,"href":"https:\/\/buprague.cz\/en\/wp-json\/wp\/v2\/pages\/13560\/revisions\/16501"}],"up":[{"embeddable":true,"href":"https:\/\/buprague.cz\/en\/wp-json\/wp\/v2\/pages\/13476"}],"wp:attachment":[{"href":"https:\/\/buprague.cz\/en\/wp-json\/wp\/v2\/media?parent=13560"}],"curies":[{"name":"wp","href":"https:\/\/api.w.org\/{rel}","templated":true}]}}