{"id":13562,"date":"2017-09-26T14:25:09","date_gmt":"2017-09-26T12:25:09","guid":{"rendered":"https:\/\/buprague.princ.online\/?page_id=13562"},"modified":"2021-01-21T15:22:40","modified_gmt":"2021-01-21T14:22:40","slug":"biopsie","status":"publish","type":"page","link":"https:\/\/buprague.cz\/en\/for-patients\/important-information\/all-about-the-assessment\/biopsy\/","title":{"rendered":"Biopsy"},"content":{"rendered":"<div id=\"cmsmasters_row_\" class=\"cmsmasters_row cmsmasters_color_scheme_default cmsmasters_row_top_default cmsmasters_row_bot_default cmsmasters_row_boxed\">\n<div class=\"cmsmasters_row_outer_parent\">\n<div class=\"cmsmasters_row_outer\">\n<div class=\"cmsmasters_row_inner\">\n<div class=\"cmsmasters_row_margin\">\n<div id=\"cmsmasters_column_\" class=\"cmsmasters_column one_first\">\n<div class=\"cmsmasters_column_inner\"><div class=\"cmsmasters_text\">\n<p>The term biopsy means <strong>taking a sample from the suspected breast gland<\/strong> to determine the exact histological origin of these changes.<\/p>\n<p>If the doctor decides to biopsy <strong>there is no reason for unnecessary concern<\/strong> or panic. This procedure is performed when the nature of the finding cannot be clearly determined from the available imaging methods. We must remember that neither&nbsp;<strong>eye<\/strong>&nbsp;an experienced doctor <strong>is not a microscope<\/strong>, and therefore a histological analysis of the samples is always necessary for a definitive diagnosis.<\/p>\n<p>We perform three types of biopsies at our centre and the doctor always determines which is best for the individual patient <strong>according to the nature of the finding<\/strong>.<\/p>\n<p>These procedures are performed weekly, and the patient is always scheduled for&nbsp;<strong>the nearest possible date<\/strong>.<\/p>\n<p>The aim is to determine the exact histological composition of the ambiguous formation in the breast. Biopsy <strong>indicated only by a doctor<\/strong> based on unclear results of MG and ultrasound. The patient is booked for biopsy by the radiology assistant directly in the examination room.<\/p>\n<\/div>\n<\/div><\/div>\n<\/div>\n<\/div>\n<\/div>\n<\/div>\n<\/div>\n<div id=\"cmsmasters_row_69k04mhhj\" class=\"cmsmasters_row cmsmasters_color_scheme_default cmsmasters_row_top_default cmsmasters_row_bot_default cmsmasters_row_boxed\">\n<div class=\"cmsmasters_row_outer_parent\">\n<div class=\"cmsmasters_row_outer\">\n<div class=\"cmsmasters_row_inner\">\n<div class=\"cmsmasters_row_margin\">\n<div id=\"cmsmasters_column_hqpsslee5\" class=\"cmsmasters_column one_first\">\n<div class=\"cmsmasters_column_inner\"><div class=\"cmsmasters_img  cmsmasters_image_n with_caption\"><img decoding=\"async\" src=\"https:\/\/buprague.cz\/wp-content\/uploads\/2017\/09\/LHP_3814h-1024x683.jpg\" \/><p class=\"cmsmasters_img_caption\">Ultrasound<\/p><\/div>\n<\/div><\/div>\n<\/div>\n<\/div>\n<\/div>\n<\/div>\n<\/div>\n<div id=\"cmsmasters_row_7y5t1pd6bo\" class=\"cmsmasters_row cmsmasters_color_scheme_default cmsmasters_row_top_default cmsmasters_row_bot_default cmsmasters_row_boxed\">\n<div class=\"cmsmasters_row_outer_parent\">\n<div class=\"cmsmasters_row_outer\">\n<div class=\"cmsmasters_row_inner\">\n<div class=\"cmsmasters_row_margin\">\n<div id=\"cmsmasters_column_t7pj5wmjcc\" class=\"cmsmasters_column one_half\">\n<div class=\"cmsmasters_column_inner\"><div id=\"cmsmasters_heading_62qt8zwbvx\" class=\"cmsmasters_heading_wrap cmsmasters_heading_align_left\">\n\t<h2 class=\"cmsmasters_heading\">Core-cut biopsy<\/h2>\n<\/div><div class=\"cmsmasters_text\">\n<p>Core-cut biopsy is one of the <strong>most common<\/strong> types of biopsy. We approach it when we have found a circumscribed lesion using imaging methods, for which we cannot determine the exact origin.<\/p>\n<p>Before core-cut biopsy <strong>no special preparation required<\/strong> patient, but it is always necessary to check whether the patient is taking l<strong>blood thinners<\/strong> and whether he has <strong>allergy to local anaesthetics<\/strong>. Even in these cases, biopsy is not contraindicated, only as needed. <strong>modifies the diagnostic procedure<\/strong>.<\/p>\n<p>Core-cut biopsy is performed <strong>for ultrasound checks<\/strong>, the patient lies comfortably on her back or on her side and the doctor takes the sample.<\/p>\n<p>The power starts <strong>by numbing<\/strong> injection site using a local anaesthetic, a thin needle is used to inject a numbing agent into the skin and subcutaneous tissue. This injection may be somewhat uncomfortable, but thanks to the anaesthetic, the patient will not feel any further pain. This is followed by the actual sampling, where the doctor takes <strong>with a special biopsy needle<\/strong>, and for ultrasound checks <strong>takes samples from the deposit<\/strong>. Now the patient may feel light pressure, but not sharp pain, or an anaesthetic may be added after discussion with the doctor. The biopsy needle will take individual samples, <strong>you always need to have several of them<\/strong>so that the laboratory has enough material to make an accurate diagnosis.<\/p>\n<p><strong>That's the end of the performance<\/strong>, now cover the puncture site with sterile squares and squeeze to prevent possible bleeding. After sufficient compression, the puncture site is taped over with a plaster and the patient can go home.<\/p>\n<p>Samples are sent to the laboratory and the result is usually received within 10-14 days. This time of waiting and uncertainty is certainly unpleasant for the patient, the procedure unfortunately <strong>cannot be accelerated<\/strong>. As soon as we get the results, <strong>we contact the patient by phone<\/strong> and we'll agree on a course of action.<\/p>\n<\/div>\n<\/div><\/div>\n<div id=\"cmsmasters_column_7nb4dmwgsi\" class=\"cmsmasters_column one_half\">\n<div class=\"cmsmasters_column_inner\"><div id=\"cmsmasters_heading_hl2yy8djur\" class=\"cmsmasters_heading_wrap cmsmasters_heading_align_left\">\n\t<h2 class=\"cmsmasters_heading\">Vacuum biopsy under ultrasound<\/h2>\n<\/div><div class=\"cmsmasters_text\">\n<p>Vacuum biopsy under ultrasound is performed in case of, <strong>if the bearing is not completely unambiguous<\/strong>, or if it is rather a precinct with not very clear contours.<\/p>\n<p><strong>The procedure is not fundamentally different from core-cut biopsy<\/strong>is performed lying down in the ultrasound room. The site is numbed with a local anaesthetic and the doctor uses a needle to take the sample. After the needle is inserted and the first samples are taken, the needle is only rotated, so we can <strong>obtain samples from multiple sites from a single puncture<\/strong>.<\/p>\n<p>After the collection is completed, the injection site is again compressed, then covered with adhesive stitches and a sterile patch.<\/p>\n<p>&nbsp;<\/p>\n<\/div>\n<div id=\"cmsmasters_heading_k700c1u8bf\" class=\"cmsmasters_heading_wrap cmsmasters_heading_align_left\">\n\t<h2 class=\"cmsmasters_heading\">Stereotactic vacuum biopsy<\/h2>\n<\/div><div class=\"cmsmasters_text\">\n<p>Stereotactic vacuum biopsy is performed in cases where it is necessary to verify the so-called <strong>microcalcification<\/strong>&nbsp; (see glossary). Since microcalcifications are not visible on ultrasound, this <strong>performance for mammography checks<\/strong>. Successful removal of microcalcifications depends on their correct targeting, so first the radiology assistant sits the patient at the mammography machine and locates the site from which the removal will be performed. The breast is then compressed <strong>as in a routine mammogram<\/strong> and a control image is taken to verify that we've found the correct location. Now it's important that the patient <strong>She wasn't moving<\/strong>&nbsp;and remained seated in the same position throughout the performance.<\/p>\n<p>Instead of the doctor again <strong>numb with a local anaesthetic<\/strong> and then the needle is inserted. <strong>The removal itself is also not painful<\/strong>by rotating the needle, the doctor achieves the collection of several tissue samples with the desired microcalcifications.  In some cases, the site is marked with a clip for easier identification of the site in the future.<\/p>\n<p>The injection site is compressed to prevent possible bleeding and then treated with adhesive stitches and a sterile patch.<\/p>\n<\/div>\n<\/div><\/div>\n<\/div>\n<\/div>\n<\/div>\n<\/div>\n<\/div>\n<div id=\"cmsmasters_row_v7xfy61row\" class=\"cmsmasters_row cmsmasters_color_scheme_default cmsmasters_row_top_default cmsmasters_row_bot_default cmsmasters_row_boxed\">\n<div class=\"cmsmasters_row_outer_parent\">\n<div class=\"cmsmasters_row_outer\">\n<div class=\"cmsmasters_row_inner\">\n<div class=\"cmsmasters_row_margin\">\n<div id=\"cmsmasters_column_l17aornbu9\" class=\"cmsmasters_column one_first\">\n<div class=\"cmsmasters_column_inner\"><div class=\"cmsmasters_text\">\n<h2>Biopsy FAQs<\/h2>\n<\/div>\n<\/div><\/div>\n<\/div>\n<\/div>\n<\/div>\n<\/div>\n<\/div>\n<div id=\"cmsmasters_row_qbhrkccgk\" class=\"cmsmasters_row cmsmasters_color_scheme_default cmsmasters_row_top_default cmsmasters_row_bot_default cmsmasters_row_boxed\">\n<div class=\"cmsmasters_row_outer_parent\">\n<div class=\"cmsmasters_row_outer\">\n<div class=\"cmsmasters_row_inner\">\n<div class=\"cmsmasters_row_margin\">\n<div id=\"cmsmasters_column_tfkldbhbq\" class=\"cmsmasters_column one_half\">\n<div class=\"cmsmasters_column_inner\"><ul id=\"cmsmasters_icon_list_items_h5dp4oi4hr\" class=\"cmsmasters_icon_list_items cmsmasters_icon_list_type_block cmsmasters_icon_list_pos_left cmsmasters_color_type_border\"><li id=\"cmsmasters_icon_list_item_h5dp4oi4hr\" class=\"cmsmasters_icon_list_item\">\n<div class=\"cmsmasters_icon_list_item_inner\">\n<div class=\"cmsmasters_icon_list_icon_wrap\">\n<span class=\"cmsmasters_icon_list_icon cmsmasters-icon-comment-3\"><\/span>\n<\/div>\n<div class=\"cmsmasters_icon_list_item_content\">\n<h4 class=\"cmsmasters_icon_list_item_title\">Will the biopsy hurt?<\/h4>\n<div class=\"cmsmasters_icon_list_item_text\">\n<p>The procedure itself is not painful, it is performed after the site of removal is numbed. The actual application of anaesthetic with a thin needle into the skin and subcutaneous tissue can be uncomfortable and may sting a little.<\/p>\n<\/div>\n<\/div>\n<\/div>\n<\/li><li id=\"cmsmasters_icon_list_item_4qyo0h47vm\" class=\"cmsmasters_icon_list_item\">\n<div class=\"cmsmasters_icon_list_item_inner\">\n<div class=\"cmsmasters_icon_list_icon_wrap\">\n<span class=\"cmsmasters_icon_list_icon cmsmasters-icon-comment-3\"><\/span>\n<\/div>\n<div class=\"cmsmasters_icon_list_item_content\">\n<h4 class=\"cmsmasters_icon_list_item_title\">How long will the biopsy take?<\/h4>\n<div class=\"cmsmasters_icon_list_item_text\">\n<p>The whole examination and collection takes approximately 20 minutes, the collection itself takes about a minute.<\/p>\n<\/div>\n<\/div>\n<\/div>\n<\/li><li id=\"cmsmasters_icon_list_item_xdyq3cx0iq\" class=\"cmsmasters_icon_list_item\">\n<div class=\"cmsmasters_icon_list_item_inner\">\n<div class=\"cmsmasters_icon_list_icon_wrap\">\n<span class=\"cmsmasters_icon_list_icon cmsmasters-icon-comment-3\"><\/span>\n<\/div>\n<div class=\"cmsmasters_icon_list_item_content\">\n<h4 class=\"cmsmasters_icon_list_item_title\">What are the performance risks?<\/h4>\n<div class=\"cmsmasters_icon_list_item_text\">\n<p>We must always check whether the patient is allergic to the anaesthetic, disinfectant or patch to prevent an allergic reaction.<\/p>\n<p>After the procedure, a minor bruise usually occurs, but in rare cases, when a larger vessel is disrupted during the procedure, a more significant hematoma may occur.<\/p>\n<p>The risk of introducing infection into the breast is negligible (max. 0.05%)<\/p>\n<\/div>\n<\/div>\n<\/div>\n<\/li><li id=\"cmsmasters_icon_list_item_tfdmxd1ki\" class=\"cmsmasters_icon_list_item\">\n<div class=\"cmsmasters_icon_list_item_inner\">\n<div class=\"cmsmasters_icon_list_icon_wrap\">\n<span class=\"cmsmasters_icon_list_icon cmsmasters-icon-comment-3\"><\/span>\n<\/div>\n<div class=\"cmsmasters_icon_list_item_content\">\n<h4 class=\"cmsmasters_icon_list_item_title\">Can I go to work after the biopsy?<\/h4>\n<div class=\"cmsmasters_icon_list_item_text\">\n<p>After the biopsy, we recommend a relatively restful regime, but this does not mean strictly lying in bed. But definitely avoid heavy physical work (lifting heavy loads, washing windows, playing sports). If you do physically demanding work, you can go to work after exercising.<\/p>\n<\/div>\n<\/div>\n<\/div>\n<\/li><\/ul>\n<\/div><\/div>\n<div id=\"cmsmasters_column_8xu2jdcqvk\" class=\"cmsmasters_column one_half\">\n<div class=\"cmsmasters_column_inner\"><ul id=\"cmsmasters_icon_list_items_etnucep50n\" class=\"cmsmasters_icon_list_items cmsmasters_icon_list_type_block cmsmasters_icon_list_pos_left cmsmasters_color_type_border\"><li id=\"cmsmasters_icon_list_item_mhtz42319h\" class=\"cmsmasters_icon_list_item\">\n<div class=\"cmsmasters_icon_list_item_inner\">\n<div class=\"cmsmasters_icon_list_icon_wrap\">\n<span class=\"cmsmasters_icon_list_icon cmsmasters-icon-comment-3\"><\/span>\n<\/div>\n<div class=\"cmsmasters_icon_list_item_content\">\n<h4 class=\"cmsmasters_icon_list_item_title\">Can I bathe immediately after the procedure?<\/h4>\n<div class=\"cmsmasters_icon_list_item_text\">\n<p>You can shower on the day of the procedure, bathe in the bath, swimming pool, etc., we recommend 3-5 days, when the injection site will be calm and the stroma will form.<\/p>\n<\/div>\n<\/div>\n<\/div>\n<\/li><li id=\"cmsmasters_icon_list_item_zo7ijelwy3\" class=\"cmsmasters_icon_list_item\">\n<div class=\"cmsmasters_icon_list_item_inner\">\n<div class=\"cmsmasters_icon_list_icon_wrap\">\n<span class=\"cmsmasters_icon_list_icon cmsmasters-icon-comment-3\"><\/span>\n<\/div>\n<div class=\"cmsmasters_icon_list_item_content\">\n<h4 class=\"cmsmasters_icon_list_item_title\">Will the injection site hurt after the anesthetic wears off?<\/h4>\n<div class=\"cmsmasters_icon_list_item_text\">\n<p>It may happen that a bruise forms on the skin after removal, so you may feel pain as if you have hit the spot. We recommend that you ice the site, or take a regular anaesthetic that you take for pain (not Acylpyrine etc., which causes blood thinning and could therefore cause the puncture site to bleed again).<\/p>\n<\/div>\n<\/div>\n<\/div>\n<\/li><li id=\"cmsmasters_icon_list_item_mpcaf81elm\" class=\"cmsmasters_icon_list_item\">\n<div class=\"cmsmasters_icon_list_item_inner\">\n<div class=\"cmsmasters_icon_list_icon_wrap\">\n<span class=\"cmsmasters_icon_list_icon cmsmasters-icon-comment-3\"><\/span>\n<\/div>\n<div class=\"cmsmasters_icon_list_item_content\">\n<h4 class=\"cmsmasters_icon_list_item_title\">How long before I know the results?<\/h4>\n<div class=\"cmsmasters_icon_list_item_text\">\n<p>We will receive the results from the laboratory usually in 10-14 days and we will contact the patient by phone.<\/p>\n<\/div>\n<\/div>\n<\/div>\n<\/li><li id=\"cmsmasters_icon_list_item_jaegbck7mo\" class=\"cmsmasters_icon_list_item\">\n<div class=\"cmsmasters_icon_list_item_inner\">\n<div class=\"cmsmasters_icon_list_icon_wrap\">\n<span class=\"cmsmasters_icon_list_icon cmsmasters-icon-comment-3\"><\/span>\n<\/div>\n<div class=\"cmsmasters_icon_list_item_content\">\n<h4 class=\"cmsmasters_icon_list_item_title\">What is the procedure after the results come in?<\/h4>\n<div class=\"cmsmasters_icon_list_item_text\">\n<p>If the result of the biopsy requires a solution, we will arrange subsequent treatment and surgery. If the patient wants to arrange the treatment herself, we will issue the necessary documentation.<\/p>\n<p>If the biopsy result does not require any solution, we will arrange a follow-up with the patient.<\/p>\n<\/div>\n<\/div>\n<\/div>\n<\/li><\/ul>\n<\/div><\/div>\n<\/div>\n<\/div>\n<\/div>\n<\/div>\n<\/div>","protected":false},"excerpt":{"rendered":"","protected":false},"author":1,"featured_media":0,"parent":13476,"menu_order":0,"comment_status":"closed","ping_status":"closed","template":"","meta":{"footnotes":""},"class_list":["post-13562","page","type-page","status-publish","hentry"],"yoast_head":"<!-- This site is optimized with the Yoast SEO plugin v27.3 - https:\/\/yoast.com\/product\/yoast-seo-wordpress\/ -->\n<title>Biopsie prsu - Breast Unit Prague<\/title>\n<meta name=\"robots\" content=\"index, follow, max-snippet:-1, max-image-preview:large, max-video-preview:-1\" \/>\n<link rel=\"canonical\" href=\"https:\/\/buprague.cz\/en\/for-patients\/important-information\/all-about-the-assessment\/biopsy\/\" \/>\n<meta property=\"og:locale\" content=\"en_GB\" \/>\n<meta property=\"og:type\" content=\"article\" \/>\n<meta property=\"og:title\" content=\"Biopsie prsu - Breast Unit Prague\" \/>\n<meta property=\"og:url\" content=\"https:\/\/buprague.cz\/en\/for-patients\/important-information\/all-about-the-assessment\/biopsy\/\" \/>\n<meta property=\"og:site_name\" content=\"BUPrague\" \/>\n<meta property=\"article:modified_time\" content=\"2021-01-21T14:22:40+00:00\" \/>\n<meta name=\"twitter:card\" content=\"summary_large_image\" \/>\n<meta name=\"twitter:label1\" content=\"Estimated reading time\" \/>\n\t<meta name=\"twitter:data1\" content=\"11 minutes\" \/>\n<script type=\"application\/ld+json\" class=\"yoast-schema-graph\">{\"@context\":\"https:\\\/\\\/schema.org\",\"@graph\":[{\"@type\":\"WebPage\",\"@id\":\"https:\\\/\\\/buprague.cz\\\/pro-pacienty\\\/dulezite-informace\\\/vse-o-vysetreni\\\/biopsie\\\/\",\"url\":\"https:\\\/\\\/buprague.cz\\\/pro-pacienty\\\/dulezite-informace\\\/vse-o-vysetreni\\\/biopsie\\\/\",\"name\":\"Biopsie prsu - Breast Unit Prague\",\"isPartOf\":{\"@id\":\"https:\\\/\\\/buprague.cz\\\/#website\"},\"datePublished\":\"2017-09-26T12:25:09+00:00\",\"dateModified\":\"2021-01-21T14:22:40+00:00\",\"breadcrumb\":{\"@id\":\"https:\\\/\\\/buprague.cz\\\/pro-pacienty\\\/dulezite-informace\\\/vse-o-vysetreni\\\/biopsie\\\/#breadcrumb\"},\"inLanguage\":\"en-GB\",\"potentialAction\":[{\"@type\":\"ReadAction\",\"target\":[\"https:\\\/\\\/buprague.cz\\\/pro-pacienty\\\/dulezite-informace\\\/vse-o-vysetreni\\\/biopsie\\\/\"]}]},{\"@type\":\"BreadcrumbList\",\"@id\":\"https:\\\/\\\/buprague.cz\\\/pro-pacienty\\\/dulezite-informace\\\/vse-o-vysetreni\\\/biopsie\\\/#breadcrumb\",\"itemListElement\":[{\"@type\":\"ListItem\",\"position\":1,\"name\":\"Home\",\"item\":\"https:\\\/\\\/buprague.cz\\\/\"},{\"@type\":\"ListItem\",\"position\":2,\"name\":\"Pro pacienty\",\"item\":\"https:\\\/\\\/buprague.cz\\\/pro-pacienty\\\/\"},{\"@type\":\"ListItem\",\"position\":3,\"name\":\"D\u016fle\u017eit\u00e9 informace\",\"item\":\"https:\\\/\\\/buprague.cz\\\/pro-pacienty\\\/dulezite-informace\\\/\"},{\"@type\":\"ListItem\",\"position\":4,\"name\":\"V\u0161e o vy\u0161et\u0159en\u00ed\",\"item\":\"https:\\\/\\\/buprague.cz\\\/pro-pacienty\\\/dulezite-informace\\\/vse-o-vysetreni\\\/\"},{\"@type\":\"ListItem\",\"position\":5,\"name\":\"Biopsie\"}]},{\"@type\":\"WebSite\",\"@id\":\"https:\\\/\\\/buprague.cz\\\/#website\",\"url\":\"https:\\\/\\\/buprague.cz\\\/\",\"name\":\"BUPrague\",\"description\":\"Mamma centrum Breast Unit Prague\",\"publisher\":{\"@id\":\"https:\\\/\\\/buprague.cz\\\/#organization\"},\"potentialAction\":[{\"@type\":\"SearchAction\",\"target\":{\"@type\":\"EntryPoint\",\"urlTemplate\":\"https:\\\/\\\/buprague.cz\\\/?s={search_term_string}\"},\"query-input\":{\"@type\":\"PropertyValueSpecification\",\"valueRequired\":true,\"valueName\":\"search_term_string\"}}],\"inLanguage\":\"en-GB\"},{\"@type\":\"Organization\",\"@id\":\"https:\\\/\\\/buprague.cz\\\/#organization\",\"name\":\"BUPrague\",\"url\":\"https:\\\/\\\/buprague.cz\\\/\",\"logo\":{\"@type\":\"ImageObject\",\"inLanguage\":\"en-GB\",\"@id\":\"https:\\\/\\\/buprague.cz\\\/#\\\/schema\\\/logo\\\/image\\\/\",\"url\":\"https:\\\/\\\/buprague.cz\\\/wp-content\\\/uploads\\\/2018\\\/03\\\/logo.svg\",\"contentUrl\":\"https:\\\/\\\/buprague.cz\\\/wp-content\\\/uploads\\\/2018\\\/03\\\/logo.svg\",\"width\":1012.99,\"height\":297.5,\"caption\":\"BUPrague\"},\"image\":{\"@id\":\"https:\\\/\\\/buprague.cz\\\/#\\\/schema\\\/logo\\\/image\\\/\"}}]}<\/script>\n<!-- \/ Yoast SEO plugin. -->","yoast_head_json":{"title":"Breast biopsy - Breast Unit Prague","robots":{"index":"index","follow":"follow","max-snippet":"max-snippet:-1","max-image-preview":"max-image-preview:large","max-video-preview":"max-video-preview:-1"},"canonical":"https:\/\/buprague.cz\/en\/for-patients\/important-information\/all-about-the-assessment\/biopsy\/","og_locale":"en_GB","og_type":"article","og_title":"Biopsie prsu - Breast Unit Prague","og_url":"https:\/\/buprague.cz\/en\/for-patients\/important-information\/all-about-the-assessment\/biopsy\/","og_site_name":"BUPrague","article_modified_time":"2021-01-21T14:22:40+00:00","twitter_card":"summary_large_image","twitter_misc":{"Estimated reading time":"11 minutes"},"schema":{"@context":"https:\/\/schema.org","@graph":[{"@type":"WebPage","@id":"https:\/\/buprague.cz\/pro-pacienty\/dulezite-informace\/vse-o-vysetreni\/biopsie\/","url":"https:\/\/buprague.cz\/pro-pacienty\/dulezite-informace\/vse-o-vysetreni\/biopsie\/","name":"Breast biopsy - Breast Unit Prague","isPartOf":{"@id":"https:\/\/buprague.cz\/#website"},"datePublished":"2017-09-26T12:25:09+00:00","dateModified":"2021-01-21T14:22:40+00:00","breadcrumb":{"@id":"https:\/\/buprague.cz\/pro-pacienty\/dulezite-informace\/vse-o-vysetreni\/biopsie\/#breadcrumb"},"inLanguage":"en-GB","potentialAction":[{"@type":"ReadAction","target":["https:\/\/buprague.cz\/pro-pacienty\/dulezite-informace\/vse-o-vysetreni\/biopsie\/"]}]},{"@type":"BreadcrumbList","@id":"https:\/\/buprague.cz\/pro-pacienty\/dulezite-informace\/vse-o-vysetreni\/biopsie\/#breadcrumb","itemListElement":[{"@type":"ListItem","position":1,"name":"Home","item":"https:\/\/buprague.cz\/"},{"@type":"ListItem","position":2,"name":"Pro pacienty","item":"https:\/\/buprague.cz\/pro-pacienty\/"},{"@type":"ListItem","position":3,"name":"D\u016fle\u017eit\u00e9 informace","item":"https:\/\/buprague.cz\/pro-pacienty\/dulezite-informace\/"},{"@type":"ListItem","position":4,"name":"V\u0161e o vy\u0161et\u0159en\u00ed","item":"https:\/\/buprague.cz\/pro-pacienty\/dulezite-informace\/vse-o-vysetreni\/"},{"@type":"ListItem","position":5,"name":"Biopsie"}]},{"@type":"WebSite","@id":"https:\/\/buprague.cz\/#website","url":"https:\/\/buprague.cz\/","name":"BUPrague","description":"Mamma Centre Breast Unit Prague","publisher":{"@id":"https:\/\/buprague.cz\/#organization"},"potentialAction":[{"@type":"SearchAction","target":{"@type":"EntryPoint","urlTemplate":"https:\/\/buprague.cz\/?s={search_term_string}"},"query-input":{"@type":"PropertyValueSpecification","valueRequired":true,"valueName":"search_term_string"}}],"inLanguage":"en-GB"},{"@type":"Organization","@id":"https:\/\/buprague.cz\/#organization","name":"BUPrague","url":"https:\/\/buprague.cz\/","logo":{"@type":"ImageObject","inLanguage":"en-GB","@id":"https:\/\/buprague.cz\/#\/schema\/logo\/image\/","url":"https:\/\/buprague.cz\/wp-content\/uploads\/2018\/03\/logo.svg","contentUrl":"https:\/\/buprague.cz\/wp-content\/uploads\/2018\/03\/logo.svg","width":1012.99,"height":297.5,"caption":"BUPrague"},"image":{"@id":"https:\/\/buprague.cz\/#\/schema\/logo\/image\/"}}]}},"_links":{"self":[{"href":"https:\/\/buprague.cz\/en\/wp-json\/wp\/v2\/pages\/13562","targetHints":{"allow":["GET"]}}],"collection":[{"href":"https:\/\/buprague.cz\/en\/wp-json\/wp\/v2\/pages"}],"about":[{"href":"https:\/\/buprague.cz\/en\/wp-json\/wp\/v2\/types\/page"}],"author":[{"embeddable":true,"href":"https:\/\/buprague.cz\/en\/wp-json\/wp\/v2\/users\/1"}],"replies":[{"embeddable":true,"href":"https:\/\/buprague.cz\/en\/wp-json\/wp\/v2\/comments?post=13562"}],"version-history":[{"count":0,"href":"https:\/\/buprague.cz\/en\/wp-json\/wp\/v2\/pages\/13562\/revisions"}],"up":[{"embeddable":true,"href":"https:\/\/buprague.cz\/en\/wp-json\/wp\/v2\/pages\/13476"}],"wp:attachment":[{"href":"https:\/\/buprague.cz\/en\/wp-json\/wp\/v2\/media?parent=13562"}],"curies":[{"name":"wp","href":"https:\/\/api.w.org\/{rel}","templated":true}]}}