{"id":13796,"date":"2017-10-05T14:52:49","date_gmt":"2017-10-05T12:52:49","guid":{"rendered":"https:\/\/buprague.princ.online\/?page_id=13796"},"modified":"2021-01-21T14:45:06","modified_gmt":"2021-01-21T13:45:06","slug":"ordinacni-hodiny","status":"publish","type":"page","link":"https:\/\/buprague.cz\/en\/office-hours\/","title":{"rendered":"Office hours"},"content":{"rendered":"<div id=\"cmsmasters_row_n0ida6lexb\" class=\"cmsmasters_row cmsmasters_color_scheme_default cmsmasters_row_top_default cmsmasters_row_bot_default cmsmasters_row_boxed\">\n<div class=\"cmsmasters_row_outer_parent\">\n<div class=\"cmsmasters_row_outer\">\n<div class=\"cmsmasters_row_inner\">\n<div class=\"cmsmasters_row_margin\">\n<div id=\"cmsmasters_column_1l7pycy2rm\" class=\"cmsmasters_column one_first\">\n<div class=\"cmsmasters_column_inner\"><\/div><\/div>\n<\/div>\n<\/div>\n<div class=\"cmsmasters_row_inner\">\n<div class=\"cmsmasters_row_margin\">\n<div id=\"cmsmasters_column_ry16xx073q\" class=\"cmsmasters_column one_half\">\n<div class=\"cmsmasters_column_inner\"><div id=\"cmsmasters_heading_alz5lpuawp\" class=\"cmsmasters_heading_wrap cmsmasters_heading_align_center\">\n\t<h2 class=\"cmsmasters_heading\">Opening hours Mamma centre Opatov<\/h2>\n<\/div><div class=\"cmsmasters_wrap_table\"><table class=\"cmsmasters_table\"><caption><\/caption><tr><td class=\"cmsmasters_table_cell_aligncenter\">Monday<\/td><td class=\"cmsmasters_table_cell_alignleft\">7:30 &#8211; 18:45<\/td><\/tr><tr><td class=\"cmsmasters_table_cell_aligncenter\">Tuesday<\/td><td class=\"cmsmasters_table_cell_alignleft\">7:15 &#8211; 15:30<\/td><\/tr><tr><td class=\"cmsmasters_table_cell_aligncenter\">Wednesday<\/td><td class=\"cmsmasters_table_cell_alignleft\">7:15 &#8211; 15:30<\/td><\/tr><tr><td class=\"cmsmasters_table_cell_aligncenter\">Thursday<\/td><td class=\"cmsmasters_table_cell_alignleft\">7:15 &#8211; 15:30<\/td><\/tr><tr><td class=\"cmsmasters_table_cell_aligncenter\">Friday<\/td><td class=\"cmsmasters_table_cell_alignleft\">7:15 &#8211; 13:30<\/td><\/tr><\/table><\/div>\n<\/div><\/div>\n<div id=\"cmsmasters_column_yej2opgpc\" class=\"cmsmasters_column one_half\">\n<div class=\"cmsmasters_column_inner\"><div id=\"cmsmasters_heading_pvmiwxuhg7\" class=\"cmsmasters_heading_wrap cmsmasters_heading_align_center\">\n\t<h2 class=\"cmsmasters_heading\">Office hours Mamma centrum Hrad\u010dansk\u00e1<\/h2>\n<\/div><div class=\"cmsmasters_wrap_table\"><table class=\"cmsmasters_table\"><caption><\/caption><tr><td class=\"cmsmasters_table_cell_aligncenter\">Monday<\/td><td class=\"cmsmasters_table_cell_alignleft\">7:30 &#8211; 15:30<\/td><\/tr><tr><td class=\"cmsmasters_table_cell_aligncenter\">Tuesday<\/td><td class=\"cmsmasters_table_cell_alignleft\">7:15 &#8211; 15:30<\/td><\/tr><tr><td class=\"cmsmasters_table_cell_aligncenter\">Wednesday<\/td><td class=\"cmsmasters_table_cell_alignleft\">7:15 &#8211; 15:30<\/td><\/tr><tr><td class=\"cmsmasters_table_cell_aligncenter\">Thursday<\/td><td class=\"cmsmasters_table_cell_alignleft\">7:15 &#8211; 15:30<\/td><\/tr><tr><td class=\"cmsmasters_table_cell_aligncenter\">Friday<\/td><td class=\"cmsmasters_table_cell_alignleft\">7:15 &#8211; 13:30<\/td><\/tr><\/table><\/div>\n<\/div><\/div>\n<\/div>\n<\/div>\n<\/div>\n<\/div>\n<\/div>\n<div id=\"cmsmasters_row_2h1dz323qk\" class=\"cmsmasters_row cmsmasters_color_scheme_default cmsmasters_row_top_default cmsmasters_row_bot_default cmsmasters_row_boxed\">\n<div class=\"cmsmasters_row_outer_parent\">\n<div class=\"cmsmasters_row_outer\">\n<div class=\"cmsmasters_row_inner\">\n<div class=\"cmsmasters_row_margin\">\n<div id=\"cmsmasters_column_9dmupj6l6q\" class=\"cmsmasters_column one_first\">\n<div class=\"cmsmasters_column_inner\"><div class=\"cmsmasters_img  cmsmasters_image_n\"><img decoding=\"async\" src=\"https:\/\/buprague.cz\/wp-content\/uploads\/2017\/09\/LHP_3798h-1024x683.jpg\" \/><\/div>\n<\/div><\/div>\n<\/div>\n<\/div>\n<\/div>\n<\/div>\n<\/div>\n<div id=\"cmsmasters_row_\" class=\"cmsmasters_row cmsmasters_color_scheme_default cmsmasters_row_top_default cmsmasters_row_bot_default cmsmasters_row_boxed\">\n<div class=\"cmsmasters_row_outer_parent\">\n<div class=\"cmsmasters_row_outer\">\n<div class=\"cmsmasters_row_inner\">\n<div class=\"cmsmasters_row_margin\">\n<div id=\"cmsmasters_column_\" class=\"cmsmasters_column one_first\">\n<div class=\"cmsmasters_column_inner\"><div class=\"cmsmasters_text\">\n<p>Complete contacts and addresses can be found under the tab <a href=\"https:\/\/buprague.cz\/en\/contacts\/\">Contact<\/a>.<\/p>\n<\/div>\n<\/div><\/div>\n<\/div>\n<\/div>\n<\/div>\n<\/div>\n<\/div>","protected":false},"excerpt":{"rendered":"","protected":false},"author":1,"featured_media":0,"parent":0,"menu_order":0,"comment_status":"closed","ping_status":"closed","template":"","meta":{"footnotes":""},"class_list":["post-13796","page","type-page","status-publish","hentry"],"yoast_head":"<!-- This site is optimized with the Yoast SEO plugin v27.5 - https:\/\/yoast.com\/product\/yoast-seo-wordpress\/ -->\n<title>Ordina\u010dn\u00ed hodiny - Breast Unit Prague H\u00e1je a Hrad\u010dansk\u00e1<\/title>\n<meta name=\"description\" content=\"D\u00edky na\u0161emu on-line objedn\u00e1vac\u00edmu syst\u00e9mu se na preventivn\u00ed vy\u0161et\u0159en\u00ed m\u016f\u017eete dostavit kdykoli se V\u00e1m to hod\u00ed. Pod\u00edvejte se na ordina\u010dn\u00ed hodiny a zvolte si den a hodinu dle Va\u0161ich pot\u0159eb.\" \/>\n<meta name=\"robots\" content=\"index, follow, max-snippet:-1, max-image-preview:large, max-video-preview:-1\" \/>\n<link rel=\"canonical\" href=\"https:\/\/buprague.cz\/en\/office-hours\/\" \/>\n<meta property=\"og:locale\" content=\"en_GB\" \/>\n<meta property=\"og:type\" content=\"article\" \/>\n<meta property=\"og:title\" content=\"Ordina\u010dn\u00ed hodiny - Breast Unit Prague H\u00e1je a Hrad\u010dansk\u00e1\" \/>\n<meta property=\"og:description\" content=\"D\u00edky na\u0161emu on-line objedn\u00e1vac\u00edmu syst\u00e9mu se na preventivn\u00ed vy\u0161et\u0159en\u00ed m\u016f\u017eete dostavit kdykoli se V\u00e1m to hod\u00ed. Pod\u00edvejte se na ordina\u010dn\u00ed hodiny a zvolte si den a hodinu dle Va\u0161ich pot\u0159eb.\" \/>\n<meta property=\"og:url\" content=\"https:\/\/buprague.cz\/en\/office-hours\/\" \/>\n<meta property=\"og:site_name\" content=\"BUPrague\" \/>\n<meta property=\"article:modified_time\" content=\"2021-01-21T13:45:06+00:00\" \/>\n<meta name=\"twitter:card\" content=\"summary_large_image\" \/>\n<meta name=\"twitter:label1\" content=\"Estimated reading time\" \/>\n\t<meta name=\"twitter:data1\" content=\"3 minutes\" \/>\n<script type=\"application\/ld+json\" class=\"yoast-schema-graph\">{\"@context\":\"https:\\\/\\\/schema.org\",\"@graph\":[{\"@type\":\"WebPage\",\"@id\":\"https:\\\/\\\/buprague.cz\\\/ordinacni-hodiny\\\/\",\"url\":\"https:\\\/\\\/buprague.cz\\\/ordinacni-hodiny\\\/\",\"name\":\"Ordina\u010dn\u00ed hodiny - Breast Unit Prague H\u00e1je a Hrad\u010dansk\u00e1\",\"isPartOf\":{\"@id\":\"https:\\\/\\\/buprague.cz\\\/#website\"},\"datePublished\":\"2017-10-05T12:52:49+00:00\",\"dateModified\":\"2021-01-21T13:45:06+00:00\",\"description\":\"D\u00edky na\u0161emu on-line objedn\u00e1vac\u00edmu syst\u00e9mu se na preventivn\u00ed vy\u0161et\u0159en\u00ed m\u016f\u017eete dostavit kdykoli se V\u00e1m to hod\u00ed. Pod\u00edvejte se na ordina\u010dn\u00ed hodiny a zvolte si den a hodinu dle Va\u0161ich pot\u0159eb.\",\"breadcrumb\":{\"@id\":\"https:\\\/\\\/buprague.cz\\\/ordinacni-hodiny\\\/#breadcrumb\"},\"inLanguage\":\"en-GB\",\"potentialAction\":[{\"@type\":\"ReadAction\",\"target\":[\"https:\\\/\\\/buprague.cz\\\/ordinacni-hodiny\\\/\"]}]},{\"@type\":\"BreadcrumbList\",\"@id\":\"https:\\\/\\\/buprague.cz\\\/ordinacni-hodiny\\\/#breadcrumb\",\"itemListElement\":[{\"@type\":\"ListItem\",\"position\":1,\"name\":\"Home\",\"item\":\"https:\\\/\\\/buprague.cz\\\/\"},{\"@type\":\"ListItem\",\"position\":2,\"name\":\"Ordina\u010dn\u00ed hodiny\"}]},{\"@type\":\"WebSite\",\"@id\":\"https:\\\/\\\/buprague.cz\\\/#website\",\"url\":\"https:\\\/\\\/buprague.cz\\\/\",\"name\":\"BUPrague\",\"description\":\"Mamma centrum Breast Unit Prague\",\"publisher\":{\"@id\":\"https:\\\/\\\/buprague.cz\\\/#organization\"},\"potentialAction\":[{\"@type\":\"SearchAction\",\"target\":{\"@type\":\"EntryPoint\",\"urlTemplate\":\"https:\\\/\\\/buprague.cz\\\/?s={search_term_string}\"},\"query-input\":{\"@type\":\"PropertyValueSpecification\",\"valueRequired\":true,\"valueName\":\"search_term_string\"}}],\"inLanguage\":\"en-GB\"},{\"@type\":\"Organization\",\"@id\":\"https:\\\/\\\/buprague.cz\\\/#organization\",\"name\":\"BUPrague\",\"url\":\"https:\\\/\\\/buprague.cz\\\/\",\"logo\":{\"@type\":\"ImageObject\",\"inLanguage\":\"en-GB\",\"@id\":\"https:\\\/\\\/buprague.cz\\\/#\\\/schema\\\/logo\\\/image\\\/\",\"url\":\"https:\\\/\\\/buprague.cz\\\/wp-content\\\/uploads\\\/2018\\\/03\\\/logo.svg\",\"contentUrl\":\"https:\\\/\\\/buprague.cz\\\/wp-content\\\/uploads\\\/2018\\\/03\\\/logo.svg\",\"width\":1012.99,\"height\":297.5,\"caption\":\"BUPrague\"},\"image\":{\"@id\":\"https:\\\/\\\/buprague.cz\\\/#\\\/schema\\\/logo\\\/image\\\/\"}}]}<\/script>\n<!-- \/ Yoast SEO plugin. -->","yoast_head_json":{"title":"Office hours - Breast Unit Prague H\u00e1je a Hrad\u010dansk\u00e1","description":"Thanks to our online ordering system, you can come in for a preventive examination whenever it is convenient for you. Check out the office hours and choose the day and time to suit your needs.","robots":{"index":"index","follow":"follow","max-snippet":"max-snippet:-1","max-image-preview":"max-image-preview:large","max-video-preview":"max-video-preview:-1"},"canonical":"https:\/\/buprague.cz\/en\/office-hours\/","og_locale":"en_GB","og_type":"article","og_title":"Ordina\u010dn\u00ed hodiny - Breast Unit Prague H\u00e1je a Hrad\u010dansk\u00e1","og_description":"D\u00edky na\u0161emu on-line objedn\u00e1vac\u00edmu syst\u00e9mu se na preventivn\u00ed vy\u0161et\u0159en\u00ed m\u016f\u017eete dostavit kdykoli se V\u00e1m to hod\u00ed. Pod\u00edvejte se na ordina\u010dn\u00ed hodiny a zvolte si den a hodinu dle Va\u0161ich pot\u0159eb.","og_url":"https:\/\/buprague.cz\/en\/office-hours\/","og_site_name":"BUPrague","article_modified_time":"2021-01-21T13:45:06+00:00","twitter_card":"summary_large_image","twitter_misc":{"Estimated reading time":"3 minutes"},"schema":{"@context":"https:\/\/schema.org","@graph":[{"@type":"WebPage","@id":"https:\/\/buprague.cz\/ordinacni-hodiny\/","url":"https:\/\/buprague.cz\/ordinacni-hodiny\/","name":"Office hours - Breast Unit Prague H\u00e1je a Hrad\u010dansk\u00e1","isPartOf":{"@id":"https:\/\/buprague.cz\/#website"},"datePublished":"2017-10-05T12:52:49+00:00","dateModified":"2021-01-21T13:45:06+00:00","description":"Thanks to our online ordering system, you can come in for a preventive examination whenever it is convenient for you. Check out the office hours and choose the day and time to suit your needs.","breadcrumb":{"@id":"https:\/\/buprague.cz\/ordinacni-hodiny\/#breadcrumb"},"inLanguage":"en-GB","potentialAction":[{"@type":"ReadAction","target":["https:\/\/buprague.cz\/ordinacni-hodiny\/"]}]},{"@type":"BreadcrumbList","@id":"https:\/\/buprague.cz\/ordinacni-hodiny\/#breadcrumb","itemListElement":[{"@type":"ListItem","position":1,"name":"Home","item":"https:\/\/buprague.cz\/"},{"@type":"ListItem","position":2,"name":"Ordina\u010dn\u00ed hodiny"}]},{"@type":"WebSite","@id":"https:\/\/buprague.cz\/#website","url":"https:\/\/buprague.cz\/","name":"BUPrague","description":"Mamma Centre Breast Unit Prague","publisher":{"@id":"https:\/\/buprague.cz\/#organization"},"potentialAction":[{"@type":"SearchAction","target":{"@type":"EntryPoint","urlTemplate":"https:\/\/buprague.cz\/?s={search_term_string}"},"query-input":{"@type":"PropertyValueSpecification","valueRequired":true,"valueName":"search_term_string"}}],"inLanguage":"en-GB"},{"@type":"Organization","@id":"https:\/\/buprague.cz\/#organization","name":"BUPrague","url":"https:\/\/buprague.cz\/","logo":{"@type":"ImageObject","inLanguage":"en-GB","@id":"https:\/\/buprague.cz\/#\/schema\/logo\/image\/","url":"https:\/\/buprague.cz\/wp-content\/uploads\/2018\/03\/logo.svg","contentUrl":"https:\/\/buprague.cz\/wp-content\/uploads\/2018\/03\/logo.svg","width":1012.99,"height":297.5,"caption":"BUPrague"},"image":{"@id":"https:\/\/buprague.cz\/#\/schema\/logo\/image\/"}}]}},"_links":{"self":[{"href":"https:\/\/buprague.cz\/en\/wp-json\/wp\/v2\/pages\/13796","targetHints":{"allow":["GET"]}}],"collection":[{"href":"https:\/\/buprague.cz\/en\/wp-json\/wp\/v2\/pages"}],"about":[{"href":"https:\/\/buprague.cz\/en\/wp-json\/wp\/v2\/types\/page"}],"author":[{"embeddable":true,"href":"https:\/\/buprague.cz\/en\/wp-json\/wp\/v2\/users\/1"}],"replies":[{"embeddable":true,"href":"https:\/\/buprague.cz\/en\/wp-json\/wp\/v2\/comments?post=13796"}],"version-history":[{"count":0,"href":"https:\/\/buprague.cz\/en\/wp-json\/wp\/v2\/pages\/13796\/revisions"}],"wp:attachment":[{"href":"https:\/\/buprague.cz\/en\/wp-json\/wp\/v2\/media?parent=13796"}],"curies":[{"name":"wp","href":"https:\/\/api.w.org\/{rel}","templated":true}]}}