{"id":13933,"date":"2017-10-06T15:03:13","date_gmt":"2017-10-06T13:03:13","guid":{"rendered":"https:\/\/buprague.princ.online\/?page_id=13933"},"modified":"2023-07-30T13:00:22","modified_gmt":"2023-07-30T11:00:22","slug":"hradim-sama","status":"publish","type":"page","link":"https:\/\/buprague.cz\/en\/for-patients\/preventive-examination\/i-pay-myself\/","title":{"rendered":"When do I have to pay for the mammogram myself"},"content":{"rendered":"<div id=\"cmsmasters_row_\" class=\"cmsmasters_row cmsmasters_color_scheme_default cmsmasters_row_top_default cmsmasters_row_bot_default cmsmasters_row_boxed\">\n<div class=\"cmsmasters_row_outer_parent\">\n<div class=\"cmsmasters_row_outer\">\n<div class=\"cmsmasters_row_inner\">\n<div class=\"cmsmasters_row_margin\">\n<div id=\"cmsmasters_column_\" class=\"cmsmasters_column one_first\">\n<div class=\"cmsmasters_column_inner\"><div class=\"cmsmasters_text\">\n<ul>\n<li>You are<strong> older than 40 years old<\/strong> years old and<strong> it has been more than a year<\/strong> since your last mammogram.<\/li>\n<li>You are<strong> older than 40 years old<\/strong> years old and in the last two years you have had <strong>mammography in our facility.<\/strong><\/li>\n<li>You are <strong>older than 40 years old<\/strong> years old, you have been undergoing <strong>hormone replacement therapy<\/strong> (HST, HRT) and <strong>had been given a referral for a preventive mammography examination<\/strong> from the doctor <strong>a year ago<\/strong><\/li>\n<li>You are <strong>older than 40 years old<\/strong> and you wish to be examined, <strong>due to<\/strong> family predispositions or personal <strong>concerns.<\/strong>.<\/li>\n<\/ul>\n<p>For women taking hormone replacement therapy (HRT) in menopause, it is recommended to have a mammogram every year.<strong> Woman is entitled to a preventive mammography covered by health insurance only once every two years;<\/strong>she pays for her own examinations every other year. The same applies to women who wish to be screened once a year due to personal or family risk factors, even if they are not taking HST (applies to women over 40 years of age).<\/p>\n<p><strong>Younger women<\/strong>who do not have signs of breast disease but have personal  concerns or family predispositions or just want to make sure they are healthy, can be given preventive <strong>ultrasound examination for a fee<\/strong>.<\/p>\n<\/div>\n<\/div><\/div>\n<\/div>\n<\/div>\n<\/div>\n<\/div>\n<\/div>\n<div id=\"cmsmasters_row_6ziom4w99b\" class=\"cmsmasters_row cmsmasters_color_scheme_default cmsmasters_row_top_default cmsmasters_row_bot_default cmsmasters_row_boxed\">\n<div class=\"cmsmasters_row_outer_parent\">\n<div class=\"cmsmasters_row_outer\">\n<div class=\"cmsmasters_row_inner\">\n<div class=\"cmsmasters_row_margin\">\n<div id=\"cmsmasters_column_f7tivtmpm2\" class=\"cmsmasters_column one_first\">\n<div class=\"cmsmasters_column_inner\"><div id=\"cmsmasters_button_a6sgx818nb\" class=\"button_wrap\"><a href=\"https:\/\/buprague.cz\/en\/for-patients\/pricetable\/\" class=\"cmsmasters_button\" target=\"_blank\"><span>Pricing<\/span><\/a><\/div>\n<\/div><\/div>\n<\/div>\n<\/div>\n<\/div>\n<\/div>\n<\/div>","protected":false},"excerpt":{"rendered":"","protected":false},"author":1,"featured_media":0,"parent":13459,"menu_order":0,"comment_status":"closed","ping_status":"closed","template":"","meta":{"footnotes":""},"class_list":["post-13933","page","type-page","status-publish","hentry"],"yoast_head":"<!-- This site is optimized with the Yoast SEO plugin v27.3 - https:\/\/yoast.com\/product\/yoast-seo-wordpress\/ -->\n<title>Kdy mus\u00edm mamograf hradit sama - BUPrague<\/title>\n<meta name=\"robots\" content=\"index, follow, max-snippet:-1, max-image-preview:large, max-video-preview:-1\" \/>\n<link rel=\"canonical\" href=\"https:\/\/buprague.cz\/en\/for-patients\/preventive-examination\/i-pay-myself\/\" \/>\n<meta property=\"og:locale\" content=\"en_GB\" \/>\n<meta property=\"og:type\" content=\"article\" \/>\n<meta property=\"og:title\" content=\"Kdy mus\u00edm mamograf hradit sama - BUPrague\" \/>\n<meta property=\"og:url\" content=\"https:\/\/buprague.cz\/en\/for-patients\/preventive-examination\/i-pay-myself\/\" \/>\n<meta property=\"og:site_name\" content=\"BUPrague\" \/>\n<meta property=\"article:modified_time\" content=\"2023-07-30T11:00:22+00:00\" \/>\n<meta name=\"twitter:card\" content=\"summary_large_image\" \/>\n<meta name=\"twitter:label1\" content=\"Estimated reading time\" \/>\n\t<meta name=\"twitter:data1\" content=\"2 minutes\" \/>\n<script type=\"application\/ld+json\" class=\"yoast-schema-graph\">{\"@context\":\"https:\\\/\\\/schema.org\",\"@graph\":[{\"@type\":\"WebPage\",\"@id\":\"https:\\\/\\\/buprague.cz\\\/pro-pacienty\\\/preventivni-vysetreni\\\/hradim-sama\\\/\",\"url\":\"https:\\\/\\\/buprague.cz\\\/pro-pacienty\\\/preventivni-vysetreni\\\/hradim-sama\\\/\",\"name\":\"Kdy mus\u00edm mamograf hradit sama - BUPrague\",\"isPartOf\":{\"@id\":\"https:\\\/\\\/buprague.cz\\\/#website\"},\"datePublished\":\"2017-10-06T13:03:13+00:00\",\"dateModified\":\"2023-07-30T11:00:22+00:00\",\"breadcrumb\":{\"@id\":\"https:\\\/\\\/buprague.cz\\\/pro-pacienty\\\/preventivni-vysetreni\\\/hradim-sama\\\/#breadcrumb\"},\"inLanguage\":\"en-GB\",\"potentialAction\":[{\"@type\":\"ReadAction\",\"target\":[\"https:\\\/\\\/buprague.cz\\\/pro-pacienty\\\/preventivni-vysetreni\\\/hradim-sama\\\/\"]}]},{\"@type\":\"BreadcrumbList\",\"@id\":\"https:\\\/\\\/buprague.cz\\\/pro-pacienty\\\/preventivni-vysetreni\\\/hradim-sama\\\/#breadcrumb\",\"itemListElement\":[{\"@type\":\"ListItem\",\"position\":1,\"name\":\"Home\",\"item\":\"https:\\\/\\\/buprague.cz\\\/\"},{\"@type\":\"ListItem\",\"position\":2,\"name\":\"Pro pacienty\",\"item\":\"https:\\\/\\\/buprague.cz\\\/pro-pacienty\\\/\"},{\"@type\":\"ListItem\",\"position\":3,\"name\":\"Preventivn\u00ed vy\u0161et\u0159en\u00ed\",\"item\":\"https:\\\/\\\/buprague.cz\\\/pro-pacienty\\\/preventivni-vysetreni\\\/\"},{\"@type\":\"ListItem\",\"position\":4,\"name\":\"Kdy mus\u00edm mamograf hradit sama\"}]},{\"@type\":\"WebSite\",\"@id\":\"https:\\\/\\\/buprague.cz\\\/#website\",\"url\":\"https:\\\/\\\/buprague.cz\\\/\",\"name\":\"BUPrague\",\"description\":\"Mamma centrum Breast Unit Prague\",\"publisher\":{\"@id\":\"https:\\\/\\\/buprague.cz\\\/#organization\"},\"potentialAction\":[{\"@type\":\"SearchAction\",\"target\":{\"@type\":\"EntryPoint\",\"urlTemplate\":\"https:\\\/\\\/buprague.cz\\\/?s={search_term_string}\"},\"query-input\":{\"@type\":\"PropertyValueSpecification\",\"valueRequired\":true,\"valueName\":\"search_term_string\"}}],\"inLanguage\":\"en-GB\"},{\"@type\":\"Organization\",\"@id\":\"https:\\\/\\\/buprague.cz\\\/#organization\",\"name\":\"BUPrague\",\"url\":\"https:\\\/\\\/buprague.cz\\\/\",\"logo\":{\"@type\":\"ImageObject\",\"inLanguage\":\"en-GB\",\"@id\":\"https:\\\/\\\/buprague.cz\\\/#\\\/schema\\\/logo\\\/image\\\/\",\"url\":\"https:\\\/\\\/buprague.cz\\\/wp-content\\\/uploads\\\/2018\\\/03\\\/logo.svg\",\"contentUrl\":\"https:\\\/\\\/buprague.cz\\\/wp-content\\\/uploads\\\/2018\\\/03\\\/logo.svg\",\"width\":1012.99,\"height\":297.5,\"caption\":\"BUPrague\"},\"image\":{\"@id\":\"https:\\\/\\\/buprague.cz\\\/#\\\/schema\\\/logo\\\/image\\\/\"}}]}<\/script>\n<!-- \/ Yoast SEO plugin. -->","yoast_head_json":{"title":"When do I have to pay for the mammogram myself - BUPrague","robots":{"index":"index","follow":"follow","max-snippet":"max-snippet:-1","max-image-preview":"max-image-preview:large","max-video-preview":"max-video-preview:-1"},"canonical":"https:\/\/buprague.cz\/en\/for-patients\/preventive-examination\/i-pay-myself\/","og_locale":"en_GB","og_type":"article","og_title":"Kdy mus\u00edm mamograf hradit sama - BUPrague","og_url":"https:\/\/buprague.cz\/en\/for-patients\/preventive-examination\/i-pay-myself\/","og_site_name":"BUPrague","article_modified_time":"2023-07-30T11:00:22+00:00","twitter_card":"summary_large_image","twitter_misc":{"Estimated reading time":"2 minutes"},"schema":{"@context":"https:\/\/schema.org","@graph":[{"@type":"WebPage","@id":"https:\/\/buprague.cz\/pro-pacienty\/preventivni-vysetreni\/hradim-sama\/","url":"https:\/\/buprague.cz\/pro-pacienty\/preventivni-vysetreni\/hradim-sama\/","name":"When do I have to pay for the mammogram myself - BUPrague","isPartOf":{"@id":"https:\/\/buprague.cz\/#website"},"datePublished":"2017-10-06T13:03:13+00:00","dateModified":"2023-07-30T11:00:22+00:00","breadcrumb":{"@id":"https:\/\/buprague.cz\/pro-pacienty\/preventivni-vysetreni\/hradim-sama\/#breadcrumb"},"inLanguage":"en-GB","potentialAction":[{"@type":"ReadAction","target":["https:\/\/buprague.cz\/pro-pacienty\/preventivni-vysetreni\/hradim-sama\/"]}]},{"@type":"BreadcrumbList","@id":"https:\/\/buprague.cz\/pro-pacienty\/preventivni-vysetreni\/hradim-sama\/#breadcrumb","itemListElement":[{"@type":"ListItem","position":1,"name":"Home","item":"https:\/\/buprague.cz\/"},{"@type":"ListItem","position":2,"name":"Pro pacienty","item":"https:\/\/buprague.cz\/pro-pacienty\/"},{"@type":"ListItem","position":3,"name":"Preventivn\u00ed vy\u0161et\u0159en\u00ed","item":"https:\/\/buprague.cz\/pro-pacienty\/preventivni-vysetreni\/"},{"@type":"ListItem","position":4,"name":"Kdy mus\u00edm mamograf hradit sama"}]},{"@type":"WebSite","@id":"https:\/\/buprague.cz\/#website","url":"https:\/\/buprague.cz\/","name":"BUPrague","description":"Mamma Centre Breast Unit Prague","publisher":{"@id":"https:\/\/buprague.cz\/#organization"},"potentialAction":[{"@type":"SearchAction","target":{"@type":"EntryPoint","urlTemplate":"https:\/\/buprague.cz\/?s={search_term_string}"},"query-input":{"@type":"PropertyValueSpecification","valueRequired":true,"valueName":"search_term_string"}}],"inLanguage":"en-GB"},{"@type":"Organization","@id":"https:\/\/buprague.cz\/#organization","name":"BUPrague","url":"https:\/\/buprague.cz\/","logo":{"@type":"ImageObject","inLanguage":"en-GB","@id":"https:\/\/buprague.cz\/#\/schema\/logo\/image\/","url":"https:\/\/buprague.cz\/wp-content\/uploads\/2018\/03\/logo.svg","contentUrl":"https:\/\/buprague.cz\/wp-content\/uploads\/2018\/03\/logo.svg","width":1012.99,"height":297.5,"caption":"BUPrague"},"image":{"@id":"https:\/\/buprague.cz\/#\/schema\/logo\/image\/"}}]}},"_links":{"self":[{"href":"https:\/\/buprague.cz\/en\/wp-json\/wp\/v2\/pages\/13933","targetHints":{"allow":["GET"]}}],"collection":[{"href":"https:\/\/buprague.cz\/en\/wp-json\/wp\/v2\/pages"}],"about":[{"href":"https:\/\/buprague.cz\/en\/wp-json\/wp\/v2\/types\/page"}],"author":[{"embeddable":true,"href":"https:\/\/buprague.cz\/en\/wp-json\/wp\/v2\/users\/1"}],"replies":[{"embeddable":true,"href":"https:\/\/buprague.cz\/en\/wp-json\/wp\/v2\/comments?post=13933"}],"version-history":[{"count":1,"href":"https:\/\/buprague.cz\/en\/wp-json\/wp\/v2\/pages\/13933\/revisions"}],"predecessor-version":[{"id":16498,"href":"https:\/\/buprague.cz\/en\/wp-json\/wp\/v2\/pages\/13933\/revisions\/16498"}],"up":[{"embeddable":true,"href":"https:\/\/buprague.cz\/en\/wp-json\/wp\/v2\/pages\/13459"}],"wp:attachment":[{"href":"https:\/\/buprague.cz\/en\/wp-json\/wp\/v2\/media?parent=13933"}],"curies":[{"name":"wp","href":"https:\/\/api.w.org\/{rel}","templated":true}]}}