{"id":13937,"date":"2017-10-06T15:06:57","date_gmt":"2017-10-06T13:06:57","guid":{"rendered":"https:\/\/buprague.princ.online\/?page_id=13937"},"modified":"2021-01-21T15:18:02","modified_gmt":"2021-01-21T14:18:02","slug":"mamograf-nebo-ultrazvuk","status":"publish","type":"page","link":"https:\/\/buprague.cz\/en\/for-patients\/preventive-examination\/mammogram-or-ultrasound\/","title":{"rendered":"Mammogram or Ultrasound"},"content":{"rendered":"<div id=\"cmsmasters_row_\" class=\"cmsmasters_row cmsmasters_color_scheme_default cmsmasters_row_top_default cmsmasters_row_bot_default cmsmasters_row_boxed\">\n<div class=\"cmsmasters_row_outer_parent\">\n<div class=\"cmsmasters_row_outer\">\n<div class=\"cmsmasters_row_inner\">\n<div class=\"cmsmasters_row_margin\">\n<div id=\"cmsmasters_column_\" class=\"cmsmasters_column one_half\">\n<div class=\"cmsmasters_column_inner\"><div class=\"cmsmasters_text\">\n<p>Both of these examination methods <strong>complement each other<\/strong>. Ultrasound is primarily used <strong>for young women<\/strong>; however, for women over the age of 40 <strong>mammography is the preferred choice<\/strong>. The ultrasound is better for younger women because <strong>their breasts are made up of a greater amount of denser connective tissue<\/strong>that encase the fragile mass of the milk ducts themselves. With advancing age, the connective tissue is replaced by fat. The speed of this variable process is individual, being faster in some women and slower in others. Ultrasound beams can better reveal the density of the connective tissue that predominates in the breast tissue of young women. <strong>The mammogram can better deal with a predominantly fatty tissue<\/strong> of the mammary gland, which is&nbsp;<strong>typical for middle- aged and older women.<\/strong>.<\/p>\n<p>Each part of the two basic components of the breast, tissue; therefore, has its \"own\" preferred diagnostic device. In this regard, breast diagnostics in the hands of a qualified team are an excellent tool for detecting optimistic early stages of cancer and, thus,<strong>&nbsp;reducing mortality due to breast cancer.<\/strong>.<\/p>\n<\/div>\n<\/div><\/div>\n<div id=\"cmsmasters_column_aukfwph4l\" class=\"cmsmasters_column one_fourth\">\n<div class=\"cmsmasters_column_inner\"><div class=\"cmsmasters_img  cmsmasters_image_n with_caption\"><a href=\"https:\/\/buprague.cz\/en\/pro-pacienty\/dulezite-informace\/vse-o-vysetreni\/mamograf\/ \/\"><img decoding=\"async\" src=\"https:\/\/buprague.cz\/wp-content\/uploads\/2017\/09\/LHP_3837h-200x300.jpg\" \/><\/a><p class=\"cmsmasters_img_caption\">Mammograph<\/p><\/div>\n<\/div><\/div>\n<div id=\"cmsmasters_column_kwd7sdatzi\" class=\"cmsmasters_column one_fourth\">\n<div class=\"cmsmasters_column_inner\"><div class=\"cmsmasters_img  cmsmasters_image_n with_caption\"><a href=\"https:\/\/buprague.cz\/en\/pro-pacienty\/dulezite-informace\/vse-o-vysetreni\/ultrazvuk\/\/ \/\"><img decoding=\"async\" src=\"https:\/\/buprague.cz\/wp-content\/uploads\/2017\/09\/LHP_3824h-205x300.jpg\" \/><\/a><p class=\"cmsmasters_img_caption\">Ultrasound<\/p><\/div>\n<\/div><\/div>\n<\/div>\n<\/div>\n<\/div>\n<\/div>\n<\/div>","protected":false},"excerpt":{"rendered":"","protected":false},"author":1,"featured_media":0,"parent":13459,"menu_order":0,"comment_status":"closed","ping_status":"closed","template":"","meta":{"footnotes":""},"class_list":["post-13937","page","type-page","status-publish","hentry"],"yoast_head":"<!-- This site is optimized with the Yoast SEO plugin v27.3 - https:\/\/yoast.com\/product\/yoast-seo-wordpress\/ -->\n<title>Mamograf nebo ultrazvuk - je v tom rozd\u00edl<\/title>\n<meta name=\"robots\" content=\"index, follow, max-snippet:-1, max-image-preview:large, max-video-preview:-1\" \/>\n<link rel=\"canonical\" href=\"https:\/\/buprague.cz\/en\/for-patients\/preventive-examination\/mammogram-or-ultrasound\/\" \/>\n<meta property=\"og:locale\" content=\"en_GB\" \/>\n<meta property=\"og:type\" content=\"article\" \/>\n<meta property=\"og:title\" content=\"Mamograf nebo ultrazvuk - je v tom rozd\u00edl\" \/>\n<meta property=\"og:url\" content=\"https:\/\/buprague.cz\/en\/for-patients\/preventive-examination\/mammogram-or-ultrasound\/\" \/>\n<meta property=\"og:site_name\" content=\"BUPrague\" \/>\n<meta property=\"article:modified_time\" content=\"2021-01-21T14:18:02+00:00\" \/>\n<meta name=\"twitter:card\" content=\"summary_large_image\" \/>\n<meta name=\"twitter:label1\" content=\"Estimated reading time\" \/>\n\t<meta name=\"twitter:data1\" content=\"2 minutes\" \/>\n<script type=\"application\/ld+json\" class=\"yoast-schema-graph\">{\"@context\":\"https:\\\/\\\/schema.org\",\"@graph\":[{\"@type\":\"WebPage\",\"@id\":\"https:\\\/\\\/buprague.cz\\\/pro-pacienty\\\/preventivni-vysetreni\\\/mamograf-nebo-ultrazvuk\\\/\",\"url\":\"https:\\\/\\\/buprague.cz\\\/pro-pacienty\\\/preventivni-vysetreni\\\/mamograf-nebo-ultrazvuk\\\/\",\"name\":\"Mamograf nebo ultrazvuk - je v tom rozd\u00edl\",\"isPartOf\":{\"@id\":\"https:\\\/\\\/buprague.cz\\\/#website\"},\"datePublished\":\"2017-10-06T13:06:57+00:00\",\"dateModified\":\"2021-01-21T14:18:02+00:00\",\"breadcrumb\":{\"@id\":\"https:\\\/\\\/buprague.cz\\\/pro-pacienty\\\/preventivni-vysetreni\\\/mamograf-nebo-ultrazvuk\\\/#breadcrumb\"},\"inLanguage\":\"en-GB\",\"potentialAction\":[{\"@type\":\"ReadAction\",\"target\":[\"https:\\\/\\\/buprague.cz\\\/pro-pacienty\\\/preventivni-vysetreni\\\/mamograf-nebo-ultrazvuk\\\/\"]}]},{\"@type\":\"BreadcrumbList\",\"@id\":\"https:\\\/\\\/buprague.cz\\\/pro-pacienty\\\/preventivni-vysetreni\\\/mamograf-nebo-ultrazvuk\\\/#breadcrumb\",\"itemListElement\":[{\"@type\":\"ListItem\",\"position\":1,\"name\":\"Home\",\"item\":\"https:\\\/\\\/buprague.cz\\\/\"},{\"@type\":\"ListItem\",\"position\":2,\"name\":\"Pro pacienty\",\"item\":\"https:\\\/\\\/buprague.cz\\\/pro-pacienty\\\/\"},{\"@type\":\"ListItem\",\"position\":3,\"name\":\"Preventivn\u00ed vy\u0161et\u0159en\u00ed\",\"item\":\"https:\\\/\\\/buprague.cz\\\/pro-pacienty\\\/preventivni-vysetreni\\\/\"},{\"@type\":\"ListItem\",\"position\":4,\"name\":\"Mamograf nebo ultrazvuk\"}]},{\"@type\":\"WebSite\",\"@id\":\"https:\\\/\\\/buprague.cz\\\/#website\",\"url\":\"https:\\\/\\\/buprague.cz\\\/\",\"name\":\"BUPrague\",\"description\":\"Mamma centrum Breast Unit Prague\",\"publisher\":{\"@id\":\"https:\\\/\\\/buprague.cz\\\/#organization\"},\"potentialAction\":[{\"@type\":\"SearchAction\",\"target\":{\"@type\":\"EntryPoint\",\"urlTemplate\":\"https:\\\/\\\/buprague.cz\\\/?s={search_term_string}\"},\"query-input\":{\"@type\":\"PropertyValueSpecification\",\"valueRequired\":true,\"valueName\":\"search_term_string\"}}],\"inLanguage\":\"en-GB\"},{\"@type\":\"Organization\",\"@id\":\"https:\\\/\\\/buprague.cz\\\/#organization\",\"name\":\"BUPrague\",\"url\":\"https:\\\/\\\/buprague.cz\\\/\",\"logo\":{\"@type\":\"ImageObject\",\"inLanguage\":\"en-GB\",\"@id\":\"https:\\\/\\\/buprague.cz\\\/#\\\/schema\\\/logo\\\/image\\\/\",\"url\":\"https:\\\/\\\/buprague.cz\\\/wp-content\\\/uploads\\\/2018\\\/03\\\/logo.svg\",\"contentUrl\":\"https:\\\/\\\/buprague.cz\\\/wp-content\\\/uploads\\\/2018\\\/03\\\/logo.svg\",\"width\":1012.99,\"height\":297.5,\"caption\":\"BUPrague\"},\"image\":{\"@id\":\"https:\\\/\\\/buprague.cz\\\/#\\\/schema\\\/logo\\\/image\\\/\"}}]}<\/script>\n<!-- \/ Yoast SEO plugin. -->","yoast_head_json":{"title":"Mammogram or ultrasound - is there a difference","robots":{"index":"index","follow":"follow","max-snippet":"max-snippet:-1","max-image-preview":"max-image-preview:large","max-video-preview":"max-video-preview:-1"},"canonical":"https:\/\/buprague.cz\/en\/for-patients\/preventive-examination\/mammogram-or-ultrasound\/","og_locale":"en_GB","og_type":"article","og_title":"Mamograf nebo ultrazvuk - je v tom rozd\u00edl","og_url":"https:\/\/buprague.cz\/en\/for-patients\/preventive-examination\/mammogram-or-ultrasound\/","og_site_name":"BUPrague","article_modified_time":"2021-01-21T14:18:02+00:00","twitter_card":"summary_large_image","twitter_misc":{"Estimated reading time":"2 minutes"},"schema":{"@context":"https:\/\/schema.org","@graph":[{"@type":"WebPage","@id":"https:\/\/buprague.cz\/pro-pacienty\/preventivni-vysetreni\/mamograf-nebo-ultrazvuk\/","url":"https:\/\/buprague.cz\/pro-pacienty\/preventivni-vysetreni\/mamograf-nebo-ultrazvuk\/","name":"Mammogram or ultrasound - is there a difference","isPartOf":{"@id":"https:\/\/buprague.cz\/#website"},"datePublished":"2017-10-06T13:06:57+00:00","dateModified":"2021-01-21T14:18:02+00:00","breadcrumb":{"@id":"https:\/\/buprague.cz\/pro-pacienty\/preventivni-vysetreni\/mamograf-nebo-ultrazvuk\/#breadcrumb"},"inLanguage":"en-GB","potentialAction":[{"@type":"ReadAction","target":["https:\/\/buprague.cz\/pro-pacienty\/preventivni-vysetreni\/mamograf-nebo-ultrazvuk\/"]}]},{"@type":"BreadcrumbList","@id":"https:\/\/buprague.cz\/pro-pacienty\/preventivni-vysetreni\/mamograf-nebo-ultrazvuk\/#breadcrumb","itemListElement":[{"@type":"ListItem","position":1,"name":"Home","item":"https:\/\/buprague.cz\/"},{"@type":"ListItem","position":2,"name":"Pro pacienty","item":"https:\/\/buprague.cz\/pro-pacienty\/"},{"@type":"ListItem","position":3,"name":"Preventivn\u00ed vy\u0161et\u0159en\u00ed","item":"https:\/\/buprague.cz\/pro-pacienty\/preventivni-vysetreni\/"},{"@type":"ListItem","position":4,"name":"Mamograf nebo ultrazvuk"}]},{"@type":"WebSite","@id":"https:\/\/buprague.cz\/#website","url":"https:\/\/buprague.cz\/","name":"BUPrague","description":"Mamma Centre Breast Unit Prague","publisher":{"@id":"https:\/\/buprague.cz\/#organization"},"potentialAction":[{"@type":"SearchAction","target":{"@type":"EntryPoint","urlTemplate":"https:\/\/buprague.cz\/?s={search_term_string}"},"query-input":{"@type":"PropertyValueSpecification","valueRequired":true,"valueName":"search_term_string"}}],"inLanguage":"en-GB"},{"@type":"Organization","@id":"https:\/\/buprague.cz\/#organization","name":"BUPrague","url":"https:\/\/buprague.cz\/","logo":{"@type":"ImageObject","inLanguage":"en-GB","@id":"https:\/\/buprague.cz\/#\/schema\/logo\/image\/","url":"https:\/\/buprague.cz\/wp-content\/uploads\/2018\/03\/logo.svg","contentUrl":"https:\/\/buprague.cz\/wp-content\/uploads\/2018\/03\/logo.svg","width":1012.99,"height":297.5,"caption":"BUPrague"},"image":{"@id":"https:\/\/buprague.cz\/#\/schema\/logo\/image\/"}}]}},"_links":{"self":[{"href":"https:\/\/buprague.cz\/en\/wp-json\/wp\/v2\/pages\/13937","targetHints":{"allow":["GET"]}}],"collection":[{"href":"https:\/\/buprague.cz\/en\/wp-json\/wp\/v2\/pages"}],"about":[{"href":"https:\/\/buprague.cz\/en\/wp-json\/wp\/v2\/types\/page"}],"author":[{"embeddable":true,"href":"https:\/\/buprague.cz\/en\/wp-json\/wp\/v2\/users\/1"}],"replies":[{"embeddable":true,"href":"https:\/\/buprague.cz\/en\/wp-json\/wp\/v2\/comments?post=13937"}],"version-history":[{"count":0,"href":"https:\/\/buprague.cz\/en\/wp-json\/wp\/v2\/pages\/13937\/revisions"}],"up":[{"embeddable":true,"href":"https:\/\/buprague.cz\/en\/wp-json\/wp\/v2\/pages\/13459"}],"wp:attachment":[{"href":"https:\/\/buprague.cz\/en\/wp-json\/wp\/v2\/media?parent=13937"}],"curies":[{"name":"wp","href":"https:\/\/api.w.org\/{rel}","templated":true}]}}