{"id":13940,"date":"2017-10-06T15:14:56","date_gmt":"2017-10-06T13:14:56","guid":{"rendered":"https:\/\/buprague.princ.online\/?page_id=13940"},"modified":"2021-01-21T14:56:44","modified_gmt":"2021-01-21T13:56:44","slug":"alternativni-diagnosticke-metody","status":"publish","type":"page","link":"https:\/\/buprague.cz\/en\/for-patients\/preventive-examination\/alternative-diagnostic-methods\/","title":{"rendered":"Alternative diagnostic methods"},"content":{"rendered":"","protected":false},"excerpt":{"rendered":"","protected":false},"author":1,"featured_media":0,"parent":13459,"menu_order":0,"comment_status":"closed","ping_status":"closed","template":"","meta":{"footnotes":""},"class_list":["post-13940","page","type-page","status-publish","hentry"],"yoast_head":"<!-- This site is optimized with the Yoast SEO plugin v27.3 - https:\/\/yoast.com\/product\/yoast-seo-wordpress\/ -->\n<title>Alternativn\u00ed diagnostick\u00e9 metody - BUPrague<\/title>\n<meta name=\"robots\" content=\"index, follow, max-snippet:-1, max-image-preview:large, max-video-preview:-1\" \/>\n<link rel=\"canonical\" href=\"https:\/\/buprague.cz\/en\/for-patients\/preventive-examination\/alternative-diagnostic-methods\/\" \/>\n<meta property=\"og:locale\" content=\"en_GB\" \/>\n<meta property=\"og:type\" content=\"article\" \/>\n<meta property=\"og:title\" content=\"Alternativn\u00ed diagnostick\u00e9 metody - BUPrague\" \/>\n<meta property=\"og:url\" content=\"https:\/\/buprague.cz\/en\/for-patients\/preventive-examination\/alternative-diagnostic-methods\/\" \/>\n<meta property=\"og:site_name\" content=\"BUPrague\" \/>\n<meta property=\"article:modified_time\" content=\"2021-01-21T13:56:44+00:00\" \/>\n<meta name=\"twitter:card\" content=\"summary_large_image\" \/>\n<script type=\"application\/ld+json\" class=\"yoast-schema-graph\">{\"@context\":\"https:\\\/\\\/schema.org\",\"@graph\":[{\"@type\":\"WebPage\",\"@id\":\"https:\\\/\\\/buprague.cz\\\/pro-pacienty\\\/preventivni-vysetreni\\\/alternativni-diagnosticke-metody\\\/\",\"url\":\"https:\\\/\\\/buprague.cz\\\/pro-pacienty\\\/preventivni-vysetreni\\\/alternativni-diagnosticke-metody\\\/\",\"name\":\"Alternativn\u00ed diagnostick\u00e9 metody - BUPrague\",\"isPartOf\":{\"@id\":\"https:\\\/\\\/buprague.cz\\\/#website\"},\"datePublished\":\"2017-10-06T13:14:56+00:00\",\"dateModified\":\"2021-01-21T13:56:44+00:00\",\"breadcrumb\":{\"@id\":\"https:\\\/\\\/buprague.cz\\\/pro-pacienty\\\/preventivni-vysetreni\\\/alternativni-diagnosticke-metody\\\/#breadcrumb\"},\"inLanguage\":\"en-GB\",\"potentialAction\":[{\"@type\":\"ReadAction\",\"target\":[\"https:\\\/\\\/buprague.cz\\\/pro-pacienty\\\/preventivni-vysetreni\\\/alternativni-diagnosticke-metody\\\/\"]}]},{\"@type\":\"BreadcrumbList\",\"@id\":\"https:\\\/\\\/buprague.cz\\\/pro-pacienty\\\/preventivni-vysetreni\\\/alternativni-diagnosticke-metody\\\/#breadcrumb\",\"itemListElement\":[{\"@type\":\"ListItem\",\"position\":1,\"name\":\"Home\",\"item\":\"https:\\\/\\\/buprague.cz\\\/\"},{\"@type\":\"ListItem\",\"position\":2,\"name\":\"Pro pacienty\",\"item\":\"https:\\\/\\\/buprague.cz\\\/pro-pacienty\\\/\"},{\"@type\":\"ListItem\",\"position\":3,\"name\":\"Preventivn\u00ed vy\u0161et\u0159en\u00ed\",\"item\":\"https:\\\/\\\/buprague.cz\\\/pro-pacienty\\\/preventivni-vysetreni\\\/\"},{\"@type\":\"ListItem\",\"position\":4,\"name\":\"Alternativn\u00ed diagnostick\u00e9 metody\"}]},{\"@type\":\"WebSite\",\"@id\":\"https:\\\/\\\/buprague.cz\\\/#website\",\"url\":\"https:\\\/\\\/buprague.cz\\\/\",\"name\":\"BUPrague\",\"description\":\"Mamma centrum Breast Unit Prague\",\"publisher\":{\"@id\":\"https:\\\/\\\/buprague.cz\\\/#organization\"},\"potentialAction\":[{\"@type\":\"SearchAction\",\"target\":{\"@type\":\"EntryPoint\",\"urlTemplate\":\"https:\\\/\\\/buprague.cz\\\/?s={search_term_string}\"},\"query-input\":{\"@type\":\"PropertyValueSpecification\",\"valueRequired\":true,\"valueName\":\"search_term_string\"}}],\"inLanguage\":\"en-GB\"},{\"@type\":\"Organization\",\"@id\":\"https:\\\/\\\/buprague.cz\\\/#organization\",\"name\":\"BUPrague\",\"url\":\"https:\\\/\\\/buprague.cz\\\/\",\"logo\":{\"@type\":\"ImageObject\",\"inLanguage\":\"en-GB\",\"@id\":\"https:\\\/\\\/buprague.cz\\\/#\\\/schema\\\/logo\\\/image\\\/\",\"url\":\"https:\\\/\\\/buprague.cz\\\/wp-content\\\/uploads\\\/2018\\\/03\\\/logo.svg\",\"contentUrl\":\"https:\\\/\\\/buprague.cz\\\/wp-content\\\/uploads\\\/2018\\\/03\\\/logo.svg\",\"width\":1012.99,\"height\":297.5,\"caption\":\"BUPrague\"},\"image\":{\"@id\":\"https:\\\/\\\/buprague.cz\\\/#\\\/schema\\\/logo\\\/image\\\/\"}}]}<\/script>\n<!-- \/ Yoast SEO plugin. -->","yoast_head_json":{"title":"Alternative diagnostic methods - BUPrague","robots":{"index":"index","follow":"follow","max-snippet":"max-snippet:-1","max-image-preview":"max-image-preview:large","max-video-preview":"max-video-preview:-1"},"canonical":"https:\/\/buprague.cz\/en\/for-patients\/preventive-examination\/alternative-diagnostic-methods\/","og_locale":"en_GB","og_type":"article","og_title":"Alternativn\u00ed diagnostick\u00e9 metody - BUPrague","og_url":"https:\/\/buprague.cz\/en\/for-patients\/preventive-examination\/alternative-diagnostic-methods\/","og_site_name":"BUPrague","article_modified_time":"2021-01-21T13:56:44+00:00","twitter_card":"summary_large_image","schema":{"@context":"https:\/\/schema.org","@graph":[{"@type":"WebPage","@id":"https:\/\/buprague.cz\/pro-pacienty\/preventivni-vysetreni\/alternativni-diagnosticke-metody\/","url":"https:\/\/buprague.cz\/pro-pacienty\/preventivni-vysetreni\/alternativni-diagnosticke-metody\/","name":"Alternative diagnostic methods - BUPrague","isPartOf":{"@id":"https:\/\/buprague.cz\/#website"},"datePublished":"2017-10-06T13:14:56+00:00","dateModified":"2021-01-21T13:56:44+00:00","breadcrumb":{"@id":"https:\/\/buprague.cz\/pro-pacienty\/preventivni-vysetreni\/alternativni-diagnosticke-metody\/#breadcrumb"},"inLanguage":"en-GB","potentialAction":[{"@type":"ReadAction","target":["https:\/\/buprague.cz\/pro-pacienty\/preventivni-vysetreni\/alternativni-diagnosticke-metody\/"]}]},{"@type":"BreadcrumbList","@id":"https:\/\/buprague.cz\/pro-pacienty\/preventivni-vysetreni\/alternativni-diagnosticke-metody\/#breadcrumb","itemListElement":[{"@type":"ListItem","position":1,"name":"Home","item":"https:\/\/buprague.cz\/"},{"@type":"ListItem","position":2,"name":"Pro pacienty","item":"https:\/\/buprague.cz\/pro-pacienty\/"},{"@type":"ListItem","position":3,"name":"Preventivn\u00ed vy\u0161et\u0159en\u00ed","item":"https:\/\/buprague.cz\/pro-pacienty\/preventivni-vysetreni\/"},{"@type":"ListItem","position":4,"name":"Alternativn\u00ed diagnostick\u00e9 metody"}]},{"@type":"WebSite","@id":"https:\/\/buprague.cz\/#website","url":"https:\/\/buprague.cz\/","name":"BUPrague","description":"Mamma Centre Breast Unit Prague","publisher":{"@id":"https:\/\/buprague.cz\/#organization"},"potentialAction":[{"@type":"SearchAction","target":{"@type":"EntryPoint","urlTemplate":"https:\/\/buprague.cz\/?s={search_term_string}"},"query-input":{"@type":"PropertyValueSpecification","valueRequired":true,"valueName":"search_term_string"}}],"inLanguage":"en-GB"},{"@type":"Organization","@id":"https:\/\/buprague.cz\/#organization","name":"BUPrague","url":"https:\/\/buprague.cz\/","logo":{"@type":"ImageObject","inLanguage":"en-GB","@id":"https:\/\/buprague.cz\/#\/schema\/logo\/image\/","url":"https:\/\/buprague.cz\/wp-content\/uploads\/2018\/03\/logo.svg","contentUrl":"https:\/\/buprague.cz\/wp-content\/uploads\/2018\/03\/logo.svg","width":1012.99,"height":297.5,"caption":"BUPrague"},"image":{"@id":"https:\/\/buprague.cz\/#\/schema\/logo\/image\/"}}]}},"_links":{"self":[{"href":"https:\/\/buprague.cz\/en\/wp-json\/wp\/v2\/pages\/13940","targetHints":{"allow":["GET"]}}],"collection":[{"href":"https:\/\/buprague.cz\/en\/wp-json\/wp\/v2\/pages"}],"about":[{"href":"https:\/\/buprague.cz\/en\/wp-json\/wp\/v2\/types\/page"}],"author":[{"embeddable":true,"href":"https:\/\/buprague.cz\/en\/wp-json\/wp\/v2\/users\/1"}],"replies":[{"embeddable":true,"href":"https:\/\/buprague.cz\/en\/wp-json\/wp\/v2\/comments?post=13940"}],"version-history":[{"count":0,"href":"https:\/\/buprague.cz\/en\/wp-json\/wp\/v2\/pages\/13940\/revisions"}],"up":[{"embeddable":true,"href":"https:\/\/buprague.cz\/en\/wp-json\/wp\/v2\/pages\/13459"}],"wp:attachment":[{"href":"https:\/\/buprague.cz\/en\/wp-json\/wp\/v2\/media?parent=13940"}],"curies":[{"name":"wp","href":"https:\/\/api.w.org\/{rel}","templated":true}]}}