{"id":14165,"date":"2017-10-11T14:07:41","date_gmt":"2017-10-11T12:07:41","guid":{"rendered":"https:\/\/buprague.princ.online\/?page_id=14165"},"modified":"2021-01-21T14:42:04","modified_gmt":"2021-01-21T13:42:04","slug":"kardiologie","status":"publish","type":"page","link":"https:\/\/buprague.cz\/en\/about-company\/partners\/cardiology\/","title":{"rendered":"Cardiology"},"content":{"rendered":"<div id=\"cmsmasters_row_0v6mwfgm8a\" class=\"cmsmasters_row cmsmasters_color_scheme_default cmsmasters_row_top_default cmsmasters_row_bot_default cmsmasters_row_boxed\">\n<div class=\"cmsmasters_row_outer_parent\">\n<div class=\"cmsmasters_row_outer\">\n<div class=\"cmsmasters_row_inner\">\n<div class=\"cmsmasters_row_margin\">\n<div id=\"cmsmasters_column_k45g3rtrr\" class=\"cmsmasters_column one_first\">\n<div class=\"cmsmasters_column_inner\"><div id=\"cmsmasters_heading_wf437ij3h\" class=\"cmsmasters_heading_wrap cmsmasters_heading_align_left\">\n\t<h2 class=\"cmsmasters_heading\">Cardiology<\/h2>\n<\/div>\n<\/div><\/div>\n<\/div>\n<\/div>\n<div class=\"cmsmasters_row_inner\">\n<div class=\"cmsmasters_row_margin\">\n<div id=\"cmsmasters_column_m1xuzvv21b\" class=\"cmsmasters_column one_fourth\">\n<div class=\"cmsmasters_column_inner\"><div id=\"cmsmasters_heading_xvqf61yd3\" class=\"cmsmasters_heading_wrap cmsmasters_heading_align_left\">\n\t<h3 class=\"cmsmasters_heading\">Address<\/h3>\n<\/div><div class=\"cmsmasters_text\">\n<p>Polyclinic Mazursk\u00e1<br \/>\nMazursk\u00e1 484\/2<br \/>\n181 00 Prague 8<\/p>\n<\/div>\n<div class=\"cmsmasters_text\">\n<p><strong>Website:<br \/>\n<\/strong><a href=\"https:\/\/www.wenkard.cz\/\" target=\"_blank\" rel=\"noopener\">https:\/\/www.wenkard.cz\/<br \/>\n<\/a><strong><br \/>\nPhone:<br \/>\n<\/strong><a href=\"tel:+420283024235\">283\u00a0024\u00a0235<\/a><\/p>\n<p><strong>E-mail:<br \/>\n<\/strong><a href=\"mailto:kardiologie@wenkard.cz\">kardiologie@wenkard.cz<\/a><\/p>\n<\/div>\n<div class=\"cmsmasters_text\">\n<\/div>\n<\/div><\/div>\n<div id=\"cmsmasters_column_3bobl8eq5w\" class=\"cmsmasters_column one_fourth\">\n<div class=\"cmsmasters_column_inner\"><div id=\"cmsmasters_heading_iyn15h4012\" class=\"cmsmasters_heading_wrap cmsmasters_heading_align_left\">\n\t<h3 class=\"cmsmasters_heading\">Office hours<\/h3>\n<\/div><div class=\"cmsmasters_text\">\n<div class=\"cmsmasters_text\">\n<div class=\"wpb_text_column wpb_content_element\">\n<p><strong>Monday<\/strong><br \/>\n7:00 - 15:30<\/p>\n<p><strong>Tuesday<\/strong><br \/>\n7:00 - 15:30<\/p>\n<p><b>Wednesday<\/b><br \/>\n7:30 - 16:00<\/p>\n<p><b>Thursday<\/b><br \/>\n7:30 - 14:00<\/p>\n<p><strong>Friday<\/strong><br \/>\n8:00 - 12:00<\/p>\n<\/div>\n<\/div>\n<div class=\"wpb_text_column wpb_content_element\"><\/div>\n<\/div>\n<\/div><\/div>\n<div id=\"cmsmasters_column_2dykr5ctzd\" class=\"cmsmasters_column one_half\">\n<div class=\"cmsmasters_column_inner\"><div id=\"cmsmasters_heading_toqnxzyth8\" class=\"cmsmasters_heading_wrap cmsmasters_heading_align_left\">\n\t<h3 class=\"cmsmasters_heading\">What is the best way to get to Wenkard?<\/h3>\n<\/div><div class=\"cmsmasters_text\">\n<div class=\"wpb_text_column wpb_content_element\">\n<p><strong>By bus :\u00a0<\/strong>to the Poliklinika Mazursk\u00e1 bus stop: <a href=\"https:\/\/jrportal.dpp.cz\/DataFTP\/JRPortalData\/144\/20180115\/144_linka.pdf\">144<\/a>, <a href=\"https:\/\/jrportal.dpp.cz\/DataFTP\/JRPortalData\/177\/20180304\/177_linka.pdf\">177<\/a>, <a href=\"https:\/\/jrportal.dpp.cz\/DataFTP\/JRPortalData\/202\/20180103\/202_linka.pdf\">202<\/a><\/p>\n<\/div>\n<\/div>\n<div class=\"cmsmasters_text\">\n<div class=\"wpb_text_column wpb_content_element\">\n<p><strong>By car<\/strong> - from Lod\u017esk\u00e1 Street at the level of OC Krakov to Mazursk\u00e1 Street, free parking behind the polyclinic<\/p>\n<\/div>\n<\/div>\n<\/div><\/div>\n<\/div>\n<\/div>\n<\/div>\n<\/div>\n<\/div>\n<div id=\"cmsmasters_row_7qlt799bv\" class=\"cmsmasters_row cmsmasters_color_scheme_default cmsmasters_row_top_default cmsmasters_row_bot_default cmsmasters_row_boxed\">\n<div class=\"cmsmasters_row_outer_parent\">\n<div class=\"cmsmasters_row_outer\">\n<div class=\"cmsmasters_row_inner\">\n<div class=\"cmsmasters_row_margin\">\n<div id=\"cmsmasters_column_yfmd2hox9t\" class=\"cmsmasters_column one_first\">\n<div class=\"cmsmasters_column_inner\"><div id=\"cmsmasters_divider_8wm7lgu39\" class=\"cmsmasters_divider cmsmasters_divider_width_long cmsmasters_divider_pos_center\"><\/div>\n<\/div><\/div>\n<\/div>\n<\/div>\n<\/div>\n<\/div>\n<\/div>\n<div id=\"cmsmasters_row_zu1llq38co\" class=\"cmsmasters_row cmsmasters_color_scheme_default cmsmasters_row_top_default cmsmasters_row_bot_default cmsmasters_row_boxed\">\n<div class=\"cmsmasters_row_outer_parent\">\n<div class=\"cmsmasters_row_outer\">\n<div class=\"cmsmasters_row_inner\">\n<div class=\"cmsmasters_row_margin\">\n<div id=\"cmsmasters_column_vkx7odpp9\" class=\"cmsmasters_column one_first\">\n<div class=\"cmsmasters_column_inner\"><div class=\"resizable_block\">\n<div id=\"google_map_xdynqgeq9\" class=\"cmsmasters_google_map google_map\" data-address=\"Mazursk\u00e1 484\/2\" data-maptype=\"ROADMAP\" data-zoom=\"17\" data-scrollwheel=\"true\" data-doubleclickzoom=\"true\" data-pan-control=\"true\" data-zoom-control=\"true\" data-map-type-control=\"true\" data-scale-control=\"true\" data-street-view-control=\"true\" data-overview-map-control=\"true\" data-markers=\"address: Mazursk\u00e1 484\/2, Praha\/\/\/|||\"><\/div>\n<\/div>\n<\/div><\/div>\n<\/div>\n<\/div>\n<\/div>\n<\/div>\n<\/div>","protected":false},"excerpt":{"rendered":"","protected":false},"author":1,"featured_media":0,"parent":13467,"menu_order":0,"comment_status":"closed","ping_status":"closed","template":"","meta":{"footnotes":""},"class_list":["post-14165","page","type-page","status-publish","hentry"],"yoast_head":"<!-- This site is optimized with the Yoast SEO plugin v27.5 - https:\/\/yoast.com\/product\/yoast-seo-wordpress\/ -->\n<title>Kardiologie Wenkard - partner Breast Unit Prague<\/title>\n<meta name=\"description\" content=\"Partnersk\u00e9 pracovi\u0161t\u011b Wenkard nab\u00edz\u00ed slu\u017eby v oblasti kardiologick\u00e9 prevence.\" \/>\n<meta name=\"robots\" content=\"index, follow, max-snippet:-1, max-image-preview:large, max-video-preview:-1\" \/>\n<link rel=\"canonical\" href=\"https:\/\/buprague.cz\/en\/about-company\/partners\/cardiology\/\" \/>\n<meta property=\"og:locale\" content=\"en_GB\" \/>\n<meta property=\"og:type\" content=\"article\" \/>\n<meta property=\"og:title\" content=\"Kardiologie Wenkard - partner Breast Unit Prague\" \/>\n<meta property=\"og:description\" content=\"Partnersk\u00e9 pracovi\u0161t\u011b Wenkard nab\u00edz\u00ed slu\u017eby v oblasti kardiologick\u00e9 prevence.\" \/>\n<meta property=\"og:url\" content=\"https:\/\/buprague.cz\/en\/about-company\/partners\/cardiology\/\" \/>\n<meta property=\"og:site_name\" content=\"BUPrague\" \/>\n<meta property=\"article:modified_time\" content=\"2021-01-21T13:42:04+00:00\" \/>\n<meta name=\"twitter:card\" content=\"summary_large_image\" \/>\n<meta name=\"twitter:label1\" content=\"Estimated reading time\" \/>\n\t<meta name=\"twitter:data1\" content=\"4 minutes\" \/>\n<script type=\"application\/ld+json\" class=\"yoast-schema-graph\">{\"@context\":\"https:\\\/\\\/schema.org\",\"@graph\":[{\"@type\":\"WebPage\",\"@id\":\"https:\\\/\\\/buprague.cz\\\/en\\\/about-company\\\/partners\\\/cardiology\\\/\",\"url\":\"https:\\\/\\\/buprague.cz\\\/en\\\/about-company\\\/partners\\\/cardiology\\\/\",\"name\":\"Kardiologie Wenkard - partner Breast Unit Prague\",\"isPartOf\":{\"@id\":\"https:\\\/\\\/buprague.cz\\\/#website\"},\"datePublished\":\"2017-10-11T12:07:41+00:00\",\"dateModified\":\"2021-01-21T13:42:04+00:00\",\"description\":\"Partnersk\u00e9 pracovi\u0161t\u011b Wenkard nab\u00edz\u00ed slu\u017eby v oblasti kardiologick\u00e9 prevence.\",\"breadcrumb\":{\"@id\":\"https:\\\/\\\/buprague.cz\\\/en\\\/about-company\\\/partners\\\/cardiology\\\/#breadcrumb\"},\"inLanguage\":\"en-GB\",\"potentialAction\":[{\"@type\":\"ReadAction\",\"target\":[\"https:\\\/\\\/buprague.cz\\\/en\\\/about-company\\\/partners\\\/cardiology\\\/\"]}]},{\"@type\":\"BreadcrumbList\",\"@id\":\"https:\\\/\\\/buprague.cz\\\/en\\\/about-company\\\/partners\\\/cardiology\\\/#breadcrumb\",\"itemListElement\":[{\"@type\":\"ListItem\",\"position\":1,\"name\":\"Home\",\"item\":\"https:\\\/\\\/buprague.cz\\\/\"},{\"@type\":\"ListItem\",\"position\":2,\"name\":\"O spole\u010dnosti\",\"item\":\"https:\\\/\\\/buprague.cz\\\/o-spolecnosti\\\/\"},{\"@type\":\"ListItem\",\"position\":3,\"name\":\"Na\u0161i partne\u0159i\",\"item\":\"https:\\\/\\\/buprague.cz\\\/o-spolecnosti\\\/partneri\\\/\"},{\"@type\":\"ListItem\",\"position\":4,\"name\":\"Kardiologie\"}]},{\"@type\":\"WebSite\",\"@id\":\"https:\\\/\\\/buprague.cz\\\/#website\",\"url\":\"https:\\\/\\\/buprague.cz\\\/\",\"name\":\"BUPrague\",\"description\":\"Mamma centrum Breast Unit Prague\",\"publisher\":{\"@id\":\"https:\\\/\\\/buprague.cz\\\/#organization\"},\"potentialAction\":[{\"@type\":\"SearchAction\",\"target\":{\"@type\":\"EntryPoint\",\"urlTemplate\":\"https:\\\/\\\/buprague.cz\\\/?s={search_term_string}\"},\"query-input\":{\"@type\":\"PropertyValueSpecification\",\"valueRequired\":true,\"valueName\":\"search_term_string\"}}],\"inLanguage\":\"en-GB\"},{\"@type\":\"Organization\",\"@id\":\"https:\\\/\\\/buprague.cz\\\/#organization\",\"name\":\"BUPrague\",\"url\":\"https:\\\/\\\/buprague.cz\\\/\",\"logo\":{\"@type\":\"ImageObject\",\"inLanguage\":\"en-GB\",\"@id\":\"https:\\\/\\\/buprague.cz\\\/#\\\/schema\\\/logo\\\/image\\\/\",\"url\":\"https:\\\/\\\/buprague.cz\\\/wp-content\\\/uploads\\\/2018\\\/03\\\/logo.svg\",\"contentUrl\":\"https:\\\/\\\/buprague.cz\\\/wp-content\\\/uploads\\\/2018\\\/03\\\/logo.svg\",\"width\":1012.99,\"height\":297.5,\"caption\":\"BUPrague\"},\"image\":{\"@id\":\"https:\\\/\\\/buprague.cz\\\/#\\\/schema\\\/logo\\\/image\\\/\"}}]}<\/script>\n<!-- \/ Yoast SEO plugin. -->","yoast_head_json":{"title":"Cardiology Wenkard - partner Breast Unit Prague","description":"The Wenkard partner site offers cardiology prevention services.","robots":{"index":"index","follow":"follow","max-snippet":"max-snippet:-1","max-image-preview":"max-image-preview:large","max-video-preview":"max-video-preview:-1"},"canonical":"https:\/\/buprague.cz\/en\/about-company\/partners\/cardiology\/","og_locale":"en_GB","og_type":"article","og_title":"Kardiologie Wenkard - partner Breast Unit Prague","og_description":"Partnersk\u00e9 pracovi\u0161t\u011b Wenkard nab\u00edz\u00ed slu\u017eby v oblasti kardiologick\u00e9 prevence.","og_url":"https:\/\/buprague.cz\/en\/about-company\/partners\/cardiology\/","og_site_name":"BUPrague","article_modified_time":"2021-01-21T13:42:04+00:00","twitter_card":"summary_large_image","twitter_misc":{"Estimated reading time":"4 minutes"},"schema":{"@context":"https:\/\/schema.org","@graph":[{"@type":"WebPage","@id":"https:\/\/buprague.cz\/en\/about-company\/partners\/cardiology\/","url":"https:\/\/buprague.cz\/en\/about-company\/partners\/cardiology\/","name":"Cardiology Wenkard - partner Breast Unit Prague","isPartOf":{"@id":"https:\/\/buprague.cz\/#website"},"datePublished":"2017-10-11T12:07:41+00:00","dateModified":"2021-01-21T13:42:04+00:00","description":"The Wenkard partner site offers cardiology prevention services.","breadcrumb":{"@id":"https:\/\/buprague.cz\/en\/about-company\/partners\/cardiology\/#breadcrumb"},"inLanguage":"en-GB","potentialAction":[{"@type":"ReadAction","target":["https:\/\/buprague.cz\/en\/about-company\/partners\/cardiology\/"]}]},{"@type":"BreadcrumbList","@id":"https:\/\/buprague.cz\/en\/about-company\/partners\/cardiology\/#breadcrumb","itemListElement":[{"@type":"ListItem","position":1,"name":"Home","item":"https:\/\/buprague.cz\/"},{"@type":"ListItem","position":2,"name":"O spole\u010dnosti","item":"https:\/\/buprague.cz\/o-spolecnosti\/"},{"@type":"ListItem","position":3,"name":"Na\u0161i partne\u0159i","item":"https:\/\/buprague.cz\/o-spolecnosti\/partneri\/"},{"@type":"ListItem","position":4,"name":"Kardiologie"}]},{"@type":"WebSite","@id":"https:\/\/buprague.cz\/#website","url":"https:\/\/buprague.cz\/","name":"BUPrague","description":"Mamma Centre Breast Unit Prague","publisher":{"@id":"https:\/\/buprague.cz\/#organization"},"potentialAction":[{"@type":"SearchAction","target":{"@type":"EntryPoint","urlTemplate":"https:\/\/buprague.cz\/?s={search_term_string}"},"query-input":{"@type":"PropertyValueSpecification","valueRequired":true,"valueName":"search_term_string"}}],"inLanguage":"en-GB"},{"@type":"Organization","@id":"https:\/\/buprague.cz\/#organization","name":"BUPrague","url":"https:\/\/buprague.cz\/","logo":{"@type":"ImageObject","inLanguage":"en-GB","@id":"https:\/\/buprague.cz\/#\/schema\/logo\/image\/","url":"https:\/\/buprague.cz\/wp-content\/uploads\/2018\/03\/logo.svg","contentUrl":"https:\/\/buprague.cz\/wp-content\/uploads\/2018\/03\/logo.svg","width":1012.99,"height":297.5,"caption":"BUPrague"},"image":{"@id":"https:\/\/buprague.cz\/#\/schema\/logo\/image\/"}}]}},"_links":{"self":[{"href":"https:\/\/buprague.cz\/en\/wp-json\/wp\/v2\/pages\/14165","targetHints":{"allow":["GET"]}}],"collection":[{"href":"https:\/\/buprague.cz\/en\/wp-json\/wp\/v2\/pages"}],"about":[{"href":"https:\/\/buprague.cz\/en\/wp-json\/wp\/v2\/types\/page"}],"author":[{"embeddable":true,"href":"https:\/\/buprague.cz\/en\/wp-json\/wp\/v2\/users\/1"}],"replies":[{"embeddable":true,"href":"https:\/\/buprague.cz\/en\/wp-json\/wp\/v2\/comments?post=14165"}],"version-history":[{"count":0,"href":"https:\/\/buprague.cz\/en\/wp-json\/wp\/v2\/pages\/14165\/revisions"}],"up":[{"embeddable":true,"href":"https:\/\/buprague.cz\/en\/wp-json\/wp\/v2\/pages\/13467"}],"wp:attachment":[{"href":"https:\/\/buprague.cz\/en\/wp-json\/wp\/v2\/media?parent=14165"}],"curies":[{"name":"wp","href":"https:\/\/api.w.org\/{rel}","templated":true}]}}