{"id":14609,"date":"2018-02-26T16:50:55","date_gmt":"2018-02-26T15:50:55","guid":{"rendered":"https:\/\/buprague.princ.online\/?page_id=14609"},"modified":"2025-10-14T11:56:52","modified_gmt":"2025-10-14T09:56:52","slug":"rezervace","status":"publish","type":"page","link":"https:\/\/buprague.cz\/en\/reservation\/","title":{"rendered":"Book an Appointment"},"content":{"rendered":"<div id=\"cmsmasters_row_4gr41brx7h\" class=\"cmsmasters_row cmsmasters_color_scheme_default cmsmasters_row_top_default cmsmasters_row_bot_default cmsmasters_row_boxed\">\n<div class=\"cmsmasters_row_outer_parent\">\n<div class=\"cmsmasters_row_outer\">\n<div class=\"cmsmasters_row_inner\">\n<div class=\"cmsmasters_row_margin\">\n<div id=\"cmsmasters_column_06vjxa1vla\" class=\"cmsmasters_column one_first hide\">\n<div class=\"cmsmasters_column_inner\"><div class=\"cmsmasters_text\">\n<p style=\"text-align: center;\"><span style=\"font-size: 16pt;\">Objednejte se na <span style=\"color: #e36397; font-size: 18pt;\"><strong>preventivn\u00ed<\/strong> <\/span>vy\u0161et\u0159en\u00ed prsu<\/span><\/p>\n<p style=\"text-align: center;\">Tento formul\u00e1\u0159 nen\u00ed ur\u010den k\u00a0objedn\u00e1n\u00ed vy\u0161et\u0159en\u00ed <b>v p\u0159\u00edpad\u011b zdravotn\u00edch pot\u00ed\u017e\u00ed<\/b>,<\/p>\n<p style=\"text-align: center;\">v takov\u00e9m p\u0159\u00edpad\u011b je <b>nutn\u00e9 se objednat telefonicky \u2013 775&nbsp;13&nbsp;11&nbsp;11.<\/b><\/p>\n<\/div>\n<\/div><\/div>\n<\/div>\n<\/div>\n<\/div>\n<\/div>\n<\/div>\n<div id=\"cmsmasters_row_k2dckpx7h8\" class=\"cmsmasters_row cmsmasters_color_scheme_default cmsmasters_row_top_default cmsmasters_row_bot_default cmsmasters_row_boxed\">\n<div class=\"cmsmasters_row_outer_parent\">\n<div class=\"cmsmasters_row_outer\">\n<div class=\"cmsmasters_row_inner cmsmasters_row_no_margin\">\n<div class=\"cmsmasters_row_margin\">\n<div id=\"cmsmasters_column_96y7c5ldwl\" class=\"cmsmasters_column one_half\">\n<div class=\"cmsmasters_column_inner\"><div id=\"cmsmasters_button_455ac2y1q\" class=\"button_wrap\"><a href=\"#popmake-mamografie\" class=\"cmsmasters_button cmsmasters_but_clear_styles cmsmasters_but_bg_hover mamograf-btn\" data-animation=\"fadeInDown\" data-delay=\"0\"><span>MAMOGRAF (40 let a v\u00edce)<\/span><\/a><\/div>\n<\/div><\/div>\n<div id=\"cmsmasters_column_ukb9yob7b\" class=\"cmsmasters_column one_half\">\n<div class=\"cmsmasters_column_inner\"><div id=\"cmsmasters_button_jxm0at2oz\" class=\"button_wrap\"><a href=\"#popmake-ultrazvuk\" class=\"cmsmasters_button cmsmasters_but_clear_styles cmsmasters_but_bg_hover ultrazvuk-btn\" data-animation=\"fadeInDown\" data-delay=\"0\"><span>ULTRAZVUK (SONO)<\/span><\/a><\/div>\n<\/div><\/div>\n<\/div>\n<\/div>\n<\/div>\n<\/div>\n<\/div>\n<div id=\"cmsmasters_row_h202z8jquq\" class=\"cmsmasters_row cmsmasters_color_scheme_default cmsmasters_row_top_default cmsmasters_row_bot_default cmsmasters_row_boxed\">\n<div class=\"cmsmasters_row_outer_parent\">\n<div class=\"cmsmasters_row_outer\">\n<div class=\"cmsmasters_row_inner cmsmasters_row_no_margin\">\n<div class=\"cmsmasters_row_margin\">\n<div id=\"cmsmasters_column_8680ss6rx\" class=\"cmsmasters_column one_first\">\n<div class=\"cmsmasters_column_inner\"><div id=\"cmsmasters_button_lnum3aaxg\" class=\"button_wrap\"><a href=\"#popmake-ultrazvuk-sono\" class=\"cmsmasters_button cmsmasters_but_clear_styles cmsmasters_but_bg_hover ultrazvuk-btn-sono\" data-animation=\"fadeInDown\" data-delay=\"0\"><span>KOMPLEXN\u00cd NESCREENINGOV\u00c9 PREVENTIVN\u00cd VY\u0160ET\u0158EN\u00cd<\/span><\/a><\/div>\n<\/div><\/div>\n<\/div>\n<\/div>\n<\/div>\n<\/div>\n<\/div>\n<div id=\"cmsmasters_row_1iq3gnoe6k\" class=\"cmsmasters_row cmsmasters_color_scheme_default cmsmasters_row_top_default cmsmasters_row_bot_default cmsmasters_row_boxed\">\n<div class=\"cmsmasters_row_outer_parent\">\n<div class=\"cmsmasters_row_outer\">\n<div class=\"cmsmasters_row_inner\">\n<div class=\"cmsmasters_row_margin\">\n<div id=\"cmsmasters_column_2f34glcld\" class=\"cmsmasters_column one_first hide\">\n<div class=\"cmsmasters_column_inner\"><div class=\"cmsmasters_text\">\n<p style=\"text-align: center;\"><span style=\"font-size: 16pt;\">Objednejte se na <span style=\"color: #e36397; font-size: 18pt;\"><strong>denzitometrii<\/strong><\/span><\/span><\/p>\n<\/div>\n<\/div><\/div>\n<\/div>\n<\/div>\n<\/div>\n<\/div>\n<\/div>\n<div id=\"cmsmasters_row_a14eimlgbq\" class=\"cmsmasters_row cmsmasters_color_scheme_default cmsmasters_row_top_default cmsmasters_row_bot_default cmsmasters_row_boxed\">\n<div class=\"cmsmasters_row_outer_parent\">\n<div class=\"cmsmasters_row_outer\">\n<div class=\"cmsmasters_row_inner cmsmasters_row_no_margin\">\n<div class=\"cmsmasters_row_margin\">\n<div id=\"cmsmasters_column_0jjflp2jtb\" class=\"cmsmasters_column one_first\">\n<div class=\"cmsmasters_column_inner\"><div id=\"cmsmasters_button_bwuq0dtcl9\" class=\"button_wrap\"><a href=\"#popmake-denzitometrie\" class=\"cmsmasters_button cmsmasters_but_clear_styles cmsmasters_but_bg_hover custom-btn denzitometrie-btn\" data-animation=\"fadeInDown\" data-delay=\"0\"><span>DENZITOMETRIE<\/span><\/a><\/div>\n<\/div><\/div>\n<\/div>\n<\/div>\n<\/div>\n<\/div>\n<\/div>\n<div id=\"cmsmasters_row_rxtyusouj\" class=\"cmsmasters_row cmsmasters_color_scheme_default cmsmasters_row_top_default cmsmasters_row_bot_default cmsmasters_row_boxed\">\n<div class=\"cmsmasters_row_outer_parent\">\n<div class=\"cmsmasters_row_outer\">\n<div class=\"cmsmasters_row_inner\">\n<div class=\"cmsmasters_row_margin\">\n<div id=\"cmsmasters_column_96ihmpg9hu\" class=\"cmsmasters_column one_fourth\">\n<div class=\"cmsmasters_column_inner\"><\/div><\/div>\n<div id=\"cmsmasters_column_vky71ligc6\" class=\"cmsmasters_column one_half\">\n<div class=\"cmsmasters_column_inner\"><div id=\"cmsmasters_icon_box_lxznsc8wl\" class=\"cmsmasters_icon_box cmsmasters_icon_box_left box_icon_type_icon cmsmasters-icon-call-out\">\n<div class=\"icon_box_inner\">\n<h3 class=\"icon_box_heading\">Nev\u00edte na jak\u00e9 vy\u0161et\u0159en\u00ed se objednat?<\/h3>\n<div class=\"icon_box_text\">\n<p>Zavolejte n\u00e1m na \u010d\u00edslo: <a href=\"tel:+420775131111\">+420&nbsp;775\u00a0131&nbsp;111<\/a>, na\u0161e asistentky V\u00e1m s&nbsp;rezervac\u00ed r\u00e1dy porad\u00ed.<\/p>\n<\/div>\n<\/div>\n<\/div>\n<\/div><\/div>\n<div id=\"cmsmasters_column_s2uhpo898\" class=\"cmsmasters_column one_fourth\">\n<div class=\"cmsmasters_column_inner\"><\/div><\/div>\n<\/div>\n<\/div>\n<\/div>\n<\/div>\n<\/div>\n<div id=\"cmsmasters_row_pe5om1zy3s\" class=\"cmsmasters_row cmsmasters_color_scheme_default cmsmasters_row_top_default cmsmasters_row_bot_default cmsmasters_row_boxed\">\n<div class=\"cmsmasters_row_outer_parent\">\n<div class=\"cmsmasters_row_outer\">\n<div class=\"cmsmasters_row_inner\">\n<div class=\"cmsmasters_row_margin\">\n<div id=\"cmsmasters_column_49c01hh3ik\" class=\"cmsmasters_column one_first\">\n<div class=\"cmsmasters_column_inner\"><div class=\"custom_js  \">\n<script type=\"text\/javascript\">\njQuery( document ).ready(function() {\n\tconsole.log( \"ready!\" );\n\n\tjQuery('.objednat_button').click(function(e){\n\t\tif (jQuery('input[name=\"podminky\"]').is(':checked') == false) {\n                        alert('Je pot\u0159eba souhlasit s podm\u00ednkami');\n\t\t\te.preventDefault();\n\t\t} else {\n                        jQuery( \".toggleBlock1\" ).css('display', 'none');\n\t\t\tjQuery( \".toggleBlock1\" ).toggle( \"slow\", function() {\n\t\t\t\t\/\/ Animation complete.\n\t\t\t});\n\t               jQuery( \".toggleBlock2\" ).css('display', 'none');\n\t\t}\n\n\t});\n\n\tjQuery('.objednat_button1').click(function(e){\n\t\tif (jQuery('input[name=\"podminky\"]').is(':checked') == false) {\n                        alert('Je pot\u0159eba souhlasit s podm\u00ednkami');\n\t\t\te.preventDefault();\n\t\t} else {\njQuery( \".toggleBlock1\" ).css('display', 'none');\n\t\t\tjQuery( \".toggleBlock1\" ).toggle( \"slow\", function() {\n\t\t\t\t\/\/ Animation complete.\n\t\t\t});\n\t               jQuery( \".toggleBlock2\" ).css('display', 'none');\n\t\t}\n\n\t});\n\tjQuery('.objednat_button2').click(function(e){\n\t\tif (jQuery('input[name=\"podminky\"]').is(':checked') == false) {\n                        alert('Je pot\u0159eba souhlasit s podm\u00ednkami');\n\t\t\te.preventDefault();\n\t\t} else {\njQuery( \".toggleBlock2\" ).css('display', 'none');\n\t\t\tjQuery( \".toggleBlock2\" ).toggle( \"slow\", function() {\n\t\t\t\t\/\/ Animation complete.\n\t\t\t});\n                        jQuery( \".toggleBlock1\" ).css('display', 'none');\n\t\t}\n\t});\n\n\tjQuery('.objednat_button3').click(function(e){\n\t\tif (jQuery('input[name=\"podminky\"]').is(':checked') == false) {\n                        alert('Je pot\u0159eba souhlasit s podm\u00ednkami');\n\t\t\te.preventDefault();\n\t\t} else {\njQuery( \".toggleBlock2\" ).css('display', 'none');\n\t\t\tjQuery( \".toggleBlock2\" ).toggle( \"slow\", function() {\n\t\t\t\t\/\/ Animation complete.\n\t\t\t});\n                        jQuery( \".toggleBlock1\" ).css('display', 'none');\n\t\t}\n\t});\n});\n<\/script>\n<\/div>\n<\/div><\/div>\n<\/div>\n<\/div>\n<\/div>\n<\/div>\n<\/div>\n\n","protected":false},"excerpt":{"rendered":"","protected":false},"author":1,"featured_media":0,"parent":0,"menu_order":0,"comment_status":"closed","ping_status":"closed","template":"","meta":{"footnotes":""},"class_list":["post-14609","page","type-page","status-publish","hentry"],"yoast_head":"<!-- This site is optimized with the Yoast SEO plugin v27.5 - https:\/\/yoast.com\/product\/yoast-seo-wordpress\/ -->\n<title>Chci se objednat na mamograf - Breast Unit Prague<\/title>\n<meta name=\"description\" content=\"Pot\u0159ebujete se objednat na preventivn\u00ed vy\u0161et\u0159en\u00ed na mamograf? V\u00edte kdy pot\u0159ebujete \u017e\u00e1danku a kdy naopak vy\u0161et\u0159en\u00ed hrad\u00edte sama? Porad\u00edme V\u00e1m, sta\u010d\u00ed kliknout. #NejsteNaToSama\" \/>\n<meta name=\"robots\" content=\"index, follow, max-snippet:-1, max-image-preview:large, max-video-preview:-1\" \/>\n<link rel=\"canonical\" href=\"https:\/\/buprague.cz\/en\/reservation\/\" \/>\n<meta property=\"og:locale\" content=\"en_GB\" \/>\n<meta property=\"og:type\" content=\"article\" \/>\n<meta property=\"og:title\" content=\"Chci se objednat na mamograf - Breast Unit Prague\" \/>\n<meta property=\"og:description\" content=\"Pot\u0159ebujete se objednat na preventivn\u00ed vy\u0161et\u0159en\u00ed na mamograf? V\u00edte kdy pot\u0159ebujete \u017e\u00e1danku a kdy naopak vy\u0161et\u0159en\u00ed hrad\u00edte sama? Porad\u00edme V\u00e1m, sta\u010d\u00ed kliknout. #NejsteNaToSama\" \/>\n<meta property=\"og:url\" content=\"https:\/\/buprague.cz\/en\/reservation\/\" \/>\n<meta property=\"og:site_name\" content=\"BUPrague\" \/>\n<meta property=\"article:modified_time\" content=\"2025-10-14T09:56:52+00:00\" \/>\n<meta name=\"twitter:card\" content=\"summary_large_image\" \/>\n<meta name=\"twitter:label1\" content=\"Estimated reading time\" \/>\n\t<meta name=\"twitter:data1\" content=\"2 minutes\" \/>\n<script type=\"application\/ld+json\" class=\"yoast-schema-graph\">{\"@context\":\"https:\\\/\\\/schema.org\",\"@graph\":[{\"@type\":\"WebPage\",\"@id\":\"https:\\\/\\\/buprague.cz\\\/rezervace\\\/\",\"url\":\"https:\\\/\\\/buprague.cz\\\/rezervace\\\/\",\"name\":\"Chci se objednat na mamograf - Breast Unit Prague\",\"isPartOf\":{\"@id\":\"https:\\\/\\\/buprague.cz\\\/#website\"},\"datePublished\":\"2018-02-26T15:50:55+00:00\",\"dateModified\":\"2025-10-14T09:56:52+00:00\",\"description\":\"Pot\u0159ebujete se objednat na preventivn\u00ed vy\u0161et\u0159en\u00ed na mamograf? V\u00edte kdy pot\u0159ebujete \u017e\u00e1danku a kdy naopak vy\u0161et\u0159en\u00ed hrad\u00edte sama? Porad\u00edme V\u00e1m, sta\u010d\u00ed kliknout. #NejsteNaToSama\",\"breadcrumb\":{\"@id\":\"https:\\\/\\\/buprague.cz\\\/rezervace\\\/#breadcrumb\"},\"inLanguage\":\"en-GB\",\"potentialAction\":[{\"@type\":\"ReadAction\",\"target\":[\"https:\\\/\\\/buprague.cz\\\/rezervace\\\/\"]}]},{\"@type\":\"BreadcrumbList\",\"@id\":\"https:\\\/\\\/buprague.cz\\\/rezervace\\\/#breadcrumb\",\"itemListElement\":[{\"@type\":\"ListItem\",\"position\":1,\"name\":\"Home\",\"item\":\"https:\\\/\\\/buprague.cz\\\/\"},{\"@type\":\"ListItem\",\"position\":2,\"name\":\"Objedn\u00e1n\u00ed\"}]},{\"@type\":\"WebSite\",\"@id\":\"https:\\\/\\\/buprague.cz\\\/#website\",\"url\":\"https:\\\/\\\/buprague.cz\\\/\",\"name\":\"BUPrague\",\"description\":\"Mamma centrum Breast Unit Prague\",\"publisher\":{\"@id\":\"https:\\\/\\\/buprague.cz\\\/#organization\"},\"potentialAction\":[{\"@type\":\"SearchAction\",\"target\":{\"@type\":\"EntryPoint\",\"urlTemplate\":\"https:\\\/\\\/buprague.cz\\\/?s={search_term_string}\"},\"query-input\":{\"@type\":\"PropertyValueSpecification\",\"valueRequired\":true,\"valueName\":\"search_term_string\"}}],\"inLanguage\":\"en-GB\"},{\"@type\":\"Organization\",\"@id\":\"https:\\\/\\\/buprague.cz\\\/#organization\",\"name\":\"BUPrague\",\"url\":\"https:\\\/\\\/buprague.cz\\\/\",\"logo\":{\"@type\":\"ImageObject\",\"inLanguage\":\"en-GB\",\"@id\":\"https:\\\/\\\/buprague.cz\\\/#\\\/schema\\\/logo\\\/image\\\/\",\"url\":\"https:\\\/\\\/buprague.cz\\\/wp-content\\\/uploads\\\/2018\\\/03\\\/logo.svg\",\"contentUrl\":\"https:\\\/\\\/buprague.cz\\\/wp-content\\\/uploads\\\/2018\\\/03\\\/logo.svg\",\"width\":1012.99,\"height\":297.5,\"caption\":\"BUPrague\"},\"image\":{\"@id\":\"https:\\\/\\\/buprague.cz\\\/#\\\/schema\\\/logo\\\/image\\\/\"}}]}<\/script>\n<!-- \/ Yoast SEO plugin. -->","yoast_head_json":{"title":"I want to make an appointment for a mammogram - Breast Unit Prague","description":"Do you need to make an appointment for a preventive mammogram? Do you know when you need a referral and when you have to pay for the examination yourself? We will advise you, just click. #NejsteNaToSama","robots":{"index":"index","follow":"follow","max-snippet":"max-snippet:-1","max-image-preview":"max-image-preview:large","max-video-preview":"max-video-preview:-1"},"canonical":"https:\/\/buprague.cz\/en\/reservation\/","og_locale":"en_GB","og_type":"article","og_title":"Chci se objednat na mamograf - Breast Unit Prague","og_description":"Pot\u0159ebujete se objednat na preventivn\u00ed vy\u0161et\u0159en\u00ed na mamograf? V\u00edte kdy pot\u0159ebujete \u017e\u00e1danku a kdy naopak vy\u0161et\u0159en\u00ed hrad\u00edte sama? Porad\u00edme V\u00e1m, sta\u010d\u00ed kliknout. #NejsteNaToSama","og_url":"https:\/\/buprague.cz\/en\/reservation\/","og_site_name":"BUPrague","article_modified_time":"2025-10-14T09:56:52+00:00","twitter_card":"summary_large_image","twitter_misc":{"Estimated reading time":"2 minutes"},"schema":{"@context":"https:\/\/schema.org","@graph":[{"@type":"WebPage","@id":"https:\/\/buprague.cz\/rezervace\/","url":"https:\/\/buprague.cz\/rezervace\/","name":"I want to make an appointment for a mammogram - Breast Unit Prague","isPartOf":{"@id":"https:\/\/buprague.cz\/#website"},"datePublished":"2018-02-26T15:50:55+00:00","dateModified":"2025-10-14T09:56:52+00:00","description":"Do you need to make an appointment for a preventive mammogram? Do you know when you need a referral and when you have to pay for the examination yourself? We will advise you, just click. #NejsteNaToSama","breadcrumb":{"@id":"https:\/\/buprague.cz\/rezervace\/#breadcrumb"},"inLanguage":"en-GB","potentialAction":[{"@type":"ReadAction","target":["https:\/\/buprague.cz\/rezervace\/"]}]},{"@type":"BreadcrumbList","@id":"https:\/\/buprague.cz\/rezervace\/#breadcrumb","itemListElement":[{"@type":"ListItem","position":1,"name":"Home","item":"https:\/\/buprague.cz\/"},{"@type":"ListItem","position":2,"name":"Objedn\u00e1n\u00ed"}]},{"@type":"WebSite","@id":"https:\/\/buprague.cz\/#website","url":"https:\/\/buprague.cz\/","name":"BUPrague","description":"Mamma Centre Breast Unit Prague","publisher":{"@id":"https:\/\/buprague.cz\/#organization"},"potentialAction":[{"@type":"SearchAction","target":{"@type":"EntryPoint","urlTemplate":"https:\/\/buprague.cz\/?s={search_term_string}"},"query-input":{"@type":"PropertyValueSpecification","valueRequired":true,"valueName":"search_term_string"}}],"inLanguage":"en-GB"},{"@type":"Organization","@id":"https:\/\/buprague.cz\/#organization","name":"BUPrague","url":"https:\/\/buprague.cz\/","logo":{"@type":"ImageObject","inLanguage":"en-GB","@id":"https:\/\/buprague.cz\/#\/schema\/logo\/image\/","url":"https:\/\/buprague.cz\/wp-content\/uploads\/2018\/03\/logo.svg","contentUrl":"https:\/\/buprague.cz\/wp-content\/uploads\/2018\/03\/logo.svg","width":1012.99,"height":297.5,"caption":"BUPrague"},"image":{"@id":"https:\/\/buprague.cz\/#\/schema\/logo\/image\/"}}]}},"_links":{"self":[{"href":"https:\/\/buprague.cz\/en\/wp-json\/wp\/v2\/pages\/14609","targetHints":{"allow":["GET"]}}],"collection":[{"href":"https:\/\/buprague.cz\/en\/wp-json\/wp\/v2\/pages"}],"about":[{"href":"https:\/\/buprague.cz\/en\/wp-json\/wp\/v2\/types\/page"}],"author":[{"embeddable":true,"href":"https:\/\/buprague.cz\/en\/wp-json\/wp\/v2\/users\/1"}],"replies":[{"embeddable":true,"href":"https:\/\/buprague.cz\/en\/wp-json\/wp\/v2\/comments?post=14609"}],"version-history":[{"count":17,"href":"https:\/\/buprague.cz\/en\/wp-json\/wp\/v2\/pages\/14609\/revisions"}],"predecessor-version":[{"id":16940,"href":"https:\/\/buprague.cz\/en\/wp-json\/wp\/v2\/pages\/14609\/revisions\/16940"}],"wp:attachment":[{"href":"https:\/\/buprague.cz\/en\/wp-json\/wp\/v2\/media?parent=14609"}],"curies":[{"name":"wp","href":"https:\/\/api.w.org\/{rel}","templated":true}]}}