{"id":14942,"date":"2018-04-23T11:10:52","date_gmt":"2018-04-23T09:10:52","guid":{"rendered":"https:\/\/buprague.princ.online\/?page_id=14942"},"modified":"2021-01-21T14:42:07","modified_gmt":"2021-01-21T13:42:07","slug":"dermatologie","status":"publish","type":"page","link":"https:\/\/buprague.cz\/en\/about-company\/partners\/dermatology\/","title":{"rendered":"Clinic of Preventive Dermatology"},"content":{"rendered":"<div id=\"cmsmasters_row_0v6mwfgm8a\" class=\"cmsmasters_row cmsmasters_color_scheme_default cmsmasters_row_top_default cmsmasters_row_bot_default cmsmasters_row_boxed\">\n<div class=\"cmsmasters_row_outer_parent\">\n<div class=\"cmsmasters_row_outer\">\n<div class=\"cmsmasters_row_inner\">\n<div class=\"cmsmasters_row_margin\">\n<div id=\"cmsmasters_column_k45g3rtrr\" class=\"cmsmasters_column one_first\">\n<div class=\"cmsmasters_column_inner\"><div id=\"cmsmasters_heading_wf437ij3h\" class=\"cmsmasters_heading_wrap cmsmasters_heading_align_left\">\n\t<h2 class=\"cmsmasters_heading\">Dermatology<\/h2>\n<\/div>\n<\/div><\/div>\n<\/div>\n<\/div>\n<div class=\"cmsmasters_row_inner\">\n<div class=\"cmsmasters_row_margin\">\n<div id=\"cmsmasters_column_m1xuzvv21b\" class=\"cmsmasters_column one_fourth\">\n<div class=\"cmsmasters_column_inner\"><div id=\"cmsmasters_heading_xvqf61yd3\" class=\"cmsmasters_heading_wrap cmsmasters_heading_align_left\">\n\t<h3 class=\"cmsmasters_heading\">Address<\/h3>\n<\/div><div class=\"cmsmasters_text\">\n<p>Bubene\u010dsk\u00e1 284\/12<br \/>\n160 00, Prague 6<\/p>\n<\/div>\n<div class=\"cmsmasters_text\">\n<p><strong>Website:<br \/>\n<\/strong><a href=\"https:\/\/www.klinikadermatologie.cz\">https:\/\/www.klinikadermatologie.cz<\/a><\/p>\n<p><strong>Phone:<br \/>\n<\/strong><span class=\"fa fa-phone\">734 211 211<\/span><\/p>\n<p><strong>E-mail:<\/strong><\/p>\n<p><span id=\"cloak52b6038692a23453b0e32d374b2365cf\"><\/span><span id=\"cloak52b6038692a23453b0e32d374b2365cf\">reception@clinicadermatology<\/span><span id=\"cloak52b6038692a23453b0e32d374b2365cf\">.cz<\/span><\/p>\n<\/div>\n<div class=\"cmsmasters_text\">\n<p><\/p>\n<\/div>\n<\/div><\/div>\n<div id=\"cmsmasters_column_3bobl8eq5w\" class=\"cmsmasters_column one_fourth\">\n<div class=\"cmsmasters_column_inner\"><div id=\"cmsmasters_heading_iyn15h4012\" class=\"cmsmasters_heading_wrap cmsmasters_heading_align_left\">\n\t<h3 class=\"cmsmasters_heading\">Office hours<\/h3>\n<\/div><div class=\"cmsmasters_text\">\n<div class=\"cmsmasters_text\">\n<div class=\"wpb_text_column wpb_content_element\">\n<p><strong>Monday - Friday<\/strong><br \/>\n9:00 - 17:00<\/p>\n<\/div>\n<\/div>\n<div class=\"wpb_text_column wpb_content_element\"><\/div>\n<\/div>\n<\/div><\/div>\n<div id=\"cmsmasters_column_2dykr5ctzd\" class=\"cmsmasters_column one_half\">\n<div class=\"cmsmasters_column_inner\"><div id=\"cmsmasters_heading_toqnxzyth8\" class=\"cmsmasters_heading_wrap cmsmasters_heading_align_left\">\n\t<h3 class=\"cmsmasters_heading\">What is the best way to get to the Preventive Dermatology Clinic?<\/h3>\n<\/div><div class=\"cmsmasters_text\">\n<div class=\"wpb_text_column wpb_content_element\">\n<p><strong>Metro A<\/strong> - station <strong>Hrad\u010dansk\u00e1<\/strong><\/p>\n<p>Bus - stop <strong>Hrad\u010dansk\u00e1 <\/strong>in the street<strong> Pod ka\u0161tany<\/strong>: <a href=\"https:\/\/jrportal.dpp.cz\/DataFTP\/JRPortalData\/131\/20180413\/131_linka.pdf\" target=\"_blank\" rel=\"noopener\">131<\/a><\/p>\n<p>Tram - stop <strong>Hrad\u010dansk\u00e1<\/strong>: 1, 2, 8, 18, 20, 25, 26.<\/p>\n<p>Train - station Praha-Dejvice <a href=\"https:\/\/www.cd.cz\/stanice\/praha-dejvice\/5457066\" target=\"_blank\" rel=\"noopener\">https:\/\/www.cd.cz\/stanice\/praha-dejvice\/5457066<\/a><\/p>\n<\/div>\n<\/div>\n<div class=\"cmsmasters_text\">\n<div class=\"wpb_text_column wpb_content_element\">\n<p><strong>By car<\/strong> - limited parking possibilities in Bubene\u010dsk\u00e1 and surrounding streets, there are parking zones<\/p>\n<\/div>\n<\/div>\n<\/div><\/div>\n<\/div>\n<\/div>\n<\/div>\n<\/div>\n<\/div>\n<div id=\"cmsmasters_row_7qlt799bv\" class=\"cmsmasters_row cmsmasters_color_scheme_default cmsmasters_row_top_default cmsmasters_row_bot_default cmsmasters_row_boxed\">\n<div class=\"cmsmasters_row_outer_parent\">\n<div class=\"cmsmasters_row_outer\">\n<div class=\"cmsmasters_row_inner\">\n<div class=\"cmsmasters_row_margin\">\n<div id=\"cmsmasters_column_yfmd2hox9t\" class=\"cmsmasters_column one_first\">\n<div class=\"cmsmasters_column_inner\">\n<div id=\"cmsmasters_divider_8wm7lgu39\" class=\"cmsmasters_divider cmsmasters_divider_width_long cmsmasters_divider_pos_center\"><\/div>\n<\/div><\/div>\n<\/div>\n<\/div>\n<\/div>\n<\/div>\n<\/div>\n<div id=\"cmsmasters_row_zu1llq38co\" class=\"cmsmasters_row cmsmasters_color_scheme_default cmsmasters_row_top_default cmsmasters_row_bot_default cmsmasters_row_boxed\">\n<div class=\"cmsmasters_row_outer_parent\">\n<div class=\"cmsmasters_row_outer\">\n<div class=\"cmsmasters_row_inner\">\n<div class=\"cmsmasters_row_margin\">\n<div id=\"cmsmasters_column_vkx7odpp9\" class=\"cmsmasters_column one_first\">\n<div class=\"cmsmasters_column_inner\"><div class=\"resizable_block\">\n<div id=\"google_map_xdynqgeq9\" class=\"cmsmasters_google_map google_map\" data-address=\"\" data-maptype=\"ROADMAP\" data-zoom=\"17\" data-scrollwheel=\"true\" data-doubleclickzoom=\"true\" data-pan-control=\"true\" data-zoom-control=\"true\" data-map-type-control=\"true\" data-scale-control=\"true\" data-street-view-control=\"true\" data-overview-map-control=\"true\" data-markers=\"address: Bubene\u010dsk\u00e1 284\/12, Praha 6\/\/\/|||\"><\/div>\n<\/div>\n<\/div><\/div>\n<\/div>\n<\/div>\n<\/div>\n<\/div>\n<\/div>","protected":false},"excerpt":{"rendered":"","protected":false},"author":1,"featured_media":0,"parent":13467,"menu_order":0,"comment_status":"closed","ping_status":"closed","template":"","meta":{"footnotes":""},"class_list":["post-14942","page","type-page","status-publish","hentry"],"yoast_head":"<!-- This site is optimized with the Yoast SEO plugin v27.5 - https:\/\/yoast.com\/product\/yoast-seo-wordpress\/ -->\n<title>Dermatologie prof. Hercogov\u00e9 - partner Breast Unit Prague<\/title>\n<meta name=\"description\" content=\"Partnersk\u00e9 pracovi\u0161t\u011b Kliniky preventivn\u00ed dermatologie nab\u00edz\u00ed slu\u017eby v oblasti dermatologie.\" \/>\n<meta name=\"robots\" content=\"index, follow, max-snippet:-1, max-image-preview:large, max-video-preview:-1\" \/>\n<link rel=\"canonical\" href=\"https:\/\/buprague.cz\/en\/about-company\/partners\/dermatology\/\" \/>\n<meta property=\"og:locale\" content=\"en_GB\" \/>\n<meta property=\"og:type\" content=\"article\" \/>\n<meta property=\"og:title\" content=\"Dermatologie prof. Hercogov\u00e9 - partner Breast Unit Prague\" \/>\n<meta property=\"og:description\" content=\"Partnersk\u00e9 pracovi\u0161t\u011b Kliniky preventivn\u00ed dermatologie nab\u00edz\u00ed slu\u017eby v oblasti dermatologie.\" \/>\n<meta property=\"og:url\" content=\"https:\/\/buprague.cz\/en\/about-company\/partners\/dermatology\/\" \/>\n<meta property=\"og:site_name\" content=\"BUPrague\" \/>\n<meta property=\"article:modified_time\" content=\"2021-01-21T13:42:07+00:00\" \/>\n<meta name=\"twitter:card\" content=\"summary_large_image\" \/>\n<meta name=\"twitter:label1\" content=\"Estimated reading time\" \/>\n\t<meta name=\"twitter:data1\" content=\"4 minutes\" \/>\n<script type=\"application\/ld+json\" class=\"yoast-schema-graph\">{\"@context\":\"https:\\\/\\\/schema.org\",\"@graph\":[{\"@type\":\"WebPage\",\"@id\":\"https:\\\/\\\/buprague.cz\\\/o-spolecnosti\\\/partneri\\\/dermatologie\\\/\",\"url\":\"https:\\\/\\\/buprague.cz\\\/o-spolecnosti\\\/partneri\\\/dermatologie\\\/\",\"name\":\"Dermatologie prof. Hercogov\u00e9 - partner Breast Unit Prague\",\"isPartOf\":{\"@id\":\"https:\\\/\\\/buprague.cz\\\/#website\"},\"datePublished\":\"2018-04-23T09:10:52+00:00\",\"dateModified\":\"2021-01-21T13:42:07+00:00\",\"description\":\"Partnersk\u00e9 pracovi\u0161t\u011b Kliniky preventivn\u00ed dermatologie nab\u00edz\u00ed slu\u017eby v oblasti dermatologie.\",\"breadcrumb\":{\"@id\":\"https:\\\/\\\/buprague.cz\\\/o-spolecnosti\\\/partneri\\\/dermatologie\\\/#breadcrumb\"},\"inLanguage\":\"en-GB\",\"potentialAction\":[{\"@type\":\"ReadAction\",\"target\":[\"https:\\\/\\\/buprague.cz\\\/o-spolecnosti\\\/partneri\\\/dermatologie\\\/\"]}]},{\"@type\":\"BreadcrumbList\",\"@id\":\"https:\\\/\\\/buprague.cz\\\/o-spolecnosti\\\/partneri\\\/dermatologie\\\/#breadcrumb\",\"itemListElement\":[{\"@type\":\"ListItem\",\"position\":1,\"name\":\"Home\",\"item\":\"https:\\\/\\\/buprague.cz\\\/\"},{\"@type\":\"ListItem\",\"position\":2,\"name\":\"O spole\u010dnosti\",\"item\":\"https:\\\/\\\/buprague.cz\\\/o-spolecnosti\\\/\"},{\"@type\":\"ListItem\",\"position\":3,\"name\":\"Na\u0161i partne\u0159i\",\"item\":\"https:\\\/\\\/buprague.cz\\\/o-spolecnosti\\\/partneri\\\/\"},{\"@type\":\"ListItem\",\"position\":4,\"name\":\"Klinika preventivn\u00ed dermatologie\"}]},{\"@type\":\"WebSite\",\"@id\":\"https:\\\/\\\/buprague.cz\\\/#website\",\"url\":\"https:\\\/\\\/buprague.cz\\\/\",\"name\":\"BUPrague\",\"description\":\"Mamma centrum Breast Unit Prague\",\"publisher\":{\"@id\":\"https:\\\/\\\/buprague.cz\\\/#organization\"},\"potentialAction\":[{\"@type\":\"SearchAction\",\"target\":{\"@type\":\"EntryPoint\",\"urlTemplate\":\"https:\\\/\\\/buprague.cz\\\/?s={search_term_string}\"},\"query-input\":{\"@type\":\"PropertyValueSpecification\",\"valueRequired\":true,\"valueName\":\"search_term_string\"}}],\"inLanguage\":\"en-GB\"},{\"@type\":\"Organization\",\"@id\":\"https:\\\/\\\/buprague.cz\\\/#organization\",\"name\":\"BUPrague\",\"url\":\"https:\\\/\\\/buprague.cz\\\/\",\"logo\":{\"@type\":\"ImageObject\",\"inLanguage\":\"en-GB\",\"@id\":\"https:\\\/\\\/buprague.cz\\\/#\\\/schema\\\/logo\\\/image\\\/\",\"url\":\"https:\\\/\\\/buprague.cz\\\/wp-content\\\/uploads\\\/2018\\\/03\\\/logo.svg\",\"contentUrl\":\"https:\\\/\\\/buprague.cz\\\/wp-content\\\/uploads\\\/2018\\\/03\\\/logo.svg\",\"width\":1012.99,\"height\":297.5,\"caption\":\"BUPrague\"},\"image\":{\"@id\":\"https:\\\/\\\/buprague.cz\\\/#\\\/schema\\\/logo\\\/image\\\/\"}}]}<\/script>\n<!-- \/ Yoast SEO plugin. -->","yoast_head_json":{"title":"Dermatology of prof. Hercogov\u00e1 - partner Breast Unit Prague","description":"The partner clinic of the Clinic of Preventive Dermatology offers services in the field of dermatology.","robots":{"index":"index","follow":"follow","max-snippet":"max-snippet:-1","max-image-preview":"max-image-preview:large","max-video-preview":"max-video-preview:-1"},"canonical":"https:\/\/buprague.cz\/en\/about-company\/partners\/dermatology\/","og_locale":"en_GB","og_type":"article","og_title":"Dermatologie prof. Hercogov\u00e9 - partner Breast Unit Prague","og_description":"Partnersk\u00e9 pracovi\u0161t\u011b Kliniky preventivn\u00ed dermatologie nab\u00edz\u00ed slu\u017eby v oblasti dermatologie.","og_url":"https:\/\/buprague.cz\/en\/about-company\/partners\/dermatology\/","og_site_name":"BUPrague","article_modified_time":"2021-01-21T13:42:07+00:00","twitter_card":"summary_large_image","twitter_misc":{"Estimated reading time":"4 minutes"},"schema":{"@context":"https:\/\/schema.org","@graph":[{"@type":"WebPage","@id":"https:\/\/buprague.cz\/o-spolecnosti\/partneri\/dermatologie\/","url":"https:\/\/buprague.cz\/o-spolecnosti\/partneri\/dermatologie\/","name":"Dermatology of prof. Hercogov\u00e1 - partner Breast Unit Prague","isPartOf":{"@id":"https:\/\/buprague.cz\/#website"},"datePublished":"2018-04-23T09:10:52+00:00","dateModified":"2021-01-21T13:42:07+00:00","description":"The partner clinic of the Clinic of Preventive Dermatology offers services in the field of dermatology.","breadcrumb":{"@id":"https:\/\/buprague.cz\/o-spolecnosti\/partneri\/dermatologie\/#breadcrumb"},"inLanguage":"en-GB","potentialAction":[{"@type":"ReadAction","target":["https:\/\/buprague.cz\/o-spolecnosti\/partneri\/dermatologie\/"]}]},{"@type":"BreadcrumbList","@id":"https:\/\/buprague.cz\/o-spolecnosti\/partneri\/dermatologie\/#breadcrumb","itemListElement":[{"@type":"ListItem","position":1,"name":"Home","item":"https:\/\/buprague.cz\/"},{"@type":"ListItem","position":2,"name":"O spole\u010dnosti","item":"https:\/\/buprague.cz\/o-spolecnosti\/"},{"@type":"ListItem","position":3,"name":"Na\u0161i partne\u0159i","item":"https:\/\/buprague.cz\/o-spolecnosti\/partneri\/"},{"@type":"ListItem","position":4,"name":"Klinika preventivn\u00ed dermatologie"}]},{"@type":"WebSite","@id":"https:\/\/buprague.cz\/#website","url":"https:\/\/buprague.cz\/","name":"BUPrague","description":"Mamma Centre Breast Unit Prague","publisher":{"@id":"https:\/\/buprague.cz\/#organization"},"potentialAction":[{"@type":"SearchAction","target":{"@type":"EntryPoint","urlTemplate":"https:\/\/buprague.cz\/?s={search_term_string}"},"query-input":{"@type":"PropertyValueSpecification","valueRequired":true,"valueName":"search_term_string"}}],"inLanguage":"en-GB"},{"@type":"Organization","@id":"https:\/\/buprague.cz\/#organization","name":"BUPrague","url":"https:\/\/buprague.cz\/","logo":{"@type":"ImageObject","inLanguage":"en-GB","@id":"https:\/\/buprague.cz\/#\/schema\/logo\/image\/","url":"https:\/\/buprague.cz\/wp-content\/uploads\/2018\/03\/logo.svg","contentUrl":"https:\/\/buprague.cz\/wp-content\/uploads\/2018\/03\/logo.svg","width":1012.99,"height":297.5,"caption":"BUPrague"},"image":{"@id":"https:\/\/buprague.cz\/#\/schema\/logo\/image\/"}}]}},"_links":{"self":[{"href":"https:\/\/buprague.cz\/en\/wp-json\/wp\/v2\/pages\/14942","targetHints":{"allow":["GET"]}}],"collection":[{"href":"https:\/\/buprague.cz\/en\/wp-json\/wp\/v2\/pages"}],"about":[{"href":"https:\/\/buprague.cz\/en\/wp-json\/wp\/v2\/types\/page"}],"author":[{"embeddable":true,"href":"https:\/\/buprague.cz\/en\/wp-json\/wp\/v2\/users\/1"}],"replies":[{"embeddable":true,"href":"https:\/\/buprague.cz\/en\/wp-json\/wp\/v2\/comments?post=14942"}],"version-history":[{"count":0,"href":"https:\/\/buprague.cz\/en\/wp-json\/wp\/v2\/pages\/14942\/revisions"}],"up":[{"embeddable":true,"href":"https:\/\/buprague.cz\/en\/wp-json\/wp\/v2\/pages\/13467"}],"wp:attachment":[{"href":"https:\/\/buprague.cz\/en\/wp-json\/wp\/v2\/media?parent=14942"}],"curies":[{"name":"wp","href":"https:\/\/api.w.org\/{rel}","templated":true}]}}