{"id":15005,"date":"2018-04-24T12:12:16","date_gmt":"2018-04-24T10:12:16","guid":{"rendered":"https:\/\/buprague.princ.online\/?page_id=15005"},"modified":"2021-01-21T15:24:40","modified_gmt":"2021-01-21T14:24:40","slug":"konzultace","status":"publish","type":"page","link":"https:\/\/buprague.cz\/en\/for-patients\/important-information\/consultation\/","title":{"rendered":"Consultation"},"content":{"rendered":"<div id=\"cmsmasters_row_vqd6cfrc9q\" class=\"cmsmasters_row cmsmasters_color_scheme_default cmsmasters_row_top_default cmsmasters_row_bot_default cmsmasters_row_boxed\">\n<div class=\"cmsmasters_row_outer_parent\">\n<div class=\"cmsmasters_row_outer\">\n<div class=\"cmsmasters_row_inner\">\n<div class=\"cmsmasters_row_margin\">\n<div id=\"cmsmasters_column_oe0t5xswzk\" class=\"cmsmasters_column one_first\">\n<div class=\"cmsmasters_column_inner\"><div id=\"cmsmasters_heading_xxmkov54y8\" class=\"cmsmasters_heading_wrap cmsmasters_heading_align_left\">\n\t<h2 class=\"cmsmasters_heading\">Consultation of Findings from Another Institution<\/h2>\n<\/div><div class=\"cmsmasters_text\">\n<p>Every patient has the right to a second opinion.  The consultation is a self-paid examination, which is a procedure <strong>not covered by health insurance companies.<\/strong>Please take a look at our <a href=\"https:\/\/buprague.cz\/en\/for-patients\/pricetable\/\">price list<\/a>.<\/p>\n<p>To consult the results of a mammography examination <strong>we must have access to the necessary images<\/strong>. It is possible to have them sent electronically via ePACs to our facility. It is also possible to send the images on CD or bring them to our office in person by prior arrangement.<\/p>\n<p>You can arrange a consultation of your results via email <a href=\"mailto:pokorna@buprague.cz\">kancelar@buprague.cz<\/a>, where you will <strong>write your phone number<\/strong> and a brief description of the examinations that have been conducted. We will contact you to discuss the next steps.<\/p>\n<p>To receive feedback on the results of the sonographic examination, it is necessary for you to book an appointment at our center. It is not possible to give a second opinion solely based on the description of the examination or from the ultrasound images.<\/p>\n<p>For <strong>consultation of the histological result of the breast biopsy<\/strong> or <strong>oncological treatments<\/strong> you can schedule an appointment via email <a href=\"mailto:rebickova@buprague.cz\">kancelar@buprague.cz<\/a>, where you will write a phone number and a short description of the histology result. We will contact you to discuss the next steps.<\/p>\n<\/div>\n<div class=\"cmsmasters_img  cmsmasters_image_n\"><img decoding=\"async\" src=\"https:\/\/buprague.cz\/wp-content\/uploads\/2017\/09\/vysetreni.jpg\" \/><\/div>\n<\/div><\/div>\n<\/div>\n<\/div>\n<\/div>\n<\/div>\n<\/div>","protected":false},"excerpt":{"rendered":"","protected":false},"author":1,"featured_media":0,"parent":13336,"menu_order":8,"comment_status":"closed","ping_status":"closed","template":"","meta":{"footnotes":""},"class_list":["post-15005","page","type-page","status-publish","hentry"],"yoast_head":"<!-- This site is optimized with the Yoast SEO plugin v27.5 - https:\/\/yoast.com\/product\/yoast-seo-wordpress\/ -->\n<title>Konzultace v Breast Unit Prague<\/title>\n<meta name=\"description\" content=\"Ka\u017ed\u00fd pacient m\u00e1 pr\u00e1vo na druh\u00fd n\u00e1zor, tzv. second opinion. Konzultace je p\u0159\u00edmo hrazen\u00e9 vy\u0161et\u0159en\u00ed, zdravotn\u00ed poji\u0161\u0165ovny tento v\u00fdkon nehrad\u00ed.\" \/>\n<meta name=\"robots\" content=\"index, follow, max-snippet:-1, max-image-preview:large, max-video-preview:-1\" \/>\n<link rel=\"canonical\" href=\"https:\/\/buprague.cz\/en\/for-patients\/important-information\/consultation\/\" \/>\n<meta property=\"og:locale\" content=\"en_GB\" \/>\n<meta property=\"og:type\" content=\"article\" \/>\n<meta property=\"og:title\" content=\"Konzultace v Breast Unit Prague\" \/>\n<meta property=\"og:description\" content=\"Ka\u017ed\u00fd pacient m\u00e1 pr\u00e1vo na druh\u00fd n\u00e1zor, tzv. second opinion. Konzultace je p\u0159\u00edmo hrazen\u00e9 vy\u0161et\u0159en\u00ed, zdravotn\u00ed poji\u0161\u0165ovny tento v\u00fdkon nehrad\u00ed.\" \/>\n<meta property=\"og:url\" content=\"https:\/\/buprague.cz\/en\/for-patients\/important-information\/consultation\/\" \/>\n<meta property=\"og:site_name\" content=\"BUPrague\" \/>\n<meta property=\"article:modified_time\" content=\"2021-01-21T14:24:40+00:00\" \/>\n<meta name=\"twitter:card\" content=\"summary_large_image\" \/>\n<meta name=\"twitter:label1\" content=\"Estimated reading time\" \/>\n\t<meta name=\"twitter:data1\" content=\"2 minutes\" \/>\n<script type=\"application\/ld+json\" class=\"yoast-schema-graph\">{\"@context\":\"https:\\\/\\\/schema.org\",\"@graph\":[{\"@type\":\"WebPage\",\"@id\":\"https:\\\/\\\/buprague.cz\\\/pro-pacienty\\\/dulezite-informace\\\/konzultace\\\/\",\"url\":\"https:\\\/\\\/buprague.cz\\\/pro-pacienty\\\/dulezite-informace\\\/konzultace\\\/\",\"name\":\"Konzultace v Breast Unit Prague\",\"isPartOf\":{\"@id\":\"https:\\\/\\\/buprague.cz\\\/#website\"},\"datePublished\":\"2018-04-24T10:12:16+00:00\",\"dateModified\":\"2021-01-21T14:24:40+00:00\",\"description\":\"Ka\u017ed\u00fd pacient m\u00e1 pr\u00e1vo na druh\u00fd n\u00e1zor, tzv. second opinion. Konzultace je p\u0159\u00edmo hrazen\u00e9 vy\u0161et\u0159en\u00ed, zdravotn\u00ed poji\u0161\u0165ovny tento v\u00fdkon nehrad\u00ed.\",\"breadcrumb\":{\"@id\":\"https:\\\/\\\/buprague.cz\\\/pro-pacienty\\\/dulezite-informace\\\/konzultace\\\/#breadcrumb\"},\"inLanguage\":\"en-GB\",\"potentialAction\":[{\"@type\":\"ReadAction\",\"target\":[\"https:\\\/\\\/buprague.cz\\\/pro-pacienty\\\/dulezite-informace\\\/konzultace\\\/\"]}]},{\"@type\":\"BreadcrumbList\",\"@id\":\"https:\\\/\\\/buprague.cz\\\/pro-pacienty\\\/dulezite-informace\\\/konzultace\\\/#breadcrumb\",\"itemListElement\":[{\"@type\":\"ListItem\",\"position\":1,\"name\":\"Home\",\"item\":\"https:\\\/\\\/buprague.cz\\\/\"},{\"@type\":\"ListItem\",\"position\":2,\"name\":\"Pro pacienty\",\"item\":\"https:\\\/\\\/buprague.cz\\\/pro-pacienty\\\/\"},{\"@type\":\"ListItem\",\"position\":3,\"name\":\"D\u016fle\u017eit\u00e9 informace\",\"item\":\"https:\\\/\\\/buprague.cz\\\/pro-pacienty\\\/dulezite-informace\\\/\"},{\"@type\":\"ListItem\",\"position\":4,\"name\":\"Konzultace\"}]},{\"@type\":\"WebSite\",\"@id\":\"https:\\\/\\\/buprague.cz\\\/#website\",\"url\":\"https:\\\/\\\/buprague.cz\\\/\",\"name\":\"BUPrague\",\"description\":\"Mamma centrum Breast Unit Prague\",\"publisher\":{\"@id\":\"https:\\\/\\\/buprague.cz\\\/#organization\"},\"potentialAction\":[{\"@type\":\"SearchAction\",\"target\":{\"@type\":\"EntryPoint\",\"urlTemplate\":\"https:\\\/\\\/buprague.cz\\\/?s={search_term_string}\"},\"query-input\":{\"@type\":\"PropertyValueSpecification\",\"valueRequired\":true,\"valueName\":\"search_term_string\"}}],\"inLanguage\":\"en-GB\"},{\"@type\":\"Organization\",\"@id\":\"https:\\\/\\\/buprague.cz\\\/#organization\",\"name\":\"BUPrague\",\"url\":\"https:\\\/\\\/buprague.cz\\\/\",\"logo\":{\"@type\":\"ImageObject\",\"inLanguage\":\"en-GB\",\"@id\":\"https:\\\/\\\/buprague.cz\\\/#\\\/schema\\\/logo\\\/image\\\/\",\"url\":\"https:\\\/\\\/buprague.cz\\\/wp-content\\\/uploads\\\/2018\\\/03\\\/logo.svg\",\"contentUrl\":\"https:\\\/\\\/buprague.cz\\\/wp-content\\\/uploads\\\/2018\\\/03\\\/logo.svg\",\"width\":1012.99,\"height\":297.5,\"caption\":\"BUPrague\"},\"image\":{\"@id\":\"https:\\\/\\\/buprague.cz\\\/#\\\/schema\\\/logo\\\/image\\\/\"}}]}<\/script>\n<!-- \/ Yoast SEO plugin. -->","yoast_head_json":{"title":"Consultations at Breast Unit Prague","description":"Every patient has the right to a second opinion. The consultation is a directly reimbursable examination; health insurance companies do not cover this procedure.","robots":{"index":"index","follow":"follow","max-snippet":"max-snippet:-1","max-image-preview":"max-image-preview:large","max-video-preview":"max-video-preview:-1"},"canonical":"https:\/\/buprague.cz\/en\/for-patients\/important-information\/consultation\/","og_locale":"en_GB","og_type":"article","og_title":"Konzultace v Breast Unit Prague","og_description":"Ka\u017ed\u00fd pacient m\u00e1 pr\u00e1vo na druh\u00fd n\u00e1zor, tzv. second opinion. Konzultace je p\u0159\u00edmo hrazen\u00e9 vy\u0161et\u0159en\u00ed, zdravotn\u00ed poji\u0161\u0165ovny tento v\u00fdkon nehrad\u00ed.","og_url":"https:\/\/buprague.cz\/en\/for-patients\/important-information\/consultation\/","og_site_name":"BUPrague","article_modified_time":"2021-01-21T14:24:40+00:00","twitter_card":"summary_large_image","twitter_misc":{"Estimated reading time":"2 minutes"},"schema":{"@context":"https:\/\/schema.org","@graph":[{"@type":"WebPage","@id":"https:\/\/buprague.cz\/pro-pacienty\/dulezite-informace\/konzultace\/","url":"https:\/\/buprague.cz\/pro-pacienty\/dulezite-informace\/konzultace\/","name":"Consultations at Breast Unit Prague","isPartOf":{"@id":"https:\/\/buprague.cz\/#website"},"datePublished":"2018-04-24T10:12:16+00:00","dateModified":"2021-01-21T14:24:40+00:00","description":"Every patient has the right to a second opinion. The consultation is a directly reimbursable examination; health insurance companies do not cover this procedure.","breadcrumb":{"@id":"https:\/\/buprague.cz\/pro-pacienty\/dulezite-informace\/konzultace\/#breadcrumb"},"inLanguage":"en-GB","potentialAction":[{"@type":"ReadAction","target":["https:\/\/buprague.cz\/pro-pacienty\/dulezite-informace\/konzultace\/"]}]},{"@type":"BreadcrumbList","@id":"https:\/\/buprague.cz\/pro-pacienty\/dulezite-informace\/konzultace\/#breadcrumb","itemListElement":[{"@type":"ListItem","position":1,"name":"Home","item":"https:\/\/buprague.cz\/"},{"@type":"ListItem","position":2,"name":"Pro pacienty","item":"https:\/\/buprague.cz\/pro-pacienty\/"},{"@type":"ListItem","position":3,"name":"D\u016fle\u017eit\u00e9 informace","item":"https:\/\/buprague.cz\/pro-pacienty\/dulezite-informace\/"},{"@type":"ListItem","position":4,"name":"Konzultace"}]},{"@type":"WebSite","@id":"https:\/\/buprague.cz\/#website","url":"https:\/\/buprague.cz\/","name":"BUPrague","description":"Mamma Centre Breast Unit Prague","publisher":{"@id":"https:\/\/buprague.cz\/#organization"},"potentialAction":[{"@type":"SearchAction","target":{"@type":"EntryPoint","urlTemplate":"https:\/\/buprague.cz\/?s={search_term_string}"},"query-input":{"@type":"PropertyValueSpecification","valueRequired":true,"valueName":"search_term_string"}}],"inLanguage":"en-GB"},{"@type":"Organization","@id":"https:\/\/buprague.cz\/#organization","name":"BUPrague","url":"https:\/\/buprague.cz\/","logo":{"@type":"ImageObject","inLanguage":"en-GB","@id":"https:\/\/buprague.cz\/#\/schema\/logo\/image\/","url":"https:\/\/buprague.cz\/wp-content\/uploads\/2018\/03\/logo.svg","contentUrl":"https:\/\/buprague.cz\/wp-content\/uploads\/2018\/03\/logo.svg","width":1012.99,"height":297.5,"caption":"BUPrague"},"image":{"@id":"https:\/\/buprague.cz\/#\/schema\/logo\/image\/"}}]}},"_links":{"self":[{"href":"https:\/\/buprague.cz\/en\/wp-json\/wp\/v2\/pages\/15005","targetHints":{"allow":["GET"]}}],"collection":[{"href":"https:\/\/buprague.cz\/en\/wp-json\/wp\/v2\/pages"}],"about":[{"href":"https:\/\/buprague.cz\/en\/wp-json\/wp\/v2\/types\/page"}],"author":[{"embeddable":true,"href":"https:\/\/buprague.cz\/en\/wp-json\/wp\/v2\/users\/1"}],"replies":[{"embeddable":true,"href":"https:\/\/buprague.cz\/en\/wp-json\/wp\/v2\/comments?post=15005"}],"version-history":[{"count":0,"href":"https:\/\/buprague.cz\/en\/wp-json\/wp\/v2\/pages\/15005\/revisions"}],"up":[{"embeddable":true,"href":"https:\/\/buprague.cz\/en\/wp-json\/wp\/v2\/pages\/13336"}],"wp:attachment":[{"href":"https:\/\/buprague.cz\/en\/wp-json\/wp\/v2\/media?parent=15005"}],"curies":[{"name":"wp","href":"https:\/\/api.w.org\/{rel}","templated":true}]}}