{"id":15352,"date":"2019-07-18T18:16:01","date_gmt":"2019-07-18T16:16:01","guid":{"rendered":"https:\/\/buprague.princ.online\/?page_id=15352"},"modified":"2021-02-19T14:11:12","modified_gmt":"2021-02-19T13:11:12","slug":"pracoviste-opatov","status":"publish","type":"page","link":"https:\/\/buprague.cz\/en\/about-company\/workspace-opatov\/","title":{"rendered":"Mamma Centre Opatov"},"content":{"rendered":"<div id=\"cmsmasters_row_ny5681fch\" class=\"cmsmasters_row cmsmasters_color_scheme_default cmsmasters_row_top_default cmsmasters_row_bot_default cmsmasters_row_boxed\">\n<div class=\"cmsmasters_row_outer_parent\">\n<div class=\"cmsmasters_row_outer\">\n<div class=\"cmsmasters_row_inner\">\n<div class=\"cmsmasters_row_margin\">\n<div id=\"cmsmasters_column_k45g3rtrr\" class=\"cmsmasters_column one_first\">\n<div class=\"cmsmasters_column_inner\"><div id=\"cmsmasters_heading_fc5djlgun5\" class=\"cmsmasters_heading_wrap cmsmasters_heading_align_left\">\n\t<h2 class=\"cmsmasters_heading\">Mamma centrum Opatov<\/h2>\n<\/div>\n<\/div><\/div>\n<\/div>\n<\/div>\n<div class=\"cmsmasters_row_inner\">\n<div class=\"cmsmasters_row_margin\">\n<div id=\"cmsmasters_column_06hl7rmaxp\" class=\"cmsmasters_column one_half\">\n<div class=\"cmsmasters_column_inner\"><div class=\"cmsmasters_text\">\n<p>Specializovan\u00e9 pracovi\u0161t\u011b na diagnostiku a l\u00e9\u010dbu zhoubn\u00fdch i nezhoubn\u00fdch nemoc\u00ed prsu.\u00a0BREAST UNIT PRAGUE &#8211; Mamma centrum <strong>Opatov <\/strong>je pokra\u010dovatel Mamma centra H\u00e1je, kter\u00e9 ji\u017e od roku 2011 dopl\u0148ovalo pot\u0159ebnou kapacitu v&nbsp;s\u00edti screeningov\u00fdch pracovi\u0161\u0165 v&nbsp;Praze. P\u0159isp\u00edv\u00e1 k&nbsp;pos\u00edlen\u00ed screeningov\u00e9ho programu a t\u00edm ke zlep\u0161en\u00ed \u00fa\u010dasti \u010desk\u00fdch \u017een v&nbsp;celon\u00e1rodn\u00edm programu sekund\u00e1rn\u00ed <strong>prevence rakoviny prsu<\/strong>.<\/p>\n<p><strong>Mamma centrum Opatov<\/strong> spl\u0148uje v\u0161echny n\u00e1roky, kter\u00e9 mus\u00ed pracovi\u0161t\u011b v\u00a0s\u00edti screeningov\u00fdch center m\u00edt. Jde o erudici l\u00e9ka\u0159\u016f i radiologick\u00fdch asistent\u016f, stejn\u011b tak jako o kvalitu p\u0159\u00edstroj\u016f a schopnost postarat se nejen o zdrav\u00e9, ale hlavn\u011b o nemocn\u00e9 \u017eeny. Existuje v&nbsp;dob\u0159e dostupn\u00e9 lokalit\u011b Prahy 11, <strong>v p\u0159\u00edjemn\u00e9m prost\u0159ed\u00ed<\/strong> v&nbsp;bl\u00edzkosti centr\u00e1ln\u00edho parku a metra Opatov.<\/p>\n<\/div>\n<\/div><\/div>\n<div id=\"cmsmasters_column_0ehi0vp5w5\" class=\"cmsmasters_column one_half\">\n<div class=\"cmsmasters_column_inner\"><div class=\"aligncenter\"><div class=\"cmsmasters_img  cmsmasters_image_c\"><img decoding=\"async\" src=\"https:\/\/buprague.cz\/wp-content\/uploads\/2020\/07\/Interier-3-1024x682.jpg\" \/><\/div><\/div>\n<\/div><\/div>\n<\/div>\n<\/div>\n<\/div>\n<\/div>\n<\/div>\n<div id=\"cmsmasters_row_ktdlb3lzrc\" class=\"cmsmasters_row cmsmasters_color_scheme_default cmsmasters_row_top_default cmsmasters_row_bot_default cmsmasters_row_boxed\">\n<div class=\"cmsmasters_row_outer_parent\">\n<div class=\"cmsmasters_row_outer\">\n<div class=\"cmsmasters_row_inner\">\n<div class=\"cmsmasters_row_margin\">\n<div id=\"cmsmasters_column_m1xuzvv21b\" class=\"cmsmasters_column one_third\">\n<div class=\"cmsmasters_column_inner\"><div id=\"cmsmasters_heading_jys91gzgx\" class=\"cmsmasters_heading_wrap cmsmasters_heading_align_left\">\n\t<h3 class=\"cmsmasters_heading\">Adresa<\/h3>\n<\/div><div class=\"cmsmasters_text\">\n<p>L\u00edbalova 1<br \/>\n149&nbsp;00 Praha 11<\/p>\n<\/div>\n<div class=\"cmsmasters_text\">\n<p><strong>Telefon:<br \/>\n<\/strong><a href=\"tel:775131111\">775&nbsp;13&nbsp;11&nbsp;11<\/a><\/p>\n<\/div>\n<div class=\"cmsmasters_text\">\n<p><strong>E-mail:<br \/>\n<\/strong><a href=\"mailto:mammacentrum@buprague.cz\">mammacentrum@buprague.cz<\/a><br \/>\n(neslou\u017e\u00ed pro objedn\u00e1v\u00e1n\u00ed vy\u0161et\u0159en\u00ed)<\/p>\n<\/div>\n<\/div><\/div>\n<div id=\"cmsmasters_column_3bobl8eq5w\" class=\"cmsmasters_column one_third\">\n<div class=\"cmsmasters_column_inner\"><div id=\"cmsmasters_heading_yj320x7ka\" class=\"cmsmasters_heading_wrap cmsmasters_heading_align_left\">\n\t<h3 class=\"cmsmasters_heading\">Ordina\u010dn\u00ed doba<\/h3>\n<\/div><div class=\"cmsmasters_text\">\n<div class=\"wpb_text_column wpb_content_element \">\n<p><strong>Pond\u011bl\u00ed<\/strong>\u00a0\u00a0\u00a0 7:30 &#8211; 18:45<\/p>\n<p><strong>\u00dater\u00fd<\/strong>\u00a0\u00a0\u00a0\u00a0\u00a0\u00a0\u00a0 7:15 &#8211; 15:30<\/p>\n<p><strong>St\u0159eda<\/strong>\u00a0\u00a0\u00a0\u00a0\u00a0 7:15 &#8211; 15:30<\/p>\n<p><strong>\u010ctvrtek<\/strong>\u00a0 \u00a0\u00a0 7:15 &#8211; 15:30<\/p>\n<p><strong>P\u00e1tek<\/strong>\u00a0 \u00a0 \u00a0 \u00a0 7:15 &#8211; 13:30<\/p>\n<\/div>\n<\/div>\n<\/div><\/div>\n<div id=\"cmsmasters_column_2dykr5ctzd\" class=\"cmsmasters_column one_third\">\n<div class=\"cmsmasters_column_inner\"><div id=\"cmsmasters_heading_51a4ozbbr6\" class=\"cmsmasters_heading_wrap cmsmasters_heading_align_left\">\n\t<h3 class=\"cmsmasters_heading\">Jak se k&nbsp;n\u00e1m nejl\u00e9pe dostanete?<\/h3>\n<\/div><div class=\"cmsmasters_text\">\n<div class=\"wpb_text_column wpb_content_element \">\n<p><strong>Autobusem: <\/strong>na zast\u00e1vku <strong>Opatov<\/strong> autobusov\u00e9 linky: 136, 165, 177, 181, 182, 213, 326, 327, 328, 363, 385, 397|\u00a0na zast\u00e1vku<strong> Bachova<\/strong>: 125, 165<\/p>\n<\/div>\n<\/div>\n<div class=\"cmsmasters_text\">\n<div class=\"wpb_text_column wpb_content_element \">\n<p><strong>Metrem C<\/strong> <strong>je to k&nbsp;n\u00e1m nejsna\u017e\u0161\u00ed<\/strong>, s\u00eddl\u00edme na dohled ze stanice <strong>Opatov (3 minuty ch\u016fze)<\/strong> \u2013 v\u00fdstup po pevn\u00fdch schodech, ve vestibulu se oto\u010dte \u010delem vzad a jd\u011bte okolo vstupu do metra a\u017e vyjdete do parku, kde se d\u00e1te vlevo, p\u0159ed sebou vid\u00edte \u010dervenou kancel\u00e1\u0159skou budovu, kde s\u00eddl\u00ed Mamma centrum Opatov. Vstup je p\u0159\u00edmo z&nbsp;ulice, uvid\u00edte n\u00e1pisy.<\/p>\n<\/div>\n<\/div>\n<div class=\"cmsmasters_text\">\n<div class=\"wpb_text_column wpb_content_element \">\n<p><strong>Autem za n\u00e1mi nejezd\u011bte<\/strong> &#8211; parkov\u00e1n\u00ed v&nbsp;t\u011bsn\u00e9 bl\u00edzkosti centra nen\u00ed mo\u017en\u00e9. Doporu\u010dujeme pou\u017e\u00edt MHD. Pokud p\u0159esto chcete pou\u017e\u00edt auto, lze zaparkovat nejbl\u00ed\u017ee ve vzd\u00e1lenosti 400&nbsp;m na parkovi\u0161ti P + R Opatov v&nbsp;ulici Chilsk\u00e1. Parkov\u00e1n\u00ed stoj\u00ed 20&nbsp;K\u010d na den.<\/p>\n<p>Prostor p\u0159ed vchodem do Mamma centra nen\u00ed ur\u010den\u00fd k&nbsp;parkov\u00e1n\u00ed a hroz\u00ed odtah vozidla.<\/p>\n<\/div>\n<\/div>\n<\/div><\/div>\n<\/div>\n<\/div>\n<\/div>\n<\/div>\n<\/div>\n<div id=\"cmsmasters_row_knwtrjkz5l\" class=\"cmsmasters_row cmsmasters_color_scheme_default cmsmasters_row_top_default cmsmasters_row_bot_default cmsmasters_row_boxed\">\n<div class=\"cmsmasters_row_outer_parent\">\n<div class=\"cmsmasters_row_outer\">\n<div class=\"cmsmasters_row_inner\">\n<div class=\"cmsmasters_row_margin\">\n<div id=\"cmsmasters_column_90phtc213\" class=\"cmsmasters_column one_first\">\n<div class=\"cmsmasters_column_inner\"><div id=\"cmsmasters_gallery_u2kfcxv4xb\" class=\"cmsmasters_gallery_wrap\" data-type=\"masonry\" data-count=\"0\"><ul class=\"cmsmasters_gallery cmsmasters_3 cmsmasters_more_items_loader\"><li class=\"cmsmasters_gallery_item cmsmasters_caption\"><figure><a href=\"https:\/\/buprague.cz\/wp-content\/uploads\/2020\/07\/Exterier.jpg\" rel=\"ilightbox[u2kfcxv4xb]\"><img loading=\"lazy\" decoding=\"async\" width=\"2560\" height=\"1706\" src=\"https:\/\/buprague.cz\/wp-content\/uploads\/2020\/07\/Exterier.jpg\" class=\"attachment-full size-full\" alt=\"\" srcset=\"https:\/\/buprague.cz\/wp-content\/uploads\/2020\/07\/Exterier.jpg 2560w, https:\/\/buprague.cz\/wp-content\/uploads\/2020\/07\/Exterier-300x200.jpg 300w, https:\/\/buprague.cz\/wp-content\/uploads\/2020\/07\/Exterier-768x512.jpg 768w, https:\/\/buprague.cz\/wp-content\/uploads\/2020\/07\/Exterier-1024x682.jpg 1024w, https:\/\/buprague.cz\/wp-content\/uploads\/2020\/07\/Exterier-580x387.jpg 580w, https:\/\/buprague.cz\/wp-content\/uploads\/2020\/07\/Exterier-860x573.jpg 860w, https:\/\/buprague.cz\/wp-content\/uploads\/2020\/07\/Exterier-1160x773.jpg 1160w\" sizes=\"auto, (max-width: 2560px) 100vw, 2560px\" \/><\/a><figcaption>Mamma centrum Opatov <\/figcaption><\/figure><\/li><li class=\"cmsmasters_gallery_item cmsmasters_caption\"><figure><a href=\"https:\/\/buprague.cz\/wp-content\/uploads\/2020\/07\/Interier-4.jpg\" rel=\"ilightbox[u2kfcxv4xb]\"><img loading=\"lazy\" decoding=\"async\" width=\"2560\" height=\"1706\" src=\"https:\/\/buprague.cz\/wp-content\/uploads\/2020\/07\/Interier-4.jpg\" class=\"attachment-full size-full\" alt=\"\" srcset=\"https:\/\/buprague.cz\/wp-content\/uploads\/2020\/07\/Interier-4.jpg 2560w, https:\/\/buprague.cz\/wp-content\/uploads\/2020\/07\/Interier-4-300x200.jpg 300w, https:\/\/buprague.cz\/wp-content\/uploads\/2020\/07\/Interier-4-768x512.jpg 768w, https:\/\/buprague.cz\/wp-content\/uploads\/2020\/07\/Interier-4-1024x682.jpg 1024w, https:\/\/buprague.cz\/wp-content\/uploads\/2020\/07\/Interier-4-580x387.jpg 580w, https:\/\/buprague.cz\/wp-content\/uploads\/2020\/07\/Interier-4-860x573.jpg 860w, https:\/\/buprague.cz\/wp-content\/uploads\/2020\/07\/Interier-4-1160x773.jpg 1160w\" sizes=\"auto, (max-width: 2560px) 100vw, 2560px\" \/><\/a><figcaption>Vstup<\/figcaption><\/figure><\/li><li class=\"cmsmasters_gallery_item cmsmasters_caption\"><figure><a href=\"https:\/\/buprague.cz\/wp-content\/uploads\/2020\/07\/Interier-3.jpg\" rel=\"ilightbox[u2kfcxv4xb]\"><img loading=\"lazy\" decoding=\"async\" width=\"2560\" height=\"1706\" src=\"https:\/\/buprague.cz\/wp-content\/uploads\/2020\/07\/Interier-3.jpg\" class=\"attachment-full size-full\" alt=\"\" srcset=\"https:\/\/buprague.cz\/wp-content\/uploads\/2020\/07\/Interier-3.jpg 2560w, https:\/\/buprague.cz\/wp-content\/uploads\/2020\/07\/Interier-3-300x200.jpg 300w, https:\/\/buprague.cz\/wp-content\/uploads\/2020\/07\/Interier-3-768x512.jpg 768w, https:\/\/buprague.cz\/wp-content\/uploads\/2020\/07\/Interier-3-1024x682.jpg 1024w, https:\/\/buprague.cz\/wp-content\/uploads\/2020\/07\/Interier-3-580x387.jpg 580w, https:\/\/buprague.cz\/wp-content\/uploads\/2020\/07\/Interier-3-860x573.jpg 860w, https:\/\/buprague.cz\/wp-content\/uploads\/2020\/07\/Interier-3-1160x773.jpg 1160w\" sizes=\"auto, (max-width: 2560px) 100vw, 2560px\" \/><\/a><figcaption>\u010cek\u00e1rna 1<\/figcaption><\/figure><\/li><li class=\"cmsmasters_gallery_item cmsmasters_caption\"><figure><a href=\"https:\/\/buprague.cz\/wp-content\/uploads\/2020\/07\/Interier-1.jpg\" rel=\"ilightbox[u2kfcxv4xb]\"><img loading=\"lazy\" decoding=\"async\" width=\"2560\" height=\"1706\" src=\"https:\/\/buprague.cz\/wp-content\/uploads\/2020\/07\/Interier-1.jpg\" class=\"attachment-full size-full\" alt=\"\" srcset=\"https:\/\/buprague.cz\/wp-content\/uploads\/2020\/07\/Interier-1.jpg 2560w, https:\/\/buprague.cz\/wp-content\/uploads\/2020\/07\/Interier-1-300x200.jpg 300w, https:\/\/buprague.cz\/wp-content\/uploads\/2020\/07\/Interier-1-768x512.jpg 768w, https:\/\/buprague.cz\/wp-content\/uploads\/2020\/07\/Interier-1-1024x682.jpg 1024w, https:\/\/buprague.cz\/wp-content\/uploads\/2020\/07\/Interier-1-580x387.jpg 580w, https:\/\/buprague.cz\/wp-content\/uploads\/2020\/07\/Interier-1-860x573.jpg 860w, https:\/\/buprague.cz\/wp-content\/uploads\/2020\/07\/Interier-1-1160x773.jpg 1160w\" sizes=\"auto, (max-width: 2560px) 100vw, 2560px\" \/><\/a><figcaption>\u010cek\u00e1rna 2<\/figcaption><\/figure><\/li><li class=\"cmsmasters_gallery_item cmsmasters_caption\"><figure><a href=\"https:\/\/buprague.cz\/wp-content\/uploads\/2020\/07\/Interier-8.jpg\" rel=\"ilightbox[u2kfcxv4xb]\"><img loading=\"lazy\" decoding=\"async\" width=\"2560\" height=\"1706\" src=\"https:\/\/buprague.cz\/wp-content\/uploads\/2020\/07\/Interier-8.jpg\" class=\"attachment-full size-full\" alt=\"\" srcset=\"https:\/\/buprague.cz\/wp-content\/uploads\/2020\/07\/Interier-8.jpg 2560w, https:\/\/buprague.cz\/wp-content\/uploads\/2020\/07\/Interier-8-300x200.jpg 300w, https:\/\/buprague.cz\/wp-content\/uploads\/2020\/07\/Interier-8-768x512.jpg 768w, https:\/\/buprague.cz\/wp-content\/uploads\/2020\/07\/Interier-8-1024x682.jpg 1024w, https:\/\/buprague.cz\/wp-content\/uploads\/2020\/07\/Interier-8-580x387.jpg 580w, https:\/\/buprague.cz\/wp-content\/uploads\/2020\/07\/Interier-8-860x573.jpg 860w, https:\/\/buprague.cz\/wp-content\/uploads\/2020\/07\/Interier-8-1160x773.jpg 1160w\" sizes=\"auto, (max-width: 2560px) 100vw, 2560px\" \/><\/a><figcaption>\u010cek\u00e1rna 2<\/figcaption><\/figure><\/li><li class=\"cmsmasters_gallery_item cmsmasters_caption\"><figure><a href=\"https:\/\/buprague.cz\/wp-content\/uploads\/2020\/07\/Interier-13.jpg\" rel=\"ilightbox[u2kfcxv4xb]\"><img loading=\"lazy\" decoding=\"async\" width=\"2560\" height=\"1706\" src=\"https:\/\/buprague.cz\/wp-content\/uploads\/2020\/07\/Interier-13.jpg\" class=\"attachment-full size-full\" alt=\"\" srcset=\"https:\/\/buprague.cz\/wp-content\/uploads\/2020\/07\/Interier-13.jpg 2560w, https:\/\/buprague.cz\/wp-content\/uploads\/2020\/07\/Interier-13-300x200.jpg 300w, https:\/\/buprague.cz\/wp-content\/uploads\/2020\/07\/Interier-13-768x512.jpg 768w, https:\/\/buprague.cz\/wp-content\/uploads\/2020\/07\/Interier-13-1024x682.jpg 1024w, https:\/\/buprague.cz\/wp-content\/uploads\/2020\/07\/Interier-13-580x387.jpg 580w, https:\/\/buprague.cz\/wp-content\/uploads\/2020\/07\/Interier-13-860x573.jpg 860w, https:\/\/buprague.cz\/wp-content\/uploads\/2020\/07\/Interier-13-1160x773.jpg 1160w\" sizes=\"auto, (max-width: 2560px) 100vw, 2560px\" \/><\/a><figcaption>Ordinace<\/figcaption><\/figure><\/li><li class=\"cmsmasters_gallery_item cmsmasters_caption\"><figure><a href=\"https:\/\/buprague.cz\/wp-content\/uploads\/2020\/07\/Interier-11.jpg\" rel=\"ilightbox[u2kfcxv4xb]\"><img loading=\"lazy\" decoding=\"async\" width=\"2560\" height=\"1706\" src=\"https:\/\/buprague.cz\/wp-content\/uploads\/2020\/07\/Interier-11.jpg\" class=\"attachment-full size-full\" alt=\"\" srcset=\"https:\/\/buprague.cz\/wp-content\/uploads\/2020\/07\/Interier-11.jpg 2560w, https:\/\/buprague.cz\/wp-content\/uploads\/2020\/07\/Interier-11-300x200.jpg 300w, https:\/\/buprague.cz\/wp-content\/uploads\/2020\/07\/Interier-11-768x512.jpg 768w, https:\/\/buprague.cz\/wp-content\/uploads\/2020\/07\/Interier-11-1024x682.jpg 1024w, https:\/\/buprague.cz\/wp-content\/uploads\/2020\/07\/Interier-11-580x387.jpg 580w, https:\/\/buprague.cz\/wp-content\/uploads\/2020\/07\/Interier-11-860x573.jpg 860w, https:\/\/buprague.cz\/wp-content\/uploads\/2020\/07\/Interier-11-1160x773.jpg 1160w\" sizes=\"auto, (max-width: 2560px) 100vw, 2560px\" \/><\/a><figcaption>Ordinace 2<\/figcaption><\/figure><\/li><\/ul><\/div><div class=\"resizable_block\">\n<div id=\"google_map_02ag72noth\" class=\"cmsmasters_google_map google_map\" data-address=\"Chilsk\u00e1 1, 149 00 Praha 11\" data-maptype=\"ROADMAP\" data-zoom=\"16\" data-scrollwheel=\"false\" data-doubleclickzoom=\"true\" data-pan-control=\"true\" data-zoom-control=\"true\" data-map-type-control=\"true\" data-scale-control=\"true\" data-street-view-control=\"true\" data-overview-map-control=\"true\" data-markers=\"address: L\u00edbalova 2348\/1, 149 00 Praha 11\/\/\/|||\"><\/div>\n<\/div>\n<\/div><\/div>\n<\/div>\n<\/div>\n<\/div>\n<\/div>\n<\/div>\n<div id=\"cmsmasters_row_3nxlglxk9\" class=\"cmsmasters_row cmsmasters_color_scheme_default cmsmasters_row_top_default cmsmasters_row_bot_default cmsmasters_row_boxed\">\n<div class=\"cmsmasters_row_outer_parent\">\n<div class=\"cmsmasters_row_outer\">\n<div class=\"cmsmasters_row_inner\">\n<div class=\"cmsmasters_row_margin\">\n<div id=\"cmsmasters_column_yfmd2hox9t\" class=\"cmsmasters_column one_first\">\n<div class=\"cmsmasters_column_inner\">\n<div id=\"cmsmasters_divider_jkkw4dhziq\" class=\"cmsmasters_divider cmsmasters_divider_width_long cmsmasters_divider_pos_center\"><\/div>\n<\/div><\/div>\n<\/div>\n<\/div>\n<\/div>\n<\/div>\n<\/div>\n<div id=\"cmsmasters_row_yrsqm2jz18\" class=\"cmsmasters_row cmsmasters_color_scheme_default cmsmasters_row_top_default cmsmasters_row_bot_default cmsmasters_row_boxed\">\n<div class=\"cmsmasters_row_outer_parent\">\n<div class=\"cmsmasters_row_outer\">\n<div class=\"cmsmasters_row_inner\">\n<div class=\"cmsmasters_row_margin\">\n<div id=\"cmsmasters_column_5z0kkbd8ow\" class=\"cmsmasters_column one_first\">\n<div class=\"cmsmasters_column_inner\"><\/div><\/div>\n<\/div>\n<\/div>\n<\/div>\n<\/div>\n<\/div>\n\n","protected":false},"excerpt":{"rendered":"","protected":false},"author":9,"featured_media":0,"parent":13451,"menu_order":1,"comment_status":"closed","ping_status":"closed","template":"","meta":{"footnotes":""},"class_list":["post-15352","page","type-page","status-publish","hentry"],"yoast_head":"<!-- This site is optimized with the Yoast SEO plugin v27.5 - https:\/\/yoast.com\/product\/yoast-seo-wordpress\/ -->\n<title>Breast Unit Prague - Mamma centrum OPATOV<\/title>\n<meta name=\"description\" content=\"Mamma centrum Opatov\" \/>\n<meta name=\"robots\" content=\"index, follow, max-snippet:-1, max-image-preview:large, max-video-preview:-1\" \/>\n<link rel=\"canonical\" href=\"https:\/\/buprague.cz\/en\/about-company\/workspace-opatov\/\" \/>\n<meta property=\"og:locale\" content=\"en_GB\" \/>\n<meta property=\"og:type\" content=\"article\" \/>\n<meta property=\"og:title\" content=\"Breast Unit Prague - Mamma centrum OPATOV\" \/>\n<meta property=\"og:description\" content=\"Mamma centrum Opatov\" \/>\n<meta property=\"og:url\" content=\"https:\/\/buprague.cz\/en\/about-company\/workspace-opatov\/\" \/>\n<meta property=\"og:site_name\" content=\"BUPrague\" \/>\n<meta property=\"article:modified_time\" content=\"2021-02-19T13:11:12+00:00\" \/>\n<meta name=\"twitter:card\" content=\"summary_large_image\" \/>\n<meta name=\"twitter:label1\" content=\"Estimated reading time\" \/>\n\t<meta name=\"twitter:data1\" content=\"7 minutes\" \/>\n<script type=\"application\/ld+json\" class=\"yoast-schema-graph\">{\"@context\":\"https:\\\/\\\/schema.org\",\"@graph\":[{\"@type\":\"WebPage\",\"@id\":\"https:\\\/\\\/buprague.cz\\\/o-spolecnosti\\\/pracoviste-opatov\\\/\",\"url\":\"https:\\\/\\\/buprague.cz\\\/o-spolecnosti\\\/pracoviste-opatov\\\/\",\"name\":\"Breast Unit Prague - Mamma centrum OPATOV\",\"isPartOf\":{\"@id\":\"https:\\\/\\\/buprague.cz\\\/#website\"},\"datePublished\":\"2019-07-18T16:16:01+00:00\",\"dateModified\":\"2021-02-19T13:11:12+00:00\",\"description\":\"Mamma centrum Opatov\",\"breadcrumb\":{\"@id\":\"https:\\\/\\\/buprague.cz\\\/o-spolecnosti\\\/pracoviste-opatov\\\/#breadcrumb\"},\"inLanguage\":\"en-GB\",\"potentialAction\":[{\"@type\":\"ReadAction\",\"target\":[\"https:\\\/\\\/buprague.cz\\\/o-spolecnosti\\\/pracoviste-opatov\\\/\"]}]},{\"@type\":\"BreadcrumbList\",\"@id\":\"https:\\\/\\\/buprague.cz\\\/o-spolecnosti\\\/pracoviste-opatov\\\/#breadcrumb\",\"itemListElement\":[{\"@type\":\"ListItem\",\"position\":1,\"name\":\"Home\",\"item\":\"https:\\\/\\\/buprague.cz\\\/\"},{\"@type\":\"ListItem\",\"position\":2,\"name\":\"O spole\u010dnosti\",\"item\":\"https:\\\/\\\/buprague.cz\\\/o-spolecnosti\\\/\"},{\"@type\":\"ListItem\",\"position\":3,\"name\":\"Pracovi\u0161t\u011b Opatov\"}]},{\"@type\":\"WebSite\",\"@id\":\"https:\\\/\\\/buprague.cz\\\/#website\",\"url\":\"https:\\\/\\\/buprague.cz\\\/\",\"name\":\"BUPrague\",\"description\":\"Mamma centrum Breast Unit Prague\",\"publisher\":{\"@id\":\"https:\\\/\\\/buprague.cz\\\/#organization\"},\"potentialAction\":[{\"@type\":\"SearchAction\",\"target\":{\"@type\":\"EntryPoint\",\"urlTemplate\":\"https:\\\/\\\/buprague.cz\\\/?s={search_term_string}\"},\"query-input\":{\"@type\":\"PropertyValueSpecification\",\"valueRequired\":true,\"valueName\":\"search_term_string\"}}],\"inLanguage\":\"en-GB\"},{\"@type\":\"Organization\",\"@id\":\"https:\\\/\\\/buprague.cz\\\/#organization\",\"name\":\"BUPrague\",\"url\":\"https:\\\/\\\/buprague.cz\\\/\",\"logo\":{\"@type\":\"ImageObject\",\"inLanguage\":\"en-GB\",\"@id\":\"https:\\\/\\\/buprague.cz\\\/#\\\/schema\\\/logo\\\/image\\\/\",\"url\":\"https:\\\/\\\/buprague.cz\\\/wp-content\\\/uploads\\\/2018\\\/03\\\/logo.svg\",\"contentUrl\":\"https:\\\/\\\/buprague.cz\\\/wp-content\\\/uploads\\\/2018\\\/03\\\/logo.svg\",\"width\":1012.99,\"height\":297.5,\"caption\":\"BUPrague\"},\"image\":{\"@id\":\"https:\\\/\\\/buprague.cz\\\/#\\\/schema\\\/logo\\\/image\\\/\"}}]}<\/script>\n<!-- \/ Yoast SEO plugin. -->","yoast_head_json":{"title":"Breast Unit Prague - Mamma centrum OPATOV","description":"Mamma Centre Opatov","robots":{"index":"index","follow":"follow","max-snippet":"max-snippet:-1","max-image-preview":"max-image-preview:large","max-video-preview":"max-video-preview:-1"},"canonical":"https:\/\/buprague.cz\/en\/about-company\/workspace-opatov\/","og_locale":"en_GB","og_type":"article","og_title":"Breast Unit Prague - Mamma centrum OPATOV","og_description":"Mamma centrum Opatov","og_url":"https:\/\/buprague.cz\/en\/about-company\/workspace-opatov\/","og_site_name":"BUPrague","article_modified_time":"2021-02-19T13:11:12+00:00","twitter_card":"summary_large_image","twitter_misc":{"Estimated reading time":"7 minutes"},"schema":{"@context":"https:\/\/schema.org","@graph":[{"@type":"WebPage","@id":"https:\/\/buprague.cz\/o-spolecnosti\/pracoviste-opatov\/","url":"https:\/\/buprague.cz\/o-spolecnosti\/pracoviste-opatov\/","name":"Breast Unit Prague - Mamma centrum OPATOV","isPartOf":{"@id":"https:\/\/buprague.cz\/#website"},"datePublished":"2019-07-18T16:16:01+00:00","dateModified":"2021-02-19T13:11:12+00:00","description":"Mamma Centre Opatov","breadcrumb":{"@id":"https:\/\/buprague.cz\/o-spolecnosti\/pracoviste-opatov\/#breadcrumb"},"inLanguage":"en-GB","potentialAction":[{"@type":"ReadAction","target":["https:\/\/buprague.cz\/o-spolecnosti\/pracoviste-opatov\/"]}]},{"@type":"BreadcrumbList","@id":"https:\/\/buprague.cz\/o-spolecnosti\/pracoviste-opatov\/#breadcrumb","itemListElement":[{"@type":"ListItem","position":1,"name":"Home","item":"https:\/\/buprague.cz\/"},{"@type":"ListItem","position":2,"name":"O spole\u010dnosti","item":"https:\/\/buprague.cz\/o-spolecnosti\/"},{"@type":"ListItem","position":3,"name":"Pracovi\u0161t\u011b Opatov"}]},{"@type":"WebSite","@id":"https:\/\/buprague.cz\/#website","url":"https:\/\/buprague.cz\/","name":"BUPrague","description":"Mamma Centre Breast Unit Prague","publisher":{"@id":"https:\/\/buprague.cz\/#organization"},"potentialAction":[{"@type":"SearchAction","target":{"@type":"EntryPoint","urlTemplate":"https:\/\/buprague.cz\/?s={search_term_string}"},"query-input":{"@type":"PropertyValueSpecification","valueRequired":true,"valueName":"search_term_string"}}],"inLanguage":"en-GB"},{"@type":"Organization","@id":"https:\/\/buprague.cz\/#organization","name":"BUPrague","url":"https:\/\/buprague.cz\/","logo":{"@type":"ImageObject","inLanguage":"en-GB","@id":"https:\/\/buprague.cz\/#\/schema\/logo\/image\/","url":"https:\/\/buprague.cz\/wp-content\/uploads\/2018\/03\/logo.svg","contentUrl":"https:\/\/buprague.cz\/wp-content\/uploads\/2018\/03\/logo.svg","width":1012.99,"height":297.5,"caption":"BUPrague"},"image":{"@id":"https:\/\/buprague.cz\/#\/schema\/logo\/image\/"}}]}},"_links":{"self":[{"href":"https:\/\/buprague.cz\/en\/wp-json\/wp\/v2\/pages\/15352","targetHints":{"allow":["GET"]}}],"collection":[{"href":"https:\/\/buprague.cz\/en\/wp-json\/wp\/v2\/pages"}],"about":[{"href":"https:\/\/buprague.cz\/en\/wp-json\/wp\/v2\/types\/page"}],"author":[{"embeddable":true,"href":"https:\/\/buprague.cz\/en\/wp-json\/wp\/v2\/users\/9"}],"replies":[{"embeddable":true,"href":"https:\/\/buprague.cz\/en\/wp-json\/wp\/v2\/comments?post=15352"}],"version-history":[{"count":0,"href":"https:\/\/buprague.cz\/en\/wp-json\/wp\/v2\/pages\/15352\/revisions"}],"up":[{"embeddable":true,"href":"https:\/\/buprague.cz\/en\/wp-json\/wp\/v2\/pages\/13451"}],"wp:attachment":[{"href":"https:\/\/buprague.cz\/en\/wp-json\/wp\/v2\/media?parent=15352"}],"curies":[{"name":"wp","href":"https:\/\/api.w.org\/{rel}","templated":true}]}}