{"id":15849,"date":"2020-09-18T16:45:57","date_gmt":"2020-09-18T14:45:57","guid":{"rendered":"https:\/\/buprague.princ.online\/?page_id=15849"},"modified":"2023-07-30T12:51:39","modified_gmt":"2023-07-30T10:51:39","slug":"odborne-konzultace","status":"publish","type":"page","link":"https:\/\/buprague.cz\/en\/expert-consultations\/","title":{"rendered":"Expert consultations"},"content":{"rendered":"<div id=\"cmsmasters_row_\" class=\"cmsmasters_row cmsmasters_color_scheme_default cmsmasters_row_top_default cmsmasters_row_bot_default cmsmasters_row_boxed\">\n<div class=\"cmsmasters_row_outer_parent\">\n<div class=\"cmsmasters_row_outer\">\n<div class=\"cmsmasters_row_inner\">\n<div class=\"cmsmasters_row_margin\">\n<div id=\"cmsmasters_column_\" class=\"cmsmasters_column one_first\">\n<div class=\"cmsmasters_column_inner\"><div id=\"cmsmasters_heading_ts9wzn3mq7\" class=\"cmsmasters_heading_wrap cmsmasters_heading_align_left\">\n\t<h2 class=\"cmsmasters_heading\">1. Comprehensive non-screening preventive breast examination including anamnestic interview<\/h2>\n<\/div><div class=\"cmsmasters_text\">\n<p><span style=\"font-weight: 400;\">Above-standard examinations are performed by prim. MUDr. Miroslava Skovajsov\u00e1, Ph.D., a physician with 30 years of experience in the diagnosis of diseases of the breast gland.  Supervisions are also focused on breast problems after plastic surgery procedures, especially augmentation.\u00a0<\/span><\/p>\n<p><span style=\"font-weight: 400;\">The duration of the examination is 20 minutes, it includes a preventive ultrasound breast examination and is not covered by public health insurance. The price is according to the current price list. <\/span><\/p>\n<\/div>\n<div id=\"cmsmasters_heading_zjramf578\" class=\"cmsmasters_heading_wrap cmsmasters_heading_align_left\">\n\t<h2 class=\"cmsmasters_heading\">2. Second opinion MG and ultrasound examination from another department <\/h2>\n<\/div><div class=\"cmsmasters_text\">\n<p><span style=\"font-weight: 400;\">The examination time is 40 minutes, which includes the study of the documentation brought in. All available previous documentation must be supplied in advance for a full result.  See below for delivery options. Second opinion is provided by MUDr. Miroslava Skovajsov\u00e1, Ph.D<\/span><\/p>\n<p><span style=\"font-weight: 400;\">The examination is not covered by public health insurance. The price is according to the current price list.<\/span><\/p>\n<p>You can make an appointment for this examination at tel:\u00a0<a href=\"tel:+420775131111\">+420 775 131 111<\/a><\/p>\n<\/div>\n<div class=\"cmsmasters_text padding-top-hero\">\n<p><b>Sent by<\/b><strong>n<\/strong><span style=\"font-weight: 400;\"><strong>\u00ed<\/strong> <\/span><b>text medical documentation (applies to Second Opinion examinations)<\/b><\/p>\n<p><b>in writing<\/b><span style=\"font-weight: 400;\"> to Mamma centrum Opatov, L\u00edbalova 1, 149 00 Prague 11<\/span><\/p>\n<p><b>in person<\/b><span style=\"font-weight: 400;\"> at Mamma centrum Opatov, L\u00edbalova 1, 149 00 Prague 11 or Mamma centrum Hrad\u010dansk\u00e1, Bubene\u010dsk\u00e1 12, 160 00 Prague 6<\/span><\/p>\n<p><span style=\"font-weight: 400;\"><strong>by e-mail<\/strong>: <a href=\"mailto:kancelar@buprague.cz\">kancelar@buprague.cz<\/a>\u00a0 (better to zip and password the file and send the password in another mail).  Mail communication does not meet the conditions of GDPR and its use is at the client's own responsibility.\u00a0<\/span><\/p>\n<p><b>Sending image documentation - MG and ultrasound images<\/b><\/p>\n<p><span style=\"font-weight: 400;\">The best option is <\/span><b>e-Pacs<\/b><span style=\"font-weight: 400;\">. Just ask the original workplace to send the images using this method to buprague.cz. The second option is to deliver the images on CD.\u00a0<\/span><\/p>\n<\/div>\n<\/div><\/div>\n<\/div>\n<\/div>\n<\/div>\n<\/div>\n<\/div>","protected":false},"excerpt":{"rendered":"","protected":false},"author":1,"featured_media":0,"parent":0,"menu_order":0,"comment_status":"closed","ping_status":"closed","template":"","meta":{"footnotes":""},"class_list":["post-15849","page","type-page","status-publish","hentry"],"yoast_head":"<!-- This site is optimized with the Yoast SEO plugin v27.5 - https:\/\/yoast.com\/product\/yoast-seo-wordpress\/ -->\n<title>Samovy\u0161et\u0159en\u00ed prsu - K \u010demu je dobr\u00e9 a jak na to<\/title>\n<meta name=\"description\" content=\"Jak spr\u00e1vn\u011b prov\u00e1d\u011bt samovy\u0161et\u0159en\u00ed prsu. Pro\u010d m\u00e1m d\u011blat samovy\u0161et\u0159en\u00ed, kdy\u017e chod\u00edm na mamograf. Mus\u00edm prov\u00e1d\u011bt samovy\u0161et\u0159en\u00ed prsu pravideln\u011b?\" \/>\n<meta name=\"robots\" content=\"index, follow, max-snippet:-1, max-image-preview:large, max-video-preview:-1\" \/>\n<link rel=\"canonical\" href=\"https:\/\/buprague.cz\/en\/expert-consultations\/\" \/>\n<meta property=\"og:locale\" content=\"en_GB\" \/>\n<meta property=\"og:type\" content=\"article\" \/>\n<meta property=\"og:title\" content=\"Samovy\u0161et\u0159en\u00ed prsu - K \u010demu je dobr\u00e9 a jak na to\" \/>\n<meta property=\"og:description\" content=\"Jak spr\u00e1vn\u011b prov\u00e1d\u011bt samovy\u0161et\u0159en\u00ed prsu. Pro\u010d m\u00e1m d\u011blat samovy\u0161et\u0159en\u00ed, kdy\u017e chod\u00edm na mamograf. Mus\u00edm prov\u00e1d\u011bt samovy\u0161et\u0159en\u00ed prsu pravideln\u011b?\" \/>\n<meta property=\"og:url\" content=\"https:\/\/buprague.cz\/en\/expert-consultations\/\" \/>\n<meta property=\"og:site_name\" content=\"BUPrague\" \/>\n<meta property=\"article:modified_time\" content=\"2023-07-30T10:51:39+00:00\" \/>\n<meta name=\"twitter:card\" content=\"summary_large_image\" \/>\n<meta name=\"twitter:label1\" content=\"Estimated reading time\" \/>\n\t<meta name=\"twitter:data1\" content=\"2 minutes\" \/>\n<script type=\"application\/ld+json\" class=\"yoast-schema-graph\">{\"@context\":\"https:\\\/\\\/schema.org\",\"@graph\":[{\"@type\":\"WebPage\",\"@id\":\"https:\\\/\\\/buprague.cz\\\/odborne-konzultace\\\/\",\"url\":\"https:\\\/\\\/buprague.cz\\\/odborne-konzultace\\\/\",\"name\":\"Samovy\u0161et\u0159en\u00ed prsu - K \u010demu je dobr\u00e9 a jak na to\",\"isPartOf\":{\"@id\":\"https:\\\/\\\/buprague.cz\\\/#website\"},\"datePublished\":\"2020-09-18T14:45:57+00:00\",\"dateModified\":\"2023-07-30T10:51:39+00:00\",\"description\":\"Jak spr\u00e1vn\u011b prov\u00e1d\u011bt samovy\u0161et\u0159en\u00ed prsu. Pro\u010d m\u00e1m d\u011blat samovy\u0161et\u0159en\u00ed, kdy\u017e chod\u00edm na mamograf. Mus\u00edm prov\u00e1d\u011bt samovy\u0161et\u0159en\u00ed prsu pravideln\u011b?\",\"breadcrumb\":{\"@id\":\"https:\\\/\\\/buprague.cz\\\/odborne-konzultace\\\/#breadcrumb\"},\"inLanguage\":\"en-GB\",\"potentialAction\":[{\"@type\":\"ReadAction\",\"target\":[\"https:\\\/\\\/buprague.cz\\\/odborne-konzultace\\\/\"]}]},{\"@type\":\"BreadcrumbList\",\"@id\":\"https:\\\/\\\/buprague.cz\\\/odborne-konzultace\\\/#breadcrumb\",\"itemListElement\":[{\"@type\":\"ListItem\",\"position\":1,\"name\":\"Home\",\"item\":\"https:\\\/\\\/buprague.cz\\\/\"},{\"@type\":\"ListItem\",\"position\":2,\"name\":\"Odborn\u00e9 konzultace\"}]},{\"@type\":\"WebSite\",\"@id\":\"https:\\\/\\\/buprague.cz\\\/#website\",\"url\":\"https:\\\/\\\/buprague.cz\\\/\",\"name\":\"BUPrague\",\"description\":\"Mamma centrum Breast Unit Prague\",\"publisher\":{\"@id\":\"https:\\\/\\\/buprague.cz\\\/#organization\"},\"potentialAction\":[{\"@type\":\"SearchAction\",\"target\":{\"@type\":\"EntryPoint\",\"urlTemplate\":\"https:\\\/\\\/buprague.cz\\\/?s={search_term_string}\"},\"query-input\":{\"@type\":\"PropertyValueSpecification\",\"valueRequired\":true,\"valueName\":\"search_term_string\"}}],\"inLanguage\":\"en-GB\"},{\"@type\":\"Organization\",\"@id\":\"https:\\\/\\\/buprague.cz\\\/#organization\",\"name\":\"BUPrague\",\"url\":\"https:\\\/\\\/buprague.cz\\\/\",\"logo\":{\"@type\":\"ImageObject\",\"inLanguage\":\"en-GB\",\"@id\":\"https:\\\/\\\/buprague.cz\\\/#\\\/schema\\\/logo\\\/image\\\/\",\"url\":\"https:\\\/\\\/buprague.cz\\\/wp-content\\\/uploads\\\/2018\\\/03\\\/logo.svg\",\"contentUrl\":\"https:\\\/\\\/buprague.cz\\\/wp-content\\\/uploads\\\/2018\\\/03\\\/logo.svg\",\"width\":1012.99,\"height\":297.5,\"caption\":\"BUPrague\"},\"image\":{\"@id\":\"https:\\\/\\\/buprague.cz\\\/#\\\/schema\\\/logo\\\/image\\\/\"}}]}<\/script>\n<!-- \/ Yoast SEO plugin. -->","yoast_head_json":{"title":"Breast self-examination - What is it good for and how to do it","description":"How to properly perform breast self-examination. Why should I do a self-exam when I go for a mammogram. Do I need to do breast self-exams regularly?","robots":{"index":"index","follow":"follow","max-snippet":"max-snippet:-1","max-image-preview":"max-image-preview:large","max-video-preview":"max-video-preview:-1"},"canonical":"https:\/\/buprague.cz\/en\/expert-consultations\/","og_locale":"en_GB","og_type":"article","og_title":"Samovy\u0161et\u0159en\u00ed prsu - K \u010demu je dobr\u00e9 a jak na to","og_description":"Jak spr\u00e1vn\u011b prov\u00e1d\u011bt samovy\u0161et\u0159en\u00ed prsu. Pro\u010d m\u00e1m d\u011blat samovy\u0161et\u0159en\u00ed, kdy\u017e chod\u00edm na mamograf. Mus\u00edm prov\u00e1d\u011bt samovy\u0161et\u0159en\u00ed prsu pravideln\u011b?","og_url":"https:\/\/buprague.cz\/en\/expert-consultations\/","og_site_name":"BUPrague","article_modified_time":"2023-07-30T10:51:39+00:00","twitter_card":"summary_large_image","twitter_misc":{"Estimated reading time":"2 minutes"},"schema":{"@context":"https:\/\/schema.org","@graph":[{"@type":"WebPage","@id":"https:\/\/buprague.cz\/odborne-konzultace\/","url":"https:\/\/buprague.cz\/odborne-konzultace\/","name":"Breast self-examination - What is it good for and how to do it","isPartOf":{"@id":"https:\/\/buprague.cz\/#website"},"datePublished":"2020-09-18T14:45:57+00:00","dateModified":"2023-07-30T10:51:39+00:00","description":"How to properly perform breast self-examination. Why should I do a self-exam when I go for a mammogram. Do I need to do breast self-exams regularly?","breadcrumb":{"@id":"https:\/\/buprague.cz\/odborne-konzultace\/#breadcrumb"},"inLanguage":"en-GB","potentialAction":[{"@type":"ReadAction","target":["https:\/\/buprague.cz\/odborne-konzultace\/"]}]},{"@type":"BreadcrumbList","@id":"https:\/\/buprague.cz\/odborne-konzultace\/#breadcrumb","itemListElement":[{"@type":"ListItem","position":1,"name":"Home","item":"https:\/\/buprague.cz\/"},{"@type":"ListItem","position":2,"name":"Odborn\u00e9 konzultace"}]},{"@type":"WebSite","@id":"https:\/\/buprague.cz\/#website","url":"https:\/\/buprague.cz\/","name":"BUPrague","description":"Mamma Centre Breast Unit Prague","publisher":{"@id":"https:\/\/buprague.cz\/#organization"},"potentialAction":[{"@type":"SearchAction","target":{"@type":"EntryPoint","urlTemplate":"https:\/\/buprague.cz\/?s={search_term_string}"},"query-input":{"@type":"PropertyValueSpecification","valueRequired":true,"valueName":"search_term_string"}}],"inLanguage":"en-GB"},{"@type":"Organization","@id":"https:\/\/buprague.cz\/#organization","name":"BUPrague","url":"https:\/\/buprague.cz\/","logo":{"@type":"ImageObject","inLanguage":"en-GB","@id":"https:\/\/buprague.cz\/#\/schema\/logo\/image\/","url":"https:\/\/buprague.cz\/wp-content\/uploads\/2018\/03\/logo.svg","contentUrl":"https:\/\/buprague.cz\/wp-content\/uploads\/2018\/03\/logo.svg","width":1012.99,"height":297.5,"caption":"BUPrague"},"image":{"@id":"https:\/\/buprague.cz\/#\/schema\/logo\/image\/"}}]}},"_links":{"self":[{"href":"https:\/\/buprague.cz\/en\/wp-json\/wp\/v2\/pages\/15849","targetHints":{"allow":["GET"]}}],"collection":[{"href":"https:\/\/buprague.cz\/en\/wp-json\/wp\/v2\/pages"}],"about":[{"href":"https:\/\/buprague.cz\/en\/wp-json\/wp\/v2\/types\/page"}],"author":[{"embeddable":true,"href":"https:\/\/buprague.cz\/en\/wp-json\/wp\/v2\/users\/1"}],"replies":[{"embeddable":true,"href":"https:\/\/buprague.cz\/en\/wp-json\/wp\/v2\/comments?post=15849"}],"version-history":[{"count":1,"href":"https:\/\/buprague.cz\/en\/wp-json\/wp\/v2\/pages\/15849\/revisions"}],"predecessor-version":[{"id":16494,"href":"https:\/\/buprague.cz\/en\/wp-json\/wp\/v2\/pages\/15849\/revisions\/16494"}],"wp:attachment":[{"href":"https:\/\/buprague.cz\/en\/wp-json\/wp\/v2\/media?parent=15849"}],"curies":[{"name":"wp","href":"https:\/\/api.w.org\/{rel}","templated":true}]}}