{"id":60,"date":"2015-04-15T10:57:41","date_gmt":"2015-04-15T10:57:41","guid":{"rendered":"http:\/\/welfare.cmsmasters.net\/?page_id=60"},"modified":"2024-11-15T14:47:24","modified_gmt":"2024-11-15T13:47:24","slug":"kontakty","status":"publish","type":"page","link":"https:\/\/buprague.cz\/en\/contacts\/","title":{"rendered":"Contact"},"content":{"rendered":"<div id=\"cmsmasters_row_78xb7aj948\" class=\"cmsmasters_row cmsmasters_color_scheme_default cmsmasters_row_top_default cmsmasters_row_bot_default cmsmasters_row_boxed\">\n<div class=\"cmsmasters_row_outer_parent\">\n<div class=\"cmsmasters_row_outer\">\n<div class=\"cmsmasters_row_inner\">\n<div class=\"cmsmasters_row_margin\">\n<div id=\"cmsmasters_column_aun9r9xaqz\" class=\"cmsmasters_column one_first\">\n<div class=\"cmsmasters_column_inner\">\n<div id=\"cmsmasters_divider_7s4jyf9v4o\" class=\"cmsmasters_divider cmsmasters_divider_width_long cmsmasters_divider_pos_center\"><\/div>\n<\/div><\/div>\n<\/div>\n<\/div>\n<\/div>\n<\/div>\n<\/div>\n<div id=\"cmsmasters_row_z6f34zcy3\" class=\"cmsmasters_row cmsmasters_color_scheme_default cmsmasters_row_top_default cmsmasters_row_bot_default cmsmasters_row_boxed\">\n<div class=\"cmsmasters_row_outer_parent\">\n<div class=\"cmsmasters_row_outer\">\n<div class=\"cmsmasters_row_inner\">\n<div class=\"cmsmasters_row_margin\">\n<div id=\"cmsmasters_column_sqwtpzorq8\" class=\"cmsmasters_column one_fourth\">\n<div class=\"cmsmasters_column_inner\"><div id=\"cmsmasters_heading_130zfoy18c\" class=\"cmsmasters_heading_wrap cmsmasters_heading_align_left\">\n\t<h2 class=\"cmsmasters_heading\">Mamma centre OPATOV<\/h2>\n<\/div><div id=\"cmsmasters_icon_box_k5o0feyd3b\" class=\"cmsmasters_icon_box cmsmasters_icon_box_left_top box_icon_type_icon cmsmasters-icon-location-3\">\n<div class=\"icon_box_inner\">\n<h3 class=\"icon_box_heading\">Address<\/h3>\n<div class=\"icon_box_text\">\n<p>Abbey Park<br \/>\n<a href=\"https:\/\/goo.gl\/maps\/xQto8jGuYpn7Runt7\" target=\"_blank\" rel=\"noopener\">L\u00edbalova 1<\/a><br \/>\nPrague 11<br \/>\n149 00<\/p>\n<\/div>\n<\/div>\n<\/div>\n<div id=\"cmsmasters_icon_box_6obl32fqr3\" class=\"cmsmasters_icon_box cmsmasters_icon_box_left_top box_icon_type_icon cmsmasters-icon-call-out\">\n<div class=\"icon_box_inner\">\n<h3 class=\"icon_box_heading\">Phone<\/h3>\n<div class=\"icon_box_text\">\n<p><a href=\"tel:+420775131111\">+420 775 13 11 11<\/a><\/p>\n<\/div>\n<\/div>\n<\/div>\n<div id=\"cmsmasters_icon_box_48apb6lbfp\" class=\"cmsmasters_icon_box cmsmasters_icon_box_left_top box_icon_type_icon cmsmasters-icon-envelope-empty\">\n<div class=\"icon_box_inner\">\n<h3 class=\"icon_box_heading\">E-mail<\/h3>\n<div class=\"icon_box_text\">\n<p><a href=\"mailto:mammacentrum@buprague.cz\">mammacentrum@buprague.cz<\/a><br \/>\n(not used for booking an appointment)<\/p>\n<\/div>\n<\/div>\n<\/div>\n<\/div><\/div>\n<div id=\"cmsmasters_column_3xyiloy3k\" class=\"cmsmasters_column one_fourth\">\n<div class=\"cmsmasters_column_inner\"><div id=\"cmsmasters_heading_mtxwxjywrj\" class=\"cmsmasters_heading_wrap cmsmasters_heading_align_left\">\n\t<h2 class=\"cmsmasters_heading\"><\/h2>\n<\/div><div id=\"cmsmasters_heading_66w9z7sp9\" class=\"cmsmasters_heading_wrap cmsmasters_heading_align_left\">\n\t<h2 class=\"cmsmasters_heading\"><\/h2>\n<\/div><div id=\"cmsmasters_heading_6raxhky3dk\" class=\"cmsmasters_heading_wrap cmsmasters_heading_align_left\">\n\t<h3 class=\"cmsmasters_heading\">Office hours<\/h3>\n<\/div><div class=\"cmsmasters_text\">\n<div class=\"wpb_text_column wpb_content_element\">\n<p>Monday 7:30 - 18:45<\/p>\n<p>Tuesday 7:15 - 15:30<\/p>\n<p>Wednesday 7:15 - 15:30<\/p>\n<p>Thursday 7:15 - 15:30<\/p>\n<p>Friday 7:15 - 13:30<\/p>\n<\/div>\n<\/div>\n<\/div><\/div>\n<div id=\"cmsmasters_column_wh4owzl02d\" class=\"cmsmasters_column one_half\">\n<div class=\"cmsmasters_column_inner\"><div class=\"cmsmasters_img  cmsmasters_image_n\"><a href=\"https:\/\/goo.gl\/maps\/xQto8jGuYpn7Runt7\" target=\"_blank\"><img decoding=\"async\" src=\"https:\/\/buprague.cz\/wp-content\/uploads\/2021\/04\/MAPKY_A6_OPATOV-e1619364045674.jpg\" \/><\/a><\/div>\n<\/div><\/div>\n<\/div>\n<\/div>\n<\/div>\n<\/div>\n<\/div>\n<div id=\"cmsmasters_row_knwtrjkz5l\" class=\"cmsmasters_row cmsmasters_color_scheme_default cmsmasters_row_top_default cmsmasters_row_bot_default cmsmasters_row_boxed\">\n<div class=\"cmsmasters_row_outer_parent\">\n<div class=\"cmsmasters_row_outer\">\n<div class=\"cmsmasters_row_inner\">\n<div class=\"cmsmasters_row_margin\">\n<div id=\"cmsmasters_column_90phtc213\" class=\"cmsmasters_column one_third\">\n<div class=\"cmsmasters_column_inner\"><div class=\"cmsmasters_text\">\n<div class=\"wpb_text_column wpb_content_element\">\n<p><strong>Bus -\u00a0<\/strong>to the bus stop Opatov you can use bus lines: 136, 154, 177, 181, 182, 213, 326, 327, 328, 363, 385, 397 | to the bus stop Bachova: 125, 154<\/p>\n<\/div>\n<\/div>\n<\/div><\/div>\n<div id=\"cmsmasters_column_zaryt8pa0c\" class=\"cmsmasters_column one_third\">\n<div class=\"cmsmasters_column_inner\"><div class=\"cmsmasters_text\">\n<div class=\"wpb_text_column wpb_content_element\">\n<p><strong>Metro C<\/strong> \u2013 Opatov station \u2013 exit via the fixed stairs, in the lobby, turn around and walk past the metro entrance until you reach the park, where you should turn left. In front of you, you will see a red building where you will find  Mamma Centre Opatov<\/p>\n<\/div>\n<\/div>\n<\/div><\/div>\n<div id=\"cmsmasters_column_mf876ioao2\" class=\"cmsmasters_column one_third\">\n<div class=\"cmsmasters_column_inner\"><div class=\"cmsmasters_text\">\n<div class=\"wpb_text_column wpb_content_element\">\n<p><strong>Transport by car - <\/strong>if you want to arrive by car, we have 3 parking spaces reserved for you in front of the building. If these spaces are already occupied, you can use the nearby parking lot P + R (about 400 m in Chilsk\u00e1 street).<\/p>\n<\/div>\n<\/div>\n<\/div><\/div>\n<\/div>\n<\/div>\n<\/div>\n<\/div>\n<\/div>\n<div id=\"cmsmasters_row_7ifzfovg2\" class=\"cmsmasters_row cmsmasters_color_scheme_default cmsmasters_row_top_default cmsmasters_row_bot_default cmsmasters_row_boxed\">\n<div class=\"cmsmasters_row_outer_parent\">\n<div class=\"cmsmasters_row_outer\">\n<div class=\"cmsmasters_row_inner\">\n<div class=\"cmsmasters_row_margin\">\n<div id=\"cmsmasters_column_4b0062l89t\" class=\"cmsmasters_column one_first\">\n<div class=\"cmsmasters_column_inner\"><div class=\"cmsmasters_text\">\n<p style=\"text-align: left;\"><span style=\"font-family: arial, helvetica, sans-serif; font-size: 10pt;\">At our Mamma centres, you can pay with credit cards, Apple Pay and Google Pay.<\/span><\/p>\n<\/div>\n<\/div><\/div>\n<\/div>\n<\/div>\n<\/div>\n<\/div>\n<\/div>\n<div id=\"cmsmasters_row_atmej7o5o1\" class=\"cmsmasters_row cmsmasters_color_scheme_default cmsmasters_row_top_default cmsmasters_row_bot_default cmsmasters_row_boxed\">\n<div class=\"cmsmasters_row_outer_parent\">\n<div class=\"cmsmasters_row_outer\">\n<div class=\"cmsmasters_row_inner\">\n<div class=\"cmsmasters_row_margin\">\n<div id=\"cmsmasters_column_10f7d19kd2\" class=\"cmsmasters_column one_first\">\n<div class=\"cmsmasters_column_inner\">\n<div id=\"cmsmasters_divider_60oc2k2mv6\" class=\"cmsmasters_divider cmsmasters_divider_width_long cmsmasters_divider_pos_center\"><\/div>\n<\/div><\/div>\n<\/div>\n<\/div>\n<\/div>\n<\/div>\n<\/div>\n<div id=\"cmsmasters_row_xvcv402t3h\" class=\"cmsmasters_row cmsmasters_color_scheme_default cmsmasters_row_top_default cmsmasters_row_bot_default cmsmasters_row_boxed\">\n<div class=\"cmsmasters_row_outer_parent\">\n<div class=\"cmsmasters_row_outer\">\n<div class=\"cmsmasters_row_inner\">\n<div class=\"cmsmasters_row_margin\">\n<div id=\"cmsmasters_column_8m2v9m8zwa\" class=\"cmsmasters_column one_fourth\">\n<div class=\"cmsmasters_column_inner\"><div id=\"cmsmasters_heading_svl6x0c7e\" class=\"cmsmasters_heading_wrap cmsmasters_heading_align_left\">\n\t<h2 class=\"cmsmasters_heading\">Mamma centre HRAD\u010cANSK\u00c1<\/h2>\n<\/div><div id=\"cmsmasters_icon_box_wvi0rdfphf\" class=\"cmsmasters_icon_box cmsmasters_icon_box_left_top box_icon_type_icon cmsmasters-icon-location-3\">\n<div class=\"icon_box_inner\">\n<h3 class=\"icon_box_heading\">Address<\/h3>\n<div class=\"icon_box_text\">\n<p><a href=\"https:\/\/goo.gl\/maps\/oHvmpAxvF1xf9ZjC8\">Bubene\u010dsk\u00e1 284\/12<\/a><br \/>\nPrague 6-Dejvice<br \/>\n160 00<\/p>\n<\/div>\n<\/div>\n<\/div>\n<div id=\"cmsmasters_icon_box_kw1ngx3wwm\" class=\"cmsmasters_icon_box cmsmasters_icon_box_left_top box_icon_type_icon cmsmasters-icon-call-out\">\n<div class=\"icon_box_inner\">\n<h3 class=\"icon_box_heading\">Phone<\/h3>\n<div class=\"icon_box_text\">\n<p><a href=\"tel:+420775131111\">+420 775 13 11 11<\/a><\/p>\n<\/div>\n<\/div>\n<\/div>\n<div id=\"cmsmasters_icon_box_2i8mevac3t\" class=\"cmsmasters_icon_box cmsmasters_icon_box_left_top box_icon_type_icon cmsmasters-icon-envelope-empty\">\n<div class=\"icon_box_inner\">\n<h3 class=\"icon_box_heading\">E-mail<\/h3>\n<div class=\"icon_box_text\">\n<p><a href=\"mailto:mammacentrum@buprague.cz\">mammacentrum@buprague.cz<\/a><br \/>\n(not used for booking an appointment)<\/p>\n<\/div>\n<\/div>\n<\/div>\n<\/div><\/div>\n<div id=\"cmsmasters_column_s7fr7n2ajc\" class=\"cmsmasters_column one_fourth\">\n<div class=\"cmsmasters_column_inner\"><div id=\"cmsmasters_heading_q6it2melkp\" class=\"cmsmasters_heading_wrap cmsmasters_heading_align_left\">\n\t<h2 class=\"cmsmasters_heading\"><\/h2>\n<\/div><div id=\"cmsmasters_heading_k7gryzw3g5\" class=\"cmsmasters_heading_wrap cmsmasters_heading_align_left\">\n\t<h2 class=\"cmsmasters_heading\"><\/h2>\n<\/div><div id=\"cmsmasters_heading_m0imiewz05\" class=\"cmsmasters_heading_wrap cmsmasters_heading_align_left\">\n\t<h3 class=\"cmsmasters_heading\">Office hours<\/h3>\n<\/div><div class=\"cmsmasters_text\">\n<div class=\"wpb_text_column wpb_content_element\">\n<p>Monday 7:30 - 15:30<\/p>\n<p>Tuesday 7:15 - 15:30<\/p>\n<p>Wednesday 7:15 - 15:30<\/p>\n<p>Thursday 7:15 - 15:30<\/p>\n<p>Friday 7:15 - 13:30<\/p>\n<\/div>\n<\/div>\n<\/div><\/div>\n<div id=\"cmsmasters_column_yvz34l9wlp\" class=\"cmsmasters_column one_half\">\n<div class=\"cmsmasters_column_inner\"><div class=\"cmsmasters_img  cmsmasters_image_n\"><a href=\"https:\/\/goo.gl\/maps\/oHvmpAxvF1xf9ZjC8\" target=\"_blank\"><img decoding=\"async\" src=\"https:\/\/buprague.cz\/wp-content\/uploads\/2021\/04\/MAPKY_A6_OPATOV_HRACANSKA-1.jpg\" \/><\/a><\/div>\n<\/div><\/div>\n<\/div>\n<\/div>\n<\/div>\n<\/div>\n<\/div>\n<div id=\"cmsmasters_row_3im23hoqbk\" class=\"cmsmasters_row cmsmasters_color_scheme_default cmsmasters_row_top_default cmsmasters_row_bot_default cmsmasters_row_boxed\">\n<div class=\"cmsmasters_row_outer_parent\">\n<div class=\"cmsmasters_row_outer\">\n<div class=\"cmsmasters_row_inner\">\n<div class=\"cmsmasters_row_margin\">\n<div id=\"cmsmasters_column_lzpux56uc\" class=\"cmsmasters_column one_third\">\n<div class=\"cmsmasters_column_inner\"><div class=\"cmsmasters_text\">\n<div class=\"wpb_text_column wpb_content_element\">\n<p><strong>Tram -<\/strong>\u00a0stop Hrad\u010dansk\u00e1 - cross the tracks to Bubene\u010dsk\u00e1 Street<\/p>\n<p><strong>Bus 131<\/strong> - final stop Hrad\u010dansk\u00e1 in Pod Ka\u0161tany Street<\/p>\n<\/div>\n<\/div>\n<\/div><\/div>\n<div id=\"cmsmasters_column_3rc0usdqdw\" class=\"cmsmasters_column one_third\">\n<div class=\"cmsmasters_column_inner\"><div class=\"cmsmasters_text\">\n<div class=\"wpb_text_column wpb_content_element\">\n<p><strong>Metro A<\/strong> - station Hrad\u010dansk\u00e1, exit towards Bubene\u010dsk\u00e1<\/p>\n<\/div>\n<\/div>\n<\/div><\/div>\n<div id=\"cmsmasters_column_4kt7krcsh\" class=\"cmsmasters_column one_third\">\n<div class=\"cmsmasters_column_inner\"><div class=\"cmsmasters_text\">\n<div class=\"wpb_text_column wpb_content_element\">\n<p><strong>Transport by car<\/strong> - on-street parking is only possible in the \"blue zone\".<\/p>\n<p>We therefore recommend that you consider travelling by other means of transport.<\/p>\n<\/div>\n<\/div>\n<\/div><\/div>\n<\/div>\n<\/div>\n<\/div>\n<\/div>\n<\/div>\n<div id=\"cmsmasters_row_ghhzafi3rw\" class=\"cmsmasters_row cmsmasters_color_scheme_default cmsmasters_row_top_default cmsmasters_row_bot_default cmsmasters_row_boxed\">\n<div class=\"cmsmasters_row_outer_parent\">\n<div class=\"cmsmasters_row_outer\">\n<div class=\"cmsmasters_row_inner\">\n<div class=\"cmsmasters_row_margin\">\n<div id=\"cmsmasters_column_5o6txg5fsp\" class=\"cmsmasters_column one_first\">\n<div class=\"cmsmasters_column_inner\"><div class=\"cmsmasters_text\">\n<p style=\"text-align: left;\"><span style=\"font-family: arial, helvetica, sans-serif; font-size: 10pt;\">At our Mamma centres, you can pay with credit cards, Apple Pay and Google Pay.<\/span><\/p>\n<\/div>\n<\/div><\/div>\n<\/div>\n<\/div>\n<\/div>\n<\/div>\n<\/div>\n<div id=\"cmsmasters_row_g1mffqxe5k\" class=\"cmsmasters_row cmsmasters_color_scheme_default cmsmasters_row_top_default cmsmasters_row_bot_default cmsmasters_row_boxed\">\n<div class=\"cmsmasters_row_outer_parent\">\n<div class=\"cmsmasters_row_outer\">\n<div class=\"cmsmasters_row_inner\">\n<div class=\"cmsmasters_row_margin\">\n<div id=\"cmsmasters_column_iwmq67pbej\" class=\"cmsmasters_column one_first\">\n<div class=\"cmsmasters_column_inner\">\n<div id=\"cmsmasters_divider_cnrc35djew\" class=\"cmsmasters_divider cmsmasters_divider_width_long cmsmasters_divider_pos_center\"><\/div>\n<\/div><\/div>\n<\/div>\n<\/div>\n<\/div>\n<\/div>\n<\/div>\n<div id=\"cmsmasters_row_553680d8d0\" class=\"cmsmasters_row cmsmasters_color_scheme_default cmsmasters_row_top_default cmsmasters_row_bot_default cmsmasters_row_boxed\">\n<div class=\"cmsmasters_row_outer_parent\">\n<div class=\"cmsmasters_row_outer\">\n<div class=\"cmsmasters_row_inner\">\n<div class=\"cmsmasters_row_margin\">\n<div id=\"cmsmasters_column_\" class=\"cmsmasters_column one_half\">\n<div class=\"cmsmasters_column_inner\"><div id=\"cmsmasters_heading_99c7bf1b54\" class=\"cmsmasters_heading_wrap cmsmasters_heading_align_left\">\n\t<h2 class=\"cmsmasters_heading\">Legal data<\/h2>\n<\/div><div class=\"cmsmasters_text\">\n<div class=\"wpb_text_column wpb_content_element\">\n<p><strong>Company Name :<\/strong> BU PRAGUE No 1 a. s.<\/p>\n<p>registered in the Commercial Register kept by the Municipal Court in Prague, file mark B 17149.<br \/>\n<strong>Address<\/strong>: Trojmezn\u00ed 1537\/46, Libe\u0148, 190 00 Prague 9<br \/>\n<strong>ID:<\/strong> 24841595<br \/>\n<strong>TIN:<\/strong> CZ24841595 (we are not VAT payers)<\/p>\n<p><strong>Phone :<\/strong> 775 13 11 11<br \/>\n<strong>E-mail:<\/strong> <a href=\"mailto:info@buprague.cz\">info@buprague.cz<\/a><br \/>\n(this email address is not used for booking an appointment)<\/p>\n<\/div>\n<\/div>\n<\/div><\/div>\n<div id=\"cmsmasters_column_\" class=\"cmsmasters_column one_half\">\n<div class=\"cmsmasters_column_inner\"><\/div><\/div>\n<\/div>\n<\/div>\n<\/div>\n<\/div>\n<\/div>","protected":false},"excerpt":{"rendered":"","protected":false},"author":1,"featured_media":0,"parent":0,"menu_order":0,"comment_status":"closed","ping_status":"closed","template":"","meta":{"footnotes":""},"class_list":["post-60","page","type-page","status-publish","hentry"],"yoast_head":"<!-- This site is optimized with the Yoast SEO plugin v27.5 - https:\/\/yoast.com\/product\/yoast-seo-wordpress\/ -->\n<title>Mammacentrum H\u00e1je a Hrad\u010dansk\u00e1: kontakt, mapa, ordina\u010dn\u00ed doba<\/title>\n<meta name=\"description\" content=\"Do mammacenter Breast Unit Prague tref\u00edte snadno, jsme bl\u00edzko stanic metra i zast\u00e1vek autobusu. Ani na\u0161e kontaktn\u00ed \u00fadaje nejsou tajemstv\u00edm. Klikn\u011bte pro v\u00edce informac\u00ed.\" \/>\n<meta name=\"robots\" content=\"index, follow, max-snippet:-1, max-image-preview:large, max-video-preview:-1\" \/>\n<link rel=\"canonical\" href=\"https:\/\/buprague.cz\/en\/contacts\/\" \/>\n<meta property=\"og:locale\" content=\"en_GB\" \/>\n<meta property=\"og:type\" content=\"article\" \/>\n<meta property=\"og:title\" content=\"Mammacentrum H\u00e1je a Hrad\u010dansk\u00e1: kontakt, mapa, ordina\u010dn\u00ed doba\" \/>\n<meta property=\"og:description\" content=\"Do mammacenter Breast Unit Prague tref\u00edte snadno, jsme bl\u00edzko stanic metra i zast\u00e1vek autobusu. Ani na\u0161e kontaktn\u00ed \u00fadaje nejsou tajemstv\u00edm. Klikn\u011bte pro v\u00edce informac\u00ed.\" \/>\n<meta property=\"og:url\" content=\"https:\/\/buprague.cz\/en\/contacts\/\" \/>\n<meta property=\"og:site_name\" content=\"BUPrague\" \/>\n<meta property=\"article:modified_time\" content=\"2024-11-15T13:47:24+00:00\" \/>\n<meta name=\"twitter:card\" content=\"summary_large_image\" \/>\n<meta name=\"twitter:label1\" content=\"Estimated reading time\" \/>\n\t<meta name=\"twitter:data1\" content=\"5 minutes\" \/>\n<script type=\"application\/ld+json\" class=\"yoast-schema-graph\">{\"@context\":\"https:\\\/\\\/schema.org\",\"@graph\":[{\"@type\":\"WebPage\",\"@id\":\"https:\\\/\\\/buprague.cz\\\/kontakty\\\/\",\"url\":\"https:\\\/\\\/buprague.cz\\\/kontakty\\\/\",\"name\":\"Mammacentrum H\u00e1je a Hrad\u010dansk\u00e1: kontakt, mapa, ordina\u010dn\u00ed doba\",\"isPartOf\":{\"@id\":\"https:\\\/\\\/buprague.cz\\\/#website\"},\"datePublished\":\"2015-04-15T10:57:41+00:00\",\"dateModified\":\"2024-11-15T13:47:24+00:00\",\"description\":\"Do mammacenter Breast Unit Prague tref\u00edte snadno, jsme bl\u00edzko stanic metra i zast\u00e1vek autobusu. Ani na\u0161e kontaktn\u00ed \u00fadaje nejsou tajemstv\u00edm. Klikn\u011bte pro v\u00edce informac\u00ed.\",\"breadcrumb\":{\"@id\":\"https:\\\/\\\/buprague.cz\\\/kontakty\\\/#breadcrumb\"},\"inLanguage\":\"en-GB\",\"potentialAction\":[{\"@type\":\"ReadAction\",\"target\":[\"https:\\\/\\\/buprague.cz\\\/kontakty\\\/\"]}]},{\"@type\":\"BreadcrumbList\",\"@id\":\"https:\\\/\\\/buprague.cz\\\/kontakty\\\/#breadcrumb\",\"itemListElement\":[{\"@type\":\"ListItem\",\"position\":1,\"name\":\"Home\",\"item\":\"https:\\\/\\\/buprague.cz\\\/\"},{\"@type\":\"ListItem\",\"position\":2,\"name\":\"Kontakty\"}]},{\"@type\":\"WebSite\",\"@id\":\"https:\\\/\\\/buprague.cz\\\/#website\",\"url\":\"https:\\\/\\\/buprague.cz\\\/\",\"name\":\"BUPrague\",\"description\":\"Mamma centrum Breast Unit Prague\",\"publisher\":{\"@id\":\"https:\\\/\\\/buprague.cz\\\/#organization\"},\"potentialAction\":[{\"@type\":\"SearchAction\",\"target\":{\"@type\":\"EntryPoint\",\"urlTemplate\":\"https:\\\/\\\/buprague.cz\\\/?s={search_term_string}\"},\"query-input\":{\"@type\":\"PropertyValueSpecification\",\"valueRequired\":true,\"valueName\":\"search_term_string\"}}],\"inLanguage\":\"en-GB\"},{\"@type\":\"Organization\",\"@id\":\"https:\\\/\\\/buprague.cz\\\/#organization\",\"name\":\"BUPrague\",\"url\":\"https:\\\/\\\/buprague.cz\\\/\",\"logo\":{\"@type\":\"ImageObject\",\"inLanguage\":\"en-GB\",\"@id\":\"https:\\\/\\\/buprague.cz\\\/#\\\/schema\\\/logo\\\/image\\\/\",\"url\":\"https:\\\/\\\/buprague.cz\\\/wp-content\\\/uploads\\\/2018\\\/03\\\/logo.svg\",\"contentUrl\":\"https:\\\/\\\/buprague.cz\\\/wp-content\\\/uploads\\\/2018\\\/03\\\/logo.svg\",\"width\":1012.99,\"height\":297.5,\"caption\":\"BUPrague\"},\"image\":{\"@id\":\"https:\\\/\\\/buprague.cz\\\/#\\\/schema\\\/logo\\\/image\\\/\"}}]}<\/script>\n<!-- \/ Yoast SEO plugin. -->","yoast_head_json":{"title":"Mammacentrum H\u00e1je a Hrad\u010dansk\u00e1: contact, map, office hours","description":"Mammacenter Breast Unit Prague is easy to reach, we are close to metro stations and bus stops. Our contact details are no secret either. Click for more information.","robots":{"index":"index","follow":"follow","max-snippet":"max-snippet:-1","max-image-preview":"max-image-preview:large","max-video-preview":"max-video-preview:-1"},"canonical":"https:\/\/buprague.cz\/en\/contacts\/","og_locale":"en_GB","og_type":"article","og_title":"Mammacentrum H\u00e1je a Hrad\u010dansk\u00e1: kontakt, mapa, ordina\u010dn\u00ed doba","og_description":"Do mammacenter Breast Unit Prague tref\u00edte snadno, jsme bl\u00edzko stanic metra i zast\u00e1vek autobusu. Ani na\u0161e kontaktn\u00ed \u00fadaje nejsou tajemstv\u00edm. Klikn\u011bte pro v\u00edce informac\u00ed.","og_url":"https:\/\/buprague.cz\/en\/contacts\/","og_site_name":"BUPrague","article_modified_time":"2024-11-15T13:47:24+00:00","twitter_card":"summary_large_image","twitter_misc":{"Estimated reading time":"5 minutes"},"schema":{"@context":"https:\/\/schema.org","@graph":[{"@type":"WebPage","@id":"https:\/\/buprague.cz\/kontakty\/","url":"https:\/\/buprague.cz\/kontakty\/","name":"Mammacentrum H\u00e1je a Hrad\u010dansk\u00e1: contact, map, office hours","isPartOf":{"@id":"https:\/\/buprague.cz\/#website"},"datePublished":"2015-04-15T10:57:41+00:00","dateModified":"2024-11-15T13:47:24+00:00","description":"Mammacenter Breast Unit Prague is easy to reach, we are close to metro stations and bus stops. Our contact details are no secret either. Click for more information.","breadcrumb":{"@id":"https:\/\/buprague.cz\/kontakty\/#breadcrumb"},"inLanguage":"en-GB","potentialAction":[{"@type":"ReadAction","target":["https:\/\/buprague.cz\/kontakty\/"]}]},{"@type":"BreadcrumbList","@id":"https:\/\/buprague.cz\/kontakty\/#breadcrumb","itemListElement":[{"@type":"ListItem","position":1,"name":"Home","item":"https:\/\/buprague.cz\/"},{"@type":"ListItem","position":2,"name":"Kontakty"}]},{"@type":"WebSite","@id":"https:\/\/buprague.cz\/#website","url":"https:\/\/buprague.cz\/","name":"BUPrague","description":"Mamma Centre Breast Unit Prague","publisher":{"@id":"https:\/\/buprague.cz\/#organization"},"potentialAction":[{"@type":"SearchAction","target":{"@type":"EntryPoint","urlTemplate":"https:\/\/buprague.cz\/?s={search_term_string}"},"query-input":{"@type":"PropertyValueSpecification","valueRequired":true,"valueName":"search_term_string"}}],"inLanguage":"en-GB"},{"@type":"Organization","@id":"https:\/\/buprague.cz\/#organization","name":"BUPrague","url":"https:\/\/buprague.cz\/","logo":{"@type":"ImageObject","inLanguage":"en-GB","@id":"https:\/\/buprague.cz\/#\/schema\/logo\/image\/","url":"https:\/\/buprague.cz\/wp-content\/uploads\/2018\/03\/logo.svg","contentUrl":"https:\/\/buprague.cz\/wp-content\/uploads\/2018\/03\/logo.svg","width":1012.99,"height":297.5,"caption":"BUPrague"},"image":{"@id":"https:\/\/buprague.cz\/#\/schema\/logo\/image\/"}}]}},"_links":{"self":[{"href":"https:\/\/buprague.cz\/en\/wp-json\/wp\/v2\/pages\/60","targetHints":{"allow":["GET"]}}],"collection":[{"href":"https:\/\/buprague.cz\/en\/wp-json\/wp\/v2\/pages"}],"about":[{"href":"https:\/\/buprague.cz\/en\/wp-json\/wp\/v2\/types\/page"}],"author":[{"embeddable":true,"href":"https:\/\/buprague.cz\/en\/wp-json\/wp\/v2\/users\/1"}],"replies":[{"embeddable":true,"href":"https:\/\/buprague.cz\/en\/wp-json\/wp\/v2\/comments?post=60"}],"version-history":[{"count":2,"href":"https:\/\/buprague.cz\/en\/wp-json\/wp\/v2\/pages\/60\/revisions"}],"predecessor-version":[{"id":16669,"href":"https:\/\/buprague.cz\/en\/wp-json\/wp\/v2\/pages\/60\/revisions\/16669"}],"wp:attachment":[{"href":"https:\/\/buprague.cz\/en\/wp-json\/wp\/v2\/media?parent=60"}],"curies":[{"name":"wp","href":"https:\/\/api.w.org\/{rel}","templated":true}]}}